{"id":15376,"date":"2025-01-19T14:27:11","date_gmt":"2025-01-19T14:27:11","guid":{"rendered":"https:\/\/www.hydraulic-cylinders.net\/product\/bucket-cylinder-for-yugong-wy75-7-8\/"},"modified":"2025-01-19T14:27:13","modified_gmt":"2025-01-19T14:27:13","slug":"bucket-cylinder-for-yugong-wy75-7-8","status":"publish","type":"product","link":"https:\/\/www.hydraulic-cylinders.net\/pt\/produto\/bucket-cylinder-for-yugong-wy75-7-8\/","title":{"rendered":"Cilindro da ca\u00e7amba para Yugong WY75-7-8"},"content":{"rendered":"<h2>Introdu\u00e7\u00e3o<\/h2>\n<h3>Defini\u00e7\u00e3o do cilindro da ca\u00e7amba para Yugong WY75-7-8<\/h3>\n<p>O cilindro da ca\u00e7amba para Yugong WY75-7-8 \u00e9 um tipo de cilindro hidr\u00e1ulico especializado, projetado principalmente para controlar o movimento da ca\u00e7amba em m\u00e1quinas pesadas, como escavadeiras, retroescavadeiras e p\u00e1s carregadeiras. Sua fun\u00e7\u00e3o principal \u00e9 permitir que a ca\u00e7amba levante, abaixe e incline, facilitando diversas tarefas de movimenta\u00e7\u00e3o de materiais. No sistema hidr\u00e1ulico, o cilindro da ca\u00e7amba proporciona um controle preciso da ca\u00e7amba por meio de altera\u00e7\u00f5es na press\u00e3o do \u00f3leo hidr\u00e1ulico, permitindo que os operadores manuseiem cargas pesadas com efici\u00eancia e se adaptem a ambientes de trabalho complexos e diversas exig\u00eancias operacionais.<\/p>\n<p><img decoding=\"async\" src=\"https:\/\/www.hydraulic-cylinders.net\/wp-content\/uploads\/2025\/01\/songte-company-2.webp\"\/><\/p>\n<h3>Caracter\u00edsticas do cilindro da ca\u00e7amba para Yugong WY75-7-8<\/h3>\n<ul>\n<li><strong>Alta resist\u00eancia e durabilidade:<\/strong> Normalmente fabricado em a\u00e7o de alta resist\u00eancia ou alum\u00ednio, ele pode suportar alta press\u00e3o e cargas pesadas, adaptando-se a ambientes de trabalho severos, e projetado com resist\u00eancia ao desgaste e \u00e0 corros\u00e3o para prolongar sua vida \u00fatil.<\/li>\n<li><strong>Opera\u00e7\u00e3o hidr\u00e1ulica eficiente:<\/strong> Utilizando a press\u00e3o do \u00f3leo hidr\u00e1ulico para obter movimentos suaves de expans\u00e3o e contra\u00e7\u00e3o, o equipamento responde rapidamente aos comandos de controle, fornecendo for\u00e7as de empurrar e puxar potentes, adequadas para o manuseio de cargas pesadas e tarefas operacionais complexas.<\/li>\n<li><strong>V\u00e1rios tipos:<\/strong> Cilindros de a\u00e7\u00e3o simples (hidr\u00e1ulica em apenas uma dire\u00e7\u00e3o) ou de a\u00e7\u00e3o dupla (hidr\u00e1ulica em duas dire\u00e7\u00f5es) podem ser selecionados de acordo com as necessidades operacionais. Alguns modelos s\u00e3o telesc\u00f3picos, permitindo maior extens\u00e3o sem aumentar as dimens\u00f5es externas, sendo ideais para aplica\u00e7\u00f5es com espa\u00e7o limitado.<\/li>\n<li><strong>F\u00e1cil de produzir:<\/strong> Nossos produtos podem substituir perfeitamente esses cilindros hidr\u00e1ulicos.<\/li>\n<\/ul>\n<p><img decoding=\"async\" src=\"https:\/\/www.hydraulic-cylinders.net\/wp-content\/uploads\/2025\/01\/songte-cylinder-head-with-all-kinds-excavator-models.webp\"\/><\/p>\n<h3>Aplica\u00e7\u00f5es do cilindro da ca\u00e7amba para Yugong WY75-7-8<\/h3>\n<p>O cilindro da ca\u00e7amba para Yugong WY75-7-8 \u00e9 amplamente utilizado em diversas m\u00e1quinas pesadas, incluindo:<\/p>\n<ul>\n<li><strong>Equipamentos de constru\u00e7\u00e3o:<\/strong> Em escavadeiras, s\u00e3o essenciais para escavar, carregar e movimentar solo ou entulho. Em retroescavadeiras, os cilindros da ca\u00e7amba auxiliam tanto na escava\u00e7\u00e3o quanto no levantamento. <\/li>\n<li><strong>Maquinaria agr\u00edcola:<\/strong> Utilizados em p\u00e1s carregadeiras para recolher, levantar e transportar terra, feno e outros materiais, os cilindros de ca\u00e7amba em escavadeiras permitem escavar o solo. <\/li>\n<li><strong>Carregador:<\/strong> Em carregadeiras frontais, os cilindros da ca\u00e7amba ajudam a levantar e despejar mercadorias com efici\u00eancia.<\/li>\n<\/ul>\n<h3>Considera\u00e7\u00f5es de projeto e crit\u00e9rios de sele\u00e7\u00e3o para o cilindro da ca\u00e7amba do Yugong WY75-7-8<\/h3>\n<p>Ao projetar e selecionar cilindros de ca\u00e7amba, diversos fatores devem ser considerados para garantir sua confiabilidade e desempenho. Esses fatores incluem:<\/p>\n<ul>\n<li><strong>Capacidade de suporte:<\/strong> Garantir que o cilindro da ca\u00e7amba suporte as cargas aplicadas e desempenhe suas fun\u00e7\u00f5es sem falhas.<\/li>\n<li><strong>Selagem:<\/strong> Utilizando diversos tipos de veda\u00e7\u00f5es, como veda\u00e7\u00f5es de pist\u00e3o, veda\u00e7\u00f5es de haste, etc., e selecionando materiais resistentes ao desgaste, como poliuretano e borracha nitr\u00edlica para as veda\u00e7\u00f5es, o corpo do cilindro e a superf\u00edcie da extremidade roscada s\u00e3o processados \u200b\u200bcom precis\u00e3o para melhorar a resist\u00eancia ao desgaste, sendo necess\u00e1rio o reabastecimento regular para lubrifica\u00e7\u00e3o.<\/li>\n<li><strong>Durabilidade:<\/strong> Garantir que o cilindro da ca\u00e7amba suporte condi\u00e7\u00f5es ambientais adversas e mantenha seu desempenho por um longo per\u00edodo.<\/li>\n<li><strong>Seguran\u00e7a:<\/strong> Garantir que o cilindro da ca\u00e7amba seja seguro para operar e n\u00e3o represente riscos para os operadores ou outros equipamentos.<\/li>\n<li><strong>Manutenibilidade:<\/strong> Garantir que o cilindro da ca\u00e7amba seja f\u00e1cil de manter e reparar, reduzindo o tempo de inatividade e os custos de manuten\u00e7\u00e3o.<\/li>\n<\/ul>\n<p><img decoding=\"async\" src=\"https:\/\/www.hydraulic-cylinders.net\/wp-content\/uploads\/2025\/01\/songte-oil-pipes-and-spare-parts.webp\"\/><\/p>\n<h3>Manuten\u00e7\u00e3o e resolu\u00e7\u00e3o de problemas do cilindro da ca\u00e7amba para Yugong WY75-7-8<\/h3>\n<p>A manuten\u00e7\u00e3o e inspe\u00e7\u00e3o regulares s\u00e3o essenciais para garantir o funcionamento confi\u00e1vel dos cilindros da ca\u00e7amba. Algumas tarefas comuns de manuten\u00e7\u00e3o incluem:<\/p>\n<ul>\n<li><strong>Inspe\u00e7\u00e3o regular:<\/strong> Inspecionar o corpo do cilindro, o pist\u00e3o, a biela e as veda\u00e7\u00f5es quanto a desgaste e danos.<\/li>\n<li><strong>Lubrifica\u00e7\u00e3o:<\/strong> Aplicar a quantidade adequada de \u00f3leo hidr\u00e1ulico no corpo do cilindro e nas veda\u00e7\u00f5es para garantir um funcionamento suave e evitar desgaste e danos.<\/li>\n<li><strong>Substitui\u00e7\u00e3o da veda\u00e7\u00e3o:<\/strong> Substitui\u00e7\u00e3o de veda\u00e7\u00f5es desgastadas ou danificadas para manter o desempenho de veda\u00e7\u00e3o do cilindro.<\/li>\n<\/ul>\n<p>A instala\u00e7\u00e3o, lubrifica\u00e7\u00e3o e ajuste adequados s\u00e3o cruciais para a opera\u00e7\u00e3o confi\u00e1vel e segura dos cilindros da ca\u00e7amba. Durante a instala\u00e7\u00e3o, recomenda-se alinhar o cilindro corretamente e utilizar suportes de instala\u00e7\u00e3o apropriados para fix\u00e1-lo. Procedimentos regulares de inspe\u00e7\u00e3o, reparo e substitui\u00e7\u00e3o s\u00e3o recomendados para prolongar a vida \u00fatil do cilindro da ca\u00e7amba e melhorar sua confiabilidade.<\/p>\n<p><img decoding=\"async\" src=\"https:\/\/www.hydraulic-cylinders.net\/wp-content\/uploads\/2025\/01\/songte-chushion-collar.webp\"\/><\/p>\n<h3>Considera\u00e7\u00f5es de seguran\u00e7a e fatores ambientais do cilindro da ca\u00e7amba para Yugong WY75-7-8<\/h3>\n<p>Ao utilizar cilindros de armazenamento, devem ser tomadas medidas de seguran\u00e7a para prevenir acidentes e garantir uma opera\u00e7\u00e3o segura. Recomenda-se seguir as diretrizes de seguran\u00e7a e utilizar equipamentos de prote\u00e7\u00e3o individual adequados, como luvas e prote\u00e7\u00e3o ocular. Fatores ambientais, como temperatura, umidade e exposi\u00e7\u00e3o a produtos qu\u00edmicos ou materiais corrosivos, tamb\u00e9m devem ser considerados, e medidas apropriadas devem ser tomadas para proteger o cilindro contra danos.<\/p>\n<p><img decoding=\"async\" src=\"https:\/\/www.hydraulic-cylinders.net\/wp-content\/uploads\/2025\/01\/songte-bushings-with-all-kinds-of-excavator-models.webp\"\/><\/p>\n<h3>Conclus\u00e3o<\/h3>\n<p>Como fabricante e distribuidor l\u00edder de cilindros hidr\u00e1ulicos, oferecemos uma ampla gama de produtos para atender a diversas necessidades operacionais. Nosso compromisso com a excel\u00eancia em qualidade, gest\u00e3o de produ\u00e7\u00e3o e atendimento ao cliente nos tornou l\u00edderes no mercado global. Com nossas instala\u00e7\u00f5es de fabrica\u00e7\u00e3o avan\u00e7adas e equipe t\u00e9cnica altamente qualificada, dedicamo-nos a fornecer aos nossos clientes produtos eficientes, precisos e de alta qualidade. Nossa empresa oferece servi\u00e7os profissionais de personaliza\u00e7\u00e3o, certifica\u00e7\u00e3o internacional e excelente servi\u00e7o p\u00f3s-venda para garantir a satisfa\u00e7\u00e3o do cliente.<\/p>\n<p><img decoding=\"async\" src=\"https:\/\/hzpt.com\/wp-content\/uploads\/2024\/11\/songte-company-1.webp\"\/><\/p>\n<p>Autor: lyl<\/p>","protected":false},"excerpt":{"rendered":"<p>Introduction Definition of Bucket Cylinder For Yugong WY75-7-8 The bucket cylinder for Yugong WY75-7-8 is a type of specialized hydraulic cylinder designed primarily to control the movement of the bucket in heavy machinery such as excavators, backhoe loaders, and front-end loaders. Its primary function is to enable the bucket to lift, lower, and tilt, thus [&hellip;]<\/p>","protected":false},"featured_media":14784,"comment_status":"open","ping_status":"closed","template":"","meta":{"_et_pb_use_builder":"","_et_pb_old_content":"","_et_gb_content_width":""},"product_brand":[],"product_cat":[1494],"product_tag":[1495,1496],"class_list":{"0":"post-15376","1":"product","2":"type-product","3":"status-publish","4":"has-post-thumbnail","6":"product_cat-bucket-cylinders","7":"product_tag-bucket-cylinders","8":"product_tag-hydraulic-cylinders","10":"first","11":"instock","12":"shipping-taxable","13":"product-type-simple"},"amp_enabled":true,"_links":{"self":[{"href":"https:\/\/www.hydraulic-cylinders.net\/pt\/wp-json\/wp\/v2\/product\/15376","targetHints":{"allow":["GET"]}}],"collection":[{"href":"https:\/\/www.hydraulic-cylinders.net\/pt\/wp-json\/wp\/v2\/product"}],"about":[{"href":"https:\/\/www.hydraulic-cylinders.net\/pt\/wp-json\/wp\/v2\/types\/product"}],"replies":[{"embeddable":true,"href":"https:\/\/www.hydraulic-cylinders.net\/pt\/wp-json\/wp\/v2\/comments?post=15376"}],"wp:featuredmedia":[{"embeddable":true,"href":"https:\/\/www.hydraulic-cylinders.net\/pt\/wp-json\/wp\/v2\/media\/14784"}],"wp:attachment":[{"href":"https:\/\/www.hydraulic-cylinders.net\/pt\/wp-json\/wp\/v2\/media?parent=15376"}],"wp:term":[{"taxonomy":"product_brand","embeddable":true,"href":"https:\/\/www.hydraulic-cylinders.net\/pt\/wp-json\/wp\/v2\/product_brand?post=15376"},{"taxonomy":"product_cat","embeddable":true,"href":"https:\/\/www.hydraulic-cylinders.net\/pt\/wp-json\/wp\/v2\/product_cat?post=15376"},{"taxonomy":"product_tag","embeddable":true,"href":"https:\/\/www.hydraulic-cylinders.net\/pt\/wp-json\/wp\/v2\/product_tag?post=15376"}],"curies":[{"name":"wp","href":"https:\/\/api.w.org\/{rel}","templated":true}]}}