{"id":15378,"date":"2025-01-19T14:27:25","date_gmt":"2025-01-19T14:27:25","guid":{"rendered":"https:\/\/www.hydraulic-cylinders.net\/product\/bucket-cylinder-for-yugong-wy150-8\/"},"modified":"2025-01-19T14:27:27","modified_gmt":"2025-01-19T14:27:27","slug":"bucket-cylinder-for-yugong-wy150-8","status":"publish","type":"product","link":"https:\/\/www.hydraulic-cylinders.net\/pt\/produto\/bucket-cylinder-for-yugong-wy150-8\/","title":{"rendered":"Cilindro da ca\u00e7amba para Yugong WY150-8"},"content":{"rendered":"<p><!DOCTYPE html><br \/>\n<html><br \/>\n<head><br \/>\n<\/head><br \/>\n<body><\/p>\n<h1>Cilindro da ca\u00e7amba para Yugong WY150-8<\/h1>\n<h2>Introdu\u00e7\u00e3o<\/h2>\n<p>O cilindro da ca\u00e7amba \u00e9 um cilindro hidr\u00e1ulico especialmente projetado para controlar o movimento da ca\u00e7amba em m\u00e1quinas pesadas, como escavadeiras, retroescavadeiras e p\u00e1s carregadeiras. Sua principal fun\u00e7\u00e3o \u00e9 permitir o levantamento, abaixamento e inclina\u00e7\u00e3o da ca\u00e7amba, facilitando diversas tarefas de movimenta\u00e7\u00e3o de materiais. No sistema hidr\u00e1ulico, o cilindro da ca\u00e7amba proporciona um controle preciso da ca\u00e7amba utilizando as varia\u00e7\u00f5es de press\u00e3o no \u00f3leo hidr\u00e1ulico, permitindo que os operadores manuseiem cargas pesadas com efici\u00eancia e se adaptem a ambientes de trabalho complexos e diversas demandas operacionais.<\/p>\n<p><img decoding=\"async\" src=\"https:\/\/www.hydraulic-cylinders.net\/wp-content\/uploads\/2025\/01\/songte-company-2.webp\" alt=\"Imagem do cilindro da ca\u00e7amba\"><\/p>\n<h2>Caracter\u00edsticas<\/h2>\n<ul>\n<li>Alta resist\u00eancia e durabilidade: Normalmente fabricado em a\u00e7o ou alum\u00ednio de alta resist\u00eancia, o cilindro da ca\u00e7amba suporta alta press\u00e3o e cargas pesadas, adaptando-se a condi\u00e7\u00f5es de trabalho severas. O projeto considera a resist\u00eancia ao desgaste e \u00e0 corros\u00e3o para prolongar sua vida \u00fatil.<\/li>\n<li>Opera\u00e7\u00e3o hidr\u00e1ulica eficiente: Utilizando a press\u00e3o do \u00f3leo hidr\u00e1ulico, o cilindro da ca\u00e7amba realiza movimentos suaves de extens\u00e3o e retra\u00e7\u00e3o, proporcionando for\u00e7as de empuxo e tra\u00e7\u00e3o potentes, adequadas para o manuseio de cargas pesadas e tarefas operacionais complexas.<\/li>\n<li>Diversos tipos: Cilindros de a\u00e7\u00e3o simples (press\u00e3o hidr\u00e1ulica aplicada em apenas uma dire\u00e7\u00e3o) ou de a\u00e7\u00e3o dupla (press\u00e3o hidr\u00e1ulica aplicada em duas dire\u00e7\u00f5es) podem ser escolhidos de acordo com as necessidades operacionais espec\u00edficas. Alguns modelos s\u00e3o telesc\u00f3picos, permitindo maior extens\u00e3o sem aumentar as dimens\u00f5es externas, o que os torna adequados para aplica\u00e7\u00f5es com espa\u00e7o limitado.<\/li>\n<li>Substitui\u00e7\u00e3o perfeita: Nosso produto pode substituir perfeitamente esses cilindros hidr\u00e1ulicos.<\/li>\n<\/ul>\n<p><img decoding=\"async\" src=\"https:\/\/www.hydraulic-cylinders.net\/wp-content\/uploads\/2025\/01\/songte-cylinder-head-with-all-kinds-excavator-models.webp\" alt=\"Imagem de substitui\u00e7\u00e3o do cilindro da ca\u00e7amba\"><\/p>\n<h2>Aplica\u00e7\u00f5es<\/h2>\n<p>Cilindros com ca\u00e7amba encontram aplica\u00e7\u00f5es em diversas ind\u00fastrias e equipamentos:<\/p>\n<ul>\n<li>Equipamentos de constru\u00e7\u00e3o: Essenciais em escavadeiras para escavar, carregar e movimentar solo ou entulho. Em retroescavadeiras, os cilindros da ca\u00e7amba auxiliam tanto na escava\u00e7\u00e3o quanto no levantamento.<\/li>\n<li>M\u00e1quinas agr\u00edcolas: usadas em carregadeiras frontais para recolher, levantar e transportar solo, feno e outros materiais.<\/li>\n<li>Escavadeiras: Os cilindros da ca\u00e7amba possibilitam a escava\u00e7\u00e3o, permitindo que a ca\u00e7amba penetre no solo.<\/li>\n<li>Carregadeiras de rodas: Nas carregadeiras de rodas, elas auxiliam no levantamento e inclina\u00e7\u00e3o eficientes da carga.<\/li>\n<\/ul>\n<h2>Considera\u00e7\u00f5es de design e crit\u00e9rios de sele\u00e7\u00e3o<\/h2>\n<p>No que diz respeito \u00e0s considera\u00e7\u00f5es de projeto e aos crit\u00e9rios de sele\u00e7\u00e3o de cilindros de ca\u00e7amba, v\u00e1rios fatores s\u00e3o essenciais:<\/p>\n<ul>\n<li>Capacidade de carga: Discuta a capacidade de suportar cargas e press\u00e3o pesadas.<\/li>\n<li>Veda\u00e7\u00e3o: Explique a import\u00e2ncia de usar v\u00e1rios componentes de veda\u00e7\u00e3o, como veda\u00e7\u00f5es de pist\u00e3o e veda\u00e7\u00f5es de haste feitas de materiais resistentes ao desgaste, como poliuretano e borracha nitr\u00edlica.<\/li>\n<li>Durabilidade: Destaca-se o tratamento superficial de alta qualidade dos corpos dos cilindros e das extremidades roscadas para aumentar a resist\u00eancia ao desgaste.<\/li>\n<li>Seguran\u00e7a: Discuta os recursos e considera\u00e7\u00f5es de seguran\u00e7a no projeto, garantindo uma opera\u00e7\u00e3o segura.<\/li>\n<li>Facilidade de manuten\u00e7\u00e3o: Explique a facilidade de manuten\u00e7\u00e3o e reparo, incluindo verifica\u00e7\u00f5es peri\u00f3dicas recomendadas e medidas preventivas.<\/li>\n<\/ul>\n<p><img decoding=\"async\" src=\"https:\/\/www.hydraulic-cylinders.net\/wp-content\/uploads\/2025\/01\/songte-oil-pipes-and-spare-parts.webp\" alt=\"Imagem de projeto de cilindro de ca\u00e7amba\"><\/p>\n<h2>Veda\u00e7\u00e3o e Lubrifica\u00e7\u00e3o<\/h2>\n<p>Os cilindros de ca\u00e7amba utilizam diversos componentes de veda\u00e7\u00e3o para um desempenho ideal:<\/p>\n<ul>\n<li>Retentores de pist\u00e3o e retentores de haste fabricados com materiais resistentes ao desgaste, como poliuretano e borracha nitr\u00edlica.<\/li>\n<li>Os corpos dos cilindros e as extremidades roscadas passam por um tratamento de superf\u00edcie fino para melhorar a resist\u00eancia ao desgaste.<\/li>\n<li>A lubrifica\u00e7\u00e3o regular com fluido hidr\u00e1ulico apropriado melhora o funcionamento e a vida \u00fatil do equipamento.<\/li>\n<\/ul>\n<h2>Inspe\u00e7\u00e3o regular e manuten\u00e7\u00e3o preventiva<\/h2>\n<p>Inspe\u00e7\u00f5es regulares e manuten\u00e7\u00e3o preventiva s\u00e3o cruciais para manter o desempenho e a vida \u00fatil do cilindro da ca\u00e7amba. Algumas medidas recomendadas incluem:<\/p>\n<ul>\n<li>Verifica\u00e7\u00f5es regulares para detectar vazamentos, danos e desgaste.<\/li>\n<li>Lubrifica\u00e7\u00e3o e engraxamento adequados das pe\u00e7as m\u00f3veis.<\/li>\n<li>Substitui\u00e7\u00e3o peri\u00f3dica das veda\u00e7\u00f5es para um desempenho ideal.<\/li>\n<li>Verifica\u00e7\u00f5es de calibra\u00e7\u00e3o para garantir o funcionamento correto.<\/li>\n<\/ul>\n<p><img decoding=\"async\" src=\"https:\/\/www.hydraulic-cylinders.net\/wp-content\/uploads\/2025\/01\/songte-chushion-collar.webp\" alt=\"Imagem de manuten\u00e7\u00e3o do cilindro da ca\u00e7amba\"><\/p>\n<h2>Considera\u00e7\u00f5es de seguran\u00e7a e fatores ambientais<\/h2>\n<p>A utiliza\u00e7\u00e3o de cilindros com ca\u00e7amba envolve importantes medidas de seguran\u00e7a para garantir a opera\u00e7\u00e3o segura. Essas medidas incluem:<\/p>\n<ul>\n<li>Treinamento adequado e conhecimento dos procedimentos operacionais.<\/li>\n<li>Respeitar as diretrizes e regulamentos de seguran\u00e7a.<\/li>\n<li>Utilizar equipamento de prote\u00e7\u00e3o individual adequado.<\/li>\n<\/ul>\n<h2>Diagn\u00f3stico de falhas e problemas comuns<\/h2>\n<p>Ao deparar-se com falhas ou problemas nos cilindros da ca\u00e7amba, os seguintes pontos podem ajudar no diagn\u00f3stico e na resolu\u00e7\u00e3o dos problemas:<\/p>\n<ul>\n<li>Fornecendo dicas e solu\u00e7\u00f5es para resolu\u00e7\u00e3o de problemas.<\/li>\n<li>Oferecer medidas preventivas para minimizar poss\u00edveis problemas.<\/li>\n<\/ul>\n<p><img decoding=\"async\" src=\"https:\/\/www.hydraulic-cylinders.net\/wp-content\/uploads\/2025\/01\/songte-bushings-with-all-kinds-of-excavator-models.webp\" alt=\"Imagem de diagn\u00f3stico de falha do cilindro da ca\u00e7amba\"><\/p>\n<h2>Vis\u00e3o geral da empresa<\/h2>\n<p>Somos um dos principais fabricantes e distribuidores atacadistas de cilindros hidr\u00e1ulicos nos mercados nacional e internacional. Nossa linha de produtos \u00e9 extensa e buscamos a excel\u00eancia em qualidade. Com nossas modernas instala\u00e7\u00f5es de produ\u00e7\u00e3o, equipamentos de ponta e sistemas de teste profissionais, aprimoramos continuamente nossa plataforma de fabrica\u00e7\u00e3o e os processos de produ\u00e7\u00e3o de nossos produtos. Nossa forte capacidade criativa nos permite atender \u00e0s diversas necessidades dos clientes com alta efici\u00eancia, precis\u00e3o e qualidade.<\/p>\n<p><img decoding=\"async\" src=\"https:\/\/hzpt.com\/wp-content\/uploads\/2024\/11\/songte-company-1.webp\" alt=\"Imagem da empresa\"><\/p>\n<h3>Profissionalismo<\/h3>\n<p>Priorizamos o profissionalismo em nossas opera\u00e7\u00f5es, garantindo que oferecemos produtos da mais alta qualidade.<\/p>\n<h3>Certifica\u00e7\u00f5es Internacionais<\/h3>\n<p>Possu\u00edmos certifica\u00e7\u00f5es internacionais que comprovam a qualidade e a confiabilidade de nossos cilindros hidr\u00e1ulicos.<\/p>\n<h3>Servi\u00e7os de Personaliza\u00e7\u00e3o<\/h3>\n<p>Oferecemos servi\u00e7os de personaliza\u00e7\u00e3o para atender \u00e0s necessidades espec\u00edficas de cada cliente em rela\u00e7\u00e3o a cilindros hidr\u00e1ulicos.<\/p>\n<h3>Equipamentos de produ\u00e7\u00e3o<\/h3>\n<p>Utilizamos equipamentos de produ\u00e7\u00e3o avan\u00e7ados para garantir processos de fabrica\u00e7\u00e3o eficientes e precisos.<\/p>\n<h3>Servi\u00e7os p\u00f3s-venda<\/h3>\n<p>Oferecemos servi\u00e7os p\u00f3s-venda completos, incluindo substitui\u00e7\u00e3o de componentes e servi\u00e7os de reconstru\u00e7\u00e3o, para prolongar a vida \u00fatil de nossos cilindros hidr\u00e1ulicos.<\/p>\n<p><img decoding=\"async\" src=\"https:\/\/www.hydraulic-cylinders.net\/wp-content\/uploads\/2025\/01\/songte-company-3.webp\" alt=\"Imagem da Vis\u00e3o Geral da Empresa\"><\/p>\n<p>Autor: lyl<\/p>\n<p><\/body><br \/>\n<\/html><\/p>","protected":false},"excerpt":{"rendered":"<p>Bucket Cylinder For Yugong WY150-8 Introduction The bucket cylinder is a specially designed hydraulic cylinder primarily used to control the movement of the bucket in heavy machinery such as excavators, backhoe excavators, and wheel loaders. Its main function is to enable the lifting, lowering, and tilting of the bucket, facilitating various material handling tasks. In [&hellip;]<\/p>","protected":false},"featured_media":14780,"comment_status":"open","ping_status":"closed","template":"","meta":{"_et_pb_use_builder":"","_et_pb_old_content":"","_et_gb_content_width":""},"product_brand":[],"product_cat":[1494],"product_tag":[1495,1496],"class_list":{"0":"post-15378","1":"product","2":"type-product","3":"status-publish","4":"has-post-thumbnail","6":"product_cat-bucket-cylinders","7":"product_tag-bucket-cylinders","8":"product_tag-hydraulic-cylinders","10":"first","11":"instock","12":"shipping-taxable","13":"product-type-simple"},"amp_enabled":true,"_links":{"self":[{"href":"https:\/\/www.hydraulic-cylinders.net\/pt\/wp-json\/wp\/v2\/product\/15378","targetHints":{"allow":["GET"]}}],"collection":[{"href":"https:\/\/www.hydraulic-cylinders.net\/pt\/wp-json\/wp\/v2\/product"}],"about":[{"href":"https:\/\/www.hydraulic-cylinders.net\/pt\/wp-json\/wp\/v2\/types\/product"}],"replies":[{"embeddable":true,"href":"https:\/\/www.hydraulic-cylinders.net\/pt\/wp-json\/wp\/v2\/comments?post=15378"}],"wp:featuredmedia":[{"embeddable":true,"href":"https:\/\/www.hydraulic-cylinders.net\/pt\/wp-json\/wp\/v2\/media\/14780"}],"wp:attachment":[{"href":"https:\/\/www.hydraulic-cylinders.net\/pt\/wp-json\/wp\/v2\/media?parent=15378"}],"wp:term":[{"taxonomy":"product_brand","embeddable":true,"href":"https:\/\/www.hydraulic-cylinders.net\/pt\/wp-json\/wp\/v2\/product_brand?post=15378"},{"taxonomy":"product_cat","embeddable":true,"href":"https:\/\/www.hydraulic-cylinders.net\/pt\/wp-json\/wp\/v2\/product_cat?post=15378"},{"taxonomy":"product_tag","embeddable":true,"href":"https:\/\/www.hydraulic-cylinders.net\/pt\/wp-json\/wp\/v2\/product_tag?post=15378"}],"curies":[{"name":"wp","href":"https:\/\/api.w.org\/{rel}","templated":true}]}}