{"id":15402,"date":"2025-01-19T14:29:09","date_gmt":"2025-01-19T14:29:09","guid":{"rendered":"https:\/\/www.hydraulic-cylinders.net\/product\/bucket-cylinder-for-volvo-large-excavator-ec380el\/"},"modified":"2025-01-19T14:29:11","modified_gmt":"2025-01-19T14:29:11","slug":"bucket-cylinder-for-volvo-large-excavator-ec380el","status":"publish","type":"product","link":"https:\/\/www.hydraulic-cylinders.net\/pt\/produto\/bucket-cylinder-for-volvo-large-excavator-ec380el\/","title":{"rendered":"Cilindro da ca\u00e7amba para escavadeira grande Volvo EC380EL"},"content":{"rendered":"<h1>Cilindro da ca\u00e7amba para escavadeira grande Volvo EC380EL<\/h1>\n<h2>Introdu\u00e7\u00e3o<\/h2>\n<p>Um cilindro de ca\u00e7amba \u00e9 um cilindro hidr\u00e1ulico especializado que controla o movimento da ca\u00e7amba em m\u00e1quinas pesadas, como escavadeiras, retroescavadeiras e p\u00e1s carregadeiras. Sua principal fun\u00e7\u00e3o \u00e9 permitir que a ca\u00e7amba realize opera\u00e7\u00f5es de eleva\u00e7\u00e3o, abaixamento e inclina\u00e7\u00e3o, facilitando diversas tarefas de movimenta\u00e7\u00e3o de materiais. No sistema hidr\u00e1ulico, os cilindros de ca\u00e7amba controlam o movimento preciso da ca\u00e7amba alterando a press\u00e3o do \u00f3leo hidr\u00e1ulico, permitindo que os operadores manuseiem cargas pesadas com efici\u00eancia, se adaptem a ambientes de trabalho complexos e a diversas necessidades operacionais.<\/p>\n<p><img decoding=\"async\" src=\"https:\/\/www.hydraulic-cylinders.net\/wp-content\/uploads\/2025\/01\/songte-company-2.webp\" alt=\"Cilindro da ca\u00e7amba para escavadeira grande Volvo EC380EL\" \/><\/p>\n<h2>Caracter\u00edsticas<\/h2>\n<ul>\n<li>Alta resist\u00eancia e durabilidade: Normalmente fabricado em a\u00e7o ou alum\u00ednio de alta resist\u00eancia, capaz de suportar alta press\u00e3o e cargas pesadas, adaptando-se a ambientes de trabalho severos, projetado com resist\u00eancia ao desgaste e \u00e0 corros\u00e3o, prolongando a vida \u00fatil.<\/li>\n<li>Opera\u00e7\u00e3o hidr\u00e1ulica eficiente: Utilizando a press\u00e3o do \u00f3leo hidr\u00e1ulico para obter uma a\u00e7\u00e3o suave de extens\u00e3o e contra\u00e7\u00e3o, proporcionando uma for\u00e7a de empurrar e puxar potente, adequada para lidar com cargas pesadas e tarefas operacionais complexas.<\/li>\n<li>Diversos tipos: Os cilindros de ca\u00e7amba podem ser de a\u00e7\u00e3o simples (sistema hidr\u00e1ulico utilizado apenas em uma dire\u00e7\u00e3o) ou de a\u00e7\u00e3o dupla (sistema hidr\u00e1ulico utilizado em duas dire\u00e7\u00f5es), conforme a necessidade para atender a diferentes requisitos operacionais. Alguns modelos s\u00e3o telesc\u00f3picos, permitindo maior extens\u00e3o sem aumentar as dimens\u00f5es externas, sendo adequados para aplica\u00e7\u00f5es com espa\u00e7o limitado.<\/li>\n<li>Substitui\u00e7\u00e3o perfeita: Nossos produtos podem substituir perfeitamente esses cilindros hidr\u00e1ulicos.<\/li>\n<\/ul>\n<p><img decoding=\"async\" src=\"https:\/\/www.hydraulic-cylinders.net\/wp-content\/uploads\/2025\/01\/songte-cylinder-head-with-all-kinds-excavator-models.webp\" alt=\"Cilindro da ca\u00e7amba para escavadeira grande Volvo EC380EL\" \/><\/p>\n<h2>Aplica\u00e7\u00f5es<\/h2>\n<p><strong>Equipamentos de constru\u00e7\u00e3o:<\/strong> Em escavadeiras, s\u00e3o essenciais para escavar, carregar e movimentar solo ou entulho. Em retroescavadeiras, os cilindros da ca\u00e7amba auxiliam tanto na escava\u00e7\u00e3o quanto no levantamento. Em p\u00e1s carregadeiras, eles ajudam a levantar e inclinar cargas com efici\u00eancia.<\/p>\n<p><strong>Maquinaria agr\u00edcola:<\/strong> Utilizados em p\u00e1s carregadeiras frontais para recolher, levantar e transportar terra, feno e outros materiais; em escavadeiras, os cilindros da ca\u00e7amba permitem a\u00e7\u00f5es de escava\u00e7\u00e3o, possibilitando que a ca\u00e7amba penetre no solo.<\/p>\n<h2>Considera\u00e7\u00f5es de design e crit\u00e9rios de sele\u00e7\u00e3o<\/h2>\n<ul>\n<li>Capacidade de carga: O cilindro deve atender aos requisitos de for\u00e7a da opera\u00e7\u00e3o.<\/li>\n<li>Veda\u00e7\u00e3o: Os cilindros dos baldes requerem uma boa veda\u00e7\u00e3o para evitar vazamentos, reduzir o desgaste e aumentar a durabilidade.<\/li>\n<li>Durabilidade: Os cilindros da ca\u00e7amba devem ser dur\u00e1veis \u200b\u200be resistentes \u00e0 corros\u00e3o e ao desgaste para prolongar sua vida \u00fatil.<\/li>\n<li>Seguran\u00e7a: Devem ser considerados recursos de seguran\u00e7a, como v\u00e1lvulas de al\u00edvio de press\u00e3o, para evitar sobrecarga ou danos inesperados ao cilindro.<\/li>\n<li>Manuten\u00e7\u00e3o: Aspectos de manuten\u00e7\u00e3o, como facilidade de manuten\u00e7\u00e3o, vida \u00fatil e custo, devem ser levados em considera\u00e7\u00e3o no projeto.<\/li>\n<\/ul>\n<p><img decoding=\"async\" src=\"https:\/\/www.hydraulic-cylinders.net\/wp-content\/uploads\/2025\/01\/songte-oil-pipes-and-spare-parts.webp\" alt=\"Cilindro da ca\u00e7amba para escavadeira grande Volvo EC380EL\" \/><\/p>\n<h2>Veda\u00e7\u00e3o e Lubrifica\u00e7\u00e3o<\/h2>\n<p>Diversos tipos de veda\u00e7\u00f5es s\u00e3o utilizados em cilindros de ca\u00e7amba, como veda\u00e7\u00f5es de pist\u00e3o, veda\u00e7\u00f5es de haste, etc. Fabricadas com materiais resistentes ao desgaste, como poliuretano, borracha nitr\u00edlica, etc. O corpo do cilindro e a superf\u00edcie roscada da extremidade s\u00e3o finamente usinados para melhorar a resist\u00eancia ao desgaste. A lubrifica\u00e7\u00e3o oportuna com a quantidade adequada de \u00f3leo hidr\u00e1ulico \u00e9 essencial para garantir o bom funcionamento e prolongar a vida \u00fatil do cilindro.<\/p>\n<h2>Manuten\u00e7\u00e3o preventiva e resolu\u00e7\u00e3o de problemas<\/h2>\n<p>Inspe\u00e7\u00f5es regulares e manuten\u00e7\u00e3o preventiva podem reduzir poss\u00edveis falhas. As tarefas comuns de manuten\u00e7\u00e3o incluem lubrifica\u00e7\u00e3o, substitui\u00e7\u00e3o de veda\u00e7\u00f5es e calibra\u00e7\u00e3o do cilindro. A instala\u00e7\u00e3o, lubrifica\u00e7\u00e3o e ajuste corretos s\u00e3o cruciais para garantir o funcionamento adequado do cilindro. Recomenda-se o uso de suportes de instala\u00e7\u00e3o apropriados para fixar o cilindro, seguir os procedimentos recomendados de inspe\u00e7\u00e3o, reparo e substitui\u00e7\u00e3o, e contratar servi\u00e7os de recondicionamento para prolongar a vida \u00fatil do cilindro.<\/p>\n<p><img decoding=\"async\" src=\"https:\/\/www.hydraulic-cylinders.net\/wp-content\/uploads\/2025\/01\/songte-chushion-collar.webp\" alt=\"Cilindro da ca\u00e7amba para escavadeira grande Volvo EC380EL\" \/><\/p>\n<h2>Considera\u00e7\u00f5es sobre seguran\u00e7a e meio ambiente<\/h2>\n<p>Cilindros de armazenamento exigem medidas de seguran\u00e7a adequadas durante a opera\u00e7\u00e3o. Dispositivos de seguran\u00e7a, como v\u00e1lvulas de al\u00edvio de press\u00e3o, devem ser instalados para evitar sobrecarga ou danos. O descarte correto de res\u00edduos e cilindros usados \u200b\u200b\u00e9 essencial para a prote\u00e7\u00e3o do meio ambiente.<\/p>\n<h2>Apresenta\u00e7\u00e3o do fabricante<\/h2>\n<p>Somos fabricantes de cilindros hidr\u00e1ulicos de reposi\u00e7\u00e3o, oferecendo uma linha completa de produtos. Como um dos principais fabricantes e distribuidores atacadistas de cilindros hidr\u00e1ulicos nos mercados nacional e internacional, prezamos pela excel\u00eancia em qualidade e nos baseamos em estrat\u00e9gias de gest\u00e3o de produ\u00e7\u00e3o industrial em instala\u00e7\u00f5es de fabrica\u00e7\u00e3o de alta precis\u00e3o. Aprimoramos continuamente a plataforma de produ\u00e7\u00e3o, aperfei\u00e7oamos o processo produtivo para garantir a qualidade dos produtos e possu\u00edmos forte capacidade de inova\u00e7\u00e3o, oferecendo alta efici\u00eancia, alta precis\u00e3o e alta qualidade para atender \u00e0s diversas necessidades de nossos clientes.<\/p>\n<p><img decoding=\"async\" src=\"https:\/\/hzpt.com\/wp-content\/uploads\/2024\/11\/songte-company-1.webp\" alt=\"Cilindro da ca\u00e7amba para escavadeira grande Volvo EC380EL\" \/><\/p>\n<h3>Profissionalismo:<\/h3>\n<p>Nossa empresa conta com uma equipe de especialistas profissionais na produ\u00e7\u00e3o de cilindros hidr\u00e1ulicos com muitos anos de experi\u00eancia.<\/p>\n<h3>Certifica\u00e7\u00e3o internacional:<\/h3>\n<p>Nossos produtos possuem certifica\u00e7\u00f5es internacionais como ISO 9001, CE, etc.<\/p>\n<h3>Servi\u00e7o personalizado:<\/h3>\n<p>Oferecemos servi\u00e7os personalizados para atender \u00e0s diferentes necessidades dos clientes.<\/p>\n<h3>Equipamentos de produ\u00e7\u00e3o:<\/h3>\n<p>Utilizamos equipamentos avan\u00e7ados de fabrica\u00e7\u00e3o com controle num\u00e9rico para garantir a qualidade do produto.<\/p>\n<h3>Servi\u00e7o p\u00f3s-venda:<\/h3>\n<p>Oferecemos aos nossos clientes um excelente servi\u00e7o p\u00f3s-venda para garantir o desempenho do produto e a satisfa\u00e7\u00e3o do cliente.<\/p>\n<p>Autor: lyl.<\/p>\n<p><img decoding=\"async\" src=\"https:\/\/www.hydraulic-cylinders.net\/wp-content\/uploads\/2025\/01\/songte-bushings-with-all-kinds-of-excavator-models.webp\" alt=\"Cilindro da ca\u00e7amba para escavadeira grande Volvo EC380EL\" \/><\/p>","protected":false},"excerpt":{"rendered":"<p>Bucket Cylinder For Volvo Large Excavator EC380EL Introduction A bucket cylinder is a specialized hydraulic cylinder that controls the movement of the bucket in heavy machinery such as excavators, backhoes, and loaders. Its main function is to enable the bucket to perform lifting, lowering, and tilting, making it easier for various material handling tasks. In [&hellip;]<\/p>","protected":false},"featured_media":14789,"comment_status":"open","ping_status":"closed","template":"","meta":{"_et_pb_use_builder":"","_et_pb_old_content":"","_et_gb_content_width":""},"product_brand":[],"product_cat":[1494],"product_tag":[1495,1496],"class_list":{"0":"post-15402","1":"product","2":"type-product","3":"status-publish","4":"has-post-thumbnail","6":"product_cat-bucket-cylinders","7":"product_tag-bucket-cylinders","8":"product_tag-hydraulic-cylinders","10":"first","11":"instock","12":"shipping-taxable","13":"product-type-simple"},"amp_enabled":true,"_links":{"self":[{"href":"https:\/\/www.hydraulic-cylinders.net\/pt\/wp-json\/wp\/v2\/product\/15402","targetHints":{"allow":["GET"]}}],"collection":[{"href":"https:\/\/www.hydraulic-cylinders.net\/pt\/wp-json\/wp\/v2\/product"}],"about":[{"href":"https:\/\/www.hydraulic-cylinders.net\/pt\/wp-json\/wp\/v2\/types\/product"}],"replies":[{"embeddable":true,"href":"https:\/\/www.hydraulic-cylinders.net\/pt\/wp-json\/wp\/v2\/comments?post=15402"}],"wp:featuredmedia":[{"embeddable":true,"href":"https:\/\/www.hydraulic-cylinders.net\/pt\/wp-json\/wp\/v2\/media\/14789"}],"wp:attachment":[{"href":"https:\/\/www.hydraulic-cylinders.net\/pt\/wp-json\/wp\/v2\/media?parent=15402"}],"wp:term":[{"taxonomy":"product_brand","embeddable":true,"href":"https:\/\/www.hydraulic-cylinders.net\/pt\/wp-json\/wp\/v2\/product_brand?post=15402"},{"taxonomy":"product_cat","embeddable":true,"href":"https:\/\/www.hydraulic-cylinders.net\/pt\/wp-json\/wp\/v2\/product_cat?post=15402"},{"taxonomy":"product_tag","embeddable":true,"href":"https:\/\/www.hydraulic-cylinders.net\/pt\/wp-json\/wp\/v2\/product_tag?post=15402"}],"curies":[{"name":"wp","href":"https:\/\/api.w.org\/{rel}","templated":true}]}}