{"id":15405,"date":"2025-01-19T14:29:20","date_gmt":"2025-01-19T14:29:20","guid":{"rendered":"https:\/\/www.hydraulic-cylinders.net\/product\/bucket-cylinder-for-volvo-large-excavator-ec300d\/"},"modified":"2025-01-19T14:29:28","modified_gmt":"2025-01-19T14:29:28","slug":"bucket-cylinder-for-volvo-large-excavator-ec300d","status":"publish","type":"product","link":"https:\/\/www.hydraulic-cylinders.net\/pt\/produto\/bucket-cylinder-for-volvo-large-excavator-ec300d\/","title":{"rendered":"Cilindro da ca\u00e7amba para escavadeira grande Volvo EC300D"},"content":{"rendered":"<h1>Cilindro da ca\u00e7amba para escavadeira grande Volvo EC300D<\/h1>\n<h2>Introdu\u00e7\u00e3o<\/h2>\n<p>The bucket cylinder for Volvo large excavator EC300D is a specialized hydraulic cylinder used to control the movement of the bucket in heavy machinery such as excavators, backhoe loaders, and front loaders. Its main function is to enable the bucket to lift, lower, and tilt, making it easy to carry out various materials handling tasks. In the hydraulic system, the bucket cylinder precisely controls the bucket&#8217;s movement through changes in hydraulic oil pressure, allowing operators to efficiently handle heavy loads and adapt to complex work environments and diverse operational requirements.<\/p>\n<p><img decoding=\"async\" src=\"https:\/\/www.hydraulic-cylinders.net\/wp-content\/uploads\/2025\/01\/songte-company-2.webp\" alt=\"Cilindro da ca\u00e7amba para escavadeira grande Volvo EC300D\"><\/p>\n<h2>Caracter\u00edsticas<\/h2>\n<ul>\n<li>Alta resist\u00eancia e durabilidade: geralmente fabricado em a\u00e7o ou alum\u00ednio de alta resist\u00eancia, capaz de suportar alta press\u00e3o e cargas pesadas, adapt\u00e1vel a condi\u00e7\u00f5es de trabalho severas e projetado com foco na resist\u00eancia ao desgaste e \u00e0 corros\u00e3o, prolongando sua vida \u00fatil.<\/li>\n<li>Opera\u00e7\u00e3o hidr\u00e1ulica eficiente: a\u00e7\u00e3o telesc\u00f3pica suave obtida atrav\u00e9s da press\u00e3o do \u00f3leo hidr\u00e1ulico, permitindo uma resposta r\u00e1pida aos comandos de controle, proporcionando uma for\u00e7a de empurrar e puxar potente, adequada para o manuseio de cargas pesadas e tarefas operacionais complexas.<\/li>\n<li>Diversos tipos de cilindros podem ser escolhidos: de a\u00e7\u00e3o simples (hidr\u00e1ulica em apenas uma dire\u00e7\u00e3o) ou de a\u00e7\u00e3o dupla (hidr\u00e1ulica em ambas as dire\u00e7\u00f5es), de acordo com as necessidades operacionais. Alguns modelos s\u00e3o telesc\u00f3picos, permitindo maior extens\u00e3o sem aumentar as dimens\u00f5es externas, sendo adequados para aplica\u00e7\u00f5es com espa\u00e7o limitado.<\/li>\n<li>Substitui\u00e7\u00e3o f\u00e1cil: nossos produtos podem ser perfeitamente substitu\u00eddos por esses cilindros hidr\u00e1ulicos. <\/li>\n<\/ul>\n<p><img decoding=\"async\" src=\"https:\/\/www.hydraulic-cylinders.net\/wp-content\/uploads\/2025\/01\/songte-cylinder-head-with-all-kinds-excavator-models.webp\" alt=\"Cilindro da ca\u00e7amba para escavadeira grande Volvo EC300D\"><\/p>\n<h2>Aplica\u00e7\u00f5es<\/h2>\n<p>O cilindro da ca\u00e7amba para a escavadeira de grande porte Volvo EC300D \u00e9 amplamente utilizado em diversos setores, incluindo, entre outros:<\/p>\n<h3>Equipamentos de constru\u00e7\u00e3o<\/h3>\n<p>Em escavadeiras, s\u00e3o vitais para escavar, carregar e movimentar terra ou entulho. Em retroescavadeiras, os cilindros da ca\u00e7amba auxiliam tanto na escava\u00e7\u00e3o quanto no levantamento. <\/p>\n<h3>Maquinaria agr\u00edcola<\/h3>\n<p>Utilizados em p\u00e1s carregadeiras para escavar, levantar e transportar terra, feno e outros materiais. Em escavadeiras, os cilindros da ca\u00e7amba realizam a escava\u00e7\u00e3o permitindo que a ca\u00e7amba penetre no solo. Em p\u00e1s carregadeiras, eles auxiliam no levantamento e despejo eficiente da carga.<\/p>\n<p><img decoding=\"async\" src=\"https:\/\/www.hydraulic-cylinders.net\/wp-content\/uploads\/2025\/01\/songte-bushings-with-all-kinds-of-excavator-models.webp\" alt=\"Cilindro da ca\u00e7amba para escavadeira grande Volvo EC300D\"><\/p>\n<h2>Considera\u00e7\u00f5es de design e crit\u00e9rios de sele\u00e7\u00e3o<\/h2>\n<p>Ao projetar o cilindro da ca\u00e7amba para a escavadeira de grande porte Volvo EC300D, v\u00e1rios fatores-chave devem ser levados em considera\u00e7\u00e3o:<\/p>\n<ul>\n<li>Capacidade de carga: o cilindro deve ser capaz de suportar alta press\u00e3o e cargas pesadas.<\/li>\n<li>Desempenho de veda\u00e7\u00e3o: diversos elementos de veda\u00e7\u00e3o, como veda\u00e7\u00f5es de pist\u00e3o e veda\u00e7\u00f5es de haste, devem ser feitos de materiais resistentes ao desgaste, como poliuretano e borracha nitr\u00edlica, para garantir um desempenho a longo prazo. <\/li>\n<li>Durability: the cylinder&#8217;s design should consider wear resistance and corrosion resistance to extend its service life.<\/li>\n<li>Seguran\u00e7a: a seguran\u00e7a deve ser a principal prioridade no projeto do cilindro para evitar les\u00f5es e acidentes no local de trabalho. <\/li>\n<li>Manuten\u00e7\u00e3o: o projeto deve ser f\u00e1cil de manter e reparar, a fim de reduzir o tempo de inatividade e melhorar a efici\u00eancia operacional.<\/li>\n<\/ul>\n<p><img decoding=\"async\" src=\"https:\/\/www.hydraulic-cylinders.net\/wp-content\/uploads\/2025\/01\/songte-oil-pipes-and-spare-parts.webp\" alt=\"Cilindro da ca\u00e7amba para escavadeira grande Volvo EC300D\"><\/p>\n<h2>Veda\u00e7\u00e3o e lubrifica\u00e7\u00e3o do cilindro da ca\u00e7amba<\/h2>\n<p>O cilindro da ca\u00e7amba da escavadeira de grande porte Volvo EC300D requer manuten\u00e7\u00e3o regular para garantir o desempenho adequado de veda\u00e7\u00e3o e lubrifica\u00e7\u00e3o:<\/p>\n<ul>\n<li>Diversos elementos de veda\u00e7\u00e3o, como veda\u00e7\u00f5es de pist\u00e3o e veda\u00e7\u00f5es de haste, devem ser feitos de materiais de alta qualidade e resistentes ao desgaste, como poliuretano e borracha nitr\u00edlica. <\/li>\n<li>O corpo do cilindro e as superf\u00edcies das extremidades roscadas devem ser finamente processados \u200b\u200bpara melhorar a resist\u00eancia ao desgaste.<\/li>\n<li>Adicione regularmente uma quantidade adequada de \u00f3leo hidr\u00e1ulico para lubrificar e manter o cilindro.<\/li>\n<\/ul>\n<h2>Manuten\u00e7\u00e3o e Reparo<\/h2>\n<p>A manuten\u00e7\u00e3o regular e os reparos adequados s\u00e3o essenciais para garantir o desempenho a longo prazo do cilindro da ca\u00e7amba da escavadeira de grande porte Volvo EC300D. As seguintes tarefas de manuten\u00e7\u00e3o devem ser realizadas:<\/p>\n<ul>\n<li>Inspe\u00e7\u00f5es regulares para detectar e reparar quaisquer falhas ou problemas.<\/li>\n<li>Lubrifica\u00e7\u00e3o e ajuste adequados para garantir o desempenho ideal.<\/li>\n<li>Substitui\u00e7\u00e3o de veda\u00e7\u00f5es desgastadas ou danificadas para evitar vazamentos de \u00f3leo. <\/li>\n<\/ul>\n<h2>Considera\u00e7\u00f5es de seguran\u00e7a e fatores ambientais<\/h2>\n<p>Ao utilizar o cilindro da ca\u00e7amba da escavadeira de grande porte Volvo EC300D, devem ser tomadas precau\u00e7\u00f5es de seguran\u00e7a para evitar les\u00f5es e acidentes de trabalho. Recomenda-se que os trabalhadores usem equipamentos de prote\u00e7\u00e3o individual, como capacetes, luvas e cal\u00e7ados de seguran\u00e7a, ao operar a m\u00e1quina. Fatores ambientais, como temperatura e umidade, tamb\u00e9m devem ser considerados ao utilizar cilindros hidr\u00e1ulicos em diferentes ambientes de trabalho para garantir o desempenho ideal.<\/p>\n<h2>Problemas comuns e resolu\u00e7\u00e3o de problemas<\/h2>\n<p>Problemas comuns que podem ocorrer com o cilindro da ca\u00e7amba da escavadeira grande Volvo EC300D incluem vazamentos de \u00f3leo, falha do cilindro e opera\u00e7\u00e3o inadequada. Para solucionar esses problemas, os operadores devem:<\/p>\n<ul>\n<li>Inspecione o cilindro regularmente para detectar quaisquer sinais de desgaste, vazamentos ou outros danos.<\/li>\n<li>Inspecione e substitua adequadamente as veda\u00e7\u00f5es desgastadas ou danificadas.<\/li>\n<li>Siga os procedimentos operacionais corretos para evitar opera\u00e7\u00e3o incorreta ou acidentes.<\/li>\n<\/ul>\n<h2>Sobre nossa empresa<\/h2>\n<p>Somos um dos principais fabricantes e distribuidores de cilindros hidr\u00e1ulicos, oferecendo uma linha completa de produtos para os mercados nacional e internacional. Seguimos o princ\u00edpio da excel\u00eancia em qualidade, baseando-nos em estrat\u00e9gias de gest\u00e3o de produ\u00e7\u00e3o industrializada em instala\u00e7\u00f5es de fabrica\u00e7\u00e3o de alta precis\u00e3o, e aprimoramos continuamente nossas plataformas de produ\u00e7\u00e3o em tecnologia, talentos, equipamentos digitais de ponta e sistemas de teste profissionais. Possu\u00edmos forte capacidade de pesquisa e desenvolvimento, padr\u00f5es de produ\u00e7\u00e3o eficientes, precisos e de alta qualidade, e podemos atender \u00e0s diversas necessidades dos clientes. <\/p>\n<p>Nossa empresa tamb\u00e9m oferece servi\u00e7os personalizados, certifica\u00e7\u00e3o internacional, equipamentos de produ\u00e7\u00e3o de alta qualidade e servi\u00e7o p\u00f3s-venda.<\/p>\n<p><img decoding=\"async\" src=\"https:\/\/hzpt.com\/wp-content\/uploads\/2024\/11\/songte-company-1.webp\" alt=\"Cilindro da ca\u00e7amba para escavadeira grande Volvo EC300D\"><\/p>\n<h2>Autor<\/h2>\n<p>lyl<\/p>","protected":false},"excerpt":{"rendered":"<p>Bucket Cylinder For Volvo Large Excavator EC300D Introduction The bucket cylinder for Volvo large excavator EC300D is a specialized hydraulic cylinder used to control the movement of the bucket in heavy machinery such as excavators, backhoe loaders, and front loaders. Its main function is to enable the bucket to lift, lower, and tilt, making it [&hellip;]<\/p>","protected":false},"featured_media":14785,"comment_status":"open","ping_status":"closed","template":"","meta":{"_et_pb_use_builder":"","_et_pb_old_content":"","_et_gb_content_width":""},"product_brand":[],"product_cat":[1494],"product_tag":[1495,1496],"class_list":{"0":"post-15405","1":"product","2":"type-product","3":"status-publish","4":"has-post-thumbnail","6":"product_cat-bucket-cylinders","7":"product_tag-bucket-cylinders","8":"product_tag-hydraulic-cylinders","10":"first","11":"instock","12":"shipping-taxable","13":"product-type-simple"},"amp_enabled":true,"_links":{"self":[{"href":"https:\/\/www.hydraulic-cylinders.net\/pt\/wp-json\/wp\/v2\/product\/15405","targetHints":{"allow":["GET"]}}],"collection":[{"href":"https:\/\/www.hydraulic-cylinders.net\/pt\/wp-json\/wp\/v2\/product"}],"about":[{"href":"https:\/\/www.hydraulic-cylinders.net\/pt\/wp-json\/wp\/v2\/types\/product"}],"replies":[{"embeddable":true,"href":"https:\/\/www.hydraulic-cylinders.net\/pt\/wp-json\/wp\/v2\/comments?post=15405"}],"wp:featuredmedia":[{"embeddable":true,"href":"https:\/\/www.hydraulic-cylinders.net\/pt\/wp-json\/wp\/v2\/media\/14785"}],"wp:attachment":[{"href":"https:\/\/www.hydraulic-cylinders.net\/pt\/wp-json\/wp\/v2\/media?parent=15405"}],"wp:term":[{"taxonomy":"product_brand","embeddable":true,"href":"https:\/\/www.hydraulic-cylinders.net\/pt\/wp-json\/wp\/v2\/product_brand?post=15405"},{"taxonomy":"product_cat","embeddable":true,"href":"https:\/\/www.hydraulic-cylinders.net\/pt\/wp-json\/wp\/v2\/product_cat?post=15405"},{"taxonomy":"product_tag","embeddable":true,"href":"https:\/\/www.hydraulic-cylinders.net\/pt\/wp-json\/wp\/v2\/product_tag?post=15405"}],"curies":[{"name":"wp","href":"https:\/\/api.w.org\/{rel}","templated":true}]}}