{"id":15416,"date":"2025-01-19T14:30:13","date_gmt":"2025-01-19T14:30:13","guid":{"rendered":"https:\/\/www.hydraulic-cylinders.net\/product\/bucket-cylinder-for-volvo-wheel-excavator-ew205d\/"},"modified":"2025-01-19T14:30:15","modified_gmt":"2025-01-19T14:30:15","slug":"bucket-cylinder-for-volvo-wheel-excavator-ew205d","status":"publish","type":"product","link":"https:\/\/www.hydraulic-cylinders.net\/pt\/produto\/bucket-cylinder-for-volvo-wheel-excavator-ew205d\/","title":{"rendered":"Cilindro da ca\u00e7amba para escavadeira de rodas Volvo EW205D"},"content":{"rendered":"<p><!DOCTYPE html><br \/>\n<html><br \/>\n<head><br \/>\n<title>Cilindro da ca\u00e7amba para escavadeira de rodas Volvo EW205D<\/title><br \/>\n<\/head><br \/>\n<body><\/p>\n<h1>Cilindro da ca\u00e7amba para escavadeira de rodas Volvo EW205D<\/h1>\n<h2>Introdu\u00e7\u00e3o<\/h2>\n<p>O cilindro da ca\u00e7amba \u00e9 um cilindro hidr\u00e1ulico especialmente projetado para controlar o movimento da ca\u00e7amba em m\u00e1quinas pesadas, como escavadeiras, retroescavadeiras e p\u00e1s carregadeiras. Sua principal fun\u00e7\u00e3o \u00e9 permitir que a ca\u00e7amba suba, des\u00e7a e incline, tornando-a adequada para diversas tarefas de movimenta\u00e7\u00e3o de materiais. No sistema hidr\u00e1ulico, o cilindro da ca\u00e7amba proporciona um controle preciso da ca\u00e7amba por meio de varia\u00e7\u00f5es na press\u00e3o do \u00f3leo hidr\u00e1ulico, permitindo que os operadores manuseiem cargas pesadas com efici\u00eancia e se adaptem a ambientes de trabalho complexos e diversas necessidades operacionais.<\/p>\n<p><img decoding=\"async\" src=\"https:\/\/www.hydraulic-cylinders.net\/wp-content\/uploads\/2025\/01\/songte-company-2.webp\" alt=\"Imagem do cilindro da ca\u00e7amba\" \/><\/p>\n<h2>Caracter\u00edsticas<\/h2>\n<ul>\n<li>Alta resist\u00eancia e durabilidade: Normalmente fabricado em a\u00e7o ou alum\u00ednio de alta resist\u00eancia, o cilindro da ca\u00e7amba suporta alta press\u00e3o e cargas pesadas, adaptando-se a ambientes de trabalho severos. Seu design considera a resist\u00eancia ao desgaste e \u00e0 corros\u00e3o, prolongando sua vida \u00fatil.<\/li>\n<li>Opera\u00e7\u00e3o hidr\u00e1ulica eficiente: Utilizando a press\u00e3o do \u00f3leo hidr\u00e1ulico, o cilindro da ca\u00e7amba realiza uma extens\u00e3o e retra\u00e7\u00e3o suaves, permitindo uma resposta r\u00e1pida aos comandos de controle e fornecendo for\u00e7as de empurrar e puxar potentes, adequadas para o manuseio de cargas pesadas e tarefas complexas.<\/li>\n<li>Diversos tipos: Os cilindros de ca\u00e7amba podem ser selecionados como de a\u00e7\u00e3o simples (press\u00e3o hidr\u00e1ulica aplicada em apenas uma dire\u00e7\u00e3o) ou de a\u00e7\u00e3o dupla (press\u00e3o hidr\u00e1ulica aplicada em ambas as dire\u00e7\u00f5es), de acordo com as necessidades operacionais. Alguns modelos s\u00e3o telesc\u00f3picos, permitindo maior extens\u00e3o sem aumentar as dimens\u00f5es externas, o que os torna adequados para aplica\u00e7\u00f5es com espa\u00e7o limitado.<\/li>\n<li>Substitui\u00e7\u00e3o perfeita: Nossos produtos podem substituir perfeitamente esses cilindros hidr\u00e1ulicos.<\/li>\n<\/ul>\n<p><img decoding=\"async\" src=\"https:\/\/www.hydraulic-cylinders.net\/wp-content\/uploads\/2025\/01\/songte-cylinder-head-with-all-kinds-excavator-models.webp\" alt=\"Modelos de cilindros de ca\u00e7amba\" \/><\/p>\n<h2>Aplica\u00e7\u00f5es<\/h2>\n<ul>\n<li>Equipamentos de constru\u00e7\u00e3o: Encontrados em escavadeiras, s\u00e3o essenciais para cavar, carregar e movimentar terra ou entulho. Em retroescavadeiras, o cilindro da ca\u00e7amba auxilia tanto na escava\u00e7\u00e3o quanto no levantamento de materiais.<\/li>\n<li>M\u00e1quinas agr\u00edcolas: Utilizadas em p\u00e1s carregadeiras frontais, s\u00e3o empregadas para escavar, levantar e transportar terra, feno e outros materiais.<\/li>\n<li>Escavadeiras: O cilindro da ca\u00e7amba permite a\u00e7\u00f5es de escava\u00e7\u00e3o permitindo que a ca\u00e7amba penetre no solo.<\/li>\n<li>Carregadeiras de rodas: Nas carregadeiras de rodas, elas auxiliam no levantamento e despejo eficiente de mercadorias.<\/li>\n<\/ul>\n<h2>Considera\u00e7\u00f5es de design e crit\u00e9rios de sele\u00e7\u00e3o<\/h2>\n<ul>\n<li>Capacidade de carga: a capacidade do cilindro da ca\u00e7amba de suportar cargas.<\/li>\n<li>Veda\u00e7\u00e3o: A efic\u00e1cia de v\u00e1rias veda\u00e7\u00f5es, como veda\u00e7\u00f5es de pist\u00e3o e veda\u00e7\u00f5es de haste, que s\u00e3o feitas de materiais resistentes ao desgaste, como poliuretano e borracha nitr\u00edlica.<\/li>\n<li>Durabilidade: O corpo do cilindro e a superf\u00edcie roscada da extremidade s\u00e3o processados \u200b\u200bcom precis\u00e3o para melhorar a resist\u00eancia ao desgaste.<\/li>\n<li>Seguran\u00e7a: Garantir a integridade estrutural do cilindro e a conformidade com as normas de seguran\u00e7a.<\/li>\n<li>Manutenibilidade: A facilidade de manuten\u00e7\u00e3o e reparo.<\/li>\n<\/ul>\n<p><img decoding=\"async\" src=\"https:\/\/www.hydraulic-cylinders.net\/wp-content\/uploads\/2025\/01\/songte-oil-pipes-and-spare-parts.webp\" alt=\"Pe\u00e7as de cilindro hidr\u00e1ulico\" \/><\/p>\n<h2>Veda\u00e7\u00e3o e Lubrifica\u00e7\u00e3o<\/h2>\n<p>O cilindro da ca\u00e7amba utiliza diversas veda\u00e7\u00f5es, como veda\u00e7\u00f5es de pist\u00e3o e veda\u00e7\u00f5es de haste, fabricadas com materiais resistentes ao desgaste, como poliuretano e borracha nitr\u00edlica. O corpo do cilindro e a superf\u00edcie roscada da extremidade passam por um processamento preciso para aumentar a resist\u00eancia ao desgaste. A lubrifica\u00e7\u00e3o regular com a quantidade adequada de \u00f3leo hidr\u00e1ulico \u00e9 necess\u00e1ria para um funcionamento suave.<\/p>\n<h2>Inspe\u00e7\u00e3o e Manuten\u00e7\u00e3o Preventiva<\/h2>\n<ul>\n<li>Inspe\u00e7\u00e3o e monitoramento regulares do desempenho do cilindro da ca\u00e7amba.<\/li>\n<li>Lubrifica\u00e7\u00e3o adequada para garantir um funcionamento suave.<\/li>\n<li>Substitui\u00e7\u00e3o da veda\u00e7\u00e3o e verifica\u00e7\u00e3o da calibra\u00e7\u00e3o quando necess\u00e1rio.<\/li>\n<\/ul>\n<p><img decoding=\"async\" src=\"https:\/\/www.hydraulic-cylinders.net\/wp-content\/uploads\/2025\/01\/songte-chushion-collar.webp\" alt=\"Manuten\u00e7\u00e3o de cilindros hidr\u00e1ulicos\" \/><\/p>\n<h2>Considera\u00e7\u00f5es de seguran\u00e7a e fatores ambientais<\/h2>\n<p>Ao utilizar cilindros de ca\u00e7amba, seguir as medidas de seguran\u00e7a \u00e9 de extrema import\u00e2ncia para prevenir acidentes e garantir um ambiente de trabalho seguro.<\/p>\n<p><img decoding=\"async\" src=\"https:\/\/www.hydraulic-cylinders.net\/wp-content\/uploads\/2025\/01\/songte-bushings-with-all-kinds-of-excavator-models.webp\" alt=\"Buchas do cilindro da ca\u00e7amba\" \/><\/p>\n<h2>Solu\u00e7\u00e3o de problemas e problemas comuns<\/h2>\n<p>Aqui est\u00e3o algumas dicas e solu\u00e7\u00f5es comuns para ajudar a diagnosticar e resolver problemas relacionados aos cilindros da ca\u00e7amba.<\/p>\n<h2>Tarefas de manuten\u00e7\u00e3o<\/h2>\n<ul>\n<li>Inspe\u00e7\u00e3o regular<\/li>\n<li>Lubrifica\u00e7\u00e3o adequada<\/li>\n<li>Substitui\u00e7\u00e3o do selo<\/li>\n<li>Verifica\u00e7\u00f5es de alinhamento<\/li>\n<\/ul>\n<p>A instala\u00e7\u00e3o, lubrifica\u00e7\u00e3o e ajuste corretos s\u00e3o essenciais. O alinhamento correto do cilindro durante a instala\u00e7\u00e3o \u00e9 crucial. Recomenda-se o uso de suportes de instala\u00e7\u00e3o apropriados para fixar o cilindro. Os procedimentos recomendados de inspe\u00e7\u00e3o, reparo e substitui\u00e7\u00e3o s\u00e3o fornecidos para garantir o uso prolongado do cilindro da ca\u00e7amba.<\/p>\n<p><img decoding=\"async\" src=\"https:\/\/www.hydraulic-cylinders.net\/wp-content\/uploads\/2025\/01\/songte-company-1.webp\" alt=\"Imagem da Bucket Cylinder Company\" \/><\/p>\n<h2>Nossa empresa<\/h2>\n<p>Somos um fabricante e distribuidor atacadista l\u00edder de cilindros hidr\u00e1ulicos, especializados na reposi\u00e7\u00e3o de cilindros hidr\u00e1ulicos. Oferecemos uma ampla gama de produtos e nos tornamos um dos principais fabricantes e atacadistas nos mercados nacional e internacional. Nossa empresa segue uma estrat\u00e9gia de excel\u00eancia em qualidade, baseada na gest\u00e3o industrializada de oficinas de fabrica\u00e7\u00e3o de alta precis\u00e3o. Com o uso de talentos t\u00e9cnicos, equipamentos de fabrica\u00e7\u00e3o digital de ponta e sistemas de teste profissionais, aprimoramos continuamente nossa plataforma de fabrica\u00e7\u00e3o e aperfei\u00e7oamos o processo produtivo para garantir a qualidade do produto. Possu\u00edmos forte capacidade criativa e aderimos aos princ\u00edpios de alta efici\u00eancia, alta precis\u00e3o e alta qualidade para atender \u00e0s diversas necessidades de nossos clientes.<\/p>\n<p><img decoding=\"async\" src=\"https:\/\/www.hydraulic-cylinders.net\/wp-content\/uploads\/2025\/01\/songte-company-3.webp\" alt=\"Vis\u00e3o geral da Bucket Cylinder Company\" \/><\/p>\n<p>Nossa empresa \u00e9 reconhecida por seu profissionalismo, certifica\u00e7\u00f5es internacionais, servi\u00e7os personalizados, equipamentos de produ\u00e7\u00e3o e servi\u00e7o p\u00f3s-venda.<\/p>\n<p>Autor: lyl<\/p>\n<p><\/body><br \/>\n<\/html><\/p>","protected":false},"excerpt":{"rendered":"<p>Bucket Cylinder For Volvo Wheel Excavator EW205D Bucket Cylinder For Volvo Wheel Excavator EW205D Introduction A bucket cylinder is a specially designed hydraulic cylinder used to control the movement of the bucket in heavy machinery such as excavators, backhoe loaders, and wheel loaders. Its main function is to allow the bucket to lift, lower, and [&hellip;]<\/p>","protected":false},"featured_media":14761,"comment_status":"open","ping_status":"closed","template":"","meta":{"_et_pb_use_builder":"","_et_pb_old_content":"","_et_gb_content_width":""},"product_brand":[],"product_cat":[1494],"product_tag":[1495,1496],"class_list":{"0":"post-15416","1":"product","2":"type-product","3":"status-publish","4":"has-post-thumbnail","6":"product_cat-bucket-cylinders","7":"product_tag-bucket-cylinders","8":"product_tag-hydraulic-cylinders","10":"first","11":"instock","12":"shipping-taxable","13":"product-type-simple"},"amp_enabled":true,"_links":{"self":[{"href":"https:\/\/www.hydraulic-cylinders.net\/pt\/wp-json\/wp\/v2\/product\/15416","targetHints":{"allow":["GET"]}}],"collection":[{"href":"https:\/\/www.hydraulic-cylinders.net\/pt\/wp-json\/wp\/v2\/product"}],"about":[{"href":"https:\/\/www.hydraulic-cylinders.net\/pt\/wp-json\/wp\/v2\/types\/product"}],"replies":[{"embeddable":true,"href":"https:\/\/www.hydraulic-cylinders.net\/pt\/wp-json\/wp\/v2\/comments?post=15416"}],"wp:featuredmedia":[{"embeddable":true,"href":"https:\/\/www.hydraulic-cylinders.net\/pt\/wp-json\/wp\/v2\/media\/14761"}],"wp:attachment":[{"href":"https:\/\/www.hydraulic-cylinders.net\/pt\/wp-json\/wp\/v2\/media?parent=15416"}],"wp:term":[{"taxonomy":"product_brand","embeddable":true,"href":"https:\/\/www.hydraulic-cylinders.net\/pt\/wp-json\/wp\/v2\/product_brand?post=15416"},{"taxonomy":"product_cat","embeddable":true,"href":"https:\/\/www.hydraulic-cylinders.net\/pt\/wp-json\/wp\/v2\/product_cat?post=15416"},{"taxonomy":"product_tag","embeddable":true,"href":"https:\/\/www.hydraulic-cylinders.net\/pt\/wp-json\/wp\/v2\/product_tag?post=15416"}],"curies":[{"name":"wp","href":"https:\/\/api.w.org\/{rel}","templated":true}]}}