{"id":15460,"date":"2025-01-19T14:33:26","date_gmt":"2025-01-19T14:33:26","guid":{"rendered":"https:\/\/www.hydraulic-cylinders.net\/product\/bucket-cylinder-for-xcmg-small-excavator-xe6oca\/"},"modified":"2025-01-19T14:33:34","modified_gmt":"2025-01-19T14:33:34","slug":"bucket-cylinder-for-xcmg-small-excavator-xe6oca","status":"publish","type":"product","link":"https:\/\/www.hydraulic-cylinders.net\/pt\/produto\/bucket-cylinder-for-xcmg-small-excavator-xe6oca\/","title":{"rendered":"Cilindro da ca\u00e7amba para mini escavadeira XCMG XE6OCA"},"content":{"rendered":"<h1>Cilindro da ca\u00e7amba para mini escavadeira XCMG XE6OCA<\/h1>\n<h2>Introdu\u00e7\u00e3o<\/h2>\n<p>O cilindro da ca\u00e7amba para a mini escavadeira XCMG XE6OCA \u00e9 um cilindro hidr\u00e1ulico especializado usado para controlar o movimento da ca\u00e7amba em m\u00e1quinas pesadas, como escavadeiras, retroescavadeiras e p\u00e1s carregadeiras. Sua principal fun\u00e7\u00e3o \u00e9 permitir que a ca\u00e7amba levante, abaixe e incline, facilitando o transporte de diversos materiais. No sistema hidr\u00e1ulico, o cilindro da ca\u00e7amba controla com precis\u00e3o o movimento da ca\u00e7amba por meio das varia\u00e7\u00f5es de press\u00e3o do \u00f3leo hidr\u00e1ulico, permitindo que os operadores manuseiem cargas pesadas com efici\u00eancia, se adaptem a ambientes de trabalho complexos e a diversas exig\u00eancias da tarefa.<\/p>\n<p><img decoding=\"async\" src=\"https:\/\/www.hydraulic-cylinders.net\/wp-content\/uploads\/2025\/01\/songte-company-2.webp\" \/><\/p>\n<h2>Caracter\u00edsticas<\/h2>\n<ul>\n<li>Alta resist\u00eancia e durabilidade: Geralmente fabricado em a\u00e7o ou alum\u00ednio de alta resist\u00eancia, suporta alta press\u00e3o e cargas pesadas, adaptando-se a ambientes de trabalho severos. O design considera a resist\u00eancia ao desgaste e \u00e0 corros\u00e3o, prolongando a vida \u00fatil.<\/li>\n<li>Opera\u00e7\u00e3o hidr\u00e1ulica eficiente: Movimentos suaves de extens\u00e3o e retra\u00e7\u00e3o s\u00e3o obtidos atrav\u00e9s da press\u00e3o do \u00f3leo hidr\u00e1ulico. O equipamento responde rapidamente aos comandos, proporcionando uma for\u00e7a de tra\u00e7\u00e3o e empuxo potente, ideal para o manuseio de cargas pesadas e tarefas complexas.<\/li>\n<li>Diversos tipos: Cilindros de a\u00e7\u00e3o simples (hidr\u00e1ulicos apenas em uma dire\u00e7\u00e3o) ou de a\u00e7\u00e3o dupla (hidr\u00e1ulicos em ambas as dire\u00e7\u00f5es) podem ser selecionados de acordo com as necessidades para atender a diferentes requisitos operacionais. Alguns modelos s\u00e3o telesc\u00f3picos, permitindo maior extens\u00e3o sem aumentar as dimens\u00f5es externas, adequados para aplica\u00e7\u00f5es com espa\u00e7o limitado.<\/li>\n<li>Podem substituir outros cilindros hidr\u00e1ulicos: Nossos produtos podem substituir perfeitamente esses cilindros hidr\u00e1ulicos.<\/li>\n<\/ul>\n<p><img decoding=\"async\" src=\"https:\/\/www.hydraulic-cylinders.net\/wp-content\/uploads\/2025\/01\/songte-cylinder-head-with-all-kinds-excavator-models.webp\" \/><\/p>\n<h2>Aplica\u00e7\u00f5es<\/h2>\n<p>O cilindro de ca\u00e7amba tem diversas aplica\u00e7\u00f5es em diferentes ind\u00fastrias:<\/p>\n<ul>\n<li>Equipamentos de constru\u00e7\u00e3o: Em escavadeiras, s\u00e3o essenciais para escavar, carregar e movimentar terra ou entulho. Em retroescavadeiras, o cilindro da ca\u00e7amba auxilia tanto na escava\u00e7\u00e3o quanto no levantamento. <\/li>\n<li>M\u00e1quinas agr\u00edcolas: Utilizadas em p\u00e1s carregadeiras frontais para recolher, levantar e transportar terra, feno e outros materiais. Em escavadeiras, o cilindro da ca\u00e7amba permite a escava\u00e7\u00e3o, penetrando no solo. Em p\u00e1s carregadeiras frontais, auxiliam no levantamento e despejo eficiente da carga.<\/li>\n<\/ul>\n<p>As aplica\u00e7\u00f5es acima podem ser expandidas da seguinte forma:<\/p>\n<ul>\n<li>Equipamentos de constru\u00e7\u00e3o: Os cilindros da ca\u00e7amba s\u00e3o comumente usados \u200b\u200bem escavadeiras para escavar, carregar e movimentar solo ou entulho. Eles s\u00e3o essenciais para a opera\u00e7\u00e3o das escavadeiras e desempenham um papel vital em seu desempenho. Em retroescavadeiras, o cilindro da ca\u00e7amba auxilia tanto na escava\u00e7\u00e3o quanto no levantamento. Ele permite um controle preciso do movimento da ca\u00e7amba, facilitando a coleta e o despejo de materiais. <\/li>\n<li>M\u00e1quinas agr\u00edcolas: Em p\u00e1s carregadeiras, os cilindros da ca\u00e7amba s\u00e3o usados \u200b\u200bpara pegar, levantar e transportar terra, feno e outros materiais. Eles fornecem a for\u00e7a necess\u00e1ria para levantar a carga e mov\u00ea-la. Em escavadeiras, o cilindro da ca\u00e7amba permite a escava\u00e7\u00e3o, penetrando no solo. Essa a\u00e7\u00e3o facilita a coleta de terra e outros materiais. Em p\u00e1s carregadeiras, eles ajudam a levantar e despejar a carga com efici\u00eancia, tornando sua opera\u00e7\u00e3o suave e eficaz.<\/li>\n<\/ul>\n<h2>Considera\u00e7\u00f5es de design e crit\u00e9rios de sele\u00e7\u00e3o<\/h2>\n<p>Os crit\u00e9rios de projeto e sele\u00e7\u00e3o do cilindro da ca\u00e7amba devem considerar os seguintes fatores:<\/p>\n<ul>\n<li>Capacidade de carga: O cilindro deve ser suficientemente resistente para suportar a carga a que ser\u00e1 submetido durante as opera\u00e7\u00f5es. <\/li>\n<li>Veda\u00e7\u00e3o: Uma veda\u00e7\u00e3o adequada garante o funcionamento eficiente do cilindro hidr\u00e1ulico e evita vazamentos de \u00f3leo. A sele\u00e7\u00e3o dos materiais de veda\u00e7\u00e3o deve levar em considera\u00e7\u00e3o a durabilidade, a resist\u00eancia ao desgaste e a resist\u00eancia \u00e0 corros\u00e3o.<\/li>\n<li>Durabilidade: O cilindro deve ser dur\u00e1vel e capaz de suportar ambientes de trabalho severos. <\/li>\n<li>Seguran\u00e7a: A seguran\u00e7a \u00e9 um fator cr\u00edtico ao trabalhar com cilindros hidr\u00e1ulicos. O cilindro deve ser projetado com recursos de seguran\u00e7a para evitar acidentes.<\/li>\n<li>Facilidade de manuten\u00e7\u00e3o: O cilindro deve ser projetado com foco na facilidade de manuten\u00e7\u00e3o. Essa caracter\u00edstica ajuda a reduzir o tempo de inatividade e garante que o cilindro esteja sempre em perfeitas condi\u00e7\u00f5es de funcionamento.<\/li>\n<\/ul>\n<p><img decoding=\"async\" src=\"https:\/\/www.hydraulic-cylinders.net\/wp-content\/uploads\/2025\/01\/songte-oil-pipes-and-spare-parts.webp\" \/><\/p>\n<h2>Veda\u00e7\u00e3o e Lubrifica\u00e7\u00e3o<\/h2>\n<p>O cilindro da ca\u00e7amba utiliza diversos componentes de veda\u00e7\u00e3o, como veda\u00e7\u00f5es de pist\u00e3o, veda\u00e7\u00f5es de haste e raspadores, para evitar vazamentos de \u00f3leo e garantir uma opera\u00e7\u00e3o eficiente. Os materiais de veda\u00e7\u00e3o devem ser dur\u00e1veis, resistentes ao desgaste e \u00e0 corros\u00e3o, como poliuretano e borracha nitr\u00edlica. O corpo do cilindro e a superf\u00edcie roscada da extremidade passam por um processo de usinagem de precis\u00e3o para aumentar a resist\u00eancia ao desgaste.<\/p>\n<p>O cilindro requer lubrifica\u00e7\u00e3o regular com \u00f3leo hidr\u00e1ulico para garantir o seu bom funcionamento e evitar o desgaste. O \u00f3leo deve ser adicionado na quantidade adequada e a sua qualidade deve ser verificada regularmente.<\/p>\n<h2>Manuten\u00e7\u00e3o e Reparo<\/h2>\n<p>A manuten\u00e7\u00e3o e os reparos regulares ajudam a prolongar a vida \u00fatil do cilindro da ca\u00e7amba e garantem seu funcionamento adequado. As seguintes tarefas de manuten\u00e7\u00e3o s\u00e3o recomendadas:<\/p>\n<ul>\n<li>Verifica\u00e7\u00f5es regulares: Verifica\u00e7\u00f5es regulares podem ajudar a detectar problemas precocemente e evitar que causem danos graves.<\/li>\n<li>Lubrifica\u00e7\u00e3o: Uma lubrifica\u00e7\u00e3o adequada pode reduzir o desgaste e garantir um funcionamento suave.<\/li>\n<li>Substitui\u00e7\u00e3o de veda\u00e7\u00f5es e verifica\u00e7\u00e3o de calibra\u00e7\u00e3o: A substitui\u00e7\u00e3o regular de veda\u00e7\u00f5es e a verifica\u00e7\u00e3o de calibra\u00e7\u00e3o podem ajudar a prevenir vazamentos de \u00f3leo e garantir o funcionamento adequado.<\/li>\n<\/ul>\n<p>A instala\u00e7\u00e3o, lubrifica\u00e7\u00e3o e ajuste corretos s\u00e3o essenciais para obter o desempenho ideal do cilindro hidr\u00e1ulico. Durante a instala\u00e7\u00e3o, o alinhamento correto do cilindro \u00e9 crucial, e suportes de instala\u00e7\u00e3o adequados devem ser utilizados para fix\u00e1-lo no lugar. Recomendamos seguir os procedimentos de inspe\u00e7\u00e3o, reparo e substitui\u00e7\u00e3o recomendados pelo fabricante, al\u00e9m de oferecer pe\u00e7as de reposi\u00e7\u00e3o e servi\u00e7os de recondicionamento para prolongar a vida \u00fatil do cilindro da ca\u00e7amba.<\/p>\n<p><img decoding=\"async\" src=\"https:\/\/www.hydraulic-cylinders.net\/wp-content\/uploads\/2025\/01\/songte-chushion-collar.webp\" \/><\/p>\n<h2>Considera\u00e7\u00f5es sobre seguran\u00e7a e meio ambiente<\/h2>\n<p>A seguran\u00e7a \u00e9 um fator crucial no trabalho com cilindros hidr\u00e1ulicos. Os operadores devem seguir todas as normas de seguran\u00e7a e usar os equipamentos de prote\u00e7\u00e3o individual adequados. As considera\u00e7\u00f5es ambientais tamb\u00e9m desempenham um papel vital no uso de cilindros hidr\u00e1ulicos. O descarte correto do \u00f3leo hidr\u00e1ulico usado e de outros materiais perigosos \u00e9 necess\u00e1rio para minimizar o impacto ambiental.<\/p>\n<h2>Problemas comuns e resolu\u00e7\u00e3o de problemas<\/h2>\n<p>O cilindro da ca\u00e7amba pode apresentar alguns problemas comuns, como vazamento de \u00f3leo, opera\u00e7\u00e3o lenta e deslocamento do cilindro. Esses problemas podem ser resolvidos com inspe\u00e7\u00f5es e manuten\u00e7\u00f5es regulares. Se os problemas persistirem, recomenda-se consultar o fabricante ou um t\u00e9cnico qualificado.<\/p>\n<p><img decoding=\"async\" src=\"https:\/\/www.hydraulic-cylinders.net\/wp-content\/uploads\/2025\/01\/songte-bushings-with-all-kinds-of-excavator-models.webp\" \/><\/p>\n<h2>Sobre nossa empresa<\/h2>\n<p>Somos um dos principais fabricantes e distribuidores de cilindros hidr\u00e1ulicos nos mercados nacional e internacional. Nossos produtos s\u00e3o diversificados e completos, e seguimos o princ\u00edpio da excel\u00eancia em qualidade, baseados na estrat\u00e9gia de gest\u00e3o de produ\u00e7\u00e3o industrial de uma sofisticada oficina de fabrica\u00e7\u00e3o. Aprimoramos continuamente nossa plataforma de produ\u00e7\u00e3o, aperfei\u00e7oamos a linha de produ\u00e7\u00e3o e possu\u00edmos uma forte capacidade criativa para atender \u00e0s diversas necessidades dos clientes. Tamb\u00e9m oferecemos servi\u00e7os personalizados e possu\u00edmos certifica\u00e7\u00f5es internacionais de garantia de qualidade.<\/p>\n<p>Nossa empresa est\u00e1 comprometida em fornecer produtos de alta qualidade e servi\u00e7os excelentes aos nossos clientes. Contamos com uma equipe de t\u00e9cnicos profissionais, equipamentos de fabrica\u00e7\u00e3o digital de ponta e um sistema de testes profissional que aprimora continuamente a plataforma de fabrica\u00e7\u00e3o e aperfei\u00e7oa a linha de produ\u00e7\u00e3o, garantindo a qualidade dos produtos.<\/p>\n<p>Nossa empresa tamb\u00e9m oferece servi\u00e7os p\u00f3s-venda, incluindo inspe\u00e7\u00e3o, reparo e substitui\u00e7\u00e3o, para garantir a satisfa\u00e7\u00e3o de nossos clientes. Nos dedicamos a fornecer aos nossos clientes cilindros hidr\u00e1ulicos e servi\u00e7os da mais alta qualidade.<\/p>\n<p><img decoding=\"async\" src=\"https:\/\/hzpt.com\/wp-content\/uploads\/2024\/11\/songte-company-1.webp\" \/><\/p>\n<p>Autor: lyl<\/p>","protected":false},"excerpt":{"rendered":"<p>Bucket Cylinder For XCMG Small Excavator XE6OCA Introduction The bucket cylinder for XCMG small excavator XE6OCA is a specialized hydraulic cylinder used for controlling the movement of the bucket in heavy machinery like excavators, backhoe excavators, and front-end loaders. Its primary function is to enable the bucket to lift, lower, and tilt, making it easy [&hellip;]<\/p>","protected":false},"featured_media":14762,"comment_status":"open","ping_status":"closed","template":"","meta":{"_et_pb_use_builder":"","_et_pb_old_content":"","_et_gb_content_width":""},"product_brand":[],"product_cat":[1494],"product_tag":[1495,1496],"class_list":{"0":"post-15460","1":"product","2":"type-product","3":"status-publish","4":"has-post-thumbnail","6":"product_cat-bucket-cylinders","7":"product_tag-bucket-cylinders","8":"product_tag-hydraulic-cylinders","10":"first","11":"instock","12":"shipping-taxable","13":"product-type-simple"},"amp_enabled":true,"_links":{"self":[{"href":"https:\/\/www.hydraulic-cylinders.net\/pt\/wp-json\/wp\/v2\/product\/15460","targetHints":{"allow":["GET"]}}],"collection":[{"href":"https:\/\/www.hydraulic-cylinders.net\/pt\/wp-json\/wp\/v2\/product"}],"about":[{"href":"https:\/\/www.hydraulic-cylinders.net\/pt\/wp-json\/wp\/v2\/types\/product"}],"replies":[{"embeddable":true,"href":"https:\/\/www.hydraulic-cylinders.net\/pt\/wp-json\/wp\/v2\/comments?post=15460"}],"wp:featuredmedia":[{"embeddable":true,"href":"https:\/\/www.hydraulic-cylinders.net\/pt\/wp-json\/wp\/v2\/media\/14762"}],"wp:attachment":[{"href":"https:\/\/www.hydraulic-cylinders.net\/pt\/wp-json\/wp\/v2\/media?parent=15460"}],"wp:term":[{"taxonomy":"product_brand","embeddable":true,"href":"https:\/\/www.hydraulic-cylinders.net\/pt\/wp-json\/wp\/v2\/product_brand?post=15460"},{"taxonomy":"product_cat","embeddable":true,"href":"https:\/\/www.hydraulic-cylinders.net\/pt\/wp-json\/wp\/v2\/product_cat?post=15460"},{"taxonomy":"product_tag","embeddable":true,"href":"https:\/\/www.hydraulic-cylinders.net\/pt\/wp-json\/wp\/v2\/product_tag?post=15460"}],"curies":[{"name":"wp","href":"https:\/\/api.w.org\/{rel}","templated":true}]}}