{"id":15466,"date":"2025-01-19T14:33:57","date_gmt":"2025-01-19T14:33:57","guid":{"rendered":"https:\/\/www.hydraulic-cylinders.net\/product\/bucket-cylinder-for-xcmg-small-excavator-xe80c\/"},"modified":"2025-01-19T14:33:59","modified_gmt":"2025-01-19T14:33:59","slug":"bucket-cylinder-for-xcmg-small-excavator-xe80c","status":"publish","type":"product","link":"https:\/\/www.hydraulic-cylinders.net\/pt\/produto\/bucket-cylinder-for-xcmg-small-excavator-xe80c\/","title":{"rendered":"Cilindro de ca\u00e7amba para escavadeira pequena XCMG XE80C"},"content":{"rendered":"<h1>Cilindro de ca\u00e7amba para escavadeira pequena XCMG XE80C<\/h1>\n<h2>Introdu\u00e7\u00e3o<\/h2>\n<p>O cilindro da ca\u00e7amba \u00e9 um cilindro hidr\u00e1ulico especialmente projetado para controlar o movimento da ca\u00e7amba em m\u00e1quinas pesadas, como escavadeiras, retroescavadeiras e carregadeiras frontais. Sua principal fun\u00e7\u00e3o \u00e9 permitir a eleva\u00e7\u00e3o, o abaixamento e a inclina\u00e7\u00e3o da ca\u00e7amba, facilitando a execu\u00e7\u00e3o de diversas tarefas de movimenta\u00e7\u00e3o de materiais. No sistema hidr\u00e1ulico, o cilindro da ca\u00e7amba proporciona o controle preciso da ca\u00e7amba por meio de varia\u00e7\u00f5es na press\u00e3o do \u00f3leo hidr\u00e1ulico, permitindo que os operadores manuseiem cargas pesadas com efici\u00eancia e se adaptem a ambientes de trabalho complexos e \u00e0s diversas necessidades operacionais.<\/p>\n<p><img decoding=\"async\" src=\"https:\/\/www.hydraulic-cylinders.net\/wp-content\/uploads\/2025\/01\/songte-company-2.webp\"><\/p>\n<h2>Caracter\u00edsticas<\/h2>\n<ul>\n<li>Alta Resist\u00eancia e Durabilidade: Normalmente fabricado em a\u00e7o ou alum\u00ednio de alta resist\u00eancia, o cilindro de ca\u00e7amba suporta altas press\u00f5es e cargas pesadas, adaptando-se a ambientes de trabalho adversos. Seu design considera a resist\u00eancia ao desgaste e \u00e0 corros\u00e3o, prolongando sua vida \u00fatil.<\/li>\n<li>Opera\u00e7\u00e3o hidr\u00e1ulica eficiente: ao utilizar a press\u00e3o do \u00f3leo hidr\u00e1ulico, o cilindro da ca\u00e7amba alcan\u00e7a movimentos suaves de extens\u00e3o e retra\u00e7\u00e3o, permitindo uma resposta r\u00e1pida aos comandos de controle e fornecendo for\u00e7as poderosas de empurrar e puxar para manusear cargas pesadas e tarefas complexas.<\/li>\n<li>V\u00e1rios tipos: O cilindro de ca\u00e7amba pode ser selecionado como de simples a\u00e7\u00e3o (sistema hidr\u00e1ulico utilizado apenas em uma dire\u00e7\u00e3o) ou dupla a\u00e7\u00e3o (sistema hidr\u00e1ulico utilizado em ambas as dire\u00e7\u00f5es), dependendo dos requisitos operacionais espec\u00edficos. Alguns modelos s\u00e3o telesc\u00f3picos, permitindo maior extens\u00e3o sem aumentar as dimens\u00f5es externas, tornando-os adequados para aplica\u00e7\u00f5es com espa\u00e7o limitado.<\/li>\n<li>Substitui\u00e7\u00e3o perfeita: Nosso produto pode substituir perfeitamente os cilindros hidr\u00e1ulicos existentes, garantindo compatibilidade e desempenho ideal.<\/li>\n<\/ul>\n<p><img decoding=\"async\" src=\"https:\/\/www.hydraulic-cylinders.net\/wp-content\/uploads\/2025\/01\/songte-cylinder-head-with-all-kinds-excavator-models.webp\"><\/p>\n<h2>Aplica\u00e7\u00f5es<\/h2>\n<p>O cilindro de ca\u00e7amba encontra suas aplica\u00e7\u00f5es em diversos equipamentos:<\/p>\n<h3>Equipamentos de constru\u00e7\u00e3o<\/h3>\n<p>Em escavadeiras, eles s\u00e3o cruciais para cavar, carregar e mover solo ou entulho. Em retroescavadeiras, o cilindro da ca\u00e7amba auxilia tanto na escava\u00e7\u00e3o quanto na eleva\u00e7\u00e3o.<\/p>\n<h3>Maquinaria agr\u00edcola<\/h3>\n<p>Usado em carregadeiras frontais para recolher, levantar e transportar solo, feno e outros materiais.<\/p>\n<h3>Escavadeiras<\/h3>\n<p>O cilindro da ca\u00e7amba permite a\u00e7\u00f5es de escava\u00e7\u00e3o permitindo que a ca\u00e7amba penetre no solo.<\/p>\n<h3>Carregadores<\/h3>\n<p>Em carregadores frontais, eles auxiliam na eleva\u00e7\u00e3o e no descarregamento de mercadorias de forma eficaz.<\/p>\n<p><img decoding=\"async\" src=\"https:\/\/www.hydraulic-cylinders.net\/wp-content\/uploads\/2025\/01\/songte-oil-pipes-and-spare-parts.webp\"><\/p>\n<h2>Considera\u00e7\u00f5es de design e crit\u00e9rios de sele\u00e7\u00e3o<\/h2>\n<p>Ao projetar o cilindro do balde, v\u00e1rios fatores-chave s\u00e3o levados em considera\u00e7\u00e3o:<\/p>\n<ul>\n<li>Capacidade de carga<\/li>\n<li>Qualidade de veda\u00e7\u00e3o<\/li>\n<li>Durabilidade<\/li>\n<li>Seguran\u00e7a<\/li>\n<li>Manutenibilidade<\/li>\n<\/ul>\n<p><img decoding=\"async\" src=\"https:\/\/www.hydraulic-cylinders.net\/wp-content\/uploads\/2025\/01\/songte-bushings-with-all-kinds-of-excavator-models.webp\"><\/p>\n<h2>Veda\u00e7\u00e3o e Lubrifica\u00e7\u00e3o<\/h2>\n<p>O cilindro da ca\u00e7amba incorpora diversos componentes de veda\u00e7\u00e3o, como veda\u00e7\u00f5es de pist\u00e3o e de biela, feitos de materiais resistentes ao desgaste, como poliuretano e borracha nitr\u00edlica. O corpo do cilindro e as extremidades roscadas passam por um tratamento meticuloso para aumentar a resist\u00eancia ao desgaste. A lubrifica\u00e7\u00e3o regular com \u00f3leo hidr\u00e1ulico adequado \u00e9 necess\u00e1ria para garantir um funcionamento suave e longa vida \u00fatil.<\/p>\n<h2>Inspe\u00e7\u00e3o regular e manuten\u00e7\u00e3o preventiva<\/h2>\n<p>Para garantir desempenho e longevidade ideais, as seguintes medidas devem ser tomadas:<\/p>\n<ul>\n<li>Inspe\u00e7\u00f5es regulares<\/li>\n<li>Lubrifica\u00e7\u00e3o adequada<\/li>\n<li>Substitui\u00e7\u00f5es de veda\u00e7\u00e3o<\/li>\n<li>Verifica\u00e7\u00f5es de calibra\u00e7\u00e3o<\/li>\n<\/ul>\n<p><img decoding=\"async\" src=\"https:\/\/hzpt.com\/wp-content\/uploads\/2024\/11\/songte-company-1.webp\"><\/p>\n<h2>Considera\u00e7\u00f5es sobre seguran\u00e7a do produto e fatores ambientais<\/h2>\n<p>Ao utilizar o cilindro de ca\u00e7amba, \u00e9 essencial seguir medidas de seguran\u00e7a para evitar acidentes e minimizar o impacto ambiental.<\/p>\n<h2>Solu\u00e7\u00e3o de problemas e problemas comuns<\/h2>\n<p>Problemas comuns que podem surgir com o cilindro da ca\u00e7amba incluem vazamentos, desempenho reduzido e ru\u00eddos anormais. As dicas e solu\u00e7\u00f5es a seguir podem ajudar a diagnosticar e resolver problemas de forma eficaz:<\/p>\n<ul>\n<li>Inspecione e fa\u00e7a a manuten\u00e7\u00e3o regular do cilindro<\/li>\n<li>Garantir a instala\u00e7\u00e3o, lubrifica\u00e7\u00e3o e ajuste adequados<\/li>\n<li>Fornecer orienta\u00e7\u00e3o sobre como alinhar o cilindro corretamente<\/li>\n<li>Recomendar suportes de instala\u00e7\u00e3o apropriados para fixar o cilindro<\/li>\n<li>Sugerir procedimentos de inspe\u00e7\u00e3o, reparo e substitui\u00e7\u00e3o<\/li>\n<li>Oferecer servi\u00e7os de substitui\u00e7\u00e3o e reconstru\u00e7\u00e3o de pe\u00e7as<\/li>\n<li>Fornecer dicas para prolongar a vida \u00fatil do cilindro do balde<\/li>\n<\/ul>\n<h2>Sobre nossa empresa<\/h2>\n<p>Somos l\u00edderes na fabrica\u00e7\u00e3o e distribui\u00e7\u00e3o atacadista de cilindros hidr\u00e1ulicos nos mercados nacional e internacional. Oferecemos uma ampla gama de produtos e somos reconhecidos por nosso compromisso com a excel\u00eancia em qualidade. Nossas estrat\u00e9gias de gest\u00e3o da produ\u00e7\u00e3o concentram-se na fabrica\u00e7\u00e3o industrializada, utilizando t\u00e9cnicos qualificados, equipamentos de \u00faltima gera\u00e7\u00e3o e sistemas de teste profissionais. Buscamos alta efici\u00eancia, precis\u00e3o e qualidade para atender \u00e0s diversas necessidades de nossos clientes.<\/p>\n<p><img decoding=\"async\" src=\"https:\/\/www.hydraulic-cylinders.net\/wp-content\/uploads\/2025\/01\/songte-company-3.webp\"><\/p>\n<p>Nossa empresa se destaca em termos de:<\/p>\n<ul>\n<li>Especializa\u00e7\u00e3o<\/li>\n<li>Certifica\u00e7\u00f5es internacionais<\/li>\n<li>Servi\u00e7os de personaliza\u00e7\u00e3o<\/li>\n<li>Equipamentos de produ\u00e7\u00e3o<\/li>\n<li>Servi\u00e7os p\u00f3s-venda<\/li>\n<\/ul>\n<p>Autor: lyl<\/p>","protected":false},"excerpt":{"rendered":"<p>Bucket Cylinder For XCMG Small Excavator XE80C Introduction The bucket cylinder is a specially designed hydraulic cylinder used to control the movement of the bucket in heavy machinery such as excavators, backhoe loaders, and front loaders. Its main function is to enable the lifting, lowering, and tilting of the bucket, making it easier to handle [&hellip;]<\/p>","protected":false},"featured_media":14784,"comment_status":"open","ping_status":"closed","template":"","meta":{"_et_pb_use_builder":"","_et_pb_old_content":"","_et_gb_content_width":""},"product_brand":[],"product_cat":[1494],"product_tag":[1495,1496],"class_list":{"0":"post-15466","1":"product","2":"type-product","3":"status-publish","4":"has-post-thumbnail","6":"product_cat-bucket-cylinders","7":"product_tag-bucket-cylinders","8":"product_tag-hydraulic-cylinders","10":"first","11":"instock","12":"shipping-taxable","13":"product-type-simple"},"amp_enabled":true,"_links":{"self":[{"href":"https:\/\/www.hydraulic-cylinders.net\/pt\/wp-json\/wp\/v2\/product\/15466","targetHints":{"allow":["GET"]}}],"collection":[{"href":"https:\/\/www.hydraulic-cylinders.net\/pt\/wp-json\/wp\/v2\/product"}],"about":[{"href":"https:\/\/www.hydraulic-cylinders.net\/pt\/wp-json\/wp\/v2\/types\/product"}],"replies":[{"embeddable":true,"href":"https:\/\/www.hydraulic-cylinders.net\/pt\/wp-json\/wp\/v2\/comments?post=15466"}],"wp:featuredmedia":[{"embeddable":true,"href":"https:\/\/www.hydraulic-cylinders.net\/pt\/wp-json\/wp\/v2\/media\/14784"}],"wp:attachment":[{"href":"https:\/\/www.hydraulic-cylinders.net\/pt\/wp-json\/wp\/v2\/media?parent=15466"}],"wp:term":[{"taxonomy":"product_brand","embeddable":true,"href":"https:\/\/www.hydraulic-cylinders.net\/pt\/wp-json\/wp\/v2\/product_brand?post=15466"},{"taxonomy":"product_cat","embeddable":true,"href":"https:\/\/www.hydraulic-cylinders.net\/pt\/wp-json\/wp\/v2\/product_cat?post=15466"},{"taxonomy":"product_tag","embeddable":true,"href":"https:\/\/www.hydraulic-cylinders.net\/pt\/wp-json\/wp\/v2\/product_tag?post=15466"}],"curies":[{"name":"wp","href":"https:\/\/api.w.org\/{rel}","templated":true}]}}