{"id":15480,"date":"2025-01-19T14:34:59","date_gmt":"2025-01-19T14:34:59","guid":{"rendered":"https:\/\/www.hydraulic-cylinders.net\/product\/bucket-cylinder-for-xcmg-large-excavator-xe1300c\/"},"modified":"2025-01-19T14:35:01","modified_gmt":"2025-01-19T14:35:01","slug":"bucket-cylinder-for-xcmg-large-excavator-xe1300c","status":"publish","type":"product","link":"https:\/\/www.hydraulic-cylinders.net\/pt\/produto\/bucket-cylinder-for-xcmg-large-excavator-xe1300c\/","title":{"rendered":"Cilindro da ca\u00e7amba para escavadeira grande XCMG XE1300C"},"content":{"rendered":"<h1>Cilindro da ca\u00e7amba para escavadeira grande XCMG XE1300C<\/h1>\n<h2>Introdu\u00e7\u00e3o<\/h2>\n<p>O cilindro da ca\u00e7amba \u00e9 um cilindro hidr\u00e1ulico especialmente projetado para controlar o movimento da ca\u00e7amba em m\u00e1quinas pesadas, como escavadeiras, retroescavadeiras e p\u00e1s carregadeiras. Sua principal fun\u00e7\u00e3o \u00e9 permitir que a ca\u00e7amba seja levantada, abaixada e inclinada, facilitando diversas tarefas de movimenta\u00e7\u00e3o de materiais. No sistema hidr\u00e1ulico, o cilindro da ca\u00e7amba possibilita o controle preciso da ca\u00e7amba atrav\u00e9s da varia\u00e7\u00e3o da press\u00e3o do \u00f3leo hidr\u00e1ulico, permitindo que o operador manuseie cargas pesadas com efici\u00eancia, se adapte a ambientes de trabalho complexos e atenda a diversas exig\u00eancias da tarefa.<\/p>\n<p><img decoding=\"async\" src=\"https:\/\/www.hydraulic-cylinders.net\/wp-content\/uploads\/2025\/01\/songte-company-2.webp\"\/><\/p>\n<h2>Caracter\u00edsticas<\/h2>\n<ul>\n<li><strong>Alta resist\u00eancia e durabilidade:<\/strong> Normalmente fabricado em a\u00e7o de alta resist\u00eancia ou alum\u00ednio, suporta alta press\u00e3o e cargas pesadas, adaptando-se a ambientes de trabalho severos. O projeto considera a resist\u00eancia ao desgaste e \u00e0 corros\u00e3o, prolongando sua vida \u00fatil.<\/li>\n<li><strong>Opera\u00e7\u00e3o hidr\u00e1ulica eficiente:<\/strong> Utilizando a press\u00e3o do \u00f3leo hidr\u00e1ulico para obter uma expans\u00e3o e contra\u00e7\u00e3o suaves, ele responde rapidamente aos comandos de controle, fornecendo for\u00e7as de empurrar e puxar poderosas, adequadas para lidar com cargas pesadas e tarefas complexas.<\/li>\n<li><strong>V\u00e1rios tipos:<\/strong> Cilindros de a\u00e7\u00e3o simples (hidr\u00e1ulica aplicada apenas em uma dire\u00e7\u00e3o) ou de a\u00e7\u00e3o dupla (hidr\u00e1ulica aplicada em ambas as dire\u00e7\u00f5es) podem ser selecionados de acordo com as necessidades operacionais. Alguns modelos s\u00e3o telesc\u00f3picos, permitindo maior extens\u00e3o sem aumentar as dimens\u00f5es externas, sendo adequados para aplica\u00e7\u00f5es com espa\u00e7o limitado.<\/li>\n<li><strong>Substitui\u00e7\u00e3o:<\/strong> Nossos produtos podem substituir perfeitamente esses cilindros hidr\u00e1ulicos.<\/li>\n<\/ul>\n<p><img decoding=\"async\" src=\"https:\/\/www.hydraulic-cylinders.net\/wp-content\/uploads\/2025\/01\/songte-cylinder-head-with-all-kinds-excavator-models.webp\"\/><\/p>\n<h2>Aplica\u00e7\u00f5es<\/h2>\n<p>O cilindro da ca\u00e7amba para a escavadeira de grande porte XCMG XE1300C pode ser utilizado em diversas ind\u00fastrias e aplica\u00e7\u00f5es, tais como:<\/p>\n<ul>\n<li><strong>Equipamentos de constru\u00e7\u00e3o:<\/strong> Em escavadeiras, s\u00e3o essenciais para escavar, carregar e movimentar terra ou entulho. Em retroescavadeiras, os cilindros da ca\u00e7amba auxiliam tanto na escava\u00e7\u00e3o quanto no levantamento de material. <\/li>\n<li><strong>Maquinaria agr\u00edcola:<\/strong> Utilizado em p\u00e1s carregadeiras para recolher, levantar e transportar terra, feno e outros materiais, o cilindro da ca\u00e7amba em escavadeiras permite a escava\u00e7\u00e3o, possibilitando que a ca\u00e7amba penetre no solo.<\/li>\n<li><strong>Carregador:<\/strong> Em m\u00e1quinas de carregamento frontal, elas auxiliam no levantamento e inclina\u00e7\u00e3o eficazes das mercadorias.<\/li>\n<\/ul>\n<h2>Considera\u00e7\u00f5es de design e crit\u00e9rios de sele\u00e7\u00e3o<\/h2>\n<p>O cilindro da ca\u00e7amba est\u00e1 sujeito a diversas considera\u00e7\u00f5es de projeto, tais como:<\/p>\n<ul>\n<li><strong>Capacidade de carga:<\/strong> O cilindro deve suportar o peso da m\u00e1quina e seu conte\u00fado, al\u00e9m de resistir \u00e0 press\u00e3o gerada pelo sistema hidr\u00e1ulico.<\/li>\n<li><strong>Selagem:<\/strong> O cilindro deve ser vedado para evitar vazamentos de fluido hidr\u00e1ulico e a entrada de contaminantes no sistema.<\/li>\n<li><strong>Durabilidade:<\/strong> O cilindro deve ser suficientemente resistente para suportar o ambiente de trabalho severo e o uso prolongado.<\/li>\n<li><strong>Seguran\u00e7a:<\/strong> O cilindro deve atender aos padr\u00f5es de seguran\u00e7a para evitar acidentes durante o funcionamento.<\/li>\n<li><strong>Manutenibilidade:<\/strong> O cilindro deve ser de f\u00e1cil manuten\u00e7\u00e3o e reparo, minimizando assim o tempo de inatividade.<\/li>\n<\/ul>\n<p><img decoding=\"async\" src=\"https:\/\/www.hydraulic-cylinders.net\/wp-content\/uploads\/2025\/01\/songte-oil-pipes-and-spare-parts.webp\"\/><\/p>\n<h2>Veda\u00e7\u00e3o e Lubrifica\u00e7\u00e3o<\/h2>\n<p>O cilindro da ca\u00e7amba utiliza diversos componentes de veda\u00e7\u00e3o, como veda\u00e7\u00f5es de pist\u00e3o e veda\u00e7\u00f5es de haste, feitos de materiais resistentes ao desgaste, como poliuretano e borracha nitr\u00edlica. O corpo do cilindro e a superf\u00edcie roscada da extremidade passam por um processo de usinagem de precis\u00e3o para aumentar a resist\u00eancia ao desgaste. A lubrifica\u00e7\u00e3o do cilindro requer quantidades regulares e adequadas de \u00f3leo hidr\u00e1ulico.<\/p>\n<h2>Medidas de Inspe\u00e7\u00e3o e Manuten\u00e7\u00e3o Preventiva<\/h2>\n<p>A inspe\u00e7\u00e3o regular e a manuten\u00e7\u00e3o preventiva do cilindro da ca\u00e7amba aumentam sua vida \u00fatil. Algumas medidas de manuten\u00e7\u00e3o incluem:<\/p>\n<ul>\n<li>Verificar se h\u00e1 vazamentos no sistema hidr\u00e1ulico e repar\u00e1-los imediatamente.<\/li>\n<li>Lubrifique o cilindro regularmente.<\/li>\n<li>Substituir as veda\u00e7\u00f5es quando necess\u00e1rio.<\/li>\n<li>Calibrar o cilindro para garantir seu funcionamento correto.<\/li>\n<\/ul>\n<h2>Guia de instala\u00e7\u00e3o<\/h2>\n<p>A instala\u00e7\u00e3o correta do cilindro da ca\u00e7amba \u00e9 essencial. Utilize suportes de instala\u00e7\u00e3o adequados para fixar o cilindro \u00e0 m\u00e1quina. Verifique o alinhamento correto do cilindro e forne\u00e7a orienta\u00e7\u00f5es para o alinhamento. Siga os procedimentos recomendados de inspe\u00e7\u00e3o, reparo, substitui\u00e7\u00e3o e reconstru\u00e7\u00e3o para garantir o desempenho e a vida \u00fatil do cilindro.<\/p>\n<p><img decoding=\"async\" src=\"https:\/\/www.hydraulic-cylinders.net\/wp-content\/uploads\/2025\/01\/songte-chushion-collar.webp\"\/><\/p>\n<h2>Considera\u00e7\u00f5es de seguran\u00e7a e fatores ambientais<\/h2>\n<p>Ao utilizar o cilindro com balde, devem ser tomadas medidas de seguran\u00e7a para evitar acidentes e les\u00f5es. Os fatores ambientais tamb\u00e9m devem ser considerados para minimizar o impacto no meio ambiente.<\/p>\n<h2>Solu\u00e7\u00e3o de problemas e problemas comuns<\/h2>\n<p>Problemas comuns com cilindros de ca\u00e7amba incluem vazamentos, funcionamento inadequado e danos. Os m\u00e9todos de solu\u00e7\u00e3o de problemas incluem verificar o sistema hidr\u00e1ulico, inspecionar o cilindro em busca de danos e garantir a instala\u00e7\u00e3o e o alinhamento corretos. Medidas preventivas, como manuten\u00e7\u00e3o regular, inspe\u00e7\u00e3o e limpeza, podem minimizar problemas potenciais.<\/p>\n<p><img decoding=\"async\" src=\"https:\/\/www.hydraulic-cylinders.net\/wp-content\/uploads\/2025\/01\/songte-bushings-with-all-kinds-of-excavator-models.webp\"\/><\/p>\n<h2>Sobre nossa empresa<\/h2>\n<p>Somos fabricantes de cilindros hidr\u00e1ulicos que podem substituir os cilindros originais de f\u00e1brica. Oferecemos uma linha completa de produtos e nos tornamos um dos principais fabricantes e distribuidores atacadistas de cilindros hidr\u00e1ulicos nos mercados nacional e internacional. Primamos pela excel\u00eancia e nos apoiamos em estrat\u00e9gias de gest\u00e3o de produ\u00e7\u00e3o industrial baseadas em oficinas de fabrica\u00e7\u00e3o de alta qualidade, profissionais qualificados, equipamentos de fabrica\u00e7\u00e3o digital de ponta e sistemas de teste profissionais para aprimorar continuamente nossa plataforma de produ\u00e7\u00e3o, melhorar a qualidade dos produtos e ter uma forte capacidade de atender \u00e0s diversas necessidades dos clientes com produtos de alta efici\u00eancia, alta precis\u00e3o e alta qualidade.<\/p>\n<p>Oferecemos servi\u00e7os profissionais, com certifica\u00e7\u00e3o internacional e personalizados, utilizamos equipamentos de produ\u00e7\u00e3o avan\u00e7ados e fornecemos um excelente servi\u00e7o p\u00f3s-venda para garantir a satisfa\u00e7\u00e3o do cliente, o que nos torna o parceiro ideal para solu\u00e7\u00f5es em cilindros hidr\u00e1ulicos.<\/p>\n<p><img decoding=\"async\" src=\"https:\/\/hzpt.com\/wp-content\/uploads\/2024\/11\/songte-company-1.webp\"\/><\/p>\n<p>Autor: lyl.<\/p>","protected":false},"excerpt":{"rendered":"<p>Bucket Cylinder For XCMG Large Excavator XE1300C Introduction A bucket cylinder is a specially designed hydraulic cylinder mainly used to control the movement of the bucket in heavy machinery such as excavators, backhoe loaders, and front loaders. Its main function is to enable the bucket to be lifted, lowered, and tilted, making it easy for [&hellip;]<\/p>","protected":false},"featured_media":14785,"comment_status":"open","ping_status":"closed","template":"","meta":{"_et_pb_use_builder":"","_et_pb_old_content":"","_et_gb_content_width":""},"product_brand":[],"product_cat":[1494],"product_tag":[1495,1496],"class_list":{"0":"post-15480","1":"product","2":"type-product","3":"status-publish","4":"has-post-thumbnail","6":"product_cat-bucket-cylinders","7":"product_tag-bucket-cylinders","8":"product_tag-hydraulic-cylinders","10":"first","11":"instock","12":"shipping-taxable","13":"product-type-simple"},"amp_enabled":true,"_links":{"self":[{"href":"https:\/\/www.hydraulic-cylinders.net\/pt\/wp-json\/wp\/v2\/product\/15480","targetHints":{"allow":["GET"]}}],"collection":[{"href":"https:\/\/www.hydraulic-cylinders.net\/pt\/wp-json\/wp\/v2\/product"}],"about":[{"href":"https:\/\/www.hydraulic-cylinders.net\/pt\/wp-json\/wp\/v2\/types\/product"}],"replies":[{"embeddable":true,"href":"https:\/\/www.hydraulic-cylinders.net\/pt\/wp-json\/wp\/v2\/comments?post=15480"}],"wp:featuredmedia":[{"embeddable":true,"href":"https:\/\/www.hydraulic-cylinders.net\/pt\/wp-json\/wp\/v2\/media\/14785"}],"wp:attachment":[{"href":"https:\/\/www.hydraulic-cylinders.net\/pt\/wp-json\/wp\/v2\/media?parent=15480"}],"wp:term":[{"taxonomy":"product_brand","embeddable":true,"href":"https:\/\/www.hydraulic-cylinders.net\/pt\/wp-json\/wp\/v2\/product_brand?post=15480"},{"taxonomy":"product_cat","embeddable":true,"href":"https:\/\/www.hydraulic-cylinders.net\/pt\/wp-json\/wp\/v2\/product_cat?post=15480"},{"taxonomy":"product_tag","embeddable":true,"href":"https:\/\/www.hydraulic-cylinders.net\/pt\/wp-json\/wp\/v2\/product_tag?post=15480"}],"curies":[{"name":"wp","href":"https:\/\/api.w.org\/{rel}","templated":true}]}}