{"id":15483,"date":"2025-01-19T14:35:12","date_gmt":"2025-01-19T14:35:12","guid":{"rendered":"https:\/\/www.hydraulic-cylinders.net\/product\/bucket-cylinder-for-xcmg-large-excavator-xe500m\/"},"modified":"2025-01-19T14:35:14","modified_gmt":"2025-01-19T14:35:14","slug":"bucket-cylinder-for-xcmg-large-excavator-xe500m","status":"publish","type":"product","link":"https:\/\/www.hydraulic-cylinders.net\/pt\/produto\/bucket-cylinder-for-xcmg-large-excavator-xe500m\/","title":{"rendered":"Cilindro da ca\u00e7amba para escavadeira grande XCMG XE500M"},"content":{"rendered":"<h1>Cilindro da ca\u00e7amba para escavadeira grande XCMG XE500M<\/h1>\n<h2>Introdu\u00e7\u00e3o<\/h2>\n<h3>Defini\u00e7\u00e3o<\/h3>\n<p>O cilindro da ca\u00e7amba \u00e9 um cilindro hidr\u00e1ulico especialmente projetado para controlar o movimento da ca\u00e7amba em m\u00e1quinas pesadas, como escavadeiras, retroescavadeiras e p\u00e1s carregadeiras. Sua principal fun\u00e7\u00e3o \u00e9 levantar, abaixar e inclinar a ca\u00e7amba, facilitando o manuseio de diversos materiais. No sistema hidr\u00e1ulico, o cilindro da ca\u00e7amba controla o movimento preciso da ca\u00e7amba por meio de altera\u00e7\u00f5es na press\u00e3o do \u00f3leo hidr\u00e1ulico, permitindo que os operadores manuseiem cargas pesadas com efici\u00eancia e se adaptem a ambientes de trabalho complexos e diversas exig\u00eancias da tarefa.<\/p>\n<p><center><img decoding=\"async\" src=\"https:\/\/www.hydraulic-cylinders.net\/wp-content\/uploads\/2025\/01\/songte-company-2.webp\"><\/center><\/p>\n<h3>Caracter\u00edsticas<\/h3>\n<ul>\n<li><strong>Alta resist\u00eancia e durabilidade:<\/strong> Normalmente fabricado em a\u00e7o de alta resist\u00eancia ou alum\u00ednio, o cilindro da ca\u00e7amba suporta altas press\u00f5es e cargas pesadas, adaptando-se a ambientes de trabalho severos. O projeto tamb\u00e9m considera a resist\u00eancia ao desgaste e \u00e0 corros\u00e3o, prolongando a vida \u00fatil.<\/li>\n<li><strong>Opera\u00e7\u00e3o hidr\u00e1ulica eficiente:<\/strong> Utiliza press\u00e3o de \u00f3leo hidr\u00e1ulico para obter movimentos suaves de extens\u00e3o e contra\u00e7\u00e3o, respondendo rapidamente aos comandos de controle, fornecendo for\u00e7as de tra\u00e7\u00e3o e empuxo potentes e sendo adequado para lidar com cargas pesadas e tarefas operacionais complexas.<\/li>\n<li><strong>V\u00e1rios tipos:<\/strong> Os cilindros da ca\u00e7amba podem ser de a\u00e7\u00e3o simples (utilizam o sistema hidr\u00e1ulico em apenas uma dire\u00e7\u00e3o) ou de a\u00e7\u00e3o dupla (utilizam o sistema hidr\u00e1ulico em duas dire\u00e7\u00f5es), dependendo dos requisitos da opera\u00e7\u00e3o. Alguns modelos s\u00e3o telesc\u00f3picos, permitindo maior extens\u00e3o sem aumentar as dimens\u00f5es externas, sendo adequados para aplica\u00e7\u00f5es com espa\u00e7o limitado.<\/li>\n<li><strong>F\u00e1cil de substituir:<\/strong> Nossos produtos s\u00e3o alternativas perfeitas para esses cilindros hidr\u00e1ulicos. <\/li>\n<\/ul>\n<p><center><img decoding=\"async\" src=\"https:\/\/www.hydraulic-cylinders.net\/wp-content\/uploads\/2025\/01\/songte-cylinder-head-with-all-kinds-excavator-models.webp\"><\/center><\/p>\n<h3>Aplicativo<\/h3>\n<p>O cilindro de ca\u00e7amba \u00e9 amplamente utilizado em diversos setores industriais, incluindo:<\/p>\n<ul>\n<li><strong>Equipamentos de constru\u00e7\u00e3o:<\/strong> Em escavadeiras, s\u00e3o essenciais para escavar, carregar e movimentar terra ou entulho. Em retroescavadeiras, o cilindro da ca\u00e7amba auxilia tanto na escava\u00e7\u00e3o quanto no levantamento. <\/li>\n<li><strong>Maquinaria agr\u00edcola:<\/strong> Usado em carregadeiras frontais para recolher, levantar e transportar solo, feno e outros materiais. <\/li>\n<li><strong>Escavadeiras:<\/strong> O cilindro da ca\u00e7amba permite que a ca\u00e7amba penetre no solo para realizar o movimento de escava\u00e7\u00e3o. <\/li>\n<li><strong>Carregadores:<\/strong> Em carregadeiras frontais, os cilindros da ca\u00e7amba auxiliam no levantamento e despejo eficiente de mercadorias.<\/li>\n<\/ul>\n<h3>Considera\u00e7\u00f5es de design e crit\u00e9rios de sele\u00e7\u00e3o<\/h3>\n<p>Ao projetar o cilindro da ca\u00e7amba, diversos fatores s\u00e3o considerados, incluindo:<\/p>\n<ul>\n<li><strong>Capacidade de carga:<\/strong> O cilindro da ca\u00e7amba deve ser capaz de suportar a capacidade de carga da m\u00e1quina e do material que est\u00e1 sendo manuseado. <\/li>\n<li><strong>Veda\u00e7\u00e3o e durabilidade:<\/strong> O cilindro do balde requer uma veda\u00e7\u00e3o robusta para evitar vazamentos e garantir o uso a longo prazo, considerando fatores ambientais como temperatura e produtos qu\u00edmicos. <\/li>\n<li><strong>Seguran\u00e7a:<\/strong> O cilindro da ca\u00e7amba precisa ser instalado com seguran\u00e7a e devem existir medidas para evitar acidentes como movimentos inesperados ou sobrecarga.<\/li>\n<li><strong>Manuten\u00e7\u00e3o:<\/strong> O cilindro da ca\u00e7amba precisa de manuten\u00e7\u00e3o regular para garantir o desempenho ideal, incluindo trocas de \u00f3leo, substitui\u00e7\u00e3o de veda\u00e7\u00f5es e verifica\u00e7\u00f5es de calibra\u00e7\u00e3o. <\/li>\n<\/ul>\n<p><center><img decoding=\"async\" src=\"https:\/\/www.hydraulic-cylinders.net\/wp-content\/uploads\/2025\/01\/songte-oil-pipes-and-spare-parts.webp\"><\/center><\/p>\n<h3>Veda\u00e7\u00e3o e Lubrifica\u00e7\u00e3o<\/h3>\n<p>O cilindro da ca\u00e7amba utiliza diversos componentes de veda\u00e7\u00e3o, como veda\u00e7\u00f5es de pist\u00e3o, veda\u00e7\u00f5es de haste, etc., fabricados com materiais resistentes ao desgaste, como poliuretano e NBR. O corpo do cilindro e a superf\u00edcie roscada da extremidade passam por um processo de usinagem de precis\u00e3o para melhorar a resist\u00eancia ao desgaste. A lubrifica\u00e7\u00e3o regular do cilindro com a quantidade adequada de \u00f3leo hidr\u00e1ulico \u00e9 essencial para manter o desempenho ideal.<\/p>\n<h3>Manuten\u00e7\u00e3o e Reparo<\/h3>\n<p>A manuten\u00e7\u00e3o regular, como lubrifica\u00e7\u00e3o, substitui\u00e7\u00e3o de veda\u00e7\u00f5es e verifica\u00e7\u00f5es de calibra\u00e7\u00e3o, \u00e9 essencial para garantir a longevidade do cilindro da ca\u00e7amba. Recomenda-se o uso de suportes de instala\u00e7\u00e3o adequados para fixar o cilindro com seguran\u00e7a, sendo crucial o alinhamento correto do mesmo. <\/p>\n<h3>Considera\u00e7\u00f5es sobre seguran\u00e7a e meio ambiente<\/h3>\n<p>Ao utilizar o cilindro com ca\u00e7amba, \u00e9 fundamental seguir as normas de seguran\u00e7a para evitar acidentes e proteger o meio ambiente. O uso de equipamentos de prote\u00e7\u00e3o individual adequados, como luvas e \u00f3culos de prote\u00e7\u00e3o, e o descarte correto do \u00f3leo hidr\u00e1ulico s\u00e3o algumas das medidas essenciais de seguran\u00e7a e prote\u00e7\u00e3o ambiental a serem consideradas.<\/p>\n<p><center><img decoding=\"async\" src=\"https:\/\/www.hydraulic-cylinders.net\/wp-content\/uploads\/2025\/01\/songte-chushion-collar.webp\"><\/center><\/p>\n<h3>Diagn\u00f3stico de falhas e solu\u00e7\u00e3o de problemas<\/h3>\n<p>Alguns problemas comuns em cilindros de ca\u00e7amba incluem vazamentos de \u00f3leo, for\u00e7a insuficiente e movimento lento. \u00c9 essencial diagnosticar o problema com precis\u00e3o para aplicar as solu\u00e7\u00f5es adequadas. Verifica\u00e7\u00f5es de manuten\u00e7\u00e3o regulares podem ajudar a prevenir problemas futuros.<\/p>\n<h3>Sobre nossa empresa<\/h3>\n<p>Somos fabricantes de cilindros hidr\u00e1ulicos de reposi\u00e7\u00e3o com uma linha completa de produtos. Tornamo-nos um dos principais fabricantes e distribuidores de cilindros hidr\u00e1ulicos nos mercados nacional e internacional. Nossos produtos seguem o princ\u00edpio da excel\u00eancia em qualidade e se baseiam em uma estrat\u00e9gia de gest\u00e3o de produ\u00e7\u00e3o industrializada em nossa sofisticada f\u00e1brica, que incorpora o uso de profissionais altamente qualificados, equipamentos de fabrica\u00e7\u00e3o digital de ponta e sistemas de teste profissionais. Nossos princ\u00edpios de efici\u00eancia, precis\u00e3o e alta qualidade atendem \u00e0s diversas necessidades de nossos clientes.<\/p>\n<p>Nossa empresa oferece servi\u00e7os profissionais em todo o mundo, incluindo certifica\u00e7\u00f5es internacionais, servi\u00e7os personalizados, equipamentos de produ\u00e7\u00e3o de ponta e servi\u00e7os p\u00f3s-venda.<\/p>\n<p><center><img decoding=\"async\" src=\"https:\/\/hzpt.com\/wp-content\/uploads\/2024\/11\/songte-company-1.webp\"><\/center><\/p>\n<h4>Autor: lyl<\/h4>","protected":false},"excerpt":{"rendered":"<p>Bucket Cylinder For XCMG Large Excavator XE500M Introduction Definition A bucket cylinder is a specially designed hydraulic cylinder used to control the movement of the bucket in heavy machinery such as excavators, backhoe loaders, and front-end loaders. Its main function is to lift, lower, and tilt the bucket, making it easier to handle various material [&hellip;]<\/p>","protected":false},"featured_media":14780,"comment_status":"open","ping_status":"closed","template":"","meta":{"_et_pb_use_builder":"","_et_pb_old_content":"","_et_gb_content_width":""},"product_brand":[],"product_cat":[1494],"product_tag":[1495,1496],"class_list":{"0":"post-15483","1":"product","2":"type-product","3":"status-publish","4":"has-post-thumbnail","6":"product_cat-bucket-cylinders","7":"product_tag-bucket-cylinders","8":"product_tag-hydraulic-cylinders","10":"first","11":"instock","12":"shipping-taxable","13":"product-type-simple"},"amp_enabled":true,"_links":{"self":[{"href":"https:\/\/www.hydraulic-cylinders.net\/pt\/wp-json\/wp\/v2\/product\/15483","targetHints":{"allow":["GET"]}}],"collection":[{"href":"https:\/\/www.hydraulic-cylinders.net\/pt\/wp-json\/wp\/v2\/product"}],"about":[{"href":"https:\/\/www.hydraulic-cylinders.net\/pt\/wp-json\/wp\/v2\/types\/product"}],"replies":[{"embeddable":true,"href":"https:\/\/www.hydraulic-cylinders.net\/pt\/wp-json\/wp\/v2\/comments?post=15483"}],"wp:featuredmedia":[{"embeddable":true,"href":"https:\/\/www.hydraulic-cylinders.net\/pt\/wp-json\/wp\/v2\/media\/14780"}],"wp:attachment":[{"href":"https:\/\/www.hydraulic-cylinders.net\/pt\/wp-json\/wp\/v2\/media?parent=15483"}],"wp:term":[{"taxonomy":"product_brand","embeddable":true,"href":"https:\/\/www.hydraulic-cylinders.net\/pt\/wp-json\/wp\/v2\/product_brand?post=15483"},{"taxonomy":"product_cat","embeddable":true,"href":"https:\/\/www.hydraulic-cylinders.net\/pt\/wp-json\/wp\/v2\/product_cat?post=15483"},{"taxonomy":"product_tag","embeddable":true,"href":"https:\/\/www.hydraulic-cylinders.net\/pt\/wp-json\/wp\/v2\/product_tag?post=15483"}],"curies":[{"name":"wp","href":"https:\/\/api.w.org\/{rel}","templated":true}]}}