{"id":15488,"date":"2025-01-19T14:35:32","date_gmt":"2025-01-19T14:35:32","guid":{"rendered":"https:\/\/www.hydraulic-cylinders.net\/product\/bucket-cylinder-for-xcmg-large-excavator-xe3000\/"},"modified":"2025-01-19T14:35:40","modified_gmt":"2025-01-19T14:35:40","slug":"bucket-cylinder-for-xcmg-large-excavator-xe3000","status":"publish","type":"product","link":"https:\/\/www.hydraulic-cylinders.net\/pt\/produto\/bucket-cylinder-for-xcmg-large-excavator-xe3000\/","title":{"rendered":"Cilindro da ca\u00e7amba para escavadeira grande XCMG XE3000"},"content":{"rendered":"<h1>Cilindro da ca\u00e7amba para escavadeira grande XCMG XE3000<\/h1>\n<h2>Introdu\u00e7\u00e3o<\/h2>\n<h3>Defini\u00e7\u00e3o<\/h3>\n<p>A bucket cylinder is specially designed hydraulic cylinder used to control the movement of the bucket in heavy machinery such as excavators, backhoe loaders, and front loaders. Its main function is to enable the bucket to lift, lower, and tilt, making it easier to handle various material handling tasks. In the hydraulic system, the bucket cylinder controls the bucket&#8217;s precise movement by the pressure changes of hydraulic oil, allowing the operator to handle heavy loads efficiently, adapt to complex working environments, and diverse operational needs.<\/p>\n<p><img decoding=\"async\" src=\"https:\/\/www.hydraulic-cylinders.net\/wp-content\/uploads\/2025\/01\/songte-company-2.webp\" alt=\"Cilindro da ca\u00e7amba para escavadeira grande XCMG XE3000\" \/><\/p>\n<h2>Caracter\u00edsticas<\/h2>\n<ul>\n<li><strong>Alta resist\u00eancia e durabilidade:<\/strong> Fabricado em a\u00e7o ou alum\u00ednio de alta resist\u00eancia, suporta alta press\u00e3o e cargas pesadas, adapta-se a ambientes de trabalho severos e foi projetado com resist\u00eancia ao desgaste e \u00e0 corros\u00e3o para prolongar sua vida \u00fatil.<\/li>\n<li><strong>Opera\u00e7\u00e3o hidr\u00e1ulica eficiente:<\/strong> A extens\u00e3o e a retra\u00e7\u00e3o suaves s\u00e3o obtidas atrav\u00e9s da press\u00e3o do \u00f3leo hidr\u00e1ulico. O sistema responde rapidamente aos comandos de controle, oferece for\u00e7a de tra\u00e7\u00e3o e empuxo potente e \u00e9 adequado para o manuseio de cargas pesadas e tarefas operacionais complexas.<\/li>\n<li><strong>V\u00e1rios tipos:<\/strong> Cilindros de a\u00e7\u00e3o simples (hidr\u00e1ulicos em uma dire\u00e7\u00e3o) ou de a\u00e7\u00e3o dupla (hidr\u00e1ulicos em ambas as dire\u00e7\u00f5es) podem ser selecionados de acordo com as necessidades para atender a diferentes requisitos operacionais. Alguns modelos s\u00e3o telesc\u00f3picos, permitindo maior extens\u00e3o sem aumentar as dimens\u00f5es externas, o que os torna adequados para aplica\u00e7\u00f5es com espa\u00e7o limitado.<\/li>\n<li><strong>Substitui\u00e7\u00e3o perfeita para cilindros hidr\u00e1ulicos:<\/strong> Nossos produtos podem substituir perfeitamente esses cilindros hidr\u00e1ulicos.<\/li>\n<\/ul>\n<p><img decoding=\"async\" src=\"https:\/\/www.hydraulic-cylinders.net\/wp-content\/uploads\/2025\/01\/songte-cylinder-head-with-all-kinds-excavator-models.webp\" alt=\"Cilindro da ca\u00e7amba para escavadeira grande XCMG XE3000\" \/><\/p>\n<h2>Aplica\u00e7\u00f5es<\/h2>\n<p>O cilindro de ca\u00e7amba \u00e9 utilizado em uma ampla gama de m\u00e1quinas pesadas, incluindo:<\/p>\n<ul>\n<li><strong>Equipamentos de constru\u00e7\u00e3o:<\/strong> \u00c9 crucial que as escavadeiras cavem, carreguem e movimentem solo ou entulho. Nas retroescavadeiras, isso auxilia na escava\u00e7\u00e3o e no levantamento. <\/li>\n<li><strong>Maquinaria agr\u00edcola:<\/strong> Utilizado em p\u00e1s carregadeiras frontais para recolher, levantar e transportar terra, feno e outros materiais. <\/li>\n<li><strong>Escavadeiras:<\/strong> O cilindro da ca\u00e7amba permite que ela penetre no solo. <\/li>\n<li><strong>Carregamento frontal:<\/strong> Eles ajudam a levantar e inclinar mercadorias com efici\u00eancia. <\/li>\n<\/ul>\n<p>Let&#8217;s explore each application in detail:<\/p>\n<h3>Equipamentos de constru\u00e7\u00e3o<\/h3>\n<p>Equipamentos de constru\u00e7\u00e3o s\u00e3o essenciais para diversas aplica\u00e7\u00f5es na constru\u00e7\u00e3o civil. A ca\u00e7amba escavadeira auxilia na escava\u00e7\u00e3o de buracos, valas e funda\u00e7\u00f5es. Tamb\u00e9m ajuda a carregar e movimentar terra e entulho. Em retroescavadeiras, auxilia na escava\u00e7\u00e3o e eleva\u00e7\u00e3o. \u00c9 utilizada ainda em equipamentos de constru\u00e7\u00e3o de estradas para limpar e nivelar o terreno.<\/p>\n<h3>Maquinaria agr\u00edcola<\/h3>\n<p>Cilindros de ca\u00e7amba s\u00e3o usados \u200b\u200bem p\u00e1s carregadeiras frontais, que servem para recolher, levantar e transportar terra, feno e outros materiais. Al\u00e9m disso, s\u00e3o utilizados em tratores e outras m\u00e1quinas agr\u00edcolas para lidar com cargas pesadas. <\/p>\n<h3>Escavadeiras<\/h3>\n<p>The bucket cylinder enables the bucket to penetrate the soil, helping with construction, digging, and demolition. With the bucket cylinder&#8217;s help, the excavator can work on different soil types.<\/p>\n<h3>carregadores frontais<\/h3>\n<p>O cilindro da ca\u00e7amba auxilia no levantamento e inclina\u00e7\u00e3o de mercadorias com efici\u00eancia. \u00c9 utilizado em p\u00e1s carregadeiras frontais para diversas aplica\u00e7\u00f5es, como movimenta\u00e7\u00e3o de materiais em armaz\u00e9ns, em portos e na organiza\u00e7\u00e3o de estoques.<\/p>\n<p><img decoding=\"async\" src=\"https:\/\/hzpt.com\/wp-content\/uploads\/2024\/11\/songte-company-1.webp\" alt=\"Cilindro da ca\u00e7amba para escavadeira grande XCMG XE3000\" \/><\/p>\n<h2>Considera\u00e7\u00f5es de design e crit\u00e9rios de sele\u00e7\u00e3o<\/h2>\n<p>A seguir, s\u00e3o apresentadas as considera\u00e7\u00f5es de projeto e os crit\u00e9rios de sele\u00e7\u00e3o para cilindros de ca\u00e7amba:<\/p>\n<ul>\n<li><strong>Capacidade de carga:<\/strong> Os cilindros da ca\u00e7amba devem ter alta capacidade de carga para suportar cargas pesadas.<\/li>\n<li><strong>Selagem:<\/strong> Um sistema de veda\u00e7\u00e3o de alta qualidade garante que os fluidos hidr\u00e1ulicos n\u00e3o vazem, o que pode danificar o cilindro. <\/li>\n<li><strong>Durabilidade:<\/strong> Os materiais utilizados para os cilindros das ca\u00e7ambas devem ser dur\u00e1veis \u200b\u200bpara suportar ambientes agressivos e uso repetido.<\/li>\n<li><strong>Seguran\u00e7a:<\/strong> Os cilindros de ca\u00e7amba devem ser projetados com foco na seguran\u00e7a para evitar acidentes e ferimentos.<\/li>\n<li><strong>Manutenibilidade:<\/strong> Um cilindro de ca\u00e7amba deve ser de f\u00e1cil manuten\u00e7\u00e3o e reparo, com pe\u00e7as de reposi\u00e7\u00e3o e servi\u00e7os de reparo prontamente dispon\u00edveis.<\/li>\n<\/ul>\n<p><img decoding=\"async\" src=\"https:\/\/www.hydraulic-cylinders.net\/wp-content\/uploads\/2025\/01\/songte-oil-pipes-and-spare-parts.webp\" alt=\"Cilindro da ca\u00e7amba para escavadeira grande XCMG XE3000\" \/><\/p>\n<h2>Veda\u00e7\u00e3o e Lubrifica\u00e7\u00e3o<\/h2>\n<p>Bucket cylinders feature various sealing components like piston seals and rod seals that prevent hydraulic fluid leakage. The cylinder&#8217;s surface is finely processed to improve its wear resistance, and it requires regular lubrication to maintain its smooth operation. <\/p>\n<h2>Manuten\u00e7\u00e3o e Reparo<\/h2>\n<p>A seguir, s\u00e3o apresentadas as tarefas de manuten\u00e7\u00e3o e reparo para cilindros de ca\u00e7amba:<\/p>\n<ul>\n<li>Inspe\u00e7\u00e3o regular<\/li>\n<li>Lubrifica\u00e7\u00e3o adequada<\/li>\n<li>Substitui\u00e7\u00e3o do selo<\/li>\n<li>Verifica\u00e7\u00e3o de calibra\u00e7\u00e3o<\/li>\n<\/ul>\n<p>Proper installation, lubrication, and adjustment are crucial for ensuring the bucket cylinder&#8217;s longevity. During installation, the cylinder must be correctly aligned, and adequate support should be provided to prevent damage. Regular inspection, repair, and replacement of components are necessary to ensure the bucket cylinder&#8217;s long-lasting performance.<\/p>\n<p><img decoding=\"async\" src=\"https:\/\/www.hydraulic-cylinders.net\/wp-content\/uploads\/2025\/01\/songte-chushion-collar.webp\" alt=\"Cilindro da ca\u00e7amba para escavadeira grande XCMG XE3000\" \/><\/p>\n<h2>Considera\u00e7\u00f5es de seguran\u00e7a e fatores ambientais<\/h2>\n<p>Bucket cylinders should be operated following safety guidelines to prevent accidents and injuries. Environmental factors like temperature and humidity can affect the cylinder&#8217;s performance and must be considered during operation.<\/p>\n<h2>Problemas comuns e resolu\u00e7\u00e3o de problemas<\/h2>\n<p>A seguir, apresentamos os problemas comuns e as solu\u00e7\u00f5es para os cilindros de ca\u00e7amba:<\/p>\n<ul>\n<li>Vazamento<\/li>\n<li>For\u00e7a insuficiente<\/li>\n<li>Desempenho ruim<\/li>\n<\/ul>\n<p>Inspe\u00e7\u00f5es e manuten\u00e7\u00f5es regulares podem minimizar a ocorr\u00eancia desses problemas. Caso algum problema surja, ele deve ser resolvido imediatamente para evitar danos ao cilindro.<\/p>\n<h2>Sobre n\u00f3s<\/h2>\n<p>We are a hydraulic cylinder manufacturer that specializes in replacing hydraulic cylinders. We offer a complete range of products and have become one of the leading manufacturers and wholesalers of hydraulic cylinders in the domestic and international markets. We follow excellent quality and rely on the industrial production management strategy of the fine manufacturing workshop. Our company has continuously improved the manufacturing platform of the workshop from the use of technology talents, digital high-end manufacturing equipment, and professional testing systems to improve the production quality route of product quality. We have strong creative ability and adhere to the principles of high efficiency, high accuracy, and high quality to meet customers&#8217; diverse requirements.<\/p>\n<p>Oferecemos servi\u00e7os personalizados e nossos produtos possuem certifica\u00e7\u00e3o internacional. Nossa empresa utiliza equipamentos de ponta na produ\u00e7\u00e3o e oferecemos um excelente servi\u00e7o p\u00f3s-venda.<\/p>\n<p><img decoding=\"async\" src=\"https:\/\/www.hydraulic-cylinders.net\/wp-content\/uploads\/2025\/01\/songte-company-3.webp\" alt=\"Cilindro da ca\u00e7amba para escavadeira grande XCMG XE3000\" \/><\/p>\n<p>Autor: lyl<\/p>","protected":false},"excerpt":{"rendered":"<p>Bucket Cylinder For XCMG Large Excavator XE3000 Introduction Definition A bucket cylinder is specially designed hydraulic cylinder used to control the movement of the bucket in heavy machinery such as excavators, backhoe loaders, and front loaders. Its main function is to enable the bucket to lift, lower, and tilt, making it easier to handle various [&hellip;]<\/p>","protected":false},"featured_media":14769,"comment_status":"open","ping_status":"closed","template":"","meta":{"_et_pb_use_builder":"","_et_pb_old_content":"","_et_gb_content_width":""},"product_brand":[],"product_cat":[1494],"product_tag":[1495,1496],"class_list":{"0":"post-15488","1":"product","2":"type-product","3":"status-publish","4":"has-post-thumbnail","6":"product_cat-bucket-cylinders","7":"product_tag-bucket-cylinders","8":"product_tag-hydraulic-cylinders","10":"first","11":"instock","12":"shipping-taxable","13":"product-type-simple"},"amp_enabled":true,"_links":{"self":[{"href":"https:\/\/www.hydraulic-cylinders.net\/pt\/wp-json\/wp\/v2\/product\/15488","targetHints":{"allow":["GET"]}}],"collection":[{"href":"https:\/\/www.hydraulic-cylinders.net\/pt\/wp-json\/wp\/v2\/product"}],"about":[{"href":"https:\/\/www.hydraulic-cylinders.net\/pt\/wp-json\/wp\/v2\/types\/product"}],"replies":[{"embeddable":true,"href":"https:\/\/www.hydraulic-cylinders.net\/pt\/wp-json\/wp\/v2\/comments?post=15488"}],"wp:featuredmedia":[{"embeddable":true,"href":"https:\/\/www.hydraulic-cylinders.net\/pt\/wp-json\/wp\/v2\/media\/14769"}],"wp:attachment":[{"href":"https:\/\/www.hydraulic-cylinders.net\/pt\/wp-json\/wp\/v2\/media?parent=15488"}],"wp:term":[{"taxonomy":"product_brand","embeddable":true,"href":"https:\/\/www.hydraulic-cylinders.net\/pt\/wp-json\/wp\/v2\/product_brand?post=15488"},{"taxonomy":"product_cat","embeddable":true,"href":"https:\/\/www.hydraulic-cylinders.net\/pt\/wp-json\/wp\/v2\/product_cat?post=15488"},{"taxonomy":"product_tag","embeddable":true,"href":"https:\/\/www.hydraulic-cylinders.net\/pt\/wp-json\/wp\/v2\/product_tag?post=15488"}],"curies":[{"name":"wp","href":"https:\/\/api.w.org\/{rel}","templated":true}]}}