{"id":15491,"date":"2025-01-19T14:35:51","date_gmt":"2025-01-19T14:35:51","guid":{"rendered":"https:\/\/www.hydraulic-cylinders.net\/product\/bucket-cylinder-for-xcmg-wheel-excavator-et110\/"},"modified":"2025-01-19T14:35:53","modified_gmt":"2025-01-19T14:35:53","slug":"bucket-cylinder-for-xcmg-wheel-excavator-et110","status":"publish","type":"product","link":"https:\/\/www.hydraulic-cylinders.net\/pt\/produto\/bucket-cylinder-for-xcmg-wheel-excavator-et110\/","title":{"rendered":"Cilindro da ca\u00e7amba para escavadeira de rodas XCMG ET110"},"content":{"rendered":"<h1>Cilindro da ca\u00e7amba para escavadeira de rodas XCMG ET110<\/h1>\n<h2>Introdu\u00e7\u00e3o<\/h2>\n<p>O cilindro da ca\u00e7amba \u00e9 um cilindro hidr\u00e1ulico especialmente projetado para controlar o movimento da ca\u00e7amba em m\u00e1quinas pesadas, como escavadeiras, retroescavadeiras e p\u00e1s carregadeiras. Sua principal fun\u00e7\u00e3o \u00e9 permitir que a ca\u00e7amba suba, des\u00e7a e incline, facilitando o manuseio de diversos materiais em tarefas de transporte. Em um sistema hidr\u00e1ulico, o cilindro da ca\u00e7amba proporciona um controle preciso da ca\u00e7amba por meio de altera\u00e7\u00f5es na press\u00e3o do \u00f3leo hidr\u00e1ulico, permitindo que os operadores manuseiem cargas pesadas com efici\u00eancia e se adaptem a ambientes de trabalho complexos e diversas exig\u00eancias da tarefa.<\/p>\n<p><img decoding=\"async\" src=\"https:\/\/www.hydraulic-cylinders.net\/wp-content\/uploads\/2025\/01\/songte-company-2.webp\" alt=\"Cilindro de ca\u00e7amba\"><\/p>\n<h2>Caracter\u00edsticas<\/h2>\n<ul>\n<li>Alta resist\u00eancia e durabilidade: Normalmente fabricado em a\u00e7o ou alum\u00ednio de alta resist\u00eancia, suporta alta press\u00e3o e cargas pesadas, adaptando-se a ambientes de trabalho severos. O design leva em considera\u00e7\u00e3o a resist\u00eancia ao desgaste e \u00e0 corros\u00e3o, prolongando sua vida \u00fatil.<\/li>\n<li>Opera\u00e7\u00e3o hidr\u00e1ulica eficiente: Utilizando a press\u00e3o do \u00f3leo hidr\u00e1ulico para obter uma expans\u00e3o e contra\u00e7\u00e3o suaves, o sistema responde rapidamente aos comandos de controle, fornecendo for\u00e7as de tra\u00e7\u00e3o e empuxo potentes, sendo adequado para o manuseio de cargas pesadas e tarefas complexas.<\/li>\n<li>Diversos tipos: Cilindros de a\u00e7\u00e3o simples (hidr\u00e1ulicos utilizados em apenas uma dire\u00e7\u00e3o) ou de a\u00e7\u00e3o dupla (hidr\u00e1ulicos utilizados em ambas as dire\u00e7\u00f5es) podem ser selecionados de acordo com as necessidades operacionais. Alguns modelos s\u00e3o telesc\u00f3picos, permitindo maior expans\u00e3o sem aumentar as dimens\u00f5es externas, sendo adequados para aplica\u00e7\u00f5es com espa\u00e7o limitado.<\/li>\n<li>Substitui\u00e7\u00e3o perfeita: Nosso produto pode substituir perfeitamente esses cilindros hidr\u00e1ulicos.<\/li>\n<li>Design personalizado: Oferecemos solu\u00e7\u00f5es personalizadas de acordo com as necessidades e especifica\u00e7\u00f5es do cliente, incluindo tamanho, curso, classifica\u00e7\u00e3o de press\u00e3o, tipo de montagem e muito mais.<\/li>\n<\/ul>\n<p><img decoding=\"async\" src=\"https:\/\/www.hydraulic-cylinders.net\/wp-content\/uploads\/2025\/01\/songte-cylinder-head-with-all-kinds-excavator-models.webp\" alt=\"Cabe\u00e7a do cilindro\"><\/p>\n<h2>Aplicativo<\/h2>\n<p>O cilindro de ca\u00e7amba \u00e9 amplamente utilizado em diversas m\u00e1quinas pesadas, incluindo:<\/p>\n<h3>Equipamentos de constru\u00e7\u00e3o<\/h3>\n<p>Em escavadeiras, s\u00e3o essenciais para escavar, carregar e movimentar terra ou entulho. Em retroescavadeiras, o cilindro da ca\u00e7amba auxilia na escava\u00e7\u00e3o e no levantamento de materiais. <\/p>\n<h3>Maquinaria agr\u00edcola<\/h3>\n<p>Utilizados em p\u00e1s carregadeiras para escavar, levantar e transportar terra, feno e outros materiais. Em escavadeiras, os cilindros da ca\u00e7amba permitem a escava\u00e7\u00e3o, possibilitando que a ca\u00e7amba penetre no solo. Em p\u00e1s carregadeiras, eles auxiliam no levantamento e despejo eficiente da carga.<\/p>\n<p><img decoding=\"async\" src=\"https:\/\/www.hydraulic-cylinders.net\/wp-content\/uploads\/2025\/01\/songte-bushings-with-all-kinds-of-excavator-models.webp\" alt=\"Buchas\"><\/p>\n<h2>Considera\u00e7\u00f5es de design e crit\u00e9rios de sele\u00e7\u00e3o<\/h2>\n<p>Ao projetar e selecionar cilindros de ca\u00e7amba, v\u00e1rios fatores precisam ser considerados, incluindo:<\/p>\n<h3>Capacidade de carga<\/h3>\n<p>O cilindro deve ser capaz de suportar a carga m\u00e1xima \u00e0 qual \u00e9 submetido sem falhar.<\/p>\n<h3>Selagem<\/h3>\n<p>Diversos tipos de veda\u00e7\u00f5es, como veda\u00e7\u00f5es de pist\u00e3o e veda\u00e7\u00f5es de haste, s\u00e3o utilizados para evitar vazamentos e contamina\u00e7\u00e3o do fluido hidr\u00e1ulico. Materiais de veda\u00e7\u00e3o como poliuretano e borracha nitr\u00edlica s\u00e3o escolhidos por sua resist\u00eancia ao desgaste e durabilidade.<\/p>\n<h3>Durabilidade<\/h3>\n<p>O material do cilindro deve ser selecionado pela sua capacidade de resistir a impactos, desgaste e corros\u00e3o.<\/p>\n<h3>Seguran\u00e7a<\/h3>\n<p>O projeto deve levar em considera\u00e7\u00e3o aspectos de seguran\u00e7a, incluindo a possibilidade de falha do cilindro e as consequ\u00eancias dessa falha.<\/p>\n<h3>Manuten\u00e7\u00e3o<\/h3>\n<p>O projeto deve ser de f\u00e1cil manuten\u00e7\u00e3o, com pe\u00e7as de f\u00e1cil acesso e substitui\u00e7\u00e3o.<\/p>\n<p><img decoding=\"async\" src=\"https:\/\/www.hydraulic-cylinders.net\/wp-content\/uploads\/2025\/01\/songte-oil-pipes-and-spare-parts.webp\" alt=\"Tubos de \u00f3leo e pe\u00e7as de reposi\u00e7\u00e3o\"><\/p>\n<h2>Veda\u00e7\u00e3o e Lubrifica\u00e7\u00e3o<\/h2>\n<p>O cilindro da ca\u00e7amba utiliza diversas veda\u00e7\u00f5es para evitar vazamentos de fluido hidr\u00e1ulico e minimizar a contamina\u00e7\u00e3o. As veda\u00e7\u00f5es do pist\u00e3o e da haste s\u00e3o geralmente feitas de materiais resistentes ao desgaste, como poliuretano e borracha nitr\u00edlica. O corpo do cilindro e a superf\u00edcie da extremidade da rosca s\u00e3o usinados com precis\u00e3o para melhorar a resist\u00eancia ao desgaste. A lubrifica\u00e7\u00e3o regular com \u00f3leo hidr\u00e1ulico apropriado \u00e9 necess\u00e1ria para garantir o bom funcionamento e prolongar a vida \u00fatil.<\/p>\n<h2>Inspe\u00e7\u00e3o e Manuten\u00e7\u00e3o Preventiva<\/h2>\n<p>Inspe\u00e7\u00f5es regulares e manuten\u00e7\u00e3o preventiva podem ajudar a identificar e solucionar problemas potenciais antes que causem danos ou falhas. Tr\u00eas tarefas comuns de manuten\u00e7\u00e3o incluem:<\/p>\n<ul>\n<li>Exames de rotina<\/li>\n<li>Lubrifica\u00e7\u00e3o adequada<\/li>\n<li>Substitui\u00e7\u00e3o da veda\u00e7\u00e3o e verifica\u00e7\u00e3o da calibra\u00e7\u00e3o<\/li>\n<\/ul>\n<p>A instala\u00e7\u00e3o correta \u00e9 fundamental para a longevidade do cilindro da ca\u00e7amba. Recomenda-se o alinhamento correto do cilindro durante a instala\u00e7\u00e3o e o uso de suportes de instala\u00e7\u00e3o adequados para fix\u00e1-lo no lugar. \u00c9 fornecido um procedimento sugerido de inspe\u00e7\u00e3o, reparo e substitui\u00e7\u00e3o, que inclui a substitui\u00e7\u00e3o de pe\u00e7as e servi\u00e7os de recondicionamento para aumentar a vida \u00fatil do cilindro.<\/p>\n<p><img decoding=\"async\" src=\"https:\/\/www.hydraulic-cylinders.net\/wp-content\/uploads\/2025\/01\/songte-chushion-collar.webp\" alt=\"Gola Chushion\"><\/p>\n<h2>Considera\u00e7\u00f5es de seguran\u00e7a e fatores ambientais<\/h2>\n<p>Ao utilizar o cilindro hidr\u00e1ulico da ca\u00e7amba, medidas de seguran\u00e7a devem ser tomadas para evitar acidentes. Essas medidas incluem o uso de equipamentos de seguran\u00e7a adequados, o cumprimento dos procedimentos operacionais corretos e a realiza\u00e7\u00e3o de inspe\u00e7\u00f5es regulares para manter o equipamento em boas condi\u00e7\u00f5es. Fatores ambientais, como temperatura e umidade, tamb\u00e9m podem afetar o desempenho dos cilindros hidr\u00e1ulicos. Operar dentro da faixa de temperatura e n\u00edvel de umidade recomendados pode ajudar a garantir o desempenho ideal e evitar danos.<\/p>\n<h2>Solu\u00e7\u00e3o de problemas e problemas comuns<\/h2>\n<p>Problemas comuns que podem surgir com o cilindro da ca\u00e7amba incluem vazamentos, danos e opera\u00e7\u00e3o inadequada. Dicas e solu\u00e7\u00f5es para a resolu\u00e7\u00e3o de problemas s\u00e3o fornecidas para ajudar os leitores a diagnosticar e solucionar problemas de forma eficaz. Medidas preventivas tamb\u00e9m s\u00e3o recomendadas para minimizar poss\u00edveis problemas e garantir a manuten\u00e7\u00e3o adequada.<\/p>\n<p><img decoding=\"async\" src=\"https:\/\/hzpt.com\/wp-content\/uploads\/2024\/11\/songte-company-1.webp\" alt=\"Empresa\"><\/p>\n<h2>Sobre n\u00f3s<\/h2>\n<p>Somos fabricantes de cilindros hidr\u00e1ulicos de reposi\u00e7\u00e3o. Nossa linha de produtos \u00e9 completa, o que nos torna um dos principais fabricantes e distribuidores de cilindros hidr\u00e1ulicos nos mercados nacional e internacional. Aderimos aos princ\u00edpios da excel\u00eancia em qualidade e a uma estrat\u00e9gia de gest\u00e3o de produ\u00e7\u00e3o industrializada, baseada na utiliza\u00e7\u00e3o de talentos t\u00e9cnicos, equipamentos de fabrica\u00e7\u00e3o digital de ponta e sistemas de teste profissionais. Aprimoramos continuamente nossa plataforma de produ\u00e7\u00e3o, otimizamos o processo produtivo e possu\u00edmos forte capacidade criativa para atender \u00e0s diversas necessidades dos clientes com alta efici\u00eancia, precis\u00e3o e qualidade. <\/p>\n<p>Oferecemos servi\u00e7os personalizados, certifica\u00e7\u00e3o internacional e servi\u00e7os especializados de p\u00f3s-venda. Nossos equipamentos de produ\u00e7\u00e3o s\u00e3o de \u00faltima gera\u00e7\u00e3o e fornecemos uma gama completa de servi\u00e7os de manuten\u00e7\u00e3o e reparo. <\/p>\n<p><img decoding=\"async\" src=\"https:\/\/www.hydraulic-cylinders.net\/wp-content\/uploads\/2025\/01\/songte-company-3.webp\" alt=\"Empresa\"><\/p>\n<p><em>Autor: lyl<\/em><\/p>","protected":false},"excerpt":{"rendered":"<p>Bucket Cylinder For XCMG Wheel Excavator ET110 Introduction A bucket cylinder is a hydraulic cylinder specially designed to control the movement of the bucket in heavy machinery such as excavators, backhoes, and front-end loaders. Its main function is to allow the bucket to lift, lower, and tilt, making it easier to handle a variety of [&hellip;]<\/p>","protected":false},"featured_media":14761,"comment_status":"open","ping_status":"closed","template":"","meta":{"_et_pb_use_builder":"","_et_pb_old_content":"","_et_gb_content_width":""},"product_brand":[],"product_cat":[1494],"product_tag":[1495,1496],"class_list":{"0":"post-15491","1":"product","2":"type-product","3":"status-publish","4":"has-post-thumbnail","6":"product_cat-bucket-cylinders","7":"product_tag-bucket-cylinders","8":"product_tag-hydraulic-cylinders","10":"first","11":"instock","12":"shipping-taxable","13":"product-type-simple"},"amp_enabled":true,"_links":{"self":[{"href":"https:\/\/www.hydraulic-cylinders.net\/pt\/wp-json\/wp\/v2\/product\/15491","targetHints":{"allow":["GET"]}}],"collection":[{"href":"https:\/\/www.hydraulic-cylinders.net\/pt\/wp-json\/wp\/v2\/product"}],"about":[{"href":"https:\/\/www.hydraulic-cylinders.net\/pt\/wp-json\/wp\/v2\/types\/product"}],"replies":[{"embeddable":true,"href":"https:\/\/www.hydraulic-cylinders.net\/pt\/wp-json\/wp\/v2\/comments?post=15491"}],"wp:featuredmedia":[{"embeddable":true,"href":"https:\/\/www.hydraulic-cylinders.net\/pt\/wp-json\/wp\/v2\/media\/14761"}],"wp:attachment":[{"href":"https:\/\/www.hydraulic-cylinders.net\/pt\/wp-json\/wp\/v2\/media?parent=15491"}],"wp:term":[{"taxonomy":"product_brand","embeddable":true,"href":"https:\/\/www.hydraulic-cylinders.net\/pt\/wp-json\/wp\/v2\/product_brand?post=15491"},{"taxonomy":"product_cat","embeddable":true,"href":"https:\/\/www.hydraulic-cylinders.net\/pt\/wp-json\/wp\/v2\/product_cat?post=15491"},{"taxonomy":"product_tag","embeddable":true,"href":"https:\/\/www.hydraulic-cylinders.net\/pt\/wp-json\/wp\/v2\/product_tag?post=15491"}],"curies":[{"name":"wp","href":"https:\/\/api.w.org\/{rel}","templated":true}]}}