{"id":15493,"date":"2025-01-19T14:35:58","date_gmt":"2025-01-19T14:35:58","guid":{"rendered":"https:\/\/www.hydraulic-cylinders.net\/product\/bucket-cylinder-for-zoomlion-small-excavator-ze85e\/"},"modified":"2025-01-19T14:36:00","modified_gmt":"2025-01-19T14:36:00","slug":"bucket-cylinder-for-zoomlion-small-excavator-ze85e","status":"publish","type":"product","link":"https:\/\/www.hydraulic-cylinders.net\/pt\/produto\/bucket-cylinder-for-zoomlion-small-excavator-ze85e\/","title":{"rendered":"Cilindro de ca\u00e7amba para escavadeira pequena Zoomlion ZE85E"},"content":{"rendered":"<h1>Cilindro de ca\u00e7amba para escavadeira pequena Zoomlion ZE85E<\/h1>\n<h2>Introdu\u00e7\u00e3o<\/h2>\n<p>O cilindro da ca\u00e7amba \u00e9 um cilindro hidr\u00e1ulico especialmente projetado para controlar o movimento da ca\u00e7amba em m\u00e1quinas pesadas, como escavadeiras, retroescavadeiras e p\u00e1s carregadeiras. Sua principal fun\u00e7\u00e3o \u00e9 levantar, abaixar e inclinar a ca\u00e7amba, facilitando a execu\u00e7\u00e3o de diversas tarefas de movimenta\u00e7\u00e3o de materiais. No sistema hidr\u00e1ulico, o cilindro da ca\u00e7amba permite o controle preciso do movimento da ca\u00e7amba atrav\u00e9s da varia\u00e7\u00e3o da press\u00e3o do \u00f3leo hidr\u00e1ulico, possibilitando que os operadores manuseiem cargas pesadas com efici\u00eancia e se adaptem a ambientes de trabalho complexos e diversas necessidades operacionais.<\/p>\n<p><img decoding=\"async\" src=\"https:\/\/www.hydraulic-cylinders.net\/wp-content\/uploads\/2025\/01\/songte-company-2.webp\"><\/p>\n<h2>Caracter\u00edsticas<\/h2>\n<ul>\n<li>Alta resist\u00eancia e durabilidade: Geralmente fabricado em a\u00e7o ou alum\u00ednio de alta resist\u00eancia, capaz de suportar alta press\u00e3o e cargas pesadas, e projetado com foco na resist\u00eancia ao desgaste e \u00e0 corros\u00e3o para prolongar a vida \u00fatil.<\/li>\n<li>Opera\u00e7\u00e3o hidr\u00e1ulica eficiente: Permite movimentos suaves de extens\u00e3o e contra\u00e7\u00e3o utilizando a press\u00e3o do \u00f3leo hidr\u00e1ulico, responde rapidamente aos comandos de controle, fornece uma for\u00e7a de tra\u00e7\u00e3o e compress\u00e3o potente e \u00e9 adequado para o manuseio de cargas pesadas e tarefas complexas.<\/li>\n<li>Diversos tipos: Cilindros de a\u00e7\u00e3o simples (sistema hidr\u00e1ulico utilizado em apenas uma dire\u00e7\u00e3o) ou de a\u00e7\u00e3o dupla (sistema hidr\u00e1ulico utilizado em duas dire\u00e7\u00f5es) podem ser selecionados conforme a necessidade para atender a diferentes demandas operacionais. Alguns modelos s\u00e3o telesc\u00f3picos, permitindo maior extens\u00e3o sem aumentar as dimens\u00f5es externas, sendo adequados para aplica\u00e7\u00f5es com espa\u00e7o limitado.<\/li>\n<li>F\u00e1cil de substituir: Nossos produtos podem substituir perfeitamente esses cilindros hidr\u00e1ulicos.<\/li>\n<\/ul>\n<p><img decoding=\"async\" src=\"https:\/\/www.hydraulic-cylinders.net\/wp-content\/uploads\/2025\/01\/songte-cylinder-head-with-all-kinds-excavator-models.webp\"><\/p>\n<h2>Aplica\u00e7\u00f5es<\/h2>\n<p>Cilindros de ca\u00e7amba s\u00e3o comumente usados \u200b\u200bem diversas m\u00e1quinas de constru\u00e7\u00e3o e agr\u00edcolas, tais como:<\/p>\n<ul>\n<li>Escavadeiras: Permitem a escava\u00e7\u00e3o, possibilitando que a ca\u00e7amba penetre no solo.<\/li>\n<li>Carregadores: Auxiliam no levantamento e inclina\u00e7\u00e3o da carga com efici\u00eancia.<\/li>\n<li>Retroescavadeiras: O cilindro da ca\u00e7amba auxilia na escava\u00e7\u00e3o e no levantamento.<\/li>\n<li>M\u00e1quinas agr\u00edcolas: Utilizadas em p\u00e1s carregadeiras frontais para escavar, levantar e transportar terra, feno e outros materiais.<\/li>\n<\/ul>\n<h2>Considera\u00e7\u00f5es de design<\/h2>\n<p>As seguintes considera\u00e7\u00f5es de projeto s\u00e3o importantes para cilindros de ca\u00e7amba:<\/p>\n<h3>Capacidade de suporte<\/h3>\n<p>O cilindro deve ser capaz de suportar o peso e a carga da ca\u00e7amba e dos materiais que ela transporta.<\/p>\n<h3>Selagem<\/h3>\n<p>O cilindro deve ser projetado com veda\u00e7\u00f5es de alta qualidade para evitar vazamentos de fluido hidr\u00e1ulico e reduzir os custos de manuten\u00e7\u00e3o.<\/p>\n<h3>Durabilidade<\/h3>\n<p>O cilindro deve ser projetado para suportar o desgaste causado pelo uso intenso e pela opera\u00e7\u00e3o em ambientes agressivos.<\/p>\n<h3>Seguran\u00e7a<\/h3>\n<p>O cilindro deve ser projetado com recursos de seguran\u00e7a para evitar acidentes e proteger aqueles que trabalham ao seu redor.<\/p>\n<h3>Manuten\u00e7\u00e3o<\/h3>\n<p>O cilindro deve ser projetado para facilitar a manuten\u00e7\u00e3o e o reparo, garantindo uma longa vida \u00fatil.<\/p>\n<p><img decoding=\"async\" src=\"https:\/\/www.hydraulic-cylinders.net\/wp-content\/uploads\/2025\/01\/songte-oil-pipes-and-spare-parts.webp\"><\/p>\n<h2>Veda\u00e7\u00e3o e Lubrifica\u00e7\u00e3o<\/h2>\n<p>Os cilindros de ca\u00e7amba utilizam diversos componentes de veda\u00e7\u00e3o, como veda\u00e7\u00f5es de pist\u00e3o, veda\u00e7\u00f5es de haste, etc., fabricados com materiais resistentes ao desgaste, como poliuretano, borracha nitr\u00edlica, etc. O corpo do cilindro e as superf\u00edcies das extremidades da rosca s\u00e3o finamente usinados para melhorar a resist\u00eancia ao desgaste. A adi\u00e7\u00e3o regular da quantidade adequada de \u00f3leo hidr\u00e1ulico \u00e9 necess\u00e1ria para uma lubrifica\u00e7\u00e3o adequada.<\/p>\n<h2>Manuten\u00e7\u00e3o e Reparo<\/h2>\n<p>As seguintes tarefas de manuten\u00e7\u00e3o s\u00e3o essenciais para o uso a longo prazo dos cilindros de ca\u00e7amba:<\/p>\n<h3>Inspe\u00e7\u00e3o regular<\/h3>\n<p>A inspe\u00e7\u00e3o regular do cilindro e de seus componentes \u00e9 necess\u00e1ria para garantir seu funcionamento correto e identificar quaisquer problemas potenciais.<\/p>\n<h3>Lubrifica\u00e7\u00e3o<\/h3>\n<p>A lubrifica\u00e7\u00e3o adequada do cilindro e de seus componentes pode ajudar a reduzir o desgaste e prolongar a vida \u00fatil.<\/p>\n<h3>Substitui\u00e7\u00e3o de veda\u00e7\u00f5es<\/h3>\n<p>A substitui\u00e7\u00e3o de veda\u00e7\u00f5es desgastadas \u00e9 necess\u00e1ria para evitar vazamentos de fluido hidr\u00e1ulico e reduzir os custos de manuten\u00e7\u00e3o.<\/p>\n<p>A instala\u00e7\u00e3o correta \u00e9 essencial para o funcionamento e a seguran\u00e7a dos cilindros de ca\u00e7amba. O alinhamento correto do cilindro \u00e9 crucial para sua opera\u00e7\u00e3o adequada. Recomenda-se o uso de suportes de instala\u00e7\u00e3o apropriados para fixar o cilindro. Inspe\u00e7\u00f5es, reparos e substitui\u00e7\u00f5es regulares de pe\u00e7as s\u00e3o recomendados para prolongar a vida \u00fatil do equipamento.<\/p>\n<p><img decoding=\"async\" src=\"https:\/\/www.hydraulic-cylinders.net\/wp-content\/uploads\/2025\/01\/songte-chushion-collar.webp\"><\/p>\n<h2>Seguran\u00e7a e Meio Ambiente<\/h2>\n<p>Os cilindros de ca\u00e7amba exigem medidas de seguran\u00e7a adequadas para evitar acidentes durante a opera\u00e7\u00e3o. A import\u00e2ncia de seguir as medidas de seguran\u00e7a n\u00e3o pode ser subestimada. O descarte correto do \u00f3leo hidr\u00e1ulico usado \u00e9 necess\u00e1rio para proteger o meio ambiente.<\/p>\n<h2>Diagn\u00f3stico e solu\u00e7\u00e3o de problemas<\/h2>\n<p>Problemas comuns em cilindros de ca\u00e7amba incluem vazamentos, opera\u00e7\u00e3o inadequada e danos \u00e0s veda\u00e7\u00f5es. Inspe\u00e7\u00f5es regulares, manuten\u00e7\u00e3o e lubrifica\u00e7\u00e3o adequada podem ajudar a prevenir esses problemas. Caso surjam problemas, recomenda-se consultar um especialista para diagn\u00f3stico e reparo.<\/p>\n<p><img decoding=\"async\" src=\"https:\/\/www.hydraulic-cylinders.net\/wp-content\/uploads\/2025\/01\/songte-bushings-with-all-kinds-of-excavator-models.webp\"><\/p>\n<h2>Sobre n\u00f3s<\/h2>\n<p>Somos um dos principais fabricantes e distribuidores de cilindros hidr\u00e1ulicos nos mercados nacional e internacional. Oferecemos uma ampla gama de produtos e seguimos uma estrat\u00e9gia de gest\u00e3o de produ\u00e7\u00e3o que se baseia em excelente qualidade, profissionais t\u00e9cnicos qualificados, equipamentos de fabrica\u00e7\u00e3o digital de ponta e sistemas de teste profissionais. Nossos produtos s\u00e3o fabricados em uma plataforma de produ\u00e7\u00e3o sofisticada, com foco em alta efici\u00eancia, alta precis\u00e3o e alta qualidade para atender \u00e0s diversas necessidades de nossos clientes.<\/p>\n<p>Nossa empresa oferece servi\u00e7os profissionais que incluem certifica\u00e7\u00e3o internacional, personaliza\u00e7\u00e3o, equipamentos de produ\u00e7\u00e3o e servi\u00e7o p\u00f3s-venda.<\/p>\n<p><img decoding=\"async\" src=\"https:\/\/hzpt.com\/wp-content\/uploads\/2024\/11\/songte-company-1.webp\"><\/p>\n<p>Autor: lyl<\/p>","protected":false},"excerpt":{"rendered":"<p>Bucket Cylinder For Zoomlion Small Excavator ZE85E Introduction A bucket cylinder is a specially designed hydraulic cylinder used to control the movement of buckets in heavy machinery such as excavators, backhoes, and front-end loaders. Its main function is to lift, lower, and tilt the bucket, making it easy to handle various material handling tasks. In [&hellip;]<\/p>","protected":false},"featured_media":14788,"comment_status":"open","ping_status":"closed","template":"","meta":{"_et_pb_use_builder":"","_et_pb_old_content":"","_et_gb_content_width":""},"product_brand":[],"product_cat":[1494],"product_tag":[1495,1496],"class_list":{"0":"post-15493","1":"product","2":"type-product","3":"status-publish","4":"has-post-thumbnail","6":"product_cat-bucket-cylinders","7":"product_tag-bucket-cylinders","8":"product_tag-hydraulic-cylinders","10":"first","11":"instock","12":"shipping-taxable","13":"product-type-simple"},"amp_enabled":true,"_links":{"self":[{"href":"https:\/\/www.hydraulic-cylinders.net\/pt\/wp-json\/wp\/v2\/product\/15493","targetHints":{"allow":["GET"]}}],"collection":[{"href":"https:\/\/www.hydraulic-cylinders.net\/pt\/wp-json\/wp\/v2\/product"}],"about":[{"href":"https:\/\/www.hydraulic-cylinders.net\/pt\/wp-json\/wp\/v2\/types\/product"}],"replies":[{"embeddable":true,"href":"https:\/\/www.hydraulic-cylinders.net\/pt\/wp-json\/wp\/v2\/comments?post=15493"}],"wp:featuredmedia":[{"embeddable":true,"href":"https:\/\/www.hydraulic-cylinders.net\/pt\/wp-json\/wp\/v2\/media\/14788"}],"wp:attachment":[{"href":"https:\/\/www.hydraulic-cylinders.net\/pt\/wp-json\/wp\/v2\/media?parent=15493"}],"wp:term":[{"taxonomy":"product_brand","embeddable":true,"href":"https:\/\/www.hydraulic-cylinders.net\/pt\/wp-json\/wp\/v2\/product_brand?post=15493"},{"taxonomy":"product_cat","embeddable":true,"href":"https:\/\/www.hydraulic-cylinders.net\/pt\/wp-json\/wp\/v2\/product_cat?post=15493"},{"taxonomy":"product_tag","embeddable":true,"href":"https:\/\/www.hydraulic-cylinders.net\/pt\/wp-json\/wp\/v2\/product_tag?post=15493"}],"curies":[{"name":"wp","href":"https:\/\/api.w.org\/{rel}","templated":true}]}}