{"id":15498,"date":"2025-01-19T14:36:19","date_gmt":"2025-01-19T14:36:19","guid":{"rendered":"https:\/\/www.hydraulic-cylinders.net\/product\/bucket-cylinder-for-zoomlion-middle-excavator-ze220elc\/"},"modified":"2025-01-19T14:36:21","modified_gmt":"2025-01-19T14:36:21","slug":"bucket-cylinder-for-zoomlion-middle-excavator-ze220elc","status":"publish","type":"product","link":"https:\/\/www.hydraulic-cylinders.net\/pt\/produto\/bucket-cylinder-for-zoomlion-middle-excavator-ze220elc\/","title":{"rendered":"Cilindro da ca\u00e7amba para escavadeira m\u00e9dia Zoomlion ZE220ELC"},"content":{"rendered":"<h1> Cilindro da ca\u00e7amba para escavadeira m\u00e9dia Zoomlion ZE220ELC <\/h1>\n<h2> Introdu\u00e7\u00e3o <\/h2>\n<h3> Definindo o Cilindro do Balde <\/h3>\n<p> O cilindro da ca\u00e7amba \u00e9 um cilindro hidr\u00e1ulico especializado, usado principalmente para controlar o movimento da ca\u00e7amba em m\u00e1quinas pesadas, como escavadeiras, retroescavadeiras e p\u00e1s carregadeiras. Sua principal fun\u00e7\u00e3o \u00e9 permitir que a ca\u00e7amba suba, des\u00e7a e incline, facilitando o manuseio de diversos materiais. No sistema hidr\u00e1ulico, o cilindro da ca\u00e7amba controla com precis\u00e3o o movimento da ca\u00e7amba atrav\u00e9s da varia\u00e7\u00e3o da press\u00e3o do \u00f3leo hidr\u00e1ulico, permitindo que o operador manuseie cargas pesadas com efici\u00eancia e se adapte a ambientes de trabalho complexos e a diferentes requisitos de tarefas. <\/p>\n<p><img decoding=\"async\" src=\"https:\/\/www.hydraulic-cylinders.net\/wp-content\/uploads\/2025\/01\/songte-company-2.webp\" alt=\"Imagem do cilindro da ca\u00e7amba\"><\/p>\n<h3> Caracter\u00edsticas do cilindro da ca\u00e7amba <\/h3>\n<ul>\n<li> Alta resist\u00eancia e durabilidade: Normalmente fabricado em a\u00e7o ou alum\u00ednio de alta resist\u00eancia, suporta alta press\u00e3o e cargas pesadas, adapta-se a ambientes de trabalho severos e \u00e9 projetado com resist\u00eancia ao desgaste e \u00e0 corros\u00e3o, prolongando sua vida \u00fatil.<\/li>\n<li> Opera\u00e7\u00e3o hidr\u00e1ulica eficiente: Utiliza a press\u00e3o do \u00f3leo hidr\u00e1ulico para obter uma a\u00e7\u00e3o telesc\u00f3pica suave, respondendo rapidamente aos comandos de controle e fornecendo for\u00e7as de empurrar e puxar potentes, sendo adequado para lidar com cargas pesadas e tarefas complexas.<\/li>\n<li> Diversos tipos: Cilindros de a\u00e7\u00e3o simples (hidr\u00e1ulica aplicada em apenas uma dire\u00e7\u00e3o) ou de a\u00e7\u00e3o dupla (hidr\u00e1ulica aplicada em duas dire\u00e7\u00f5es) podem ser selecionados de acordo com as necessidades operacionais. Alguns modelos s\u00e3o telesc\u00f3picos, permitindo maior extens\u00e3o sem aumentar as dimens\u00f5es externas, sendo ideais para aplica\u00e7\u00f5es com espa\u00e7o limitado.<\/li>\n<\/ul>\n<p> Nosso produto pode substituir perfeitamente esses cilindros hidr\u00e1ulicos. <\/p>\n<p><img decoding=\"async\" src=\"https:\/\/www.hydraulic-cylinders.net\/wp-content\/uploads\/2025\/01\/songte-cylinder-head-with-all-kinds-excavator-models.webp\" alt=\"Imagem do Cilindro Hidr\u00e1ulico\"><\/p>\n<h2> Aplica\u00e7\u00f5es do Cilindro de Ca\u00e7amba <\/h2>\n<p> Cilindros com ca\u00e7amba s\u00e3o amplamente utilizados em diversos setores industriais, incluindo: <\/p>\n<h3> Equipamentos de constru\u00e7\u00e3o <\/h3>\n<p> Os cilindros da ca\u00e7amba s\u00e3o essenciais para escavadeiras na escava\u00e7\u00e3o, carregamento e movimenta\u00e7\u00e3o de solo ou entulho. Em retroescavadeiras, o cilindro da ca\u00e7amba auxilia tanto na escava\u00e7\u00e3o quanto no levantamento. <\/p>\n<h3> Maquinaria agr\u00edcola <\/h3>\n<p> Usado em carregadeiras frontais para recolher, levantar e transportar solo, feno e outros materiais. <\/p>\n<h3> Escavadeiras <\/h3>\n<p> O cilindro da ca\u00e7amba realiza a a\u00e7\u00e3o de escava\u00e7\u00e3o permitindo que a ca\u00e7amba penetre no solo. <\/p>\n<h3> Carregadores <\/h3>\n<p> Em carregadeiras frontais, elas auxiliam no levantamento e inclina\u00e7\u00e3o da carga de forma eficaz. <\/p>\n<h2> Considera\u00e7\u00f5es e normas de projeto <\/h2>\n<h3> Capacidade de carga <\/h3>\n<p> A capacidade de carga do cilindro da ca\u00e7amba \u00e9 um aspecto crucial do projeto. Ele deve ser capaz de suportar o peso da carga e a for\u00e7a exercida durante a opera\u00e7\u00e3o. <\/p>\n<h3> Selagem <\/h3>\n<p> Uma veda\u00e7\u00e3o adequada \u00e9 essencial para evitar vazamentos de \u00f3leo e garantir o funcionamento eficiente do cilindro. Retentores de pist\u00e3o e de haste de alta qualidade s\u00e3o necess\u00e1rios para evitar a contamina\u00e7\u00e3o do fluido hidr\u00e1ulico e manter o desempenho do cilindro. <\/p>\n<h3> Durabilidade <\/h3>\n<p> O cilindro da ca\u00e7amba foi projetado para suportar ambientes de trabalho severos, incluindo exposi\u00e7\u00e3o a poeira, umidade e temperaturas extremas. Sua constru\u00e7\u00e3o deve resistir aos rigores do uso di\u00e1rio para garantir durabilidade e desempenho confi\u00e1vel. <\/p>\n<h3> Seguran\u00e7a <\/h3>\n<p> A seguran\u00e7a \u00e9 fundamental ao trabalhar com m\u00e1quinas pesadas. O cilindro da ca\u00e7amba deve ser projetado para evitar acidentes e minimizar os riscos para o operador. <\/p>\n<h3> Manuten\u00e7\u00e3o <\/h3>\n<p> A manuten\u00e7\u00e3o regular \u00e9 necess\u00e1ria para garantir que o cilindro da ca\u00e7amba continue a funcionar de forma otimizada. A lubrifica\u00e7\u00e3o adequada, a inspe\u00e7\u00e3o e a substitui\u00e7\u00e3o de pe\u00e7as desgastadas s\u00e3o essenciais para prolongar a vida \u00fatil do cilindro. <\/p>\n<p><img decoding=\"async\" src=\"https:\/\/www.hydraulic-cylinders.net\/wp-content\/uploads\/2025\/01\/songte-oil-pipes-and-spare-parts.webp\" alt=\"Imagem de pe\u00e7as sobressalentes para cilindro de ca\u00e7amba\"><\/p>\n<h2> Veda\u00e7\u00e3o e Lubrifica\u00e7\u00e3o <\/h2>\n<p> O cilindro da ca\u00e7amba utiliza diversas veda\u00e7\u00f5es para evitar vazamentos de \u00f3leo, incluindo veda\u00e7\u00f5es de pist\u00e3o e veda\u00e7\u00f5es de haste. Essas veda\u00e7\u00f5es s\u00e3o feitas de materiais resistentes ao desgaste, como poliuretano e borracha nitr\u00edlica. O corpo do cilindro e as superf\u00edcies roscadas das extremidades possuem um acabamento fino para melhorar a resist\u00eancia ao desgaste. Tamb\u00e9m \u00e9 necess\u00e1rio adicionar regularmente a quantidade adequada de \u00f3leo hidr\u00e1ulico para lubrifica\u00e7\u00e3o. <\/p>\n<h2> Medidas preventivas e de manuten\u00e7\u00e3o <\/h2>\n<p> Para garantir o desempenho e a vida \u00fatil ideais do cilindro da ca\u00e7amba, s\u00e3o necess\u00e1rias medidas preventivas e de manuten\u00e7\u00e3o. <\/p>\n<h3> Instala\u00e7\u00e3o <\/h3>\n<p> A instala\u00e7\u00e3o correta \u00e9 fundamental para o desempenho e a seguran\u00e7a do cilindro da ca\u00e7amba. Recomenda-se o uso de suportes de instala\u00e7\u00e3o adequados para fixar o cilindro e fornecer orienta\u00e7\u00e3o adequada durante a instala\u00e7\u00e3o. <\/p>\n<h3> Lubrifica\u00e7\u00e3o <\/h3>\n<p> A lubrifica\u00e7\u00e3o adequada \u00e9 essencial para garantir o bom funcionamento do cilindro. \u00c9 importante lubrific\u00e1-lo regularmente com o \u00f3leo hidr\u00e1ulico recomendado para evitar o desgaste das pe\u00e7as internas. <\/p>\n<h3> Substitui\u00e7\u00e3o de veda\u00e7\u00f5es <\/h3>\n<p> Os retentores do pist\u00e3o e da biela devem ser substitu\u00eddos regularmente para evitar vazamentos de \u00f3leo e garantir um funcionamento eficiente. <\/p>\n<p><img decoding=\"async\" src=\"https:\/\/www.hydraulic-cylinders.net\/wp-content\/uploads\/2025\/01\/songte-chushion-collar.webp\" alt=\"Imagem do colarinho de almofada do cilindro do balde\"><\/p>\n<h2> Considera\u00e7\u00f5es de seguran\u00e7a e fatores ambientais <\/h2>\n<p> A seguran\u00e7a \u00e9 fundamental ao trabalhar com m\u00e1quinas pesadas, incluindo cilindros de ca\u00e7amba. \u00c9 essencial seguir as normas de seguran\u00e7a para prevenir acidentes e minimizar os riscos para o operador e o meio ambiente. <\/p>\n<h2> Diagn\u00f3stico de falhas e solu\u00e7\u00e3o de problemas <\/h2>\n<p> O diagn\u00f3stico de falhas e a resolu\u00e7\u00e3o de problemas s\u00e3o necess\u00e1rios para identificar e solucionar problemas com o cilindro da ca\u00e7amba. Problemas comuns incluem vazamentos de \u00f3leo, desvio do cilindro e desempenho reduzido. \u00c9 essencial seguir os procedimentos corretos de diagn\u00f3stico e reparo para evitar maiores danos e garantir o desempenho ideal. <\/p>\n<h2> Sobre nossa empresa <\/h2>\n<p> Nossa empresa \u00e9 uma fabricante e distribuidora atacadista l\u00edder de cilindros hidr\u00e1ulicos nos mercados nacional e internacional. Seguimos os princ\u00edpios da excel\u00eancia em qualidade e nos baseamos na estrat\u00e9gia de gest\u00e3o de produ\u00e7\u00e3o industrializada de uma sofisticada oficina de fabrica\u00e7\u00e3o. Aprimoramos continuamente a plataforma de produ\u00e7\u00e3o da oficina, aperfei\u00e7oamos o processo de produ\u00e7\u00e3o para garantir a qualidade do produto e possu\u00edmos forte capacidade de cria\u00e7\u00e3o para atender \u00e0s diversas necessidades dos clientes. <\/p>\n<p> Oferecemos aos nossos clientes servi\u00e7os profissionais, com certifica\u00e7\u00e3o internacional e personalizados. Nossos equipamentos de fabrica\u00e7\u00e3o e servi\u00e7os p\u00f3s-venda s\u00e3o de \u00faltima gera\u00e7\u00e3o, garantindo que nossos produtos atendam aos mais altos padr\u00f5es de qualidade. <\/p>\n<p><img decoding=\"async\" src=\"https:\/\/hzpt.com\/wp-content\/uploads\/2024\/11\/songte-company-1.webp\" alt=\"Imagem da empresa\"><\/p>\n<p> Autor: lyl <\/p>","protected":false},"excerpt":{"rendered":"<p>Bucket Cylinder For Zoomlion Middle Excavator ZE220ELC Introduction Defining Bucket Cylinder A bucket cylinder is a specialized hydraulic cylinder that is mainly used to control the movement of the bucket in heavy-duty machinery such as excavators, backhoe excavators, and front-end loaders. Its primary function is to enable the bucket to lift, lower, and tilt, making [&hellip;]<\/p>","protected":false},"featured_media":14780,"comment_status":"open","ping_status":"closed","template":"","meta":{"_et_pb_use_builder":"","_et_pb_old_content":"","_et_gb_content_width":""},"product_brand":[],"product_cat":[1494],"product_tag":[1495,1496],"class_list":{"0":"post-15498","1":"product","2":"type-product","3":"status-publish","4":"has-post-thumbnail","6":"product_cat-bucket-cylinders","7":"product_tag-bucket-cylinders","8":"product_tag-hydraulic-cylinders","10":"first","11":"instock","12":"shipping-taxable","13":"product-type-simple"},"amp_enabled":true,"_links":{"self":[{"href":"https:\/\/www.hydraulic-cylinders.net\/pt\/wp-json\/wp\/v2\/product\/15498","targetHints":{"allow":["GET"]}}],"collection":[{"href":"https:\/\/www.hydraulic-cylinders.net\/pt\/wp-json\/wp\/v2\/product"}],"about":[{"href":"https:\/\/www.hydraulic-cylinders.net\/pt\/wp-json\/wp\/v2\/types\/product"}],"replies":[{"embeddable":true,"href":"https:\/\/www.hydraulic-cylinders.net\/pt\/wp-json\/wp\/v2\/comments?post=15498"}],"wp:featuredmedia":[{"embeddable":true,"href":"https:\/\/www.hydraulic-cylinders.net\/pt\/wp-json\/wp\/v2\/media\/14780"}],"wp:attachment":[{"href":"https:\/\/www.hydraulic-cylinders.net\/pt\/wp-json\/wp\/v2\/media?parent=15498"}],"wp:term":[{"taxonomy":"product_brand","embeddable":true,"href":"https:\/\/www.hydraulic-cylinders.net\/pt\/wp-json\/wp\/v2\/product_brand?post=15498"},{"taxonomy":"product_cat","embeddable":true,"href":"https:\/\/www.hydraulic-cylinders.net\/pt\/wp-json\/wp\/v2\/product_cat?post=15498"},{"taxonomy":"product_tag","embeddable":true,"href":"https:\/\/www.hydraulic-cylinders.net\/pt\/wp-json\/wp\/v2\/product_tag?post=15498"}],"curies":[{"name":"wp","href":"https:\/\/api.w.org\/{rel}","templated":true}]}}