{"id":15506,"date":"2025-01-19T14:36:57","date_gmt":"2025-01-19T14:36:57","guid":{"rendered":"https:\/\/www.hydraulic-cylinders.net\/product\/bucket-cylinder-for-zoomlion-large-excavator-ze520e\/"},"modified":"2025-01-19T14:36:59","modified_gmt":"2025-01-19T14:36:59","slug":"bucket-cylinder-for-zoomlion-large-excavator-ze520e","status":"publish","type":"product","link":"https:\/\/www.hydraulic-cylinders.net\/pt\/produto\/bucket-cylinder-for-zoomlion-large-excavator-ze520e\/","title":{"rendered":"Cilindro da ca\u00e7amba para escavadeira grande Zoomlion ZE520E"},"content":{"rendered":"<h1>Cilindro da ca\u00e7amba para escavadeira grande Zoomlion ZE520E<\/h1>\n<h2>Introdu\u00e7\u00e3o<\/h2>\n<p>O cilindro da ca\u00e7amba para a escavadeira de grande porte Zoomlion ZE520E \u00e9 um cilindro hidr\u00e1ulico especialmente projetado para controlar o movimento da ca\u00e7amba em m\u00e1quinas pesadas, como escavadeiras, retroescavadeiras e p\u00e1s carregadeiras. Sua principal fun\u00e7\u00e3o \u00e9 permitir que a ca\u00e7amba suba, des\u00e7a e incline, facilitando o manuseio de diversos materiais. No sistema hidr\u00e1ulico, o cilindro da ca\u00e7amba controla o movimento preciso da ca\u00e7amba por meio de altera\u00e7\u00f5es na press\u00e3o do \u00f3leo hidr\u00e1ulico, permitindo que o operador manuseie cargas pesadas com efici\u00eancia e se adapte a ambientes de trabalho complexos e diversas necessidades operacionais.<\/p>\n<p><img decoding=\"async\" src=\"https:\/\/www.hydraulic-cylinders.net\/wp-content\/uploads\/2025\/01\/songte-company-2.webp\" alt=\"Cilindro da ca\u00e7amba para escavadeira grande Zoomlion ZE520E\"><\/p>\n<h2>Caracter\u00edsticas<\/h2>\n<ul>\n<li>Alta resist\u00eancia e durabilidade: Normalmente fabricado em a\u00e7o ou alum\u00ednio de alta resist\u00eancia, suporta alta press\u00e3o e cargas pesadas, adapta-se a ambientes de trabalho severos e \u00e9 projetado com resist\u00eancia ao desgaste e \u00e0 corros\u00e3o para prolongar sua vida \u00fatil.<\/li>\n<li>Opera\u00e7\u00e3o hidr\u00e1ulica eficiente: A a\u00e7\u00e3o suave de extens\u00e3o e contra\u00e7\u00e3o \u00e9 alcan\u00e7ada atrav\u00e9s da press\u00e3o do \u00f3leo hidr\u00e1ulico, respondendo rapidamente aos comandos de controle e fornecendo for\u00e7as de empurrar e puxar potentes, adequadas para o manuseio de cargas pesadas e tarefas complexas.<\/li>\n<li>Diversos tipos: Cilindros de a\u00e7\u00e3o simples (a for\u00e7a hidr\u00e1ulica atua em apenas uma dire\u00e7\u00e3o) ou de a\u00e7\u00e3o dupla (a for\u00e7a hidr\u00e1ulica atua em ambas as dire\u00e7\u00f5es) podem ser selecionados de acordo com as necessidades para atender a diferentes exig\u00eancias operacionais. Alguns modelos s\u00e3o telesc\u00f3picos, permitindo maior extens\u00e3o sem aumentar as dimens\u00f5es externas, sendo adequados para aplica\u00e7\u00f5es com espa\u00e7o limitado.<\/li>\n<li>Substitu\u00edveis: Nossos produtos podem substituir perfeitamente esses cilindros hidr\u00e1ulicos.<\/li>\n<\/ul>\n<p><img decoding=\"async\" src=\"https:\/\/www.hydraulic-cylinders.net\/wp-content\/uploads\/2025\/01\/songte-cylinder-head-with-all-kinds-excavator-models.webp\" alt=\"Cilindro da ca\u00e7amba para escavadeira grande Zoomlion ZE520E\"><\/p>\n<h2>Aplica\u00e7\u00f5es<\/h2>\n<p>O cilindro da ca\u00e7amba para a escavadeira de grande porte Zoomlion ZE520E pode ser utilizado em diversas \u00e1reas, incluindo:<\/p>\n<ul>\n<li>Equipamentos de constru\u00e7\u00e3o: Em escavadeiras, s\u00e3o essenciais para escavar, carregar e movimentar terra ou entulho. Em retroescavadeiras, os cilindros da ca\u00e7amba auxiliam na escava\u00e7\u00e3o e no levantamento de materiais. <\/li>\n<li>M\u00e1quinas agr\u00edcolas: usadas em carregadeiras frontais, para coletar, levantar e transportar solo, feno e outros materiais. <\/li>\n<li>Escavadeiras: Os cilindros de ca\u00e7amba permitem a a\u00e7\u00e3o de escava\u00e7\u00e3o, permitindo que a ca\u00e7amba penetre no solo.<\/li>\n<li>Carregadores: Em carregadeiras frontais, eles auxiliam no levantamento e inclina\u00e7\u00e3o eficiente da carga.<\/li>\n<\/ul>\n<h2>Considera\u00e7\u00f5es de design e crit\u00e9rios de sele\u00e7\u00e3o<\/h2>\n<p>No que diz respeito \u00e0s considera\u00e7\u00f5es de projeto, fatores-chave como capacidade de carga, veda\u00e7\u00e3o, durabilidade, seguran\u00e7a e facilidade de manuten\u00e7\u00e3o devem ser levados em conta na sele\u00e7\u00e3o do cilindro da ca\u00e7amba. <\/p>\n<ul>\n<li>Capacidade de carga: O cilindro deve ser capaz de suportar alta press\u00e3o e cargas pesadas para garantir o funcionamento adequado.<\/li>\n<li>Veda\u00e7\u00e3o: O uso de diversos tipos de veda\u00e7\u00f5es, como veda\u00e7\u00f5es de pist\u00e3o e veda\u00e7\u00f5es de haste feitas de materiais resistentes ao desgaste, como poliuretano e borracha nitr\u00edlica, pode ajudar a prevenir vazamentos de \u00f3leo e contamina\u00e7\u00e3o.<\/li>\n<li>Durabilidade: A superf\u00edcie do cilindro deve ser processada com precis\u00e3o para aumentar a resist\u00eancia ao desgaste e \u00e0 corros\u00e3o, prolongando assim a sua vida \u00fatil.<\/li>\n<li>Seguran\u00e7a: O design do cilindro deve ser seguro para uso, minimizando o risco de acidentes e les\u00f5es.<\/li>\n<li>Facilidade de manuten\u00e7\u00e3o: O acesso \u00e0s pe\u00e7as essenciais deve ser f\u00e1cil, permitindo a substitui\u00e7\u00e3o e o reparo de forma eficiente e oportuna.<\/li>\n<\/ul>\n<p><img decoding=\"async\" src=\"https:\/\/www.hydraulic-cylinders.net\/wp-content\/uploads\/2025\/01\/songte-oil-pipes-and-spare-parts.webp\" alt=\"Cilindro da ca\u00e7amba para escavadeira grande Zoomlion ZE520E\"><\/p>\n<h2>Veda\u00e7\u00e3o e Lubrifica\u00e7\u00e3o<\/h2>\n<p>O cilindro da ca\u00e7amba da escavadeira de grande porte Zoomlion ZE520E utiliza diversos componentes de veda\u00e7\u00e3o, como veda\u00e7\u00f5es do pist\u00e3o e da haste, fabricados com materiais resistentes ao desgaste, como poliuretano e borracha nitr\u00edlica, para evitar vazamentos e contamina\u00e7\u00e3o do \u00f3leo. A superf\u00edcie do cilindro recebe um tratamento de precis\u00e3o para aumentar a resist\u00eancia ao desgaste e \u00e0 corros\u00e3o, prolongando sua vida \u00fatil. A lubrifica\u00e7\u00e3o regular com a quantidade adequada de \u00f3leo hidr\u00e1ulico \u00e9 essencial para evitar o desgaste por atrito e garantir o funcionamento correto.<\/p>\n<p><img decoding=\"async\" src=\"https:\/\/www.hydraulic-cylinders.net\/wp-content\/uploads\/2025\/01\/songte-chushion-collar.webp\" alt=\"Cilindro da ca\u00e7amba para escavadeira grande Zoomlion ZE520E\"><\/p>\n<h2>Manuten\u00e7\u00e3o e solu\u00e7\u00e3o de problemas<\/h2>\n<p>A manuten\u00e7\u00e3o regular \u00e9 crucial para garantir o funcionamento adequado do cilindro da ca\u00e7amba e prolongar sua vida \u00fatil. As tarefas comuns de manuten\u00e7\u00e3o incluem verifica\u00e7\u00f5es regulares, lubrifica\u00e7\u00e3o adequada, substitui\u00e7\u00e3o de veda\u00e7\u00f5es e verifica\u00e7\u00f5es de calibra\u00e7\u00e3o. A instala\u00e7\u00e3o, lubrifica\u00e7\u00e3o e ajuste corretos s\u00e3o essenciais para garantir a opera\u00e7\u00e3o eficiente do cilindro da ca\u00e7amba. A import\u00e2ncia do alinhamento correto e do uso de suportes de montagem adequados para fixar o cilindro n\u00e3o pode ser subestimada. Procedimentos recomendados de inspe\u00e7\u00e3o, reparo e substitui\u00e7\u00e3o est\u00e3o dispon\u00edveis, incluindo pe\u00e7as de reposi\u00e7\u00e3o e servi\u00e7os de recondicionamento, al\u00e9m de dicas para aumentar a vida \u00fatil do cilindro. <\/p>\n<p><img decoding=\"async\" src=\"https:\/\/www.hydraulic-cylinders.net\/wp-content\/uploads\/2025\/01\/songte-bushings-with-all-kinds-of-excavator-models.webp\" alt=\"Cilindro da ca\u00e7amba para escavadeira grande Zoomlion ZE520E\"><\/p>\n<h2>Considera\u00e7\u00f5es de seguran\u00e7a e fatores ambientais<\/h2>\n<p>A opera\u00e7\u00e3o segura do cilindro da ca\u00e7amba \u00e9 crucial, e medidas de seguran\u00e7a devem ser sempre tomadas durante a instala\u00e7\u00e3o, opera\u00e7\u00e3o e manuten\u00e7\u00e3o do equipamento. Inspe\u00e7\u00f5es regulares e manuten\u00e7\u00e3o preventiva podem ajudar a reduzir problemas potenciais e garantir uma opera\u00e7\u00e3o segura. Fatores ambientais como temperatura, umidade e terreno devem ser levados em considera\u00e7\u00e3o para assegurar o funcionamento adequado e evitar danos ao cilindro.<\/p>\n<h2>Sobre nossa empresa<\/h2>\n<p>Somos um fabricante de cilindros hidr\u00e1ulicos especializado na substitui\u00e7\u00e3o de cilindros hidr\u00e1ulicos. Nossa empresa oferece uma linha completa de produtos e se tornou uma das principais fabricantes e distribuidoras atacadistas de cilindros hidr\u00e1ulicos nos mercados nacional e internacional. Seguimos rigorosos padr\u00f5es de qualidade e nos baseamos em estrat\u00e9gias de gest\u00e3o de produ\u00e7\u00e3o industrial, com instala\u00e7\u00f5es de fabrica\u00e7\u00e3o sofisticadas, aprimorando continuamente nossa plataforma de produ\u00e7\u00e3o e aperfei\u00e7oando as linhas de produ\u00e7\u00e3o para garantir a qualidade dos produtos. Possu\u00edmos forte capacidade criativa, fornecendo servi\u00e7os eficientes, precisos e de alta qualidade para atender \u00e0s diversas necessidades dos clientes. <\/p>\n<p><img decoding=\"async\" src=\"https:\/\/hzpt.com\/wp-content\/uploads\/2024\/11\/songte-company-1.webp\" alt=\"Cilindro da ca\u00e7amba para escavadeira grande Zoomlion ZE520E\"><\/p>\n<ul>\n<li>Profissionalismo, certifica\u00e7\u00e3o internacional e servi\u00e7os personalizados.<\/li>\n<li>Equipamentos de produ\u00e7\u00e3o e servi\u00e7o p\u00f3s-venda<\/li>\n<\/ul>\n<p>Autor: lyl<\/p>","protected":false},"excerpt":{"rendered":"<p>Bucket Cylinder For Zoomlion Large Excavator ZE520E Introduction The bucket cylinder for Zoomlion large excavator ZE520E is a specially designed hydraulic cylinder that is mainly used to control the movement of the bucket in heavy machinery such as excavators, backhoe loaders, and front-end loaders. Its main function is to enable the bucket to lift, lower, [&hellip;]<\/p>","protected":false},"featured_media":14761,"comment_status":"open","ping_status":"closed","template":"","meta":{"_et_pb_use_builder":"","_et_pb_old_content":"","_et_gb_content_width":""},"product_brand":[],"product_cat":[1494],"product_tag":[1495,1496],"class_list":{"0":"post-15506","1":"product","2":"type-product","3":"status-publish","4":"has-post-thumbnail","6":"product_cat-bucket-cylinders","7":"product_tag-bucket-cylinders","8":"product_tag-hydraulic-cylinders","10":"first","11":"instock","12":"shipping-taxable","13":"product-type-simple"},"amp_enabled":true,"_links":{"self":[{"href":"https:\/\/www.hydraulic-cylinders.net\/pt\/wp-json\/wp\/v2\/product\/15506","targetHints":{"allow":["GET"]}}],"collection":[{"href":"https:\/\/www.hydraulic-cylinders.net\/pt\/wp-json\/wp\/v2\/product"}],"about":[{"href":"https:\/\/www.hydraulic-cylinders.net\/pt\/wp-json\/wp\/v2\/types\/product"}],"replies":[{"embeddable":true,"href":"https:\/\/www.hydraulic-cylinders.net\/pt\/wp-json\/wp\/v2\/comments?post=15506"}],"wp:featuredmedia":[{"embeddable":true,"href":"https:\/\/www.hydraulic-cylinders.net\/pt\/wp-json\/wp\/v2\/media\/14761"}],"wp:attachment":[{"href":"https:\/\/www.hydraulic-cylinders.net\/pt\/wp-json\/wp\/v2\/media?parent=15506"}],"wp:term":[{"taxonomy":"product_brand","embeddable":true,"href":"https:\/\/www.hydraulic-cylinders.net\/pt\/wp-json\/wp\/v2\/product_brand?post=15506"},{"taxonomy":"product_cat","embeddable":true,"href":"https:\/\/www.hydraulic-cylinders.net\/pt\/wp-json\/wp\/v2\/product_cat?post=15506"},{"taxonomy":"product_tag","embeddable":true,"href":"https:\/\/www.hydraulic-cylinders.net\/pt\/wp-json\/wp\/v2\/product_tag?post=15506"}],"curies":[{"name":"wp","href":"https:\/\/api.w.org\/{rel}","templated":true}]}}