{"id":15520,"date":"2025-01-19T14:37:58","date_gmt":"2025-01-19T14:37:58","guid":{"rendered":"https:\/\/www.hydraulic-cylinders.net\/product\/bucket-cylinder-for-sunward-middle-excavator-swe26olc\/"},"modified":"2025-01-19T14:38:00","modified_gmt":"2025-01-19T14:38:00","slug":"bucket-cylinder-for-sunward-middle-excavator-swe26olc","status":"publish","type":"product","link":"https:\/\/www.hydraulic-cylinders.net\/pt\/produto\/bucket-cylinder-for-sunward-middle-excavator-swe26olc\/","title":{"rendered":"Cilindro da ca\u00e7amba para escavadeira Sunward de porte m\u00e9dio SWE26OLC"},"content":{"rendered":"<h1>Cilindro da ca\u00e7amba para escavadeira Sunward de porte m\u00e9dio SWE26OLC<\/h1>\n<h2>Introdu\u00e7\u00e3o<\/h2>\n<p>Um cilindro de ca\u00e7amba \u00e9 um cilindro hidr\u00e1ulico especialmente projetado para controlar o movimento da ca\u00e7amba em m\u00e1quinas pesadas, como escavadeiras, retroescavadeiras e p\u00e1s carregadeiras. Sua principal fun\u00e7\u00e3o \u00e9 permitir que a ca\u00e7amba suba, des\u00e7a e incline, facilitando diversas tarefas de movimenta\u00e7\u00e3o de materiais. No sistema hidr\u00e1ulico, o cilindro de ca\u00e7amba controla com precis\u00e3o o movimento da ca\u00e7amba variando a press\u00e3o do \u00f3leo hidr\u00e1ulico, permitindo que os operadores manuseiem objetos pesados \u200b\u200bcom efici\u00eancia e se adaptem a ambientes de trabalho complexos e diversas exig\u00eancias da tarefa.<\/p>\n<p><img decoding=\"async\" src=\"https:\/\/www.hydraulic-cylinders.net\/wp-content\/uploads\/2025\/01\/songte-company-2.webp\" alt=\"Imagem do cilindro da ca\u00e7amba\"><\/p>\n<h2>Caracter\u00edsticas<\/h2>\n<ul>\n<li>Alta resist\u00eancia e durabilidade: Normalmente fabricado em a\u00e7o ou alum\u00ednio de alta resist\u00eancia, suporta alta press\u00e3o e cargas pesadas, adapta-se a ambientes de trabalho severos e \u00e9 projetado com resist\u00eancia ao desgaste e \u00e0 corros\u00e3o para prolongar sua vida \u00fatil.<\/li>\n<li>Opera\u00e7\u00e3o hidr\u00e1ulica eficiente: Utiliza a press\u00e3o do \u00f3leo hidr\u00e1ulico para obter extens\u00e3o e retra\u00e7\u00e3o suaves, responde rapidamente aos comandos de controle, fornece for\u00e7as de empurrar e puxar potentes e \u00e9 adequado para manusear objetos pesados \u200b\u200be realizar tarefas complexas.<\/li>\n<li>Diversos tipos: \u00c9 poss\u00edvel escolher cilindros de a\u00e7\u00e3o simples (sistema hidr\u00e1ulico utilizado apenas em uma dire\u00e7\u00e3o) ou de a\u00e7\u00e3o dupla (sistema hidr\u00e1ulico utilizado em ambas as dire\u00e7\u00f5es), conforme a necessidade para atender a diferentes requisitos operacionais. Alguns modelos s\u00e3o telesc\u00f3picos, permitindo maior extens\u00e3o sem aumentar as dimens\u00f5es externas, o que os torna adequados para aplica\u00e7\u00f5es com espa\u00e7o limitado.<\/li>\n<li>Produ\u00e7\u00e3o: Nossa empresa pode produzir este produto, que pode ser um substituto perfeito para esses cilindros hidr\u00e1ulicos.<\/li>\n<\/ul>\n<p><img decoding=\"async\" src=\"https:\/\/www.hydraulic-cylinders.net\/wp-content\/uploads\/2025\/01\/songte-cylinder-head-with-all-kinds-excavator-models.webp\" alt=\"Imagem de substitui\u00e7\u00e3o do cilindro da ca\u00e7amba\"><\/p>\n<h2>Aplica\u00e7\u00f5es<\/h2>\n<p>O cilindro de ca\u00e7amba tem diversas aplica\u00e7\u00f5es em diferentes ind\u00fastrias, tais como:<\/p>\n<ul>\n<li>Equipamentos de constru\u00e7\u00e3o: Em escavadeiras, s\u00e3o cruciais para escavar, carregar e movimentar terra ou entulho. Em retroescavadeiras, o cilindro da ca\u00e7amba auxilia tanto na escava\u00e7\u00e3o quanto no levantamento. <\/li>\n<li>M\u00e1quinas agr\u00edcolas: Utilizadas em carregadeiras frontais para recolher, levantar e transportar terra, feno e outros materiais. <\/li>\n<li>Escavadeiras: O cilindro da ca\u00e7amba realiza a a\u00e7\u00e3o de escava\u00e7\u00e3o permitindo que a ca\u00e7amba penetre no solo. <\/li>\n<li>Carregadeiras frontais: As carregadeiras frontais auxiliam no levantamento e inclina\u00e7\u00e3o eficiente de mercadorias.<\/li>\n<\/ul>\n<p>O cilindro com ca\u00e7amba pode ser utilizado para diversas tarefas em diferentes ind\u00fastrias, tornando-se um equipamento vers\u00e1til.<\/p>\n<h2>Considera\u00e7\u00f5es de design e crit\u00e9rios de sele\u00e7\u00e3o<\/h2>\n<p>Os aspectos de projeto dos cilindros de ca\u00e7amba incluem capacidade de carga, veda\u00e7\u00e3o, durabilidade, seguran\u00e7a e facilidade de manuten\u00e7\u00e3o. Nossos cilindros de ca\u00e7amba s\u00e3o projetados para suportar cargas pesadas, com veda\u00e7\u00e3o superior para evitar vazamentos e garantir longa vida \u00fatil. S\u00e3o fabricados com materiais dur\u00e1veis \u200b\u200be projetados com foco em seguran\u00e7a e facilidade de manuten\u00e7\u00e3o. <\/p>\n<p>Alguns dos crit\u00e9rios de sele\u00e7\u00e3o para cilindros de ca\u00e7amba incluem o di\u00e2metro e o curso do cilindro, a faixa de press\u00e3o e temperatura de opera\u00e7\u00e3o e o espa\u00e7o dispon\u00edvel para instala\u00e7\u00e3o. Nossos produtos possuem uma ampla gama de especifica\u00e7\u00f5es para atender a diferentes requisitos.<\/p>\n<p><img decoding=\"async\" src=\"https:\/\/www.hydraulic-cylinders.net\/wp-content\/uploads\/2025\/01\/songte-oil-pipes-and-spare-parts.webp\" alt=\"Imagem de pe\u00e7as sobressalentes para cilindro de ca\u00e7amba\"><\/p>\n<h2>Veda\u00e7\u00e3o e Lubrifica\u00e7\u00e3o<\/h2>\n<p>Nossos cilindros de ca\u00e7amba utilizam diversos tipos de veda\u00e7\u00f5es, como veda\u00e7\u00f5es de pist\u00e3o, veda\u00e7\u00f5es de haste, etc., fabricadas com materiais resistentes ao desgaste, como poliuretano, borracha nitr\u00edlica, etc., e o corpo do cilindro e a superf\u00edcie da extremidade da rosca s\u00e3o finamente usinados para melhorar a resist\u00eancia ao desgaste. A lubrifica\u00e7\u00e3o regular com \u00f3leo hidr\u00e1ulico apropriado \u00e9 necess\u00e1ria para garantir o funcionamento suave.<\/p>\n<h2>Manuten\u00e7\u00e3o e Reparo<\/h2>\n<p>Inspe\u00e7\u00f5es regulares, lubrifica\u00e7\u00e3o adequada, substitui\u00e7\u00e3o de veda\u00e7\u00f5es e verifica\u00e7\u00f5es de calibra\u00e7\u00e3o s\u00e3o tarefas comuns de manuten\u00e7\u00e3o para cilindros de ca\u00e7amba. A instala\u00e7\u00e3o, lubrifica\u00e7\u00e3o e ajuste corretos s\u00e3o essenciais para garantir a longevidade dos cilindros de ca\u00e7amba. Durante a instala\u00e7\u00e3o, o alinhamento correto do cilindro \u00e9 fundamental e suportes de instala\u00e7\u00e3o adequados devem ser utilizados para fix\u00e1-lo. Recomendamos procedimentos regulares de inspe\u00e7\u00e3o, reparo e substitui\u00e7\u00e3o para prolongar a vida \u00fatil dos cilindros de ca\u00e7amba.<\/p>\n<p><img decoding=\"async\" src=\"https:\/\/www.hydraulic-cylinders.net\/wp-content\/uploads\/2025\/01\/songte-chushion-collar.webp\" alt=\"Imagem das pe\u00e7as de reposi\u00e7\u00e3o do cilindro da ca\u00e7amba\"><\/p>\n<h2>Considera\u00e7\u00f5es de seguran\u00e7a e fatores ambientais<\/h2>\n<p>As medidas de seguran\u00e7a para cilindros de ca\u00e7amba incluem instala\u00e7\u00e3o, manuten\u00e7\u00e3o e opera\u00e7\u00e3o adequadas para prevenir acidentes. Fatores ambientais como temperatura, umidade e contaminantes podem afetar o desempenho dos cilindros de ca\u00e7amba, e medidas apropriadas devem ser tomadas para lidar com esses problemas.<\/p>\n<h2>Solu\u00e7\u00e3o de problemas e problemas comuns<\/h2>\n<p>Problemas comuns em cilindros de ca\u00e7amba incluem vazamentos, pot\u00eancia insuficiente e ru\u00eddos anormais. Caso algum desses problemas ocorra, recomenda-se consultar um t\u00e9cnico especializado. Manuten\u00e7\u00e3o e inspe\u00e7\u00e3o regulares podem ajudar a prevenir o surgimento desses problemas.<\/p>\n<p><img decoding=\"async\" src=\"https:\/\/www.hydraulic-cylinders.net\/wp-content\/uploads\/2025\/01\/songte-bushings-with-all-kinds-of-excavator-models.webp\" alt=\"Imagem da bucha do cilindro da ca\u00e7amba\"><\/p>\n<h2>Sobre nossa empresa<\/h2>\n<p>Somos fabricantes de cilindros hidr\u00e1ulicos de reposi\u00e7\u00e3o, oferecendo uma gama completa de produtos. Como fabricantes e distribuidores l\u00edderes de cilindros hidr\u00e1ulicos nos mercados nacional e internacional, aderimos aos princ\u00edpios da excel\u00eancia em qualidade e nos baseamos em estrat\u00e9gias de gest\u00e3o de produ\u00e7\u00e3o industrializada em instala\u00e7\u00f5es de \u00faltima gera\u00e7\u00e3o. Buscamos aprimorar nossa plataforma de fabrica\u00e7\u00e3o, aperfei\u00e7oar nossas linhas de produ\u00e7\u00e3o e desenvolver uma forte capacidade criativa para atender \u00e0s diversas necessidades dos clientes com efici\u00eancia, precis\u00e3o e alta qualidade. <\/p>\n<p>Oferecemos aos nossos clientes servi\u00e7os profissionais, certifica\u00e7\u00f5es internacionais, servi\u00e7os personalizados, equipamentos de produ\u00e7\u00e3o avan\u00e7ados e servi\u00e7os p\u00f3s-venda.<\/p>\n<p><img decoding=\"async\" src=\"https:\/\/hzpt.com\/wp-content\/uploads\/2024\/11\/songte-company-1.webp\" alt=\"Imagem da empresa\"><\/p>\n<p>Autor: lyl.<\/p>","protected":false},"excerpt":{"rendered":"<p>Bucket Cylinder For Sunward Middle Excavator SWE26OLC Introduction A bucket cylinder is a specially designed hydraulic cylinder mainly used for controlling the movement of buckets in heavy machinery such as excavators, backhoe excavators, and front-end loaders. Its main function is to enable the bucket to lift, lower, and tilt, thus facilitating various material handling tasks. [&hellip;]<\/p>","protected":false},"featured_media":14762,"comment_status":"open","ping_status":"closed","template":"","meta":{"_et_pb_use_builder":"","_et_pb_old_content":"","_et_gb_content_width":""},"product_brand":[],"product_cat":[1494],"product_tag":[1495,1496],"class_list":{"0":"post-15520","1":"product","2":"type-product","3":"status-publish","4":"has-post-thumbnail","6":"product_cat-bucket-cylinders","7":"product_tag-bucket-cylinders","8":"product_tag-hydraulic-cylinders","10":"first","11":"instock","12":"shipping-taxable","13":"product-type-simple"},"amp_enabled":true,"_links":{"self":[{"href":"https:\/\/www.hydraulic-cylinders.net\/pt\/wp-json\/wp\/v2\/product\/15520","targetHints":{"allow":["GET"]}}],"collection":[{"href":"https:\/\/www.hydraulic-cylinders.net\/pt\/wp-json\/wp\/v2\/product"}],"about":[{"href":"https:\/\/www.hydraulic-cylinders.net\/pt\/wp-json\/wp\/v2\/types\/product"}],"replies":[{"embeddable":true,"href":"https:\/\/www.hydraulic-cylinders.net\/pt\/wp-json\/wp\/v2\/comments?post=15520"}],"wp:featuredmedia":[{"embeddable":true,"href":"https:\/\/www.hydraulic-cylinders.net\/pt\/wp-json\/wp\/v2\/media\/14762"}],"wp:attachment":[{"href":"https:\/\/www.hydraulic-cylinders.net\/pt\/wp-json\/wp\/v2\/media?parent=15520"}],"wp:term":[{"taxonomy":"product_brand","embeddable":true,"href":"https:\/\/www.hydraulic-cylinders.net\/pt\/wp-json\/wp\/v2\/product_brand?post=15520"},{"taxonomy":"product_cat","embeddable":true,"href":"https:\/\/www.hydraulic-cylinders.net\/pt\/wp-json\/wp\/v2\/product_cat?post=15520"},{"taxonomy":"product_tag","embeddable":true,"href":"https:\/\/www.hydraulic-cylinders.net\/pt\/wp-json\/wp\/v2\/product_tag?post=15520"}],"curies":[{"name":"wp","href":"https:\/\/api.w.org\/{rel}","templated":true}]}}