{"id":15522,"date":"2025-01-19T14:38:06","date_gmt":"2025-01-19T14:38:06","guid":{"rendered":"https:\/\/www.hydraulic-cylinders.net\/product\/bucket-cylinder-for-sunward-middle-excavator-swe230e\/"},"modified":"2025-01-19T14:38:08","modified_gmt":"2025-01-19T14:38:08","slug":"bucket-cylinder-for-sunward-middle-excavator-swe230e","status":"publish","type":"product","link":"https:\/\/www.hydraulic-cylinders.net\/pt\/produto\/bucket-cylinder-for-sunward-middle-excavator-swe230e\/","title":{"rendered":"Cilindro da ca\u00e7amba para escavadeira Sunward de porte m\u00e9dio SWE230E"},"content":{"rendered":"<p><!DOCTYPE html><br \/>\n<html><br \/>\n<head><br \/>\n<title>Cilindro da ca\u00e7amba para escavadeira Sunward de porte m\u00e9dio SWE230E<\/title><br \/>\n<\/head><br \/>\n<body><\/p>\n<h1>Cilindro da ca\u00e7amba para escavadeira Sunward de porte m\u00e9dio SWE230E<\/h1>\n<h2>Introdu\u00e7\u00e3o<\/h2>\n<p>O cilindro da ca\u00e7amba \u00e9 um cilindro hidr\u00e1ulico especialmente projetado para controlar o movimento da ca\u00e7amba em m\u00e1quinas pesadas, como escavadeiras, retroescavadeiras e p\u00e1s carregadeiras. Sua principal fun\u00e7\u00e3o \u00e9 permitir que a ca\u00e7amba suba, des\u00e7a e incline, facilitando diversas tarefas de movimenta\u00e7\u00e3o de materiais. No sistema hidr\u00e1ulico, o cilindro da ca\u00e7amba proporciona um controle preciso da ca\u00e7amba variando a press\u00e3o do \u00f3leo hidr\u00e1ulico, permitindo que os operadores manuseiem cargas pesadas com efici\u00eancia e se adaptem a ambientes de trabalho complexos e diversas necessidades operacionais.<\/p>\n<p><img decoding=\"async\" src=\"https:\/\/www.hydraulic-cylinders.net\/wp-content\/uploads\/2025\/01\/songte-company-2.webp\" alt=\"Imagem do produto\"><\/p>\n<h2>Caracter\u00edsticas<\/h2>\n<ul>\n<li>Alta resist\u00eancia e durabilidade: Normalmente fabricado em a\u00e7o ou alum\u00ednio de alta resist\u00eancia, o cilindro da ca\u00e7amba suporta alta press\u00e3o e cargas pesadas, adaptando-se a ambientes de trabalho severos. O projeto considera a resist\u00eancia ao desgaste e \u00e0 corros\u00e3o para prolongar a vida \u00fatil.<\/li>\n<li>Opera\u00e7\u00e3o hidr\u00e1ulica eficiente: Utilizando a press\u00e3o do \u00f3leo hidr\u00e1ulico, o cilindro da ca\u00e7amba permite movimentos telesc\u00f3picos suaves, resposta r\u00e1pida aos comandos de controle e fornece for\u00e7as de empuxo e tra\u00e7\u00e3o potentes, adequadas para o manuseio de cargas pesadas e tarefas operacionais complexas.<\/li>\n<li>Tipos Variados: O cilindro da ca\u00e7amba pode ser selecionado como de a\u00e7\u00e3o simples (acionamento hidr\u00e1ulico em apenas uma dire\u00e7\u00e3o) ou de a\u00e7\u00e3o dupla (acionamento hidr\u00e1ulico em ambas as dire\u00e7\u00f5es), de acordo com as necessidades operacionais. Alguns modelos s\u00e3o telesc\u00f3picos, permitindo maior extens\u00e3o sem aumentar as dimens\u00f5es externas, o que os torna adequados para aplica\u00e7\u00f5es com espa\u00e7o limitado.<\/li>\n<li>Substitui\u00e7\u00e3o perfeita: Nossos produtos podem substituir perfeitamente esses cilindros hidr\u00e1ulicos.<\/li>\n<\/ul>\n<p><img decoding=\"async\" src=\"https:\/\/www.hydraulic-cylinders.net\/wp-content\/uploads\/2025\/01\/songte-cylinder-head-with-all-kinds-excavator-models.webp\" alt=\"Imagem do produto\"><\/p>\n<h2>Aplica\u00e7\u00f5es<\/h2>\n<ul>\n<li>Equipamentos de constru\u00e7\u00e3o: Encontrados em escavadeiras, s\u00e3o cruciais para escavar, carregar e movimentar solo ou entulho. Em retroescavadeiras, o cilindro da ca\u00e7amba auxilia tanto na escava\u00e7\u00e3o quanto no levantamento de materiais.<\/li>\n<li>M\u00e1quinas agr\u00edcolas: Utilizadas em p\u00e1s carregadeiras frontais, auxiliam na escava\u00e7\u00e3o, levantamento e transporte de terra, feno e outros materiais.<\/li>\n<li>Escavadeiras: O cilindro da ca\u00e7amba permite a\u00e7\u00f5es de escava\u00e7\u00e3o permitindo que a ca\u00e7amba penetre no solo.<\/li>\n<li>Carregadeiras: Nas carregadeiras frontais, elas auxiliam no levantamento e inclina\u00e7\u00e3o de cargas de forma eficaz.<\/li>\n<\/ul>\n<h2>Considera\u00e7\u00f5es de design e crit\u00e9rios de sele\u00e7\u00e3o<\/h2>\n<ul>\n<li>Capacidade de carga: Discuta a capacidade de suportar cargas.<\/li>\n<li>Veda\u00e7\u00e3o: Discuta a import\u00e2ncia de uma veda\u00e7\u00e3o adequada para evitar vazamentos.<\/li>\n<li>Durabilidade: Discuta a durabilidade do cilindro do balde.<\/li>\n<li>Seguran\u00e7a: Discuta as considera\u00e7\u00f5es de seguran\u00e7a no projeto do cilindro.<\/li>\n<li>Facilidade de manuten\u00e7\u00e3o: Discuta a facilidade de manuten\u00e7\u00e3o e reparos.<\/li>\n<\/ul>\n<p><img decoding=\"async\" src=\"https:\/\/www.hydraulic-cylinders.net\/wp-content\/uploads\/2025\/01\/songte-oil-pipes-and-spare-parts.webp\" alt=\"Imagem do produto\"><\/p>\n<h2>Veda\u00e7\u00e3o e Lubrifica\u00e7\u00e3o<\/h2>\n<p>O cilindro da ca\u00e7amba utiliza diversas veda\u00e7\u00f5es, como veda\u00e7\u00f5es de pist\u00e3o e veda\u00e7\u00f5es de haste, feitas de materiais resistentes ao desgaste, como poliuretano e borracha nitr\u00edlica. O corpo do cilindro e a superf\u00edcie roscada da extremidade passam por um tratamento fino para aumentar a resist\u00eancia ao desgaste. A lubrifica\u00e7\u00e3o regular com a quantidade adequada de \u00f3leo hidr\u00e1ulico \u00e9 necess\u00e1ria para uma lubrifica\u00e7\u00e3o adequada.<\/p>\n<h2>Inspe\u00e7\u00e3o e Manuten\u00e7\u00e3o Preventiva<\/h2>\n<ul>\n<li>Inspe\u00e7\u00e3o regular: Discuta a import\u00e2ncia das inspe\u00e7\u00f5es regulares.<\/li>\n<li>Lubrifica\u00e7\u00e3o adequada: Enfatize a necessidade de uma lubrifica\u00e7\u00e3o apropriada.<\/li>\n<li>Substitui\u00e7\u00e3o da veda\u00e7\u00e3o: Forne\u00e7a orienta\u00e7\u00f5es sobre a substitui\u00e7\u00e3o da veda\u00e7\u00e3o.<\/li>\n<li>Verifica\u00e7\u00f5es de calibra\u00e7\u00e3o: Explique a import\u00e2ncia de calibrar o cilindro.<\/li>\n<\/ul>\n<p><img decoding=\"async\" src=\"https:\/\/www.hydraulic-cylinders.net\/wp-content\/uploads\/2025\/01\/songte-chushion-collar.webp\" alt=\"Imagem do produto\"><\/p>\n<h2>Considera\u00e7\u00f5es de seguran\u00e7a e fatores ambientais<\/h2>\n<p>Discuta a import\u00e2ncia das medidas de seguran\u00e7a ao usar o cilindro com balde, utilizando palavras-chave e considerando os fatores ambientais.<\/p>\n<h2>Solu\u00e7\u00e3o de problemas e problemas comuns<\/h2>\n<p>Discuta problemas comuns e forne\u00e7a dicas e solu\u00e7\u00f5es para ajudar os leitores a diagnosticar e resolver problemas com efic\u00e1cia. Al\u00e9m disso, sugira medidas preventivas para minimizar poss\u00edveis problemas.<\/p>\n<p><img decoding=\"async\" src=\"https:\/\/www.hydraulic-cylinders.net\/wp-content\/uploads\/2025\/01\/songte-bushings-with-all-kinds-of-excavator-models.webp\" alt=\"Imagem do produto\"><\/p>\n<h2>Introdu\u00e7\u00e3o \u00e0 empresa<\/h2>\n<p>Somos um dos principais fabricantes e distribuidores atacadistas de cilindros hidr\u00e1ulicos nos mercados nacional e internacional. Nossa empresa oferece uma ampla gama de produtos e est\u00e1 comprometida com a excel\u00eancia em qualidade. Com nossa estrat\u00e9gia de gest\u00e3o de produ\u00e7\u00e3o industrializada, utilizando talentos tecnol\u00f3gicos, equipamentos de fabrica\u00e7\u00e3o digital de ponta e sistemas de teste profissionais, aprimoramos continuamente nossa plataforma de produ\u00e7\u00e3o para garantir a qualidade do produto. Possu\u00edmos grande capacidade para criar produtos de alta efici\u00eancia, precis\u00e3o e qualidade para atender \u00e0s diversas necessidades de nossos clientes.<\/p>\n<p><img decoding=\"async\" src=\"https:\/\/hzpt.com\/wp-content\/uploads\/2024\/11\/songte-company-1.webp\" alt=\"Imagem da empresa\"><\/p>\n<h3>Nossos principais destaques:<\/h3>\n<ul>\n<li>Profissionalismo<\/li>\n<li>Certifica\u00e7\u00f5es internacionais<\/li>\n<li>Servi\u00e7os de personaliza\u00e7\u00e3o<\/li>\n<li>Equipamentos de produ\u00e7\u00e3o<\/li>\n<li>Servi\u00e7o p\u00f3s-venda<\/li>\n<\/ul>\n<p><img decoding=\"async\" src=\"https:\/\/www.hydraulic-cylinders.net\/wp-content\/uploads\/2025\/01\/songte-company-3.webp\" alt=\"Imagem da empresa\"><\/p>\n<p>Autor: lyl<\/p>\n<p><\/body><br \/>\n<\/html><\/p>","protected":false},"excerpt":{"rendered":"<p>Bucket Cylinder For Sunward Middle Excavator SWE230E Bucket Cylinder For Sunward Middle Excavator SWE230E Introduction A bucket cylinder is a specially designed hydraulic cylinder used to control the movement of the bucket in heavy machinery such as excavators, backhoe loaders, and front-end loaders. Its main function is to enable the bucket to lift, lower, and [&hellip;]<\/p>","protected":false},"featured_media":14789,"comment_status":"open","ping_status":"closed","template":"","meta":{"_et_pb_use_builder":"","_et_pb_old_content":"","_et_gb_content_width":""},"product_brand":[],"product_cat":[1494],"product_tag":[1495,1496],"class_list":{"0":"post-15522","1":"product","2":"type-product","3":"status-publish","4":"has-post-thumbnail","6":"product_cat-bucket-cylinders","7":"product_tag-bucket-cylinders","8":"product_tag-hydraulic-cylinders","10":"first","11":"instock","12":"shipping-taxable","13":"product-type-simple"},"amp_enabled":true,"_links":{"self":[{"href":"https:\/\/www.hydraulic-cylinders.net\/pt\/wp-json\/wp\/v2\/product\/15522","targetHints":{"allow":["GET"]}}],"collection":[{"href":"https:\/\/www.hydraulic-cylinders.net\/pt\/wp-json\/wp\/v2\/product"}],"about":[{"href":"https:\/\/www.hydraulic-cylinders.net\/pt\/wp-json\/wp\/v2\/types\/product"}],"replies":[{"embeddable":true,"href":"https:\/\/www.hydraulic-cylinders.net\/pt\/wp-json\/wp\/v2\/comments?post=15522"}],"wp:featuredmedia":[{"embeddable":true,"href":"https:\/\/www.hydraulic-cylinders.net\/pt\/wp-json\/wp\/v2\/media\/14789"}],"wp:attachment":[{"href":"https:\/\/www.hydraulic-cylinders.net\/pt\/wp-json\/wp\/v2\/media?parent=15522"}],"wp:term":[{"taxonomy":"product_brand","embeddable":true,"href":"https:\/\/www.hydraulic-cylinders.net\/pt\/wp-json\/wp\/v2\/product_brand?post=15522"},{"taxonomy":"product_cat","embeddable":true,"href":"https:\/\/www.hydraulic-cylinders.net\/pt\/wp-json\/wp\/v2\/product_cat?post=15522"},{"taxonomy":"product_tag","embeddable":true,"href":"https:\/\/www.hydraulic-cylinders.net\/pt\/wp-json\/wp\/v2\/product_tag?post=15522"}],"curies":[{"name":"wp","href":"https:\/\/api.w.org\/{rel}","templated":true}]}}