{"id":15531,"date":"2025-01-19T14:38:49","date_gmt":"2025-01-19T14:38:49","guid":{"rendered":"https:\/\/www.hydraulic-cylinders.net\/product\/bucket-cylinder-for-sunward-hybrid-excavator-swe230s\/"},"modified":"2025-01-19T14:38:51","modified_gmt":"2025-01-19T14:38:51","slug":"bucket-cylinder-for-sunward-hybrid-excavator-swe230s","status":"publish","type":"product","link":"https:\/\/www.hydraulic-cylinders.net\/pt\/produto\/bucket-cylinder-for-sunward-hybrid-excavator-swe230s\/","title":{"rendered":"Cilindro da ca\u00e7amba para escavadeira h\u00edbrida Sunward SWE230S"},"content":{"rendered":"<h1>Cilindro da ca\u00e7amba para escavadeira h\u00edbrida Sunward SWE230S<\/h1>\n<h2>Introdu\u00e7\u00e3o<\/h2>\n<p>O cilindro da ca\u00e7amba, tamb\u00e9m conhecido como cilindro hidr\u00e1ulico, \u00e9 um cilindro especializado projetado para controlar o movimento da ca\u00e7amba em m\u00e1quinas pesadas, como escavadeiras, retroescavadeiras e p\u00e1s carregadeiras. Sua principal fun\u00e7\u00e3o \u00e9 permitir que a ca\u00e7amba suba, des\u00e7a e incline, facilitando o manuseio de diversos materiais. No sistema hidr\u00e1ulico, o cilindro da ca\u00e7amba controla com precis\u00e3o o movimento da ca\u00e7amba por meio de varia\u00e7\u00f5es na press\u00e3o do \u00f3leo hidr\u00e1ulico, permitindo que os operadores manuseiem cargas pesadas com efici\u00eancia e se adaptem a ambientes de trabalho complexos e diversas exig\u00eancias da tarefa.<\/p>\n<p><img decoding=\"async\" src=\"https:\/\/www.hydraulic-cylinders.net\/wp-content\/uploads\/2025\/01\/songte-company-2.webp\" alt=\"Imagem do cilindro da ca\u00e7amba\"><\/p>\n<h2>Caracter\u00edsticas<\/h2>\n<ul>\n<li>\n<h3>Alta resist\u00eancia e durabilidade<\/h3>\n<p>O cilindro da ca\u00e7amba \u00e9 normalmente feito de a\u00e7o ou alum\u00ednio de alta resist\u00eancia, capaz de suportar alta press\u00e3o e cargas pesadas, e \u00e9 projetado levando em considera\u00e7\u00e3o a resist\u00eancia ao desgaste e \u00e0 corros\u00e3o para prolongar sua vida \u00fatil.<\/p>\n<\/li>\n<li>\n<h3>Opera\u00e7\u00e3o hidr\u00e1ulica eficiente<\/h3>\n<p>O cilindro da ca\u00e7amba utiliza press\u00e3o de \u00f3leo hidr\u00e1ulico para obter um movimento telesc\u00f3pico suave, que responde rapidamente aos comandos de controle, fornece for\u00e7a de empurrar e puxar potente e \u00e9 adequado para lidar com cargas pesadas e tarefas complexas.<\/p>\n<\/li>\n<li>\n<h3>Multid\u00e3o de tipos<\/h3>\n<p>O cilindro da ca\u00e7amba pode ser selecionado como de a\u00e7\u00e3o simples (sistema hidr\u00e1ulico utilizado em apenas uma dire\u00e7\u00e3o) ou de a\u00e7\u00e3o dupla (sistema hidr\u00e1ulico utilizado em ambas as dire\u00e7\u00f5es), de acordo com as necessidades para atender a diferentes requisitos operacionais. Alguns modelos s\u00e3o telesc\u00f3picos, permitindo maior extens\u00e3o sem aumentar as dimens\u00f5es externas, o que os torna adequados para aplica\u00e7\u00f5es com espa\u00e7o limitado.<\/p>\n<\/li>\n<li>\n<h3>Substitui\u00e7\u00e3o para outros cilindros hidr\u00e1ulicos<\/h3>\n<p>Nosso produto pode substituir perfeitamente esses cilindros hidr\u00e1ulicos, oferecendo um servi\u00e7o de alta qualidade a um custo menor.<\/p>\n<\/li>\n<\/ul>\n<p><img decoding=\"async\" src=\"https:\/\/www.hydraulic-cylinders.net\/wp-content\/uploads\/2025\/01\/songte-cylinder-head-with-all-kinds-excavator-models.webp\" alt=\"Imagem de substitui\u00e7\u00e3o do cilindro da ca\u00e7amba\"><\/p>\n<h2>Aplica\u00e7\u00f5es<\/h2>\n<p>O cilindro de ca\u00e7amba \u00e9 amplamente utilizado em diversas m\u00e1quinas e equipamentos pesados:<\/p>\n<ul>\n<li>\n<h3>Equipamentos de constru\u00e7\u00e3o<\/h3>\n<p>Encontradas em escavadeiras, elas s\u00e3o essenciais para cavar, carregar e movimentar terra ou entulho. Em retroescavadeiras, o cilindro da ca\u00e7amba auxilia tanto na escava\u00e7\u00e3o quanto no levantamento de material. <\/p>\n<\/li>\n<li>\n<h3>Maquinaria agr\u00edcola<\/h3>\n<p>Utilizado em p\u00e1s carregadeiras para recolher, levantar e transportar terra, feno e outros materiais. Em escavadeiras, o cilindro da ca\u00e7amba permite a escava\u00e7\u00e3o, possibilitando que a ca\u00e7amba penetre no solo.<\/p>\n<\/li>\n<li>\n<h3>Equipamento de carregamento<\/h3>\n<p>Em m\u00e1quinas de carregamento frontal, elas auxiliam no levantamento e inclina\u00e7\u00e3o eficientes de mercadorias.<\/p>\n<\/li>\n<\/ul>\n<h2>Considera\u00e7\u00f5es de design e crit\u00e9rios de sele\u00e7\u00e3o<\/h2>\n<p>Ao selecionar e projetar cilindros de ca\u00e7amba, os seguintes fatores devem ser levados em considera\u00e7\u00e3o:<\/p>\n<ul>\n<li>\n<h3>Capacidade de carga<\/h3>\n<p>O cilindro da ca\u00e7amba deve ser capaz de suportar o peso da carga que transporta, bem como resistir a for\u00e7as externas como acelera\u00e7\u00e3o, impacto e vibra\u00e7\u00e3o.<\/p>\n<\/li>\n<li>\n<h3>Selagem<\/h3>\n<p>O cilindro da ca\u00e7amba deve ser projetado com veda\u00e7\u00e3o eficaz para evitar vazamentos de \u00f3leo hidr\u00e1ulico e minimizar o desgaste dos componentes. Recomenda-se o uso de materiais resistentes ao desgaste, como poliuretano e borracha nitr\u00edlica, para as veda\u00e7\u00f5es do pist\u00e3o e da haste. O corpo do cilindro e as superf\u00edcies roscadas devem receber tratamento cuidadoso para aumentar a resist\u00eancia ao desgaste. A lubrifica\u00e7\u00e3o deve ser feita regularmente com a quantidade adequada de \u00f3leo hidr\u00e1ulico.<\/p>\n<\/li>\n<li>\n<h3>Durabilidade<\/h3>\n<p>O cilindro da ca\u00e7amba deve ser capaz de suportar ambientes de trabalho severos, resistir \u00e0 corros\u00e3o e ter uma longa vida \u00fatil. O uso de materiais de alta resist\u00eancia, tratamento t\u00e9rmico cuidadoso e usinagem de precis\u00e3o podem aumentar a durabilidade do cilindro.<\/p>\n<\/li>\n<li>\n<h3>Seguran\u00e7a e manuten\u00e7\u00e3o<\/h3>\n<p>O cilindro da ca\u00e7amba deve ser projetado com recursos de seguran\u00e7a, como v\u00e1lvulas de parada de emerg\u00eancia e prote\u00e7\u00e3o contra sobrecarga, para garantir uma opera\u00e7\u00e3o segura. Inspe\u00e7\u00f5es e manuten\u00e7\u00f5es regulares s\u00e3o necess\u00e1rias para assegurar o funcionamento adequado e para detectar e corrigir problemas potenciais antes que se agravem. A substitui\u00e7\u00e3o de pe\u00e7as desgastadas e servi\u00e7os de recondicionamento s\u00e3o recomendados para prolongar a vida \u00fatil do cilindro da ca\u00e7amba.<\/p>\n<\/li>\n<\/ul>\n<p><img decoding=\"async\" src=\"https:\/\/www.hydraulic-cylinders.net\/wp-content\/uploads\/2025\/01\/songte-oil-pipes-and-spare-parts.webp\" alt=\"Imagem de pe\u00e7as de cilindro de ca\u00e7amba\"><\/p>\n<h2>Guia de instala\u00e7\u00e3o<\/h2>\n<p>A instala\u00e7\u00e3o correta do cilindro da ca\u00e7amba \u00e9 essencial para garantir uma opera\u00e7\u00e3o segura e eficaz. As seguintes diretrizes devem ser seguidas:<\/p>\n<ul>\n<li>\n<h3>Alinhe o cilindro corretamente.<\/h3>\n<p>Alinhe o cilindro e os suportes de montagem para garantir a posi\u00e7\u00e3o de instala\u00e7\u00e3o correta.<\/p>\n<\/li>\n<li>\n<h3>Utilize suportes de montagem adequados.<\/h3>\n<p>Utilize suportes de montagem adequados para fixar o cilindro no lugar.<\/p>\n<\/li>\n<li>\n<h3>Inspe\u00e7\u00e3o e manuten\u00e7\u00e3o regulares<\/h3>\n<p>Realizar inspe\u00e7\u00f5es e manuten\u00e7\u00f5es regulares, incluindo lubrifica\u00e7\u00e3o, substitui\u00e7\u00e3o de veda\u00e7\u00f5es e verifica\u00e7\u00f5es de calibra\u00e7\u00e3o, para garantir o funcionamento adequado do cilindro da ca\u00e7amba.<\/p>\n<\/li>\n<\/ul>\n<p><img decoding=\"async\" src=\"https:\/\/www.hydraulic-cylinders.net\/wp-content\/uploads\/2025\/01\/songte-chushion-collar.webp\" alt=\"Imagem de Instala\u00e7\u00e3o do Cilindro do Balde\"><\/p>\n<h2>Considera\u00e7\u00f5es de seguran\u00e7a e fatores ambientais<\/h2>\n<p>Ao utilizar o cilindro de balde, devem ser tomadas medidas de seguran\u00e7a para evitar acidentes e les\u00f5es. O uso e a manuten\u00e7\u00e3o adequados do cilindro tamb\u00e9m podem ajudar a reduzir seu impacto ambiental.<\/p>\n<h2>Solu\u00e7\u00e3o de problemas e problemas comuns<\/h2>\n<p>Os problemas mais comuns com o cilindro da ca\u00e7amba incluem vazamentos de \u00f3leo, danos ao corpo do cilindro, pist\u00e3o, haste e veda\u00e7\u00f5es, al\u00e9m de mau funcionamento do sistema hidr\u00e1ulico. A identifica\u00e7\u00e3o e o reparo desses problemas devem ser realizados o mais r\u00e1pido poss\u00edvel para evitar maiores danos e acidentes.<\/p>\n<h2>Conclus\u00e3o<\/h2>\n<p>Nossa empresa \u00e9 uma fabricante e distribuidora l\u00edder de cilindros hidr\u00e1ulicos nos mercados nacional e internacional, com uma ampla gama de produtos e excelente qualidade. Nosso objetivo \u00e9 fornecer produtos e servi\u00e7os de alta efici\u00eancia, alta precis\u00e3o e alta qualidade para atender \u00e0s diversas necessidades de nossos clientes.<\/p>\n<p><img decoding=\"async\" src=\"https:\/\/hzpt.com\/wp-content\/uploads\/2024\/11\/songte-company-1.webp\" alt=\"Imagem da Bucket Cylinder Company\"><\/p>\n<h3>Autor: lyl<\/h3>","protected":false},"excerpt":{"rendered":"<p>Bucket Cylinder For Sunward Hybrid Excavator SWE230S Introduction The bucket cylinder, also known as a hydraulic cylinder, is a specialized cylinder designed to control the movement of the bucket in heavy machinery such as excavators, backhoes, and front loaders. Its main function is to enable the bucket to lift, lower, and tilt, making it easier [&hellip;]<\/p>","protected":false},"featured_media":14773,"comment_status":"open","ping_status":"closed","template":"","meta":{"_et_pb_use_builder":"","_et_pb_old_content":"","_et_gb_content_width":""},"product_brand":[],"product_cat":[1494],"product_tag":[1495,1496],"class_list":{"0":"post-15531","1":"product","2":"type-product","3":"status-publish","4":"has-post-thumbnail","6":"product_cat-bucket-cylinders","7":"product_tag-bucket-cylinders","8":"product_tag-hydraulic-cylinders","10":"first","11":"instock","12":"shipping-taxable","13":"product-type-simple"},"amp_enabled":true,"_links":{"self":[{"href":"https:\/\/www.hydraulic-cylinders.net\/pt\/wp-json\/wp\/v2\/product\/15531","targetHints":{"allow":["GET"]}}],"collection":[{"href":"https:\/\/www.hydraulic-cylinders.net\/pt\/wp-json\/wp\/v2\/product"}],"about":[{"href":"https:\/\/www.hydraulic-cylinders.net\/pt\/wp-json\/wp\/v2\/types\/product"}],"replies":[{"embeddable":true,"href":"https:\/\/www.hydraulic-cylinders.net\/pt\/wp-json\/wp\/v2\/comments?post=15531"}],"wp:featuredmedia":[{"embeddable":true,"href":"https:\/\/www.hydraulic-cylinders.net\/pt\/wp-json\/wp\/v2\/media\/14773"}],"wp:attachment":[{"href":"https:\/\/www.hydraulic-cylinders.net\/pt\/wp-json\/wp\/v2\/media?parent=15531"}],"wp:term":[{"taxonomy":"product_brand","embeddable":true,"href":"https:\/\/www.hydraulic-cylinders.net\/pt\/wp-json\/wp\/v2\/product_brand?post=15531"},{"taxonomy":"product_cat","embeddable":true,"href":"https:\/\/www.hydraulic-cylinders.net\/pt\/wp-json\/wp\/v2\/product_cat?post=15531"},{"taxonomy":"product_tag","embeddable":true,"href":"https:\/\/www.hydraulic-cylinders.net\/pt\/wp-json\/wp\/v2\/product_tag?post=15531"}],"curies":[{"name":"wp","href":"https:\/\/api.w.org\/{rel}","templated":true}]}}