{"id":15535,"date":"2025-01-19T14:39:09","date_gmt":"2025-01-19T14:39:09","guid":{"rendered":"https:\/\/www.hydraulic-cylinders.net\/product\/bucket-cylinder-for-lishide-small-excavator-sc85-8\/"},"modified":"2025-01-19T14:39:11","modified_gmt":"2025-01-19T14:39:11","slug":"bucket-cylinder-for-lishide-small-excavator-sc85-8","status":"publish","type":"product","link":"https:\/\/www.hydraulic-cylinders.net\/pt\/produto\/bucket-cylinder-for-lishide-small-excavator-sc85-8\/","title":{"rendered":"Cilindro da ca\u00e7amba para mini escavadeira Lishide SC85.8"},"content":{"rendered":"<h2>Cilindro da ca\u00e7amba para mini escavadeira Lishide SC85.8<\/h2>\n<p>O cilindro da ca\u00e7amba para a mini escavadeira Lishide SC85.8 \u00e9 um cilindro hidr\u00e1ulico especializado, projetado para controlar o movimento da ca\u00e7amba em m\u00e1quinas pesadas, como escavadeiras, retroescavadeiras e p\u00e1s carregadeiras. Sua principal fun\u00e7\u00e3o \u00e9 permitir o levantamento, abaixamento e inclina\u00e7\u00e3o da ca\u00e7amba, facilitando diversas tarefas de movimenta\u00e7\u00e3o de materiais.<\/p>\n<p>Em um sistema hidr\u00e1ulico, o cilindro da ca\u00e7amba permite o controle preciso da mesma, utilizando as varia\u00e7\u00f5es de press\u00e3o do \u00f3leo hidr\u00e1ulico, o que possibilita aos operadores manusear cargas pesadas com efici\u00eancia e se adaptar a ambientes de trabalho complexos e a diversas exig\u00eancias operacionais.<\/p>\n<p><img decoding=\"async\" src=\"https:\/\/www.hydraulic-cylinders.net\/wp-content\/uploads\/2025\/01\/songte-company-2.webp\"><\/p>\n<h3>Caracter\u00edsticas do produto<\/h3>\n<ul>\n<li><strong>Alta resist\u00eancia e durabilidade:<\/strong> Normalmente fabricado em a\u00e7o de alta resist\u00eancia ou alum\u00ednio, o cilindro da ca\u00e7amba suporta alta press\u00e3o e cargas pesadas, adaptando-se a ambientes de trabalho severos. Seu design considera a resist\u00eancia ao desgaste e \u00e0 corros\u00e3o para prolongar sua vida \u00fatil.<\/li>\n<li><strong>Opera\u00e7\u00e3o hidr\u00e1ulica eficiente:<\/strong> Utilizando a press\u00e3o do \u00f3leo hidr\u00e1ulico, o cilindro da ca\u00e7amba realiza movimentos suaves de extens\u00e3o e retra\u00e7\u00e3o, proporcionando resposta r\u00e1pida aos comandos de controle e oferecendo for\u00e7as de empurr\u00e3o e tra\u00e7\u00e3o potentes, o que o torna adequado para o manuseio de cargas pesadas e tarefas complexas.<\/li>\n<li><strong>V\u00e1rios tipos:<\/strong> O cilindro da ca\u00e7amba pode ser selecionado como de a\u00e7\u00e3o simples (press\u00e3o hidr\u00e1ulica aplicada em apenas uma dire\u00e7\u00e3o) ou de a\u00e7\u00e3o dupla (press\u00e3o hidr\u00e1ulica aplicada em ambas as dire\u00e7\u00f5es), dependendo dos requisitos operacionais. Alguns modelos s\u00e3o telesc\u00f3picos, permitindo maior extens\u00e3o sem aumentar as dimens\u00f5es externas, o que os torna adequados para aplica\u00e7\u00f5es com espa\u00e7o limitado.<\/li>\n<li><strong>Substitui\u00e7\u00e3o para diversos cilindros hidr\u00e1ulicos:<\/strong> Nosso produto pode substituir perfeitamente diversos cilindros hidr\u00e1ulicos. <\/li>\n<\/ul>\n<p><img decoding=\"async\" src=\"https:\/\/www.hydraulic-cylinders.net\/wp-content\/uploads\/2025\/01\/songte-cylinder-head-with-all-kinds-excavator-models.webp\"><\/p>\n<h3>Aplica\u00e7\u00f5es<\/h3>\n<p>O cilindro de ca\u00e7amba encontra aplica\u00e7\u00e3o em diversos tipos de equipamentos:<\/p>\n<ul>\n<li><strong>Equipamentos de constru\u00e7\u00e3o:<\/strong> Encontrados em escavadeiras, s\u00e3o cruciais para escavar, carregar e movimentar solo ou entulho. Em retroescavadeiras, o cilindro da ca\u00e7amba auxilia tanto na escava\u00e7\u00e3o quanto no levantamento.<\/li>\n<li><strong>Maquinaria agr\u00edcola:<\/strong> Utilizado em carregadeiras frontais, o cilindro da ca\u00e7amba \u00e9 empregado para recolher, levantar e transportar terra, feno e outros materiais.<\/li>\n<li><strong>Escavadeiras:<\/strong> O cilindro da ca\u00e7amba possibilita a\u00e7\u00f5es de escava\u00e7\u00e3o, permitindo que a ca\u00e7amba penetre no solo.<\/li>\n<li><strong>Carregadores:<\/strong> Em carregadores frontais, eles auxiliam na eleva\u00e7\u00e3o e descarga de mercadorias de forma eficaz.<\/li>\n<\/ul>\n<h3>Considera\u00e7\u00f5es de design e crit\u00e9rios de sele\u00e7\u00e3o<\/h3>\n<p>Do ponto de vista do projeto, aspectos-chave como capacidade de carga, veda\u00e7\u00e3o, durabilidade, seguran\u00e7a e facilidade de manuten\u00e7\u00e3o desempenham um papel crucial na sele\u00e7\u00e3o de um cilindro de ca\u00e7amba.<\/p>\n<p><img decoding=\"async\" src=\"https:\/\/www.hydraulic-cylinders.net\/wp-content\/uploads\/2025\/01\/songte-oil-pipes-and-spare-parts.webp\"><\/p>\n<h3>Veda\u00e7\u00e3o e Lubrifica\u00e7\u00e3o<\/h3>\n<p>O cilindro da ca\u00e7amba utiliza diversos componentes de veda\u00e7\u00e3o, como veda\u00e7\u00f5es de pist\u00e3o e veda\u00e7\u00f5es de haste, fabricados com materiais resistentes ao desgaste, como poliuretano e borracha nitr\u00edlica. O corpo do cilindro e as superf\u00edcies roscadas das extremidades passam por um tratamento meticuloso para aumentar a resist\u00eancia ao desgaste. A lubrifica\u00e7\u00e3o regular com a quantidade adequada de \u00f3leo hidr\u00e1ulico \u00e9 necess\u00e1ria para o bom funcionamento.<\/p>\n<h3>Inspe\u00e7\u00e3o regular e manuten\u00e7\u00e3o preventiva<\/h3>\n<p>Para garantir o desempenho ideal e a longevidade do produto, devem ser implementadas inspe\u00e7\u00f5es regulares e medidas de manuten\u00e7\u00e3o preventiva:<\/p>\n<ul>\n<li>Inspecione e mantenha o alinhamento correto durante a instala\u00e7\u00e3o.<\/li>\n<li>Utilize suportes de montagem adequados para fixar o cilindro durante a instala\u00e7\u00e3o.<\/li>\n<li>Implementar os procedimentos recomendados de inspe\u00e7\u00e3o, reparo e substitui\u00e7\u00e3o.<\/li>\n<li>Fornecer pe\u00e7as de reposi\u00e7\u00e3o e servi\u00e7os de reconstru\u00e7\u00e3o para prolongar a vida \u00fatil do cilindro da ca\u00e7amba.<\/li>\n<\/ul>\n<p><img decoding=\"async\" src=\"https:\/\/www.hydraulic-cylinders.net\/wp-content\/uploads\/2025\/01\/songte-chushion-collar.webp\"><\/p>\n<h3>Considera\u00e7\u00f5es de seguran\u00e7a e fatores ambientais<\/h3>\n<p>Ao utilizar cilindros de concreto armado, \u00e9 essencial seguir as medidas de seguran\u00e7a para garantir o bem-estar dos operadores e minimizar o impacto ambiental.<\/p>\n<h3>Solu\u00e7\u00e3o de problemas e problemas comuns<\/h3>\n<p>Em caso de mau funcionamento, \u00e9 importante diagnosticar e solucionar problemas comuns prontamente. Fornecer dicas e solu\u00e7\u00f5es de resolu\u00e7\u00e3o de problemas ajuda os leitores a identificar e resolver problemas com efic\u00e1cia, al\u00e9m de sugerir medidas preventivas para minimizar poss\u00edveis problemas.<\/p>\n<p><img decoding=\"async\" src=\"https:\/\/www.hydraulic-cylinders.net\/wp-content\/uploads\/2025\/01\/songte-bushings-with-all-kinds-of-excavator-models.webp\"><\/p>\n<p>Lembre-se de organizar o artigo de forma l\u00f3gica, usar subt\u00edtulos para facilitar a navega\u00e7\u00e3o, incorporar imagens ou gr\u00e1ficos relevantes para melhorar a compreens\u00e3o e garantir que o conte\u00fado seja claro, conciso e adequado para leitores com diferentes n\u00edveis de conhecimento t\u00e9cnico.<\/p>\n<h2>Sobre nossa empresa<\/h2>\n<p>Somos fabricantes de cilindros hidr\u00e1ulicos de reposi\u00e7\u00e3o e oferecemos uma ampla gama de produtos. Como um dos principais fabricantes e distribuidores atacadistas de cilindros hidr\u00e1ulicos nos mercados nacional e internacional, priorizamos a excel\u00eancia em qualidade. Nossa estrat\u00e9gia de gest\u00e3o de produ\u00e7\u00e3o industrializada se baseia em t\u00e9cnicos qualificados, equipamentos de fabrica\u00e7\u00e3o digital de \u00faltima gera\u00e7\u00e3o e sistemas de teste profissionais. Com princ\u00edpios de efici\u00eancia, precis\u00e3o e alta qualidade, atendemos \u00e0s diversas necessidades de nossos clientes.<\/p>\n<p><img decoding=\"async\" src=\"https:\/\/www.hydraulic-cylinders.net\/wp-content\/uploads\/2025\/01\/songte-company-3.webp\"><\/p>\n<p>Al\u00e9m disso, fornecemos informa\u00e7\u00f5es completas sobre nossa empresa, abordando aspectos como especializa\u00e7\u00e3o, certifica\u00e7\u00f5es internacionais, servi\u00e7os personalizados, equipamentos de produ\u00e7\u00e3o e servi\u00e7o p\u00f3s-venda.<\/p>\n<p>Autor: lyl<\/p>","protected":false},"excerpt":{"rendered":"<p>Bucket Cylinder For Lishide Small Excavator SC85.8 The Bucket Cylinder for Lishide Small Excavator SC85.8 is a specialized hydraulic cylinder designed to control the movement of the bucket in heavy machinery such as excavators, backhoe loaders, and front loaders. Its main function is to enable the lifting, lowering, and tilting of the bucket, making it [&hellip;]<\/p>","protected":false},"featured_media":14762,"comment_status":"open","ping_status":"closed","template":"","meta":{"_et_pb_use_builder":"","_et_pb_old_content":"","_et_gb_content_width":""},"product_brand":[],"product_cat":[1494],"product_tag":[1495,1496],"class_list":{"0":"post-15535","1":"product","2":"type-product","3":"status-publish","4":"has-post-thumbnail","6":"product_cat-bucket-cylinders","7":"product_tag-bucket-cylinders","8":"product_tag-hydraulic-cylinders","10":"first","11":"instock","12":"shipping-taxable","13":"product-type-simple"},"amp_enabled":true,"_links":{"self":[{"href":"https:\/\/www.hydraulic-cylinders.net\/pt\/wp-json\/wp\/v2\/product\/15535","targetHints":{"allow":["GET"]}}],"collection":[{"href":"https:\/\/www.hydraulic-cylinders.net\/pt\/wp-json\/wp\/v2\/product"}],"about":[{"href":"https:\/\/www.hydraulic-cylinders.net\/pt\/wp-json\/wp\/v2\/types\/product"}],"replies":[{"embeddable":true,"href":"https:\/\/www.hydraulic-cylinders.net\/pt\/wp-json\/wp\/v2\/comments?post=15535"}],"wp:featuredmedia":[{"embeddable":true,"href":"https:\/\/www.hydraulic-cylinders.net\/pt\/wp-json\/wp\/v2\/media\/14762"}],"wp:attachment":[{"href":"https:\/\/www.hydraulic-cylinders.net\/pt\/wp-json\/wp\/v2\/media?parent=15535"}],"wp:term":[{"taxonomy":"product_brand","embeddable":true,"href":"https:\/\/www.hydraulic-cylinders.net\/pt\/wp-json\/wp\/v2\/product_brand?post=15535"},{"taxonomy":"product_cat","embeddable":true,"href":"https:\/\/www.hydraulic-cylinders.net\/pt\/wp-json\/wp\/v2\/product_cat?post=15535"},{"taxonomy":"product_tag","embeddable":true,"href":"https:\/\/www.hydraulic-cylinders.net\/pt\/wp-json\/wp\/v2\/product_tag?post=15535"}],"curies":[{"name":"wp","href":"https:\/\/api.w.org\/{rel}","templated":true}]}}