{"id":15571,"date":"2025-01-19T14:41:55","date_gmt":"2025-01-19T14:41:55","guid":{"rendered":"https:\/\/www.hydraulic-cylinders.net\/product\/bucket-cylinder-for-liugong-small-excavator-clg9045d-907\/"},"modified":"2025-01-19T14:41:57","modified_gmt":"2025-01-19T14:41:57","slug":"bucket-cylinder-for-liugong-small-excavator-clg9045d-907","status":"publish","type":"product","link":"https:\/\/www.hydraulic-cylinders.net\/pt\/produto\/bucket-cylinder-for-liugong-small-excavator-clg9045d-907\/","title":{"rendered":"Cilindro da ca\u00e7amba para mini escavadeira Liugong CLG9045D\/907"},"content":{"rendered":"<h2>Cilindro da ca\u00e7amba para mini escavadeira Liugong CLG9045D\/907<\/h2>\n<h3>Introdu\u00e7\u00e3o<\/h3>\n<p>O cilindro da ca\u00e7amba \u00e9 um cilindro hidr\u00e1ulico especialmente projetado para controlar o movimento da ca\u00e7amba em m\u00e1quinas pesadas, como escavadeiras, retroescavadeiras e p\u00e1s carregadeiras. Sua principal fun\u00e7\u00e3o \u00e9 permitir que a ca\u00e7amba seja elevada, abaixada e inclinada, facilitando o manuseio de diversos materiais. No sistema hidr\u00e1ulico, o cilindro da ca\u00e7amba controla com precis\u00e3o os movimentos da ca\u00e7amba por meio de varia\u00e7\u00f5es na press\u00e3o hidr\u00e1ulica, permitindo que o operador manuseie cargas pesadas com efici\u00eancia, adaptando-se a ambientes de trabalho complexos e diferentes requisitos da tarefa.<\/p>\n<p><img decoding=\"async\" src=\"https:\/\/www.hydraulic-cylinders.net\/wp-content\/uploads\/2025\/01\/songte-company-2.webp\" alt=\"Imagem do cilindro da ca\u00e7amba\"><\/p>\n<h3>Caracter\u00edsticas<\/h3>\n<ul>\n<li>Alta resist\u00eancia e durabilidade: Normalmente fabricado em a\u00e7o ou alum\u00ednio de alta resist\u00eancia, suporta alta press\u00e3o e cargas pesadas, adaptando-se a ambientes de trabalho severos. O design leva em considera\u00e7\u00e3o a resist\u00eancia ao desgaste e \u00e0 corros\u00e3o, prolongando a vida \u00fatil.<\/li>\n<li>Opera\u00e7\u00e3o hidr\u00e1ulica eficiente: Utiliza a press\u00e3o do \u00f3leo hidr\u00e1ulico para obter uma extens\u00e3o e retra\u00e7\u00e3o suaves, respondendo rapidamente aos comandos de controle e fornecendo for\u00e7as de empurrar e puxar potentes, sendo adequado para lidar com cargas pesadas e tarefas complexas.<\/li>\n<li>Diversos tipos: Cilindros de a\u00e7\u00e3o simples (hidr\u00e1ulicos em uma dire\u00e7\u00e3o) ou de a\u00e7\u00e3o dupla (hidr\u00e1ulicos em duas dire\u00e7\u00f5es) podem ser selecionados de acordo com as necessidades para atender a diferentes requisitos operacionais. Alguns modelos s\u00e3o telesc\u00f3picos, permitindo maior extens\u00e3o sem aumentar as dimens\u00f5es externas e adequados para aplica\u00e7\u00f5es com espa\u00e7o limitado.<\/li>\n<li>Produtos substitu\u00edveis: Nossos produtos podem substituir perfeitamente esses cilindros hidr\u00e1ulicos.<\/li>\n<li>Aplica\u00e7\u00f5es espec\u00edficas: Utilizadas em equipamentos de constru\u00e7\u00e3o, como escavadeiras, p\u00e1s carregadeiras e retroescavadeiras. Em m\u00e1quinas agr\u00edcolas, s\u00e3o usadas em p\u00e1s carregadeiras, para escavar e transportar terra, feno e outros materiais.<\/li>\n<\/ul>\n<p><img decoding=\"async\" src=\"https:\/\/www.hydraulic-cylinders.net\/wp-content\/uploads\/2025\/01\/songte-cylinder-head-with-all-kinds-excavator-models.webp\" alt=\"Imagem do cilindro da ca\u00e7amba\"><\/p>\n<h3>Considera\u00e7\u00f5es de design e crit\u00e9rios de sele\u00e7\u00e3o<\/h3>\n<ul>\n<li>Capacidade de carga: O cilindro deve ser capaz de suportar a carga \u00e0 qual ser\u00e1 submetido.<\/li>\n<li>Veda\u00e7\u00e3o: Diversos tipos de veda\u00e7\u00f5es, como veda\u00e7\u00f5es de pist\u00e3o, veda\u00e7\u00f5es de haste, etc., utilizam materiais resistentes ao desgaste, como poliuretano e borracha nitr\u00edlica. O corpo do cilindro e as superf\u00edcies roscadas das extremidades s\u00e3o usinados com precis\u00e3o para melhorar a resist\u00eancia ao desgaste.<\/li>\n<li>Durabilidade: Fabricado com materiais de alta resist\u00eancia, projetados para suportar ambientes de trabalho severos e uso prolongado.<\/li>\n<li>Seguran\u00e7a: Devem ser tomadas medidas para a seguran\u00e7a do operador e do ambiente circundante, como o fornecimento de v\u00e1lvulas de seguran\u00e7a e v\u00e1lvulas de al\u00edvio de press\u00e3o.<\/li>\n<li>Manuten\u00e7\u00e3o: O cilindro deve ser projetado com foco na facilidade de manuten\u00e7\u00e3o, como desmontagem e montagem f\u00e1ceis das pe\u00e7as, e substitui\u00e7\u00e3o f\u00e1cil de veda\u00e7\u00f5es e outros componentes.<\/li>\n<\/ul>\n<p><img decoding=\"async\" src=\"https:\/\/www.hydraulic-cylinders.net\/wp-content\/uploads\/2025\/01\/songte-oil-pipes-and-spare-parts.webp\" alt=\"Imagem do cilindro da ca\u00e7amba\"><\/p>\n<h3>Veda\u00e7\u00e3o e Lubrifica\u00e7\u00e3o<\/h3>\n<p>Diversos tipos de veda\u00e7\u00f5es, como veda\u00e7\u00f5es de pist\u00e3o, veda\u00e7\u00f5es de haste, etc., s\u00e3o utilizados para evitar vazamentos de \u00f3leo hidr\u00e1ulico. Materiais resistentes ao desgaste, como poliuretano e borracha nitr\u00edlica, s\u00e3o empregados. O corpo do cilindro e as superf\u00edcies roscadas das extremidades s\u00e3o usinados com precis\u00e3o para melhorar a resist\u00eancia ao desgaste. \u00c9 necess\u00e1rio adicionar regularmente a quantidade adequada de \u00f3leo hidr\u00e1ulico para lubrifica\u00e7\u00e3o.<\/p>\n<h3>Manuten\u00e7\u00e3o e Reparo<\/h3>\n<p>Inspe\u00e7\u00f5es regulares e medidas de manuten\u00e7\u00e3o preventiva, como lubrifica\u00e7\u00e3o, substitui\u00e7\u00e3o de veda\u00e7\u00f5es e verifica\u00e7\u00f5es de calibra\u00e7\u00e3o, devem ser realizadas. A instala\u00e7\u00e3o, lubrifica\u00e7\u00e3o e ajuste corretos s\u00e3o cruciais. Recomenda-se alinhar o cilindro corretamente e usar suportes de instala\u00e7\u00e3o apropriados para fix\u00e1-lo. Tamb\u00e9m \u00e9 recomend\u00e1vel seguir os procedimentos de inspe\u00e7\u00e3o, reparo e substitui\u00e7\u00e3o recomendados, al\u00e9m de fornecer pe\u00e7as de reposi\u00e7\u00e3o e servi\u00e7os de recondicionamento para prolongar a vida \u00fatil do cilindro.<\/p>\n<p><img decoding=\"async\" src=\"https:\/\/www.hydraulic-cylinders.net\/wp-content\/uploads\/2025\/01\/songte-chushion-collar.webp\" alt=\"Imagem do cilindro da ca\u00e7amba\"><\/p>\n<h3>Considera\u00e7\u00f5es de seguran\u00e7a e fatores ambientais<\/h3>\n<p>Ao utilizar o cilindro, devem ser tomadas medidas de seguran\u00e7a para proteger o operador e o ambiente circundante, tais como a instala\u00e7\u00e3o de v\u00e1lvulas de seguran\u00e7a e v\u00e1lvulas de al\u00edvio de press\u00e3o. Devem tamb\u00e9m ser considerados fatores ambientais como a temperatura, a humidade e a presen\u00e7a de subst\u00e2ncias corrosivas.<\/p>\n<h3>Solu\u00e7\u00e3o de problemas e problemas comuns<\/h3>\n<p>Problemas comuns em cilindros de ca\u00e7amba incluem vazamentos, hastes tortas e veda\u00e7\u00f5es danificadas. Dicas e solu\u00e7\u00f5es para a resolu\u00e7\u00e3o de problemas devem ser fornecidas para ajudar o leitor a diagnosticar e solucionar os problemas de forma eficaz. Medidas preventivas tamb\u00e9m devem ser sugeridas para minimizar poss\u00edveis problemas.<\/p>\n<p><img decoding=\"async\" src=\"https:\/\/www.hydraulic-cylinders.net\/wp-content\/uploads\/2025\/01\/songte-bushings-with-all-kinds-of-excavator-models.webp\" alt=\"Imagem do cilindro da ca\u00e7amba\"><\/p>\n<h3>Sobre nossa empresa<\/h3>\n<p>Somos fabricantes de cilindros hidr\u00e1ulicos de reposi\u00e7\u00e3o com uma linha completa de produtos, consolidando-nos como um dos principais fabricantes e distribuidores atacadistas de cilindros hidr\u00e1ulicos nos mercados nacional e internacional. Primamos pela excel\u00eancia em qualidade e nos apoiamos em uma estrat\u00e9gia de gest\u00e3o de produ\u00e7\u00e3o industrializada, com instala\u00e7\u00f5es de fabrica\u00e7\u00e3o sofisticadas. A empresa investe continuamente na melhoria da plataforma de produ\u00e7\u00e3o, aperfei\u00e7oa o processo produtivo e possui uma forte capacidade de inova\u00e7\u00e3o. Fornecemos produtos eficientes, de alta precis\u00e3o e alta qualidade, atendendo \u00e0s diversas necessidades de nossos clientes.<\/p>\n<ul>\n<li>Profissionalismo: Contamos com uma equipe de engenheiros e t\u00e9cnicos profissionais que podem oferecer aos clientes as melhores solu\u00e7\u00f5es.<\/li>\n<li>Certifica\u00e7\u00e3o internacional: Nossos produtos possuem diversas certifica\u00e7\u00f5es internacionais, como ISO9001, CE e TUV.<\/li>\n<li>Servi\u00e7o de personaliza\u00e7\u00e3o: Oferecemos servi\u00e7os de personaliza\u00e7\u00e3o para atender \u00e0s necessidades espec\u00edficas dos clientes.<\/li>\n<li>Equipamentos de produ\u00e7\u00e3o: Possu\u00edmos instala\u00e7\u00f5es de produ\u00e7\u00e3o avan\u00e7adas, incluindo centros de usinagem CNC, retificadoras de precis\u00e3o e equipamentos para teste de cilindros hidr\u00e1ulicos.<\/li>\n<li>Servi\u00e7o p\u00f3s-venda: Oferecemos servi\u00e7o p\u00f3s-venda profissional e suporte t\u00e9cnico para garantir a satisfa\u00e7\u00e3o do cliente.<\/li>\n<\/ul>\n<p><img decoding=\"async\" src=\"https:\/\/hzpt.com\/wp-content\/uploads\/2024\/11\/songte-company-1.webp\" alt=\"Imagem do cilindro da ca\u00e7amba\"><\/p>\n<p>Autor: lyl.<\/p>","protected":false},"excerpt":{"rendered":"<p>Bucket Cylinder For Liugong Small Excavator CLG9045D\/907 Introduction A bucket cylinder is a specially designed hydraulic cylinder that is mainly used to control the movement of a bucket in heavy machinery such as excavators, backhoes, and front-end loaders. Its primary function is to enable the bucket to be raised, lowered, and tilted, making it easier [&hellip;]<\/p>","protected":false},"featured_media":14784,"comment_status":"open","ping_status":"closed","template":"","meta":{"_et_pb_use_builder":"","_et_pb_old_content":"","_et_gb_content_width":""},"product_brand":[],"product_cat":[1494],"product_tag":[1495,1496],"class_list":{"0":"post-15571","1":"product","2":"type-product","3":"status-publish","4":"has-post-thumbnail","6":"product_cat-bucket-cylinders","7":"product_tag-bucket-cylinders","8":"product_tag-hydraulic-cylinders","10":"first","11":"instock","12":"shipping-taxable","13":"product-type-simple"},"amp_enabled":true,"_links":{"self":[{"href":"https:\/\/www.hydraulic-cylinders.net\/pt\/wp-json\/wp\/v2\/product\/15571","targetHints":{"allow":["GET"]}}],"collection":[{"href":"https:\/\/www.hydraulic-cylinders.net\/pt\/wp-json\/wp\/v2\/product"}],"about":[{"href":"https:\/\/www.hydraulic-cylinders.net\/pt\/wp-json\/wp\/v2\/types\/product"}],"replies":[{"embeddable":true,"href":"https:\/\/www.hydraulic-cylinders.net\/pt\/wp-json\/wp\/v2\/comments?post=15571"}],"wp:featuredmedia":[{"embeddable":true,"href":"https:\/\/www.hydraulic-cylinders.net\/pt\/wp-json\/wp\/v2\/media\/14784"}],"wp:attachment":[{"href":"https:\/\/www.hydraulic-cylinders.net\/pt\/wp-json\/wp\/v2\/media?parent=15571"}],"wp:term":[{"taxonomy":"product_brand","embeddable":true,"href":"https:\/\/www.hydraulic-cylinders.net\/pt\/wp-json\/wp\/v2\/product_brand?post=15571"},{"taxonomy":"product_cat","embeddable":true,"href":"https:\/\/www.hydraulic-cylinders.net\/pt\/wp-json\/wp\/v2\/product_cat?post=15571"},{"taxonomy":"product_tag","embeddable":true,"href":"https:\/\/www.hydraulic-cylinders.net\/pt\/wp-json\/wp\/v2\/product_tag?post=15571"}],"curies":[{"name":"wp","href":"https:\/\/api.w.org\/{rel}","templated":true}]}}