{"id":15573,"date":"2025-01-19T14:42:04","date_gmt":"2025-01-19T14:42:04","guid":{"rendered":"https:\/\/www.hydraulic-cylinders.net\/product\/bucket-cylinder-for-liugong-small-excavator-clg915e\/"},"modified":"2025-01-19T14:42:05","modified_gmt":"2025-01-19T14:42:05","slug":"bucket-cylinder-for-liugong-small-excavator-clg915e","status":"publish","type":"product","link":"https:\/\/www.hydraulic-cylinders.net\/pt\/produto\/bucket-cylinder-for-liugong-small-excavator-clg915e\/","title":{"rendered":"Cilindro da ca\u00e7amba para mini escavadeira Liugong CLG915E"},"content":{"rendered":"<h2>Cilindro da ca\u00e7amba para mini escavadeira Liugong CLG915E<\/h2>\n<h3>Introdu\u00e7\u00e3o<\/h3>\n<p>O cilindro da ca\u00e7amba para a mini escavadeira Liugong CLG915E \u00e9 um cilindro hidr\u00e1ulico especialmente projetado para controlar o movimento da ca\u00e7amba em m\u00e1quinas pesadas, como escavadeiras, retroescavadeiras e p\u00e1s carregadeiras. Sua principal fun\u00e7\u00e3o \u00e9 permitir que a ca\u00e7amba suba, des\u00e7a e incline, facilitando o manuseio de diversos materiais. No sistema hidr\u00e1ulico, o cilindro da ca\u00e7amba proporciona um controle preciso da ca\u00e7amba por meio das varia\u00e7\u00f5es de press\u00e3o do \u00f3leo hidr\u00e1ulico, permitindo que os operadores manuseiem cargas pesadas com efici\u00eancia e se adaptem a ambientes de trabalho complexos e diversas exig\u00eancias da tarefa.<\/p>\n<p><img decoding=\"async\" src=\"https:\/\/www.hydraulic-cylinders.net\/wp-content\/uploads\/2025\/01\/songte-company-2.webp\" alt=\"Imagem do cilindro da ca\u00e7amba\"><\/p>\n<h3>Caracter\u00edsticas<\/h3>\n<ul>\n<li><b>Alta resist\u00eancia e durabilidade:<\/b> Normalmente fabricado em a\u00e7o de alta resist\u00eancia ou alum\u00ednio, o cilindro da ca\u00e7amba \u00e9 capaz de suportar alta press\u00e3o e cargas pesadas, adaptando-se a condi\u00e7\u00f5es de trabalho severas. Seu projeto considera a resist\u00eancia ao desgaste e \u00e0 corros\u00e3o, prolongando sua vida \u00fatil.<\/li>\n<li><b>Opera\u00e7\u00e3o hidr\u00e1ulica eficiente:<\/b> Ao utilizar a press\u00e3o do \u00f3leo hidr\u00e1ulico, o cilindro da ca\u00e7amba realiza movimentos suaves de extens\u00e3o e retra\u00e7\u00e3o, permitindo uma resposta r\u00e1pida aos comandos de controle e fornecendo for\u00e7as de empurrar e puxar poderosas, tornando-o adequado para o manuseio de cargas pesadas e tarefas complexas.<\/li>\n<li><b>Tipos vers\u00e1teis:<\/b> O cilindro da ca\u00e7amba pode ser selecionado como de a\u00e7\u00e3o simples (acionamento hidr\u00e1ulico em apenas uma dire\u00e7\u00e3o) ou de a\u00e7\u00e3o dupla (acionamento hidr\u00e1ulico em ambas as dire\u00e7\u00f5es) para atender a diferentes necessidades operacionais. Alguns modelos s\u00e3o telesc\u00f3picos, permitindo maior extens\u00e3o sem aumentar as dimens\u00f5es externas, tornando-os adequados para aplica\u00e7\u00f5es com espa\u00e7o limitado.<\/li>\n<li><b>Substitui\u00e7\u00e3o de cilindros existentes:<\/b> Nossos produtos podem substituir perfeitamente esses cilindros hidr\u00e1ulicos.<\/li>\n<\/ul>\n<p><img decoding=\"async\" src=\"https:\/\/www.hydraulic-cylinders.net\/wp-content\/uploads\/2025\/01\/songte-cylinder-head-with-all-kinds-excavator-models.webp\" alt=\"Imagem de substitui\u00e7\u00e3o do cilindro\"><\/p>\n<h3>Aplica\u00e7\u00f5es<\/h3>\n<p>O cilindro de ca\u00e7amba encontra sua aplica\u00e7\u00e3o em diversos equipamentos:<\/p>\n<ul>\n<li><b>Equipamentos de constru\u00e7\u00e3o:<\/b> Em escavadeiras, s\u00e3o essenciais para escavar, carregar e movimentar terra ou entulho. Em retroescavadeiras, o cilindro da ca\u00e7amba auxilia tanto na escava\u00e7\u00e3o quanto no levantamento.<\/li>\n<li><b>Maquinaria agr\u00edcola:<\/b> Usado em carregadeiras frontais para recolher, levantar e transportar solo, feno e outros materiais.<\/li>\n<li><b>Escavadeiras:<\/b> O cilindro da ca\u00e7amba permite a\u00e7\u00f5es de escava\u00e7\u00e3o permitindo que a ca\u00e7amba penetre no solo.<\/li>\n<li><b>Carregadores:<\/b> Em carregadores frontais, eles auxiliam na eleva\u00e7\u00e3o e descarga de cargas de forma eficaz.<\/li>\n<\/ul>\n<h3>Considera\u00e7\u00f5es de design e crit\u00e9rios de sele\u00e7\u00e3o<\/h3>\n<p>Ao projetar cilindros de ca\u00e7amba, v\u00e1rios fatores precisam ser considerados:<\/p>\n<ul>\n<li><b>Capacidade de carga:<\/b> O cilindro deve ser capaz de suportar a carga necess\u00e1ria sem falhar.<\/li>\n<li><b>Selagem:<\/b> A sele\u00e7\u00e3o adequada de componentes de veda\u00e7\u00e3o, como veda\u00e7\u00f5es de pist\u00e3o e veda\u00e7\u00f5es de haste, utilizando materiais resistentes ao desgaste, como poliuretano e borracha nitr\u00edlica, e o tratamento preciso da superf\u00edcie dos corpos dos cilindros e das extremidades roscadas para melhorar a resist\u00eancia ao desgaste.<\/li>\n<li><b>Durabilidade:<\/b> O cilindro deve ser projetado para suportar as condi\u00e7\u00f5es de opera\u00e7\u00e3o e proporcionar um desempenho duradouro.<\/li>\n<li><b>Seguran\u00e7a:<\/b> Recursos de seguran\u00e7a devem ser incorporados ao projeto para prevenir acidentes e garantir a prote\u00e7\u00e3o do operador.<\/li>\n<li><b>Manutenibilidade:<\/b> Devem ser tomadas medidas para facilitar a manuten\u00e7\u00e3o e o reparo do cilindro.<\/li>\n<\/ul>\n<p><img decoding=\"async\" src=\"https:\/\/www.hydraulic-cylinders.net\/wp-content\/uploads\/2025\/01\/songte-oil-pipes-and-spare-parts.webp\" alt=\"Imagem de pe\u00e7as de cilindro hidr\u00e1ulico\"><\/p>\n<h3>Veda\u00e7\u00e3o e Lubrifica\u00e7\u00e3o<\/h3>\n<p>O cilindro da ca\u00e7amba utiliza diversos componentes de veda\u00e7\u00e3o, como veda\u00e7\u00f5es de pist\u00e3o e veda\u00e7\u00f5es de haste, fabricados com materiais resistentes ao desgaste, como poliuretano e borracha nitr\u00edlica. O corpo do cilindro e as extremidades roscadas passam por um tratamento de superf\u00edcie preciso para melhorar a resist\u00eancia ao desgaste. A lubrifica\u00e7\u00e3o regular com a quantidade adequada de \u00f3leo hidr\u00e1ulico \u00e9 necess\u00e1ria para garantir o funcionamento suave e a longa vida \u00fatil do equipamento.<\/p>\n<h3>Inspe\u00e7\u00e3o regular e manuten\u00e7\u00e3o preventiva<\/h3>\n<p>Para garantir o desempenho ideal e a longevidade do cilindro da ca\u00e7amba, devem ser tomadas medidas regulares de inspe\u00e7\u00e3o e manuten\u00e7\u00e3o preventiva:<\/p>\n<ul>\n<li>Inspecione e substitua veda\u00e7\u00f5es e componentes desgastados ou danificados.<\/li>\n<li>Lubrifique adequadamente todas as partes m\u00f3veis.<\/li>\n<li>Verifique e ajuste o alinhamento do cilindro durante a instala\u00e7\u00e3o.<\/li>\n<\/ul>\n<p><img decoding=\"async\" src=\"https:\/\/www.hydraulic-cylinders.net\/wp-content\/uploads\/2025\/01\/songte-chushion-collar.webp\" alt=\"Imagem de instala\u00e7\u00e3o do cilindro\"><\/p>\n<h3>Considera\u00e7\u00f5es de seguran\u00e7a e fatores ambientais<\/h3>\n<p>Ao utilizar o cilindro com ca\u00e7amba, \u00e9 importante seguir as medidas de seguran\u00e7a para prevenir acidentes e garantir a seguran\u00e7a do operador. Fatores ambientais como temperatura e umidade tamb\u00e9m podem afetar o desempenho do cilindro e devem ser levados em considera\u00e7\u00e3o.<\/p>\n<h3>Solu\u00e7\u00e3o de problemas e problemas comuns<\/h3>\n<p>Problemas comuns que podem surgir com cilindros de ca\u00e7amba incluem vazamentos, pot\u00eancia insuficiente e ru\u00eddos anormais. Aqui est\u00e3o algumas dicas e solu\u00e7\u00f5es para solucionar o problema:<\/p>\n<ul>\n<li>Verifique se h\u00e1 vazamentos vis\u00edveis e repare ou substitua as veda\u00e7\u00f5es danificadas.<\/li>\n<li>Certifique-se de que o sistema hidr\u00e1ulico tenha press\u00e3o e vaz\u00e3o suficientes.<\/li>\n<li>Caso ocorram ru\u00eddos anormais, inspecione se h\u00e1 componentes soltos ou danificados e aperte-os ou substitua-os conforme necess\u00e1rio.<\/li>\n<\/ul>\n<p><img decoding=\"async\" src=\"https:\/\/www.hydraulic-cylinders.net\/wp-content\/uploads\/2025\/01\/songte-bushings-with-all-kinds-of-excavator-models.webp\" alt=\"Imagem de buchas de cilindro hidr\u00e1ulico\"><\/p>\n<p>A manuten\u00e7\u00e3o regular e as medidas preventivas podem ajudar a diagnosticar e resolver problemas de forma eficaz, al\u00e9m de minimizar poss\u00edveis problemas.<\/p>\n<h3>Sobre nossa empresa<\/h3>\n<p>Somos fabricantes de cilindros hidr\u00e1ulicos de reposi\u00e7\u00e3o e oferecemos uma ampla gama de produtos. Como um dos principais fabricantes e distribuidores atacadistas de cilindros hidr\u00e1ulicos nos mercados nacional e internacional, aderimos aos princ\u00edpios da excel\u00eancia e nos baseamos em estrat\u00e9gias de gest\u00e3o de produ\u00e7\u00e3o industrializada em nossas modernas instala\u00e7\u00f5es de fabrica\u00e7\u00e3o. Com a utiliza\u00e7\u00e3o de talentos tecnol\u00f3gicos, equipamentos de fabrica\u00e7\u00e3o digital de ponta e sistemas de teste profissionais, aprimoramos continuamente nossa plataforma de produ\u00e7\u00e3o e os processos de fabrica\u00e7\u00e3o com foco na qualidade dos produtos. Nossa empresa possui forte capacidade criativa, visando atender \u00e0s diversas necessidades dos clientes com alta efici\u00eancia, precis\u00e3o e qualidade.<\/p>\n<p><img decoding=\"async\" src=\"https:\/\/www.hydraulic-cylinders.net\/wp-content\/uploads\/2025\/01\/songte-company-3.webp\" alt=\"Imagem da empresa\"><\/p>\n<p>Orgulhamo-nos do nosso profissionalismo, das nossas certifica\u00e7\u00f5es internacionais, dos servi\u00e7os personalizados, dos equipamentos de produ\u00e7\u00e3o e dos servi\u00e7os p\u00f3s-venda.<\/p>\n<p>Autor: lyl<\/p>","protected":false},"excerpt":{"rendered":"<p>Bucket Cylinder For Liugong Small Excavator CLG915E Introduction The bucket cylinder for Liugong small excavator CLG915E is a specially designed hydraulic cylinder that is primarily used to control the movement of the bucket in heavy machinery such as excavators, backhoe loaders, and front-end loaders. Its main function is to enable the bucket to lift, lower, [&hellip;]<\/p>","protected":false},"featured_media":14780,"comment_status":"open","ping_status":"closed","template":"","meta":{"_et_pb_use_builder":"","_et_pb_old_content":"","_et_gb_content_width":""},"product_brand":[],"product_cat":[1494],"product_tag":[1495,1496],"class_list":{"0":"post-15573","1":"product","2":"type-product","3":"status-publish","4":"has-post-thumbnail","6":"product_cat-bucket-cylinders","7":"product_tag-bucket-cylinders","8":"product_tag-hydraulic-cylinders","10":"first","11":"instock","12":"shipping-taxable","13":"product-type-simple"},"amp_enabled":true,"_links":{"self":[{"href":"https:\/\/www.hydraulic-cylinders.net\/pt\/wp-json\/wp\/v2\/product\/15573","targetHints":{"allow":["GET"]}}],"collection":[{"href":"https:\/\/www.hydraulic-cylinders.net\/pt\/wp-json\/wp\/v2\/product"}],"about":[{"href":"https:\/\/www.hydraulic-cylinders.net\/pt\/wp-json\/wp\/v2\/types\/product"}],"replies":[{"embeddable":true,"href":"https:\/\/www.hydraulic-cylinders.net\/pt\/wp-json\/wp\/v2\/comments?post=15573"}],"wp:featuredmedia":[{"embeddable":true,"href":"https:\/\/www.hydraulic-cylinders.net\/pt\/wp-json\/wp\/v2\/media\/14780"}],"wp:attachment":[{"href":"https:\/\/www.hydraulic-cylinders.net\/pt\/wp-json\/wp\/v2\/media?parent=15573"}],"wp:term":[{"taxonomy":"product_brand","embeddable":true,"href":"https:\/\/www.hydraulic-cylinders.net\/pt\/wp-json\/wp\/v2\/product_brand?post=15573"},{"taxonomy":"product_cat","embeddable":true,"href":"https:\/\/www.hydraulic-cylinders.net\/pt\/wp-json\/wp\/v2\/product_cat?post=15573"},{"taxonomy":"product_tag","embeddable":true,"href":"https:\/\/www.hydraulic-cylinders.net\/pt\/wp-json\/wp\/v2\/product_tag?post=15573"}],"curies":[{"name":"wp","href":"https:\/\/api.w.org\/{rel}","templated":true}]}}