{"id":15577,"date":"2025-01-19T14:42:19","date_gmt":"2025-01-19T14:42:19","guid":{"rendered":"https:\/\/www.hydraulic-cylinders.net\/product\/bucket-cylinder-for-liugong-middle-excavator-clg920-920d\/"},"modified":"2025-01-19T14:42:21","modified_gmt":"2025-01-19T14:42:21","slug":"bucket-cylinder-for-liugong-middle-excavator-clg920-920d","status":"publish","type":"product","link":"https:\/\/www.hydraulic-cylinders.net\/pt\/produto\/bucket-cylinder-for-liugong-middle-excavator-clg920-920d\/","title":{"rendered":"Cilindro da ca\u00e7amba para escavadeira m\u00e9dia Liugong CLG920\/920D"},"content":{"rendered":"<h1>Cilindro da ca\u00e7amba para escavadeira m\u00e9dia Liugong CLG920\/920D<\/h1>\n<h2>Introdu\u00e7\u00e3o<\/h2>\n<p>O cilindro da ca\u00e7amba \u00e9 um cilindro hidr\u00e1ulico especialmente projetado para controlar o movimento das ca\u00e7ambas em m\u00e1quinas pesadas, como escavadeiras, retroescavadeiras e p\u00e1s carregadeiras. Sua principal fun\u00e7\u00e3o \u00e9 permitir que a ca\u00e7amba seja levantada, abaixada e inclinada, facilitando o manuseio de diversos materiais. No sistema hidr\u00e1ulico, o cilindro da ca\u00e7amba proporciona um controle preciso da ca\u00e7amba utilizando as varia\u00e7\u00f5es de press\u00e3o no \u00f3leo hidr\u00e1ulico, permitindo que os operadores manuseiem cargas pesadas com efici\u00eancia e se adaptem a ambientes de trabalho complexos e diversas exig\u00eancias da tarefa.<\/p>\n<p><img decoding=\"async\" src=\"https:\/\/www.hydraulic-cylinders.net\/wp-content\/uploads\/2025\/01\/songte-company-2.webp\" alt=\"Imagem do cilindro da ca\u00e7amba\"><\/p>\n<h2>Caracter\u00edsticas<\/h2>\n<ul>\n<li>Alta resist\u00eancia e durabilidade: Normalmente fabricado em a\u00e7o ou alum\u00ednio de alta resist\u00eancia, o cilindro da ca\u00e7amba \u00e9 capaz de suportar alta press\u00e3o e cargas pesadas, adaptando-se a condi\u00e7\u00f5es de trabalho severas. O projeto considera a resist\u00eancia ao desgaste e \u00e0 corros\u00e3o para prolongar sua vida \u00fatil.<\/li>\n<li>Opera\u00e7\u00e3o hidr\u00e1ulica eficiente: Utilizando a press\u00e3o do \u00f3leo hidr\u00e1ulico, o cilindro da ca\u00e7amba realiza movimentos suaves de extens\u00e3o e retra\u00e7\u00e3o, proporcionando for\u00e7as de empuxo e tra\u00e7\u00e3o potentes, adequadas para o manuseio de cargas pesadas e tarefas complexas.<\/li>\n<li>Tipos Variados: O cilindro da ca\u00e7amba pode ser selecionado como de a\u00e7\u00e3o simples (acionamento hidr\u00e1ulico em apenas uma dire\u00e7\u00e3o) ou de a\u00e7\u00e3o dupla (acionamento hidr\u00e1ulico em ambas as dire\u00e7\u00f5es), de acordo com as necessidades. Alguns modelos s\u00e3o telesc\u00f3picos, permitindo maior extens\u00e3o sem aumentar as dimens\u00f5es externas, sendo adequados para aplica\u00e7\u00f5es com espa\u00e7o limitado.<\/li>\n<li>Substitui\u00e7\u00e3o perfeita: Nosso produto pode substituir perfeitamente esses cilindros hidr\u00e1ulicos.<\/li>\n<\/ul>\n<p><img decoding=\"async\" src=\"https:\/\/www.hydraulic-cylinders.net\/wp-content\/uploads\/2025\/01\/songte-cylinder-head-with-all-kinds-excavator-models.webp\" alt=\"Imagem de substitui\u00e7\u00e3o do cilindro da ca\u00e7amba\"><\/p>\n<h2>Aplica\u00e7\u00f5es<\/h2>\n<ul>\n<li>Equipamentos de constru\u00e7\u00e3o: Encontrados em escavadeiras, s\u00e3o essenciais para cavar, carregar e movimentar terra ou entulho. Em retroescavadeiras, o cilindro da ca\u00e7amba auxilia tanto na escava\u00e7\u00e3o quanto no levantamento de materiais.<\/li>\n<li>M\u00e1quinas agr\u00edcolas: Utilizadas em p\u00e1s carregadeiras frontais para recolher, levantar e transportar terra, feno e outros materiais.<\/li>\n<li>Escavadeiras: O cilindro da ca\u00e7amba permite a\u00e7\u00f5es de escava\u00e7\u00e3o permitindo que a ca\u00e7amba penetre no solo.<\/li>\n<li>Carregadores: Em carregadores frontais, eles auxiliam no levantamento e despejo eficiente de mercadorias.<\/li>\n<\/ul>\n<h2>Considera\u00e7\u00f5es de design e crit\u00e9rios de sele\u00e7\u00e3o<\/h2>\n<p>Em termos de considera\u00e7\u00f5es de projeto, aspectos-chave como capacidade de carga, veda\u00e7\u00e3o, durabilidade, seguran\u00e7a e facilidade de manuten\u00e7\u00e3o s\u00e3o levados em conta.<\/p>\n<p><img decoding=\"async\" src=\"https:\/\/www.hydraulic-cylinders.net\/wp-content\/uploads\/2025\/01\/songte-oil-pipes-and-spare-parts.webp\" alt=\"Considera\u00e7\u00f5es de design Imagem\"><\/p>\n<h2>Veda\u00e7\u00e3o e Lubrifica\u00e7\u00e3o<\/h2>\n<p>O cilindro da ca\u00e7amba utiliza diversos componentes de veda\u00e7\u00e3o, como veda\u00e7\u00f5es de pist\u00e3o e veda\u00e7\u00f5es de haste, fabricados com materiais resistentes ao desgaste, como poliuretano e borracha nitr\u00edlica. O corpo do cilindro e as extremidades roscadas passam por um meticuloso tratamento de superf\u00edcie para aumentar a resist\u00eancia ao desgaste. A lubrifica\u00e7\u00e3o regular com \u00f3leo hidr\u00e1ulico apropriado \u00e9 necess\u00e1ria para garantir o bom funcionamento.<\/p>\n<h2>Inspe\u00e7\u00e3o regular e manuten\u00e7\u00e3o preventiva<\/h2>\n<p>Inspe\u00e7\u00f5es regulares e medidas de manuten\u00e7\u00e3o preventiva s\u00e3o cruciais para prolongar a vida \u00fatil do cilindro da ca\u00e7amba. Isso inclui tarefas como verificar vazamentos, garantir a lubrifica\u00e7\u00e3o adequada, substituir veda\u00e7\u00f5es quando necess\u00e1rio e realizar verifica\u00e7\u00f5es de calibra\u00e7\u00e3o.<\/p>\n<h2>Diretrizes de instala\u00e7\u00e3o corretas<\/h2>\n<p>A instala\u00e7\u00e3o correta do cilindro da ca\u00e7amba \u00e9 essencial para o seu desempenho ideal. Recomenda-se alinhar o cilindro corretamente durante o processo de instala\u00e7\u00e3o e utilizar suportes de montagem adequados para fix\u00e1-lo.<\/p>\n<p><img decoding=\"async\" src=\"https:\/\/www.hydraulic-cylinders.net\/wp-content\/uploads\/2025\/01\/songte-chushion-collar.webp\" alt=\"Imagem de Instala\u00e7\u00e3o Correta\"><\/p>\n<h2>Tarefas de manuten\u00e7\u00e3o<\/h2>\n<p>As tarefas comuns de manuten\u00e7\u00e3o do cilindro da ca\u00e7amba incluem inspe\u00e7\u00e3o regular, lubrifica\u00e7\u00e3o adequada, substitui\u00e7\u00e3o de veda\u00e7\u00f5es e verifica\u00e7\u00e3o de calibra\u00e7\u00e3o. \u00c9 importante enfatizar a import\u00e2ncia da instala\u00e7\u00e3o, lubrifica\u00e7\u00e3o e ajuste corretos. Fornecer orienta\u00e7\u00f5es sobre o alinhamento correto do cilindro durante a instala\u00e7\u00e3o, recomendar o uso de suportes de instala\u00e7\u00e3o adequados para fix\u00e1-lo, sugerir procedimentos de inspe\u00e7\u00e3o, reparo e substitui\u00e7\u00e3o, e oferecer servi\u00e7os de substitui\u00e7\u00e3o e reconstru\u00e7\u00e3o de pe\u00e7as para aumentar a vida \u00fatil do cilindro da ca\u00e7amba.<\/p>\n<p><img decoding=\"async\" src=\"https:\/\/www.hydraulic-cylinders.net\/wp-content\/uploads\/2025\/01\/songte-bushings-with-all-kinds-of-excavator-models.webp\" alt=\"Imagem de tarefas de manuten\u00e7\u00e3o\"><\/p>\n<h2>Considera\u00e7\u00f5es de seguran\u00e7a e fatores ambientais<\/h2>\n<p>Ao utilizar o cilindro com balde, \u00e9 crucial priorizar medidas de seguran\u00e7a para prevenir acidentes. Pr\u00e1ticas ambientalmente respons\u00e1veis \u200b\u200btamb\u00e9m devem ser consideradas para minimizar o impacto no meio ambiente.<\/p>\n<h2>Solu\u00e7\u00e3o de problemas e problemas comuns<\/h2>\n<p>Identificar e solucionar problemas prontamente \u00e9 essencial para uma opera\u00e7\u00e3o eficiente. Fornecer dicas e solu\u00e7\u00f5es para a resolu\u00e7\u00e3o de problemas pode ajudar os leitores a diagnosticar e solucionar problemas com efic\u00e1cia. Al\u00e9m disso, sugerir medidas preventivas pode minimizar problemas potenciais.<\/p>\n<p><img decoding=\"async\" src=\"https:\/\/www.hydraulic-cylinders.net\/wp-content\/uploads\/2025\/01\/songte-company-1.webp\" alt=\"Solu\u00e7\u00e3o de problemas e problemas comuns Imagem\"><\/p>\n<h2>Sobre nossa empresa<\/h2>\n<p>Somos fabricantes de cilindros hidr\u00e1ulicos de reposi\u00e7\u00e3o e um dos principais fabricantes e distribuidores atacadistas nos mercados nacional e internacional. Com foco na excel\u00eancia em qualidade, nossa empresa aprimora continuamente sua plataforma de produ\u00e7\u00e3o em termos de talentos tecnol\u00f3gicos, equipamentos de fabrica\u00e7\u00e3o digital avan\u00e7ados e sistemas de teste profissionais. Oferecemos servi\u00e7os personalizados e uma ampla gama de produtos. Nosso compromisso com a efici\u00eancia, precis\u00e3o e alta qualidade nos permite atender \u00e0s diversas necessidades de nossos clientes.<\/p>\n<p><img decoding=\"async\" src=\"https:\/\/www.hydraulic-cylinders.net\/wp-content\/uploads\/2025\/01\/songte-company-3.webp\" alt=\"Imagem da empresa\"><\/p>\n<p>Mais informa\u00e7\u00f5es sobre a nossa empresa:<\/p>\n<ul>\n<li>Profissionalismo<\/li>\n<li>Certifica\u00e7\u00f5es Internacionais<\/li>\n<li>Servi\u00e7os de Personaliza\u00e7\u00e3o<\/li>\n<li>Equipamentos de produ\u00e7\u00e3o<\/li>\n<li>Servi\u00e7os p\u00f3s-venda<\/li>\n<\/ul>\n<p>Autor: lyl<\/p>","protected":false},"excerpt":{"rendered":"<p>Bucket Cylinder For Liugong Middle Excavator CLG920\/920D Introduction The bucket cylinder is a specially designed hydraulic cylinder used to control the movement of buckets in heavy machinery such as excavators, backhoe loaders, and front loaders. Its main function is to allow the bucket to be lifted, lowered, and tilted, making it easier to handle various [&hellip;]<\/p>","protected":false},"featured_media":14771,"comment_status":"open","ping_status":"closed","template":"","meta":{"_et_pb_use_builder":"","_et_pb_old_content":"","_et_gb_content_width":""},"product_brand":[],"product_cat":[1494],"product_tag":[1495,1496],"class_list":{"0":"post-15577","1":"product","2":"type-product","3":"status-publish","4":"has-post-thumbnail","6":"product_cat-bucket-cylinders","7":"product_tag-bucket-cylinders","8":"product_tag-hydraulic-cylinders","10":"first","11":"instock","12":"shipping-taxable","13":"product-type-simple"},"amp_enabled":true,"_links":{"self":[{"href":"https:\/\/www.hydraulic-cylinders.net\/pt\/wp-json\/wp\/v2\/product\/15577","targetHints":{"allow":["GET"]}}],"collection":[{"href":"https:\/\/www.hydraulic-cylinders.net\/pt\/wp-json\/wp\/v2\/product"}],"about":[{"href":"https:\/\/www.hydraulic-cylinders.net\/pt\/wp-json\/wp\/v2\/types\/product"}],"replies":[{"embeddable":true,"href":"https:\/\/www.hydraulic-cylinders.net\/pt\/wp-json\/wp\/v2\/comments?post=15577"}],"wp:featuredmedia":[{"embeddable":true,"href":"https:\/\/www.hydraulic-cylinders.net\/pt\/wp-json\/wp\/v2\/media\/14771"}],"wp:attachment":[{"href":"https:\/\/www.hydraulic-cylinders.net\/pt\/wp-json\/wp\/v2\/media?parent=15577"}],"wp:term":[{"taxonomy":"product_brand","embeddable":true,"href":"https:\/\/www.hydraulic-cylinders.net\/pt\/wp-json\/wp\/v2\/product_brand?post=15577"},{"taxonomy":"product_cat","embeddable":true,"href":"https:\/\/www.hydraulic-cylinders.net\/pt\/wp-json\/wp\/v2\/product_cat?post=15577"},{"taxonomy":"product_tag","embeddable":true,"href":"https:\/\/www.hydraulic-cylinders.net\/pt\/wp-json\/wp\/v2\/product_tag?post=15577"}],"curies":[{"name":"wp","href":"https:\/\/api.w.org\/{rel}","templated":true}]}}