{"id":15578,"date":"2025-01-19T14:42:24","date_gmt":"2025-01-19T14:42:24","guid":{"rendered":"https:\/\/www.hydraulic-cylinders.net\/product\/bucket-cylinder-for-liugong-middle-excavator-clg925d-925e\/"},"modified":"2025-01-19T14:42:26","modified_gmt":"2025-01-19T14:42:26","slug":"bucket-cylinder-for-liugong-middle-excavator-clg925d-925e","status":"publish","type":"product","link":"https:\/\/www.hydraulic-cylinders.net\/pt\/produto\/bucket-cylinder-for-liugong-middle-excavator-clg925d-925e\/","title":{"rendered":"Cilindro da ca\u00e7amba para escavadeira m\u00e9dia Liugong CLG925D\/925E"},"content":{"rendered":"<h1>Cilindro da ca\u00e7amba para escavadeira m\u00e9dia Liugong CLG925D\/925E<\/h1>\n<h2>Introdu\u00e7\u00e3o<\/h2>\n<p>O cilindro da ca\u00e7amba \u00e9 um cilindro hidr\u00e1ulico especialmente projetado para controlar o movimento da ca\u00e7amba em m\u00e1quinas pesadas, como escavadeiras, retroescavadeiras e p\u00e1s carregadeiras. Sua principal fun\u00e7\u00e3o \u00e9 permitir que a ca\u00e7amba suba, des\u00e7a e incline, facilitando a execu\u00e7\u00e3o de diversas tarefas de movimenta\u00e7\u00e3o de materiais. No sistema hidr\u00e1ulico, o cilindro da ca\u00e7amba proporciona um controle preciso da ca\u00e7amba por meio de altera\u00e7\u00f5es na press\u00e3o do \u00f3leo hidr\u00e1ulico, permitindo que os operadores manuseiem cargas pesadas com efici\u00eancia, se adaptem a ambientes de trabalho complexos e a diversas exig\u00eancias da tarefa.<\/p>\n<p><img decoding=\"async\" src=\"https:\/\/www.hydraulic-cylinders.net\/wp-content\/uploads\/2025\/01\/songte-company-2.webp\" alt=\"Cilindro de ca\u00e7amba\"><\/p>\n<h2>Caracter\u00edsticas<\/h2>\n<ul>\n<li>\n<h3>Alta resist\u00eancia e durabilidade:<\/h3>\n<p> Geralmente fabricado em a\u00e7o de alta resist\u00eancia ou alum\u00ednio, suporta alta press\u00e3o e cargas pesadas, adaptando-se a ambientes de trabalho severos. \u00c9 projetado com foco na resist\u00eancia ao desgaste e \u00e0 corros\u00e3o, prolongando sua vida \u00fatil.<\/li>\n<li>\n<h3>Opera\u00e7\u00e3o hidr\u00e1ulica eficiente:<\/h3>\n<p> O movimento telesc\u00f3pico suave \u00e9 obtido atrav\u00e9s da press\u00e3o do \u00f3leo hidr\u00e1ulico, que responde rapidamente aos comandos de controle, proporcionando fortes for\u00e7as de empurrar e puxar, adequadas para o manuseio de cargas pesadas e tarefas complexas.<\/li>\n<li>\n<h3>Tipos diversos:<\/h3>\n<p> Cilindros de a\u00e7\u00e3o simples (acionamento hidr\u00e1ulico em apenas uma dire\u00e7\u00e3o) ou de a\u00e7\u00e3o dupla (acionamento hidr\u00e1ulico em ambas as dire\u00e7\u00f5es) podem ser selecionados de acordo com as necessidades operacionais. Alguns modelos s\u00e3o telesc\u00f3picos, permitindo maior extens\u00e3o sem aumentar as dimens\u00f5es externas, sendo adequados para aplica\u00e7\u00f5es com espa\u00e7o limitado.<\/li>\n<li>\n<h3>Nossa capacidade de produzir este produto:<\/h3>\n<p> Nosso produto pode substituir perfeitamente esses cilindros hidr\u00e1ulicos.<\/li>\n<\/ul>\n<p><img decoding=\"async\" src=\"https:\/\/www.hydraulic-cylinders.net\/wp-content\/uploads\/2025\/01\/songte-cylinder-head-with-all-kinds-excavator-models.webp\" alt=\"Produto\"><\/p>\n<h2>Aplica\u00e7\u00f5es<\/h2>\n<p>O cilindro da ca\u00e7amba \u00e9 essencial para escavar, carregar e movimentar solo ou entulho em equipamentos de constru\u00e7\u00e3o, como escavadeiras e retroescavadeiras. Al\u00e9m disso, \u00e9 utilizado em p\u00e1s carregadeiras para levantar e despejar materiais com efici\u00eancia. A seguir, algumas aplica\u00e7\u00f5es espec\u00edficas:<\/p>\n<ul>\n<li>\n<h3>Equipamentos de constru\u00e7\u00e3o:<\/h3>\n<p> Os cilindros da ca\u00e7amba s\u00e3o cruciais para escavar, carregar e movimentar solo ou entulho em escavadeiras e retroescavadeiras. O cilindro da ca\u00e7amba auxilia tanto na escava\u00e7\u00e3o quanto no levantamento em retroescavadeiras.<\/li>\n<li>\n<h3>Maquinaria agr\u00edcola:<\/h3>\n<p> Utilizado em p\u00e1s carregadeiras frontais para levantar e transportar terra, feno e outros materiais.<\/li>\n<li>\n<h3>Escavadeiras:<\/h3>\n<p> O cilindro da ca\u00e7amba permite a a\u00e7\u00e3o de escava\u00e7\u00e3o, permitindo que a ca\u00e7amba penetre no solo.<\/li>\n<li>\n<h3>Carregadeiras frontais:<\/h3>\n<p> Eles auxiliam no levantamento e inclina\u00e7\u00e3o de cargas de forma eficaz.<\/li>\n<\/ul>\n<h2>Considera\u00e7\u00f5es de design e crit\u00e9rios de sele\u00e7\u00e3o<\/h2>\n<h3>Considera\u00e7\u00f5es de projeto:<\/h3>\n<ul>\n<li>\n<h4>Capacidade de suporte:<\/h4>\n<p> O cilindro da ca\u00e7amba deve ser capaz de suportar a capacidade de carga necess\u00e1ria sem falhas.<\/li>\n<li>\n<h4>Selagem:<\/h4>\n<p> O cilindro deve ser devidamente vedado para evitar qualquer vazamento de fluido hidr\u00e1ulico.<\/li>\n<li>\n<h4>Durabilidade:<\/h4>\n<p> O cilindro deve ser projetado para suportar condi\u00e7\u00f5es de trabalho severas e ser resistente ao desgaste e \u00e0 corros\u00e3o.<\/li>\n<li>\n<h4>Seguran\u00e7a:<\/h4>\n<p> O cilindro deve ser projetado para garantir a seguran\u00e7a do operador e do ambiente ao redor.<\/li>\n<li>\n<h4>Manuten\u00e7\u00e3o:<\/h4>\n<p> O cilindro deve ser projetado para facilitar a manuten\u00e7\u00e3o e o reparo.<\/li>\n<\/ul>\n<p><img decoding=\"async\" src=\"https:\/\/www.hydraulic-cylinders.net\/wp-content\/uploads\/2025\/01\/songte-oil-pipes-and-spare-parts.webp\" alt=\"Produtos\"><\/p>\n<h3>Veda\u00e7\u00e3o e Lubrifica\u00e7\u00e3o:<\/h3>\n<p>Diversos componentes de veda\u00e7\u00e3o, como veda\u00e7\u00f5es de pist\u00e3o e veda\u00e7\u00f5es de haste, s\u00e3o utilizados para evitar vazamentos de fluido hidr\u00e1ulico. As veda\u00e7\u00f5es s\u00e3o fabricadas com materiais resistentes ao desgaste, como poliuretano e borracha nitr\u00edlica. O corpo do cilindro e a superf\u00edcie roscada da extremidade s\u00e3o usinados com precis\u00e3o para melhorar a resist\u00eancia ao desgaste. A lubrifica\u00e7\u00e3o regular com \u00f3leo hidr\u00e1ulico adequado \u00e9 necess\u00e1ria para garantir o funcionamento correto.<\/p>\n<h3>Manuten\u00e7\u00e3o e Reparo:<\/h3>\n<p>Inspe\u00e7\u00f5es regulares, lubrifica\u00e7\u00e3o adequada, substitui\u00e7\u00e3o de veda\u00e7\u00f5es e verifica\u00e7\u00f5es de calibra\u00e7\u00e3o s\u00e3o algumas das tarefas comuns de manuten\u00e7\u00e3o. A instala\u00e7\u00e3o, lubrifica\u00e7\u00e3o e ajuste corretos s\u00e3o cruciais para aumentar a vida \u00fatil do cilindro da ca\u00e7amba. O alinhamento correto do cilindro \u00e9 importante durante a instala\u00e7\u00e3o, e suportes de instala\u00e7\u00e3o adequados devem ser usados \u200b\u200bpara fix\u00e1-lo. Procedimentos recomendados de inspe\u00e7\u00e3o, reparo e substitui\u00e7\u00e3o, troca de pe\u00e7as e servi\u00e7os de recondicionamento s\u00e3o oferecidos para melhorar a vida \u00fatil do cilindro.<\/p>\n<p><img decoding=\"async\" src=\"https:\/\/www.hydraulic-cylinders.net\/wp-content\/uploads\/2025\/01\/songte-chushion-collar.webp\" alt=\"Produtos\"><\/p>\n<h2>Considera\u00e7\u00f5es de seguran\u00e7a e fatores ambientais<\/h2>\n<p>Os cilindros hidr\u00e1ulicos de ca\u00e7amba devem ser operados com seguran\u00e7a e medidas de seguran\u00e7a adequadas devem ser tomadas durante o uso. Isso inclui seguir as diretrizes de seguran\u00e7a, como o uso de equipamentos de prote\u00e7\u00e3o individual e a garantia de que o equipamento hidr\u00e1ulico esteja em boas condi\u00e7\u00f5es de funcionamento. Fatores ambientais como temperatura, umidade e corros\u00e3o tamb\u00e9m devem ser levados em considera\u00e7\u00e3o durante a opera\u00e7\u00e3o dos cilindros hidr\u00e1ulicos de ca\u00e7amba.<\/p>\n<h2>Solu\u00e7\u00e3o de problemas e problemas comuns<\/h2>\n<p>A seguir, apresentamos alguns problemas comuns que podem ocorrer durante o uso de cilindros de ca\u00e7amba:<\/p>\n<ul>\n<li>\n<h3>Vazamento de fluido hidr\u00e1ulico:<\/h3>\n<p> Isso pode ser devido ao desgaste de veda\u00e7\u00f5es ou outros componentes.<\/li>\n<li>\n<h3>Mau funcionamento do cilindro:<\/h3>\n<p> O cilindro pode n\u00e3o funcionar corretamente por diversos motivos, como press\u00e3o hidr\u00e1ulica reduzida ou pist\u00e3o danificado.<\/li>\n<li>\n<h3>Ru\u00eddo e vibra\u00e7\u00e3o:<\/h3>\n<p> Isso pode ser causado por instala\u00e7\u00e3o inadequada, componentes desgastados ou contamina\u00e7\u00e3o do fluido hidr\u00e1ulico.<\/li>\n<\/ul>\n<p>Inspe\u00e7\u00f5es adequadas e manuten\u00e7\u00e3o preventiva podem ajudar a identificar e evitar esses problemas. Se um problema for detectado, medidas apropriadas de diagn\u00f3stico e reparo devem ser tomadas para resolv\u00ea-lo.<\/p>\n<p><img decoding=\"async\" src=\"https:\/\/www.hydraulic-cylinders.net\/wp-content\/uploads\/2025\/01\/songte-bushings-with-all-kinds-of-excavator-models.webp\" alt=\"Produtos\"><\/p>\n<h2>Sobre nossa empresa<\/h2>\n<p>Somos fabricantes de cilindros hidr\u00e1ulicos e nossa linha de produtos \u00e9 abrangente. Somos um dos principais fabricantes e distribuidores atacadistas de cilindros hidr\u00e1ulicos nos mercados nacional e internacional. Seguimos a estrat\u00e9gia de excel\u00eancia em qualidade e contamos com a gest\u00e3o industrializada de nossas sofisticadas instala\u00e7\u00f5es de produ\u00e7\u00e3o. Nossa empresa aprimora continuamente a plataforma de fabrica\u00e7\u00e3o, investindo em talentos t\u00e9cnicos, equipamentos digitais de \u00faltima gera\u00e7\u00e3o e sistemas de teste profissionais, aperfei\u00e7oando a linha de produ\u00e7\u00e3o e possuindo uma forte capacidade criativa. Fornecemos aos nossos clientes produtos de alta efici\u00eancia, alta precis\u00e3o e alta qualidade para atender \u00e0s suas diversas necessidades.<\/p>\n<p><img decoding=\"async\" src=\"https:\/\/hzpt.com\/wp-content\/uploads\/2024\/11\/songte-company-1.webp\" alt=\"Empresa\"><\/p>\n<h3>Profissionalismo:<\/h3>\n<p>Nossa empresa conta com uma equipe de profissionais experientes, especialistas em suas respectivas \u00e1reas. Oferecemos aos nossos clientes servi\u00e7os t\u00e9cnicos e suporte de alta qualidade para garantir que suas necessidades sejam atendidas.<\/p>\n<h3>Certifica\u00e7\u00e3o Internacional:<\/h3>\n<p>Nossos produtos s\u00e3o certificados por organiza\u00e7\u00f5es internacionais de controle de qualidade, como a ISO e a CE, garantindo um alto n\u00edvel de seguran\u00e7a e qualidade.<\/p>\n<h3>Servi\u00e7os de personaliza\u00e7\u00e3o:<\/h3>\n<p>Fornecemos aos nossos clientes cilindros hidr\u00e1ulicos personalizados e oferecemos suporte e orienta\u00e7\u00e3o t\u00e9cnica durante todo o processo.<\/p>\n<h3>Equipamentos de produ\u00e7\u00e3o:<\/h3>\n<p>Nossa empresa possui uma gama de equipamentos de produ\u00e7\u00e3o avan\u00e7ados, incluindo tornos CNC, centros de usinagem e equipamentos de teste, entre outros.<\/p>\n<h3>Servi\u00e7o p\u00f3s-venda:<\/h3>\n<p>Oferecemos aos nossos clientes servi\u00e7o e suporte p\u00f3s-venda para garantir sua satisfa\u00e7\u00e3o com nossos produtos.<\/p>\n<p><img decoding=\"async\" src=\"https:\/\/www.hydraulic-cylinders.net\/wp-content\/uploads\/2025\/01\/songte-company-3.webp\" alt=\"Empresa\"><\/p>\n<h2>Autor: lyl<\/h2>","protected":false},"excerpt":{"rendered":"<p>Bucket Cylinder for Liugong Middle Excavator CLG925D\/925E Introduction The bucket cylinder is a specially designed hydraulic cylinder primarily used to control the movement of the bucket in heavy machinery such as excavators, backhoe loaders, and front-end loaders. Its main function is to enable the bucket to lift, lower, and tilt, making it easier to perform [&hellip;]<\/p>","protected":false},"featured_media":14769,"comment_status":"open","ping_status":"closed","template":"","meta":{"_et_pb_use_builder":"","_et_pb_old_content":"","_et_gb_content_width":""},"product_brand":[],"product_cat":[1494],"product_tag":[1495,1496],"class_list":{"0":"post-15578","1":"product","2":"type-product","3":"status-publish","4":"has-post-thumbnail","6":"product_cat-bucket-cylinders","7":"product_tag-bucket-cylinders","8":"product_tag-hydraulic-cylinders","10":"first","11":"instock","12":"shipping-taxable","13":"product-type-simple"},"amp_enabled":true,"_links":{"self":[{"href":"https:\/\/www.hydraulic-cylinders.net\/pt\/wp-json\/wp\/v2\/product\/15578","targetHints":{"allow":["GET"]}}],"collection":[{"href":"https:\/\/www.hydraulic-cylinders.net\/pt\/wp-json\/wp\/v2\/product"}],"about":[{"href":"https:\/\/www.hydraulic-cylinders.net\/pt\/wp-json\/wp\/v2\/types\/product"}],"replies":[{"embeddable":true,"href":"https:\/\/www.hydraulic-cylinders.net\/pt\/wp-json\/wp\/v2\/comments?post=15578"}],"wp:featuredmedia":[{"embeddable":true,"href":"https:\/\/www.hydraulic-cylinders.net\/pt\/wp-json\/wp\/v2\/media\/14769"}],"wp:attachment":[{"href":"https:\/\/www.hydraulic-cylinders.net\/pt\/wp-json\/wp\/v2\/media?parent=15578"}],"wp:term":[{"taxonomy":"product_brand","embeddable":true,"href":"https:\/\/www.hydraulic-cylinders.net\/pt\/wp-json\/wp\/v2\/product_brand?post=15578"},{"taxonomy":"product_cat","embeddable":true,"href":"https:\/\/www.hydraulic-cylinders.net\/pt\/wp-json\/wp\/v2\/product_cat?post=15578"},{"taxonomy":"product_tag","embeddable":true,"href":"https:\/\/www.hydraulic-cylinders.net\/pt\/wp-json\/wp\/v2\/product_tag?post=15578"}],"curies":[{"name":"wp","href":"https:\/\/api.w.org\/{rel}","templated":true}]}}