{"id":15591,"date":"2025-01-19T14:43:21","date_gmt":"2025-01-19T14:43:21","guid":{"rendered":"https:\/\/www.hydraulic-cylinders.net\/product\/bucket-cylinder-for-xgma-small-excavator-xg808\/"},"modified":"2025-01-19T14:43:23","modified_gmt":"2025-01-19T14:43:23","slug":"bucket-cylinder-for-xgma-small-excavator-xg808","status":"publish","type":"product","link":"https:\/\/www.hydraulic-cylinders.net\/pt\/produto\/bucket-cylinder-for-xgma-small-excavator-xg808\/","title":{"rendered":"Cilindro da ca\u00e7amba para mini escavadeira XGMA XG808"},"content":{"rendered":"<p><!DOCTYPE html><br \/>\n<html><br \/>\n<head><br \/>\n<\/head><br \/>\n<body><\/p>\n<h1>Cilindro da ca\u00e7amba para mini escavadeira XGMA XG808<\/h1>\n<h2>Introdu\u00e7\u00e3o<\/h2>\n<p>O cilindro da ca\u00e7amba \u00e9 um cilindro hidr\u00e1ulico especialmente projetado para controlar o movimento da ca\u00e7amba em m\u00e1quinas pesadas, como escavadeiras, retroescavadeiras e p\u00e1s carregadeiras. Sua principal fun\u00e7\u00e3o \u00e9 permitir que a ca\u00e7amba suba, des\u00e7a e incline, facilitando diversas tarefas de movimenta\u00e7\u00e3o de materiais. No sistema hidr\u00e1ulico, o cilindro da ca\u00e7amba proporciona um controle preciso da ca\u00e7amba por meio das varia\u00e7\u00f5es de press\u00e3o do \u00f3leo hidr\u00e1ulico, permitindo que os operadores manuseiem cargas pesadas com efici\u00eancia e se adaptem a ambientes de trabalho complexos e diversas exig\u00eancias operacionais.<\/p>\n<p><img decoding=\"async\" src=\"https:\/\/www.hydraulic-cylinders.net\/wp-content\/uploads\/2025\/01\/songte-company-2.webp\" alt=\"Imagem do cilindro da ca\u00e7amba\"><\/p>\n<h2>Caracter\u00edsticas<\/h2>\n<ul>\n<li>Alta resist\u00eancia e durabilidade: Normalmente fabricado em a\u00e7o ou alum\u00ednio de alta resist\u00eancia, o cilindro da ca\u00e7amba suporta alta press\u00e3o e cargas pesadas, adaptando-se a condi\u00e7\u00f5es de trabalho severas. Seu design leva em considera\u00e7\u00e3o a resist\u00eancia ao desgaste e \u00e0 corros\u00e3o, prolongando sua vida \u00fatil.<\/li>\n<li>Opera\u00e7\u00e3o hidr\u00e1ulica eficiente: Utilizando a press\u00e3o do \u00f3leo hidr\u00e1ulico, o cilindro da ca\u00e7amba realiza movimentos suaves de extens\u00e3o e retra\u00e7\u00e3o, proporcionando resposta r\u00e1pida aos comandos de controle e oferecendo for\u00e7as de empurr\u00e3o e tra\u00e7\u00e3o potentes, tornando-o adequado para o manuseio de cargas pesadas e tarefas complexas.<\/li>\n<li>Tipos Variados: O cilindro da ca\u00e7amba pode ser escolhido como de a\u00e7\u00e3o simples (for\u00e7a hidr\u00e1ulica em apenas uma dire\u00e7\u00e3o) ou de a\u00e7\u00e3o dupla (for\u00e7a hidr\u00e1ulica em ambas as dire\u00e7\u00f5es), dependendo das necessidades operacionais. Alguns modelos s\u00e3o telesc\u00f3picos, permitindo maior extens\u00e3o sem aumentar as dimens\u00f5es externas, o que os torna adequados para aplica\u00e7\u00f5es com espa\u00e7o limitado.<\/li>\n<li>Substitui\u00e7\u00e3o perfeita: Nossos produtos podem substituir perfeitamente esses cilindros hidr\u00e1ulicos.<\/li>\n<\/ul>\n<p><img decoding=\"async\" src=\"https:\/\/www.hydraulic-cylinders.net\/wp-content\/uploads\/2025\/01\/songte-cylinder-head-with-all-kinds-excavator-models.webp\" alt=\"Imagem do cilindro de substitui\u00e7\u00e3o\"><\/p>\n<h2>Aplica\u00e7\u00f5es<\/h2>\n<p>O cilindro de ca\u00e7amba encontra aplica\u00e7\u00f5es em diversos equipamentos:<\/p>\n<ul>\n<li>Equipamentos de constru\u00e7\u00e3o: Encontrados em escavadeiras, s\u00e3o cruciais para escavar, carregar e movimentar terra ou entulho. Em retroescavadeiras, o cilindro da ca\u00e7amba auxilia tanto na escava\u00e7\u00e3o quanto no levantamento.<\/li>\n<li>M\u00e1quinas agr\u00edcolas: usadas em carregadeiras frontais para recolher, levantar e transportar solo, feno e outros materiais.<\/li>\n<li>Escavadeiras: O cilindro da ca\u00e7amba permite a\u00e7\u00f5es de escava\u00e7\u00e3o permitindo que a ca\u00e7amba penetre no solo.<\/li>\n<li>Carregadeiras de rodas: Nas carregadeiras de rodas, elas auxiliam no levantamento e despejo eficiente de mercadorias.<\/li>\n<\/ul>\n<h2>Considera\u00e7\u00f5es de design e crit\u00e9rios de sele\u00e7\u00e3o<\/h2>\n<ul>\n<li>Capacidade de carga: O cilindro da ca\u00e7amba foi projetado para suportar cargas pesadas e garantir a integridade estrutural.<\/li>\n<li>Veda\u00e7\u00e3o: V\u00e1rios componentes de veda\u00e7\u00e3o, como veda\u00e7\u00f5es de pist\u00e3o e veda\u00e7\u00f5es de haste, s\u00e3o usados \u200b\u200bpara evitar vazamentos e manter a efici\u00eancia hidr\u00e1ulica.<\/li>\n<li>Durabilidade: O cilindro \u00e9 constru\u00eddo com materiais de alta qualidade e passa por tratamentos de superf\u00edcie precisos para aumentar a resist\u00eancia ao desgaste e \u00e0 corros\u00e3o.<\/li>\n<li>Seguran\u00e7a: Recursos de seguran\u00e7a s\u00e3o incorporados ao projeto para proteger operadores e equipamentos de poss\u00edveis riscos.<\/li>\n<li>Facilidade de manuten\u00e7\u00e3o: O design do cilindro permite f\u00e1cil manuten\u00e7\u00e3o e reparo, garantindo tempo de inatividade m\u00ednimo.<\/li>\n<\/ul>\n<p><img decoding=\"async\" src=\"https:\/\/www.hydraulic-cylinders.net\/wp-content\/uploads\/2025\/01\/songte-oil-pipes-and-spare-parts.webp\" alt=\"Imagem de pe\u00e7as de cilindro hidr\u00e1ulico\"><\/p>\n<h2>Veda\u00e7\u00e3o e Lubrifica\u00e7\u00e3o<\/h2>\n<p>O cilindro da ca\u00e7amba utiliza diversas veda\u00e7\u00f5es, como veda\u00e7\u00f5es de pist\u00e3o e veda\u00e7\u00f5es de haste, feitas de materiais resistentes ao desgaste, como poliuretano e borracha nitr\u00edlica. O corpo do cilindro e as extremidades roscadas passam por tratamentos finos para melhorar a resist\u00eancia ao desgaste. A lubrifica\u00e7\u00e3o regular com a quantidade adequada de \u00f3leo hidr\u00e1ulico \u00e9 necess\u00e1ria para garantir o bom funcionamento.<\/p>\n<h2>Inspe\u00e7\u00e3o regular e manuten\u00e7\u00e3o preventiva<\/h2>\n<p>Para garantir o desempenho ideal e prolongar a vida \u00fatil do cilindro da ca\u00e7amba, inspe\u00e7\u00f5es regulares e manuten\u00e7\u00e3o preventiva devem ser realizadas:<\/p>\n<ul>\n<li>Inspecione para verificar se h\u00e1 sinais de desgaste, danos ou vazamentos.<\/li>\n<li>Lubrifique adequadamente todas as partes m\u00f3veis.<\/li>\n<li>Substitua regularmente as veda\u00e7\u00f5es desgastadas para manter a veda\u00e7\u00e3o adequada.<\/li>\n<li>Realize verifica\u00e7\u00f5es de calibra\u00e7\u00e3o para garantir o funcionamento correto.<\/li>\n<\/ul>\n<p><img decoding=\"async\" src=\"https:\/\/www.hydraulic-cylinders.net\/wp-content\/uploads\/2025\/01\/songte-chushion-collar.webp\" alt=\"Dicas de manuten\u00e7\u00e3o Imagem\"><\/p>\n<h2>Considera\u00e7\u00f5es de seguran\u00e7a e fatores ambientais<\/h2>\n<p>Ao utilizar o cilindro com ca\u00e7amba, \u00e9 importante seguir as medidas de seguran\u00e7a para prevenir acidentes e garantir a seguran\u00e7a do operador. O cumprimento das normas ambientais \u00e9 crucial para minimizar o impacto no meio ambiente.<\/p>\n<h2>Solu\u00e7\u00e3o de problemas e problemas comuns<\/h2>\n<p>Alguns problemas comuns que podem surgir com o cilindro da ca\u00e7amba incluem:<\/p>\n<ul>\n<li>Vazamento: Verifique se h\u00e1 veda\u00e7\u00f5es danificadas ou conex\u00f5es soltas e corrija-as conforme necess\u00e1rio.<\/li>\n<li>Desempenho insatisfat\u00f3rio: Inspecione as linhas hidr\u00e1ulicas, v\u00e1lvulas e outros componentes para verificar se h\u00e1 bloqueios ou mau funcionamento.<\/li>\n<li>Ru\u00eddos ou vibra\u00e7\u00f5es: Investigue poss\u00edveis problemas de montagem ou alinhamento e tome as medidas corretivas apropriadas.<\/li>\n<\/ul>\n<p>Para solucionar problemas, recomenda-se consultar as instru\u00e7\u00f5es do fabricante e, se necess\u00e1rio, buscar assist\u00eancia profissional. A implementa\u00e7\u00e3o de medidas preventivas pode ajudar a minimizar poss\u00edveis problemas.<\/p>\n<p><img decoding=\"async\" src=\"https:\/\/www.hydraulic-cylinders.net\/wp-content\/uploads\/2025\/01\/songte-bushings-with-all-kinds-of-excavator-models.webp\" alt=\"Imagem com dicas para resolu\u00e7\u00e3o de problemas\"><\/p>\n<h2>Conclus\u00e3o<\/h2>\n<p>Nossa empresa \u00e9 uma fabricante e distribuidora atacadista l\u00edder de cilindros hidr\u00e1ulicos nos mercados nacional e internacional. Oferecemos uma ampla gama de produtos e priorizamos a excel\u00eancia em qualidade. Com nossas instala\u00e7\u00f5es de produ\u00e7\u00e3o avan\u00e7adas e expertise profissional, buscamos atender \u00e0s diversas demandas dos clientes com alta efici\u00eancia, precis\u00e3o e qualidade. Fornecemos servi\u00e7os especializados, como certifica\u00e7\u00f5es internacionais, solu\u00e7\u00f5es personalizadas, equipamentos de produ\u00e7\u00e3o e suporte p\u00f3s-venda completo.<\/p>\n<p><img decoding=\"async\" src=\"https:\/\/www.hydraulic-cylinders.net\/wp-content\/uploads\/2025\/01\/songte-company-3.webp\" alt=\"Imagem da empresa\"><\/p>\n<p>Autor: lyl<\/p>\n<p><\/body><br \/>\n<\/html><\/p>","protected":false},"excerpt":{"rendered":"<p>Bucket Cylinder For XGMA Small Excavator XG808 Introduction The bucket cylinder is a specially designed hydraulic cylinder used to control the movement of the bucket in heavy machinery such as excavators, backhoe loaders, and wheel loaders. Its main function is to enable the bucket to lift, lower, and tilt, facilitating various material handling tasks. In [&hellip;]<\/p>","protected":false},"featured_media":14773,"comment_status":"open","ping_status":"closed","template":"","meta":{"_et_pb_use_builder":"","_et_pb_old_content":"","_et_gb_content_width":""},"product_brand":[],"product_cat":[1494],"product_tag":[1495,1496],"class_list":{"0":"post-15591","1":"product","2":"type-product","3":"status-publish","4":"has-post-thumbnail","6":"product_cat-bucket-cylinders","7":"product_tag-bucket-cylinders","8":"product_tag-hydraulic-cylinders","10":"first","11":"instock","12":"shipping-taxable","13":"product-type-simple"},"amp_enabled":true,"_links":{"self":[{"href":"https:\/\/www.hydraulic-cylinders.net\/pt\/wp-json\/wp\/v2\/product\/15591","targetHints":{"allow":["GET"]}}],"collection":[{"href":"https:\/\/www.hydraulic-cylinders.net\/pt\/wp-json\/wp\/v2\/product"}],"about":[{"href":"https:\/\/www.hydraulic-cylinders.net\/pt\/wp-json\/wp\/v2\/types\/product"}],"replies":[{"embeddable":true,"href":"https:\/\/www.hydraulic-cylinders.net\/pt\/wp-json\/wp\/v2\/comments?post=15591"}],"wp:featuredmedia":[{"embeddable":true,"href":"https:\/\/www.hydraulic-cylinders.net\/pt\/wp-json\/wp\/v2\/media\/14773"}],"wp:attachment":[{"href":"https:\/\/www.hydraulic-cylinders.net\/pt\/wp-json\/wp\/v2\/media?parent=15591"}],"wp:term":[{"taxonomy":"product_brand","embeddable":true,"href":"https:\/\/www.hydraulic-cylinders.net\/pt\/wp-json\/wp\/v2\/product_brand?post=15591"},{"taxonomy":"product_cat","embeddable":true,"href":"https:\/\/www.hydraulic-cylinders.net\/pt\/wp-json\/wp\/v2\/product_cat?post=15591"},{"taxonomy":"product_tag","embeddable":true,"href":"https:\/\/www.hydraulic-cylinders.net\/pt\/wp-json\/wp\/v2\/product_tag?post=15591"}],"curies":[{"name":"wp","href":"https:\/\/api.w.org\/{rel}","templated":true}]}}