{"id":15602,"date":"2025-01-19T14:44:11","date_gmt":"2025-01-19T14:44:11","guid":{"rendered":"https:\/\/www.hydraulic-cylinders.net\/product\/bucket-cylinder-for-xgma-large-excavator-xg836mh\/"},"modified":"2025-01-19T14:44:13","modified_gmt":"2025-01-19T14:44:13","slug":"bucket-cylinder-for-xgma-large-excavator-xg836mh","status":"publish","type":"product","link":"https:\/\/www.hydraulic-cylinders.net\/pt\/produto\/bucket-cylinder-for-xgma-large-excavator-xg836mh\/","title":{"rendered":"Cilindro da ca\u00e7amba para escavadeira grande XGMA XG836MH"},"content":{"rendered":"<h1>Cilindro da ca\u00e7amba para escavadeira grande XGMA XG836MH<\/h1>\n<h2>Introdu\u00e7\u00e3o<\/h2>\n<p>Um cilindro de ca\u00e7amba \u00e9 um cilindro hidr\u00e1ulico especialmente projetado para controlar o movimento da ca\u00e7amba em m\u00e1quinas pesadas, como escavadeiras, retroescavadeiras e p\u00e1s carregadeiras. Sua principal fun\u00e7\u00e3o \u00e9 permitir que a ca\u00e7amba se mova para cima, para baixo e incline, facilitando o transporte de diversos tipos de materiais. Em sistemas hidr\u00e1ulicos, os cilindros de ca\u00e7amba controlam o movimento preciso da ca\u00e7amba utilizando as varia\u00e7\u00f5es de press\u00e3o do \u00f3leo hidr\u00e1ulico, permitindo que os operadores manuseiem cargas pesadas com efici\u00eancia e se adaptem a ambientes de trabalho complexos e diversas necessidades operacionais.<\/p>\n<div>\n  <img decoding=\"async\" src=\"https:\/\/www.hydraulic-cylinders.net\/wp-content\/uploads\/2025\/01\/songte-company-2.webp\" alt=\"Cilindro da ca\u00e7amba para escavadeira grande XGMA XG836MH\">\n<\/div>\n<h2>Caracter\u00edsticas<\/h2>\n<ul>\n<li>\n<h3>Alta resist\u00eancia e durabilidade<\/h3>\n<p>Os cilindros de ca\u00e7amba s\u00e3o geralmente fabricados em a\u00e7o de alta resist\u00eancia ou alum\u00ednio, capazes de suportar alta press\u00e3o e cargas pesadas, adaptando-se a ambientes de trabalho severos. S\u00e3o projetados com foco na resist\u00eancia ao desgaste e \u00e0 corros\u00e3o, prolongando sua vida \u00fatil.<\/p>\n<\/li>\n<li>\n<h3>Opera\u00e7\u00e3o Hidr\u00e1ulica Eficiente<\/h3>\n<p>Utilizando a press\u00e3o do \u00f3leo hidr\u00e1ulico para obter uma extens\u00e3o e retra\u00e7\u00e3o suaves, os cilindros da ca\u00e7amba podem responder rapidamente aos comandos de controle e fornecer for\u00e7as de empurr\u00e3o e tra\u00e7\u00e3o potentes, adequadas para o manuseio de cargas pesadas e tarefas operacionais complexas.<\/p>\n<\/li>\n<li>\n<h3>Tipos diversos<\/h3>\n<p>Os cilindros de ca\u00e7amba podem ser selecionados como de a\u00e7\u00e3o simples (acionamento hidr\u00e1ulico em uma dire\u00e7\u00e3o) ou de a\u00e7\u00e3o dupla (acionamento hidr\u00e1ulico em duas dire\u00e7\u00f5es), de acordo com as necessidades para atender a diferentes requisitos operacionais. Alguns modelos s\u00e3o telesc\u00f3picos, permitindo maior extens\u00e3o sem aumentar as dimens\u00f5es externas, sendo adequados para aplica\u00e7\u00f5es com espa\u00e7o limitado.<\/p>\n<\/li>\n<li>\n<h3>Substitu\u00edvel por outros cilindros hidr\u00e1ulicos<\/h3>\n<p>Nossos cilindros para ca\u00e7amba podem substituir perfeitamente outros cilindros hidr\u00e1ulicos, proporcionando melhor desempenho e maior vida \u00fatil.<\/p>\n<\/li>\n<li>\n<h3>Personaliz\u00e1vel<\/h3>\n<p>Podemos personalizar os cilindros de ca\u00e7amba de acordo com necessidades espec\u00edficas, garantindo que atendam aos requisitos do cliente e proporcionem desempenho ideal.<\/p>\n<\/li>\n<\/ul>\n<div>\n  <img decoding=\"async\" src=\"https:\/\/www.hydraulic-cylinders.net\/wp-content\/uploads\/2025\/01\/songte-cylinder-head-with-all-kinds-excavator-models.webp\" alt=\"Cilindro da ca\u00e7amba para escavadeira grande XGMA XG836MH\">\n<\/div>\n<h2>Aplica\u00e7\u00f5es<\/h2>\n<p>Cilindros de ca\u00e7amba s\u00e3o amplamente utilizados em diversas m\u00e1quinas pesadas, incluindo:<\/p>\n<ul>\n<li>\n<h3>Equipamentos de constru\u00e7\u00e3o<\/h3>\n<p>Equipamentos de constru\u00e7\u00e3o, como escavadeiras, dependem de ca\u00e7ambas para escavar, carregar e movimentar terra ou entulho. Em retroescavadeiras, as ca\u00e7ambas auxiliam tanto na escava\u00e7\u00e3o quanto no levantamento de cargas.<\/p>\n<\/li>\n<li>\n<h3>Maquinaria agr\u00edcola<\/h3>\n<p>Os cilindros de ca\u00e7amba s\u00e3o usados \u200b\u200bem p\u00e1s carregadeiras para recolher, levantar e transportar terra, feno e outros materiais. Em escavadeiras, os cilindros de ca\u00e7amba permitem a escava\u00e7\u00e3o, possibilitando que a ca\u00e7amba penetre no solo. Em p\u00e1s carregadeiras, eles auxiliam no levantamento e despejo eficiente de mercadorias.<\/p>\n<\/li>\n<li>\n<h3>Equipamentos de Minera\u00e7\u00e3o<\/h3>\n<p>Em equipamentos de minera\u00e7\u00e3o, os cilindros da ca\u00e7amba s\u00e3o usados \u200b\u200bpara controlar o movimento da ca\u00e7amba, o que \u00e9 essencial para escavar, carregar e transportar minerais ou outros materiais.<\/p>\n<\/li>\n<\/ul>\n<h2>Considera\u00e7\u00f5es de design e crit\u00e9rios de sele\u00e7\u00e3o<\/h2>\n<p>Ao projetar e selecionar cilindros de ca\u00e7amba, v\u00e1rios fatores precisam ser considerados:<\/p>\n<ul>\n<li>\n<h3>Capacidade de suporte<\/h3>\n<p>A capacidade de carga do cilindro determina a carga m\u00e1xima que ele pode suportar, o que \u00e9 um fator essencial na sele\u00e7\u00e3o de cilindros para ca\u00e7ambas.<\/p>\n<\/li>\n<li>\n<h3>Selagem<\/h3>\n<p>O desempenho da veda\u00e7\u00e3o do cilindro determina o grau de vazamento e afeta a efici\u00eancia e o funcionamento geral do sistema hidr\u00e1ulico.<\/p>\n<\/li>\n<li>\n<h3>Durabilidade<\/h3>\n<p>A durabilidade do cilindro influencia diretamente sua vida \u00fatil, que \u00e9 afetada por fatores como o material do cilindro, o projeto estrutural e o processo de tratamento.<\/p>\n<\/li>\n<li>\n<h3>Seguran\u00e7a<\/h3>\n<p>Os cilindros de ca\u00e7amba devem atender aos padr\u00f5es de seguran\u00e7a e possuir recursos de seguran\u00e7a, como mecanismos de parada de emerg\u00eancia, para evitar acidentes.<\/p>\n<\/li>\n<li>\n<h3>Manuten\u00e7\u00e3o<\/h3>\n<p>Os cilindros de ca\u00e7amba devem ser f\u00e1ceis de manter e reparar para garantir o funcionamento ideal e uma vida \u00fatil prolongada.<\/p>\n<\/li>\n<\/ul>\n<div>\n  <img decoding=\"async\" src=\"https:\/\/www.hydraulic-cylinders.net\/wp-content\/uploads\/2025\/01\/songte-oil-pipes-and-spare-parts.webp\" alt=\"Cilindro da ca\u00e7amba para escavadeira grande XGMA XG836MH\">\n<\/div>\n<h2>Veda\u00e7\u00e3o e Lubrifica\u00e7\u00e3o<\/h2>\n<p>Os cilindros hidr\u00e1ulicos utilizam diversos componentes de veda\u00e7\u00e3o, como veda\u00e7\u00f5es de pist\u00e3o e veda\u00e7\u00f5es de haste, fabricados com materiais resistentes ao desgaste, como poliuretano e borracha nitr\u00edlica, para garantir um desempenho de veda\u00e7\u00e3o confi\u00e1vel. O corpo do cilindro e as superf\u00edcies roscadas das extremidades s\u00e3o usinados com precis\u00e3o para melhorar a resist\u00eancia ao desgaste. A reposi\u00e7\u00e3o regular do \u00f3leo hidr\u00e1ulico \u00e9 necess\u00e1ria para garantir a lubrifica\u00e7\u00e3o adequada e prolongar a vida \u00fatil do cilindro.<\/p>\n<h2>Inspe\u00e7\u00e3o e Manuten\u00e7\u00e3o Preventiva<\/h2>\n<p>A inspe\u00e7\u00e3o regular e a manuten\u00e7\u00e3o preventiva s\u00e3o necess\u00e1rias para garantir a opera\u00e7\u00e3o segura e eficiente dos cilindros da ca\u00e7amba. As tarefas de manuten\u00e7\u00e3o incluem:<\/p>\n<ul>\n<li>\n<h3>Inspe\u00e7\u00e3o regular<\/h3>\n<p>Os cilindros da ca\u00e7amba devem ser verificados periodicamente quanto a sinais de desgaste, vazamento e deforma\u00e7\u00e3o.<\/p>\n<\/li>\n<li>\n<h3>Lubrifica\u00e7\u00e3o<\/h3>\n<p>A lubrifica\u00e7\u00e3o adequada do cilindro \u00e9 essencial para garantir seu bom funcionamento. A lubrifica\u00e7\u00e3o deve ser realizada regularmente.<\/p>\n<\/li>\n<li>\n<h3>Substitui\u00e7\u00e3o da veda\u00e7\u00e3o<\/h3>\n<p>As veda\u00e7\u00f5es desgastadas ou danificadas devem ser substitu\u00eddas imediatamente para evitar vazamentos e perda de desempenho.<\/p>\n<\/li>\n<li>\n<h3>Verifica\u00e7\u00e3o de calibra\u00e7\u00e3o<\/h3>\n<p>Os cilindros da ca\u00e7amba devem ser calibrados periodicamente para garantir opera\u00e7\u00e3o precisa e desempenho ideal.<\/p>\n<\/li>\n<\/ul>\n<p>A instala\u00e7\u00e3o e o alinhamento corretos s\u00e3o essenciais para o funcionamento e a seguran\u00e7a dos cilindros de ca\u00e7amba. O cilindro deve ser instalado e alinhado seguindo as instru\u00e7\u00f5es do fabricante, e suportes de montagem adequados devem ser utilizados para fix\u00e1-lo com seguran\u00e7a.<\/p>\n<div>\n  <img decoding=\"async\" src=\"https:\/\/www.hydraulic-cylinders.net\/wp-content\/uploads\/2025\/01\/songte-chushion-collar.webp\" alt=\"Cilindro da ca\u00e7amba para escavadeira grande XGMA XG836MH\">\n<\/div>\n<h2>Considera\u00e7\u00f5es de seguran\u00e7a e fatores ambientais<\/h2>\n<p>Os cilindros de ca\u00e7amba devem atender aos padr\u00f5es de seguran\u00e7a e possuir recursos de seguran\u00e7a, como mecanismos de parada de emerg\u00eancia, para evitar acidentes. Ao utilizar cilindros de ca\u00e7amba, os operadores devem ser treinados no uso correto e nos protocolos de seguran\u00e7a.<\/p>\n<h2>Diagn\u00f3stico de mau funcionamento e problemas comuns<\/h2>\n<p>Problemas comuns que podem ocorrer ao usar cilindros de ca\u00e7amba incluem vazamentos, deforma\u00e7\u00f5es e pist\u00f5es travados. Esses problemas podem ser resolvidos por meio de diagn\u00f3stico e solu\u00e7\u00e3o de problemas, que podem envolver a substitui\u00e7\u00e3o de veda\u00e7\u00f5es desgastadas ou danificadas, o realinhamento do cilindro ou o reparo de componentes danificados.<\/p>\n<h2>Introdu\u00e7\u00e3o \u00e0 empresa<\/h2>\n<p>Somos um dos principais fabricantes e distribuidores de cilindros hidr\u00e1ulicos, oferecendo uma ampla gama de produtos para atender \u00e0s necessidades dos mercados nacional e internacional. Nossa empresa segue uma estrat\u00e9gia de gest\u00e3o de produ\u00e7\u00e3o industrializada, contando com talentos t\u00e9cnicos, equipamentos de fabrica\u00e7\u00e3o digital de ponta e sistemas de teste profissionais para aprimorar as capacidades de produ\u00e7\u00e3o e a qualidade dos produtos. Estamos comprometidos em fornecer aos nossos clientes produtos e servi\u00e7os de alta qualidade que atendam \u00e0s suas diversas necessidades.<\/p>\n<div>\n  <img decoding=\"async\" src=\"https:\/\/hzpt.com\/wp-content\/uploads\/2024\/11\/songte-company-1.webp\" alt=\"Cilindro da ca\u00e7amba para escavadeira grande XGMA XG836MH\">\n<\/div>\n<p>Orgulhamo-nos do nosso profissionalismo, certifica\u00e7\u00e3o internacional, servi\u00e7os personalizados, equipamentos de produ\u00e7\u00e3o e servi\u00e7o p\u00f3s-venda.<\/p>\n<ul>\n<li>\n<h3>Profissionalismo<\/h3>\n<p>Nossa equipe de profissionais possui anos de experi\u00eancia na ind\u00fastria de cilindros hidr\u00e1ulicos, garantindo que nossos produtos atendam aos mais altos padr\u00f5es de qualidade e confiabilidade.<\/p>\n<\/li>\n<li>\n<h3>Certifica\u00e7\u00e3o Internacional<\/h3>\n<p>Obtivemos diversas certifica\u00e7\u00f5es internacionais, incluindo ISO9001, ISO14001 e CE, garantindo que nossos produtos atendam aos padr\u00f5es globais de qualidade e seguran\u00e7a.<\/p>\n<\/li>\n<li>\n<h3>Servi\u00e7os Personalizados<\/h3>\n<p>Podemos personalizar nossos produtos para atender \u00e0s necessidades espec\u00edficas dos clientes, oferecendo solu\u00e7\u00f5es ideais para seus requisitos operacionais.<\/p>\n<\/li>\n<li>\n<h3>Equipamentos de produ\u00e7\u00e3o<\/h3>\n<p>Investimos em equipamentos de fabrica\u00e7\u00e3o digital de \u00faltima gera\u00e7\u00e3o, garantindo que nossos produtos sejam fabricados com precis\u00e3o e efici\u00eancia.<\/p>\n<\/li>\n<li>\n<h3>Servi\u00e7o p\u00f3s-venda<\/h3>\n<p>Oferecemos um excelente servi\u00e7o p\u00f3s-venda, incluindo reparo e substitui\u00e7\u00e3o de produtos, para garantir a satisfa\u00e7\u00e3o de nossos clientes com suas compras.<\/p>\n<\/li>\n<\/ul>\n<p>Autor: lyl<\/p>","protected":false},"excerpt":{"rendered":"<p>Bucket Cylinder For XGMA Large Excavator XG836MH Introduction A bucket cylinder is a specially designed hydraulic cylinder used to control the movement of the bucket in heavy machinery like excavators, backhoe loaders, and front-end loaders. Its primary function is to allow the bucket to move up, down, and tilt, making it easier to transport various [&hellip;]<\/p>","protected":false},"featured_media":14782,"comment_status":"open","ping_status":"closed","template":"","meta":{"_et_pb_use_builder":"","_et_pb_old_content":"","_et_gb_content_width":""},"product_brand":[],"product_cat":[1494],"product_tag":[1495,1496],"class_list":{"0":"post-15602","1":"product","2":"type-product","3":"status-publish","4":"has-post-thumbnail","6":"product_cat-bucket-cylinders","7":"product_tag-bucket-cylinders","8":"product_tag-hydraulic-cylinders","10":"first","11":"instock","12":"shipping-taxable","13":"product-type-simple"},"amp_enabled":true,"_links":{"self":[{"href":"https:\/\/www.hydraulic-cylinders.net\/pt\/wp-json\/wp\/v2\/product\/15602","targetHints":{"allow":["GET"]}}],"collection":[{"href":"https:\/\/www.hydraulic-cylinders.net\/pt\/wp-json\/wp\/v2\/product"}],"about":[{"href":"https:\/\/www.hydraulic-cylinders.net\/pt\/wp-json\/wp\/v2\/types\/product"}],"replies":[{"embeddable":true,"href":"https:\/\/www.hydraulic-cylinders.net\/pt\/wp-json\/wp\/v2\/comments?post=15602"}],"wp:featuredmedia":[{"embeddable":true,"href":"https:\/\/www.hydraulic-cylinders.net\/pt\/wp-json\/wp\/v2\/media\/14782"}],"wp:attachment":[{"href":"https:\/\/www.hydraulic-cylinders.net\/pt\/wp-json\/wp\/v2\/media?parent=15602"}],"wp:term":[{"taxonomy":"product_brand","embeddable":true,"href":"https:\/\/www.hydraulic-cylinders.net\/pt\/wp-json\/wp\/v2\/product_brand?post=15602"},{"taxonomy":"product_cat","embeddable":true,"href":"https:\/\/www.hydraulic-cylinders.net\/pt\/wp-json\/wp\/v2\/product_cat?post=15602"},{"taxonomy":"product_tag","embeddable":true,"href":"https:\/\/www.hydraulic-cylinders.net\/pt\/wp-json\/wp\/v2\/product_tag?post=15602"}],"curies":[{"name":"wp","href":"https:\/\/api.w.org\/{rel}","templated":true}]}}