{"id":15609,"date":"2025-01-19T14:44:39","date_gmt":"2025-01-19T14:44:39","guid":{"rendered":"https:\/\/www.hydraulic-cylinders.net\/product\/bucket-cylinder-for-lonking-small-excavator-lg606dd\/"},"modified":"2025-01-19T14:44:41","modified_gmt":"2025-01-19T14:44:41","slug":"bucket-cylinder-for-lonking-small-excavator-lg606dd","status":"publish","type":"product","link":"https:\/\/www.hydraulic-cylinders.net\/pt\/produto\/bucket-cylinder-for-lonking-small-excavator-lg606dd\/","title":{"rendered":"Cilindro da ca\u00e7amba para escavadeira pequena Longing LG606DD"},"content":{"rendered":"<h1>Cilindro da ca\u00e7amba para escavadeira pequena Longing LG606DD<\/h1>\n<h2>Introdu\u00e7\u00e3o<\/h2>\n<p>O cilindro da ca\u00e7amba \u00e9 um tipo de cilindro hidr\u00e1ulico projetado especificamente para controlar o movimento da ca\u00e7amba em m\u00e1quinas pesadas, como escavadeiras, retroescavadeiras e p\u00e1s carregadeiras. Sua principal fun\u00e7\u00e3o \u00e9 permitir que a ca\u00e7amba seja levantada, abaixada e inclinada, facilitando o manuseio de diversos materiais. No sistema hidr\u00e1ulico, o cilindro da ca\u00e7amba controla com precis\u00e3o o movimento da ca\u00e7amba por meio de varia\u00e7\u00f5es na press\u00e3o do \u00f3leo hidr\u00e1ulico, permitindo que os operadores manuseiem cargas pesadas com efici\u00eancia e se adaptem a ambientes de trabalho complexos e diversas exig\u00eancias operacionais.<\/p>\n<p><img decoding=\"async\" src=\"https:\/\/www.hydraulic-cylinders.net\/wp-content\/uploads\/2025\/01\/songte-company-2.webp\" alt=\"Cilindro de ca\u00e7amba\"><\/p>\n<h2>Caracter\u00edsticas<\/h2>\n<ul>\n<li><strong>Alta resist\u00eancia e durabilidade:<\/strong> Normalmente fabricado em a\u00e7o de alta resist\u00eancia ou alum\u00ednio, pode suportar alta press\u00e3o e cargas pesadas, adaptando-se a ambientes de trabalho severos, e com considera\u00e7\u00f5es de projeto para resist\u00eancia ao desgaste e \u00e0 corros\u00e3o, a fim de prolongar a vida \u00fatil.<\/li>\n<li><strong>Opera\u00e7\u00e3o hidr\u00e1ulica eficiente:<\/strong> A a\u00e7\u00e3o suave de extens\u00e3o e contra\u00e7\u00e3o \u00e9 alcan\u00e7ada atrav\u00e9s da utiliza\u00e7\u00e3o da press\u00e3o do \u00f3leo hidr\u00e1ulico, proporcionando for\u00e7as de empurrar e puxar poderosas, sendo adequada para lidar com cargas pesadas e tarefas operacionais complexas.<\/li>\n<li><strong>V\u00e1rios tipos:<\/strong> Cilindros de a\u00e7\u00e3o simples (sistema hidr\u00e1ulico utilizado em apenas uma dire\u00e7\u00e3o) ou de a\u00e7\u00e3o dupla (sistema hidr\u00e1ulico utilizado em duas dire\u00e7\u00f5es) podem ser selecionados de acordo com as necessidades operacionais. Alguns modelos s\u00e3o telesc\u00f3picos, permitindo maior extens\u00e3o sem aumentar as dimens\u00f5es externas, sendo adequados para aplica\u00e7\u00f5es com espa\u00e7o limitado.<\/li>\n<li><strong>Intercambiabilidade:<\/strong> Nossos produtos podem substituir perfeitamente esses cilindros hidr\u00e1ulicos. <\/li>\n<li><strong>Custo-benef\u00edcio:<\/strong> Nossos produtos t\u00eam uma excelente rela\u00e7\u00e3o custo-benef\u00edcio e oferecem uma vida \u00fatil mais longa em compara\u00e7\u00e3o com outros cilindros hidr\u00e1ulicos dispon\u00edveis no mercado.<\/li>\n<\/ul>\n<p><img decoding=\"async\" src=\"https:\/\/www.hydraulic-cylinders.net\/wp-content\/uploads\/2025\/01\/songte-cylinder-head-with-all-kinds-excavator-models.webp\" alt=\"Modelos de cilindros de ca\u00e7amba\"><\/p>\n<h2>Aplica\u00e7\u00f5es<\/h2>\n<p>O cilindro de ca\u00e7amba \u00e9 amplamente utilizado em diversas ind\u00fastrias, tais como:<\/p>\n<ul>\n<li><strong>Equipamentos de constru\u00e7\u00e3o:<\/strong> Em escavadeiras, s\u00e3o essenciais para cavar, carregar e movimentar terra ou entulho. Em retroescavadeiras, os cilindros da ca\u00e7amba auxiliam na escava\u00e7\u00e3o e no levantamento de materiais. <\/li>\n<li><strong>Maquinaria agr\u00edcola:<\/strong> Utilizado em p\u00e1s carregadeiras frontais para recolher, levantar e transportar terra, feno e outros materiais. <\/li>\n<li><strong>Escavadeiras:<\/strong> O cilindro da ca\u00e7amba realiza a escava\u00e7\u00e3o permitindo que a ca\u00e7amba penetre no solo. <\/li>\n<li><strong>Carregadeiras frontais:<\/strong> Em carregadeiras frontais, elas auxiliam no levantamento e despejo eficiente de mercadorias.<\/li>\n<\/ul>\n<h2>Considera\u00e7\u00f5es de design e crit\u00e9rios de sele\u00e7\u00e3o<\/h2>\n<p>Em termos de considera\u00e7\u00f5es de projeto, os seguintes aspectos devem ser levados em conta:<\/p>\n<ul>\n<li><strong>Capacidade de carga:<\/strong> O cilindro da ca\u00e7amba deve ser capaz de suportar o peso do material que est\u00e1 transportando. <\/li>\n<li><strong>Selagem:<\/strong> Diversos componentes de veda\u00e7\u00e3o, como veda\u00e7\u00f5es de pist\u00e3o e veda\u00e7\u00f5es de haste, devem ser selecionados com base em materiais resistentes ao desgaste, como poliuretano e borracha nitr\u00edlica. <\/li>\n<li><strong>Durabilidade:<\/strong> O corpo do cilindro, o pist\u00e3o e outros componentes devem ser capazes de suportar condi\u00e7\u00f5es de trabalho severas e resistir \u00e0 corros\u00e3o. <\/li>\n<li><strong>Seguran\u00e7a:<\/strong> O sistema hidr\u00e1ulico deve ser projetado com recursos de seguran\u00e7a, como v\u00e1lvulas de al\u00edvio e man\u00f4metros, para garantir uma opera\u00e7\u00e3o segura. <\/li>\n<li><strong>Manutenibilidade:<\/strong> O cilindro deve ser projetado para facilitar a manuten\u00e7\u00e3o e o reparo. <\/li>\n<\/ul>\n<p><img decoding=\"async\" src=\"https:\/\/www.hydraulic-cylinders.net\/wp-content\/uploads\/2025\/01\/songte-oil-pipes-and-spare-parts.webp\" alt=\"Pe\u00e7as do cilindro da ca\u00e7amba\"><\/p>\n<h2>Veda\u00e7\u00e3o e Lubrifica\u00e7\u00e3o<\/h2>\n<p>Diversos componentes de veda\u00e7\u00e3o, como veda\u00e7\u00f5es de pist\u00e3o e veda\u00e7\u00f5es de haste, devem ser selecionados com base em materiais resistentes ao desgaste, como poliuretano e borracha nitr\u00edlica. O corpo do cilindro, o pist\u00e3o e outros componentes devem ser lubrificados regularmente com \u00f3leo hidr\u00e1ulico para manter sua durabilidade e reduzir o atrito entre as pe\u00e7as m\u00f3veis.<\/p>\n<h2>Manuten\u00e7\u00e3o e Reparo<\/h2>\n<p>As seguintes tarefas de manuten\u00e7\u00e3o devem ser realizadas regularmente:<\/p>\n<ul>\n<li><strong>Inspe\u00e7\u00e3o regular:<\/strong> Inspecione regularmente o cilindro para verificar sinais de desgaste, como vazamentos, rachaduras e pe\u00e7as tortas ou danificadas. <\/li>\n<li><strong>Lubrifica\u00e7\u00e3o:<\/strong> Lubrifique o cilindro regularmente com \u00f3leo hidr\u00e1ulico para garantir seu bom funcionamento. <\/li>\n<li><strong>Substitui\u00e7\u00e3o da veda\u00e7\u00e3o:<\/strong> Substitua as veda\u00e7\u00f5es desgastadas ou danificadas o mais r\u00e1pido poss\u00edvel para evitar vazamentos. <\/li>\n<\/ul>\n<p><img decoding=\"async\" src=\"https:\/\/www.hydraulic-cylinders.net\/wp-content\/uploads\/2025\/01\/songte-chushion-collar.webp\" alt=\"Instala\u00e7\u00e3o do cilindro do balde\"><\/p>\n<h2>Considera\u00e7\u00f5es de seguran\u00e7a e fatores ambientais<\/h2>\n<p>Ao utilizar o cilindro hidr\u00e1ulico da ca\u00e7amba, devem ser tomadas medidas de seguran\u00e7a para evitar acidentes. Os operadores devem usar equipamentos de prote\u00e7\u00e3o individual adequados e o sistema hidr\u00e1ulico deve ser projetado com dispositivos de seguran\u00e7a, como v\u00e1lvulas de al\u00edvio e man\u00f4metros. Fatores ambientais, como temperatura e umidade, tamb\u00e9m devem ser levados em considera\u00e7\u00e3o na sele\u00e7\u00e3o do \u00f3leo hidr\u00e1ulico apropriado para o cilindro.<\/p>\n<h2>Solu\u00e7\u00e3o de problemas e problemas comuns<\/h2>\n<p>Problemas comuns que podem surgir com o cilindro da ca\u00e7amba incluem vazamentos, baixa press\u00e3o e opera\u00e7\u00e3o lenta. Esses problemas podem ser resolvidos atrav\u00e9s da an\u00e1lise do sistema hidr\u00e1ulico, verifica\u00e7\u00e3o de pe\u00e7as desgastadas ou danificadas e substitui\u00e7\u00e3o de veda\u00e7\u00f5es ou outros componentes, conforme necess\u00e1rio.<\/p>\n<p><img decoding=\"async\" src=\"https:\/\/www.hydraulic-cylinders.net\/wp-content\/uploads\/2025\/01\/songte-bushings-with-all-kinds-of-excavator-models.webp\" alt=\"Buchas do cilindro da ca\u00e7amba\"><\/p>\n<h2>Sobre nossa empresa<\/h2>\n<p>Somos um dos principais fabricantes e distribuidores atacadistas de cilindros hidr\u00e1ulicos nos mercados nacional e internacional. Nossos produtos s\u00e3o reconhecidos pela excelente qualidade, e contamos com estrat\u00e9gias de gest\u00e3o de produ\u00e7\u00e3o industrializada em nossas modernas instala\u00e7\u00f5es fabris para produzir itens de alta qualidade. Nossas f\u00e1bricas s\u00e3o equipadas com tecnologia de ponta e contamos com profissionais altamente qualificados que aprimoram continuamente nossa plataforma de produ\u00e7\u00e3o para atender \u00e0s diversas necessidades de nossos clientes. Oferecemos uma gama de servi\u00e7os personalizados e nossos produtos possuem certifica\u00e7\u00f5es de organiza\u00e7\u00f5es internacionais como ISO e CE. Al\u00e9m disso, prestamos um excelente servi\u00e7o p\u00f3s-venda para garantir a satisfa\u00e7\u00e3o do cliente.<\/p>\n<p><img decoding=\"async\" src=\"https:\/\/hzpt.com\/wp-content\/uploads\/2024\/11\/songte-company-1.webp\" alt=\"Nossa empresa\"><\/p>\n<p><em>Autor: lyl<\/em><\/p>","protected":false},"excerpt":{"rendered":"<p>Bucket Cylinder For Lonking Small Excavator LG606DD Introduction The bucket cylinder is a type of hydraulic cylinder specifically designed to control the movement of the bucket in heavy machinery such as excavators, backhoe loaders, and front-end loaders. Its main function is to allow the bucket to be lifted, lowered, and tilted, making it easier to [&hellip;]<\/p>","protected":false},"featured_media":14765,"comment_status":"open","ping_status":"closed","template":"","meta":{"_et_pb_use_builder":"","_et_pb_old_content":"","_et_gb_content_width":""},"product_brand":[],"product_cat":[1494],"product_tag":[1495,1496],"class_list":{"0":"post-15609","1":"product","2":"type-product","3":"status-publish","4":"has-post-thumbnail","6":"product_cat-bucket-cylinders","7":"product_tag-bucket-cylinders","8":"product_tag-hydraulic-cylinders","10":"first","11":"instock","12":"shipping-taxable","13":"product-type-simple"},"amp_enabled":true,"_links":{"self":[{"href":"https:\/\/www.hydraulic-cylinders.net\/pt\/wp-json\/wp\/v2\/product\/15609","targetHints":{"allow":["GET"]}}],"collection":[{"href":"https:\/\/www.hydraulic-cylinders.net\/pt\/wp-json\/wp\/v2\/product"}],"about":[{"href":"https:\/\/www.hydraulic-cylinders.net\/pt\/wp-json\/wp\/v2\/types\/product"}],"replies":[{"embeddable":true,"href":"https:\/\/www.hydraulic-cylinders.net\/pt\/wp-json\/wp\/v2\/comments?post=15609"}],"wp:featuredmedia":[{"embeddable":true,"href":"https:\/\/www.hydraulic-cylinders.net\/pt\/wp-json\/wp\/v2\/media\/14765"}],"wp:attachment":[{"href":"https:\/\/www.hydraulic-cylinders.net\/pt\/wp-json\/wp\/v2\/media?parent=15609"}],"wp:term":[{"taxonomy":"product_brand","embeddable":true,"href":"https:\/\/www.hydraulic-cylinders.net\/pt\/wp-json\/wp\/v2\/product_brand?post=15609"},{"taxonomy":"product_cat","embeddable":true,"href":"https:\/\/www.hydraulic-cylinders.net\/pt\/wp-json\/wp\/v2\/product_cat?post=15609"},{"taxonomy":"product_tag","embeddable":true,"href":"https:\/\/www.hydraulic-cylinders.net\/pt\/wp-json\/wp\/v2\/product_tag?post=15609"}],"curies":[{"name":"wp","href":"https:\/\/api.w.org\/{rel}","templated":true}]}}