{"id":15612,"date":"2025-01-19T14:44:51","date_gmt":"2025-01-19T14:44:51","guid":{"rendered":"https:\/\/www.hydraulic-cylinders.net\/product\/bucket-cylinder-for-lonking-middle-excavator-lg6215\/"},"modified":"2025-01-19T14:44:59","modified_gmt":"2025-01-19T14:44:59","slug":"bucket-cylinder-for-lonking-middle-excavator-lg6215","status":"publish","type":"product","link":"https:\/\/www.hydraulic-cylinders.net\/pt\/produto\/bucket-cylinder-for-lonking-middle-excavator-lg6215\/","title":{"rendered":"Cilindro da ca\u00e7amba para escavadeira de centro longo LG6215"},"content":{"rendered":"<h1>Cilindro da ca\u00e7amba para escavadeira de centro longo LG6215<\/h1>\n<h2>Introdu\u00e7\u00e3o<\/h2>\n<h3>Definindo o Cilindro do Balde<\/h3>\n<p>O cilindro da ca\u00e7amba \u00e9 um cilindro hidr\u00e1ulico especialmente projetado para controlar o movimento da ca\u00e7amba em m\u00e1quinas pesadas, como escavadeiras, retroescavadeiras e p\u00e1s carregadeiras. Sua principal fun\u00e7\u00e3o \u00e9 permitir que a ca\u00e7amba seja levantada, abaixada e inclinada para diversas tarefas de movimenta\u00e7\u00e3o de materiais. Em um sistema hidr\u00e1ulico, o cilindro da ca\u00e7amba proporciona um controle preciso da ca\u00e7amba variando a press\u00e3o do \u00f3leo hidr\u00e1ulico, permitindo que os operadores manuseiem cargas pesadas com efici\u00eancia e se adaptem a ambientes de trabalho complexos e diversas exig\u00eancias da tarefa.<\/p>\n<p><img decoding=\"async\" src=\"https:\/\/www.hydraulic-cylinders.net\/wp-content\/uploads\/2025\/01\/songte-company-2.webp\" alt=\"Imagem do cilindro da ca\u00e7amba\"><\/p>\n<h2>Caracter\u00edsticas do produto<\/h2>\n<ul>\n<li><strong>Alta resist\u00eancia e durabilidade:<\/strong> Normalmente fabricado em a\u00e7o de alta resist\u00eancia ou alum\u00ednio, o cilindro da ca\u00e7amba suporta alta press\u00e3o e cargas pesadas, sendo projetado com foco na resist\u00eancia ao desgaste e \u00e0 corros\u00e3o para prolongar sua vida \u00fatil.<\/li>\n<li><strong>Opera\u00e7\u00e3o hidr\u00e1ulica eficiente:<\/strong> Utilizando a press\u00e3o do \u00f3leo hidr\u00e1ulico para obter uma extens\u00e3o e retra\u00e7\u00e3o suaves, o cilindro da ca\u00e7amba responde rapidamente aos comandos de controle, fornece uma for\u00e7a de empurrar e puxar potente e \u00e9 adequado para lidar com cargas pesadas e tarefas complexas.<\/li>\n<li><strong>V\u00e1rios tipos:<\/strong> O cilindro da ca\u00e7amba pode ser selecionado como de a\u00e7\u00e3o simples (utilizando hidr\u00e1ulica em apenas uma dire\u00e7\u00e3o) ou de a\u00e7\u00e3o dupla (utilizando hidr\u00e1ulica em ambas as dire\u00e7\u00f5es) para atender a diferentes necessidades operacionais. Alguns modelos s\u00e3o telesc\u00f3picos, permitindo maior extens\u00e3o sem aumentar as dimens\u00f5es externas, tornando-os adequados para aplica\u00e7\u00f5es com espa\u00e7o limitado.<\/li>\n<li><strong>Substitui\u00e7\u00e3o perfeita:<\/strong> Nosso produto pode ser usado como um substituto perfeito para esses cilindros hidr\u00e1ulicos.<\/li>\n<\/ul>\n<p><img decoding=\"async\" src=\"https:\/\/www.hydraulic-cylinders.net\/wp-content\/uploads\/2025\/01\/songte-cylinder-head-with-all-kinds-excavator-models.webp\" alt=\"Imagem de substitui\u00e7\u00e3o do cilindro da ca\u00e7amba\"><\/p>\n<h2>Aplica\u00e7\u00f5es<\/h2>\n<h3>Equipamentos de constru\u00e7\u00e3o<\/h3>\n<p>Em escavadeiras, s\u00e3o essenciais para escavar, carregar e movimentar solo ou entulho. Em retroescavadeiras, o cilindro da ca\u00e7amba auxilia tanto na escava\u00e7\u00e3o quanto no levantamento. Em p\u00e1s carregadeiras, ajudam a levantar e despejar a carga com efici\u00eancia.<\/p>\n<h3>Maquinaria agr\u00edcola<\/h3>\n<p>Utilizados em p\u00e1s carregadeiras para escavar, levantar e transportar terra, feno e outros materiais. Em escavadeiras, o cilindro da ca\u00e7amba permite a escava\u00e7\u00e3o, penetrando no solo. Em p\u00e1s carregadeiras, auxiliam no levantamento e despejo eficiente da carga.<\/p>\n<p><img decoding=\"async\" src=\"https:\/\/www.hydraulic-cylinders.net\/wp-content\/uploads\/2025\/01\/songte-bushings-with-all-kinds-of-excavator-models.webp\" alt=\"Imagem de aplica\u00e7\u00f5es de cilindros de ca\u00e7amba\"><\/p>\n<h2>Considera\u00e7\u00f5es de design e crit\u00e9rios de sele\u00e7\u00e3o<\/h2>\n<h3>Capacidade de carga<\/h3>\n<p>A capacidade de carga do cilindro \u00e9 um fator importante a ser considerado na sele\u00e7\u00e3o de um cilindro para ca\u00e7amba. Ele deve ser capaz de suportar as cargas e press\u00f5es esperadas sem qualquer deforma\u00e7\u00e3o ou falha.<\/p>\n<h3>Veda\u00e7\u00e3o e durabilidade<\/h3>\n<p>O cilindro da ca\u00e7amba requer uma veda\u00e7\u00e3o de alta qualidade para manter a press\u00e3o hidr\u00e1ulica adequada e evitar vazamentos. O cilindro deve ser feito de materiais dur\u00e1veis \u200b\u200be projetado para resistir ao desgaste e \u00e0 corros\u00e3o.<\/p>\n<h3>Seguran\u00e7a e Manuten\u00e7\u00e3o<\/h3>\n<p>O cilindro da ca\u00e7amba deve ser projetado com foco na seguran\u00e7a, e a manuten\u00e7\u00e3o regular deve ser realizada para garantir sua opera\u00e7\u00e3o segura e eficiente. Ele deve ser f\u00e1cil de manter, reparar e substituir, e deve vir acompanhado de instru\u00e7\u00f5es claras para instala\u00e7\u00e3o e opera\u00e7\u00e3o.<\/p>\n<p><img decoding=\"async\" src=\"https:\/\/www.hydraulic-cylinders.net\/wp-content\/uploads\/2025\/01\/songte-oil-pipes-and-spare-parts.webp\" alt=\"Imagem de projeto de cilindro de ca\u00e7amba\"><\/p>\n<h2>Veda\u00e7\u00e3o e Lubrifica\u00e7\u00e3o<\/h2>\n<p>O cilindro da ca\u00e7amba requer diversos componentes de veda\u00e7\u00e3o, como veda\u00e7\u00f5es do pist\u00e3o, veda\u00e7\u00f5es da haste e raspadores, que devem ser fabricados com materiais resistentes ao desgaste, como poliuretano e borracha nitr\u00edlica. O corpo do cilindro e a superf\u00edcie roscada da extremidade devem ser usinados com precis\u00e3o para melhorar a resist\u00eancia ao desgaste. A lubrifica\u00e7\u00e3o regular com a quantidade adequada de \u00f3leo hidr\u00e1ulico tamb\u00e9m \u00e9 necess\u00e1ria para garantir o bom funcionamento.<\/p>\n<h2>Manuten\u00e7\u00e3o e Reparo<\/h2>\n<p>A manuten\u00e7\u00e3o regular e os procedimentos de reparo adequados podem prolongar a vida \u00fatil do cilindro da ca\u00e7amba. As tarefas comuns de manuten\u00e7\u00e3o incluem inspe\u00e7\u00e3o regular, lubrifica\u00e7\u00e3o adequada, substitui\u00e7\u00e3o de veda\u00e7\u00f5es e verifica\u00e7\u00f5es de calibra\u00e7\u00e3o. A instala\u00e7\u00e3o, lubrifica\u00e7\u00e3o e ajuste corretos s\u00e3o essenciais para o funcionamento adequado. Deve-se fornecer orienta\u00e7\u00f5es de alinhamento adequadas durante a instala\u00e7\u00e3o e utilizar suportes de instala\u00e7\u00e3o apropriados para fixar o cilindro. Os procedimentos recomendados de inspe\u00e7\u00e3o, reparo e substitui\u00e7\u00e3o devem ser seguidos, e os servi\u00e7os de substitui\u00e7\u00e3o e reconstru\u00e7\u00e3o de pe\u00e7as devem ser providenciados para aumentar a vida \u00fatil do cilindro da ca\u00e7amba.<\/p>\n<p><img decoding=\"async\" src=\"https:\/\/www.hydraulic-cylinders.net\/wp-content\/uploads\/2025\/01\/songte-chushion-collar.webp\" alt=\"Imagem de manuten\u00e7\u00e3o do cilindro da ca\u00e7amba\"><\/p>\n<h2>Considera\u00e7\u00f5es sobre seguran\u00e7a e meio ambiente<\/h2>\n<p>Ao utilizar o cilindro com ca\u00e7amba, devem ser tomadas medidas de seguran\u00e7a para proteger os operadores e as pessoas pr\u00f3ximas de poss\u00edveis riscos. O cilindro deve ser operado dentro de sua faixa de carga segura e os operadores devem ser treinados para manusear o equipamento corretamente. O descarte adequado do \u00f3leo hidr\u00e1ulico usado \u00e9 necess\u00e1rio para evitar contamina\u00e7\u00e3o e danos ambientais.<\/p>\n<h2>Diagn\u00f3stico e resolu\u00e7\u00e3o de problemas comuns<\/h2>\n<p>Problemas comuns em cilindros de ca\u00e7amba incluem vazamentos, press\u00e3o insuficiente e opera\u00e7\u00e3o lenta. Esses problemas podem ser diagnosticados e resolvidos por meio de inspe\u00e7\u00e3o cuidadosa e substitui\u00e7\u00e3o de componentes defeituosos. \u00c9 importante seguir os procedimentos de reparo adequados e as medidas preventivas para minimizar poss\u00edveis problemas.<\/p>\n<p><img decoding=\"async\" src=\"https:\/\/hzpt.com\/wp-content\/uploads\/2024\/11\/songte-company-1.webp\" alt=\"Imagem de resolu\u00e7\u00e3o de problemas do cilindro da ca\u00e7amba\"><\/p>\n<h2>Sobre nossa empresa<\/h2>\n<p>Somos um dos principais fabricantes e distribuidores de cilindros hidr\u00e1ulicos nos mercados nacional e internacional, especializados na reposi\u00e7\u00e3o desses equipamentos. Nossa empresa oferece uma ampla gama de produtos e preza pela excel\u00eancia em qualidade. Adotamos uma estrat\u00e9gia de gest\u00e3o de produ\u00e7\u00e3o industrializada, com oficinas de fabrica\u00e7\u00e3o de alta precis\u00e3o, para aprimorar continuamente a plataforma de produ\u00e7\u00e3o, melhorar a qualidade dos produtos e, com grande criatividade, atender \u00e0s diversas necessidades dos clientes, pautando-nos pelos princ\u00edpios de alta efici\u00eancia, alta precis\u00e3o e alta qualidade. Oferecemos servi\u00e7os profissionais, com certifica\u00e7\u00e3o internacional e personaliza\u00e7\u00e3o, e utilizamos equipamentos de produ\u00e7\u00e3o avan\u00e7ados e sistemas de teste profissionais para garantir a qualidade de nossos produtos. Nossa empresa tamb\u00e9m oferece servi\u00e7os p\u00f3s-venda, como reposi\u00e7\u00e3o de pe\u00e7as e servi\u00e7os de remanufatura, para assegurar a longevidade de nossos produtos.<\/p>\n<p><img decoding=\"async\" src=\"https:\/\/www.hydraulic-cylinders.net\/wp-content\/uploads\/2025\/01\/songte-company-3.webp\" alt=\"Imagem da empresa\"><\/p>\n<p>Escrito por lyl.<\/p>","protected":false},"excerpt":{"rendered":"<p>Bucket Cylinder For Lonking Middle Excavator LG6215 Introduction Defining Bucket Cylinder The bucket cylinder is a specially designed hydraulic cylinder that is primarily used to control the movement of the bucket in heavy machinery such as excavators, backhoe excavators, and front loaders. The main function of the bucket cylinder is to enable the bucket to [&hellip;]<\/p>","protected":false},"featured_media":14789,"comment_status":"open","ping_status":"closed","template":"","meta":{"_et_pb_use_builder":"","_et_pb_old_content":"","_et_gb_content_width":""},"product_brand":[],"product_cat":[1494],"product_tag":[1495,1496],"class_list":{"0":"post-15612","1":"product","2":"type-product","3":"status-publish","4":"has-post-thumbnail","6":"product_cat-bucket-cylinders","7":"product_tag-bucket-cylinders","8":"product_tag-hydraulic-cylinders","10":"first","11":"instock","12":"shipping-taxable","13":"product-type-simple"},"amp_enabled":true,"_links":{"self":[{"href":"https:\/\/www.hydraulic-cylinders.net\/pt\/wp-json\/wp\/v2\/product\/15612","targetHints":{"allow":["GET"]}}],"collection":[{"href":"https:\/\/www.hydraulic-cylinders.net\/pt\/wp-json\/wp\/v2\/product"}],"about":[{"href":"https:\/\/www.hydraulic-cylinders.net\/pt\/wp-json\/wp\/v2\/types\/product"}],"replies":[{"embeddable":true,"href":"https:\/\/www.hydraulic-cylinders.net\/pt\/wp-json\/wp\/v2\/comments?post=15612"}],"wp:featuredmedia":[{"embeddable":true,"href":"https:\/\/www.hydraulic-cylinders.net\/pt\/wp-json\/wp\/v2\/media\/14789"}],"wp:attachment":[{"href":"https:\/\/www.hydraulic-cylinders.net\/pt\/wp-json\/wp\/v2\/media?parent=15612"}],"wp:term":[{"taxonomy":"product_brand","embeddable":true,"href":"https:\/\/www.hydraulic-cylinders.net\/pt\/wp-json\/wp\/v2\/product_brand?post=15612"},{"taxonomy":"product_cat","embeddable":true,"href":"https:\/\/www.hydraulic-cylinders.net\/pt\/wp-json\/wp\/v2\/product_cat?post=15612"},{"taxonomy":"product_tag","embeddable":true,"href":"https:\/\/www.hydraulic-cylinders.net\/pt\/wp-json\/wp\/v2\/product_tag?post=15612"}],"curies":[{"name":"wp","href":"https:\/\/api.w.org\/{rel}","templated":true}]}}