{"id":15632,"date":"2025-01-19T14:46:26","date_gmt":"2025-01-19T14:46:26","guid":{"rendered":"https:\/\/www.hydraulic-cylinders.net\/product\/bucket-cylinder-for-liebherr-middle-excavator-r934cl\/"},"modified":"2025-01-19T14:46:28","modified_gmt":"2025-01-19T14:46:28","slug":"bucket-cylinder-for-liebherr-middle-excavator-r934cl","status":"publish","type":"product","link":"https:\/\/www.hydraulic-cylinders.net\/pt\/produto\/bucket-cylinder-for-liebherr-middle-excavator-r934cl\/","title":{"rendered":"Cilindro da ca\u00e7amba para escavadeira m\u00e9dia Liebherr R934CL"},"content":{"rendered":"<h2>Cilindro da ca\u00e7amba para escavadeira m\u00e9dia Liebherr R934CL<\/h2>\n<p>O cilindro da ca\u00e7amba para a escavadeira m\u00e9dia Liebherr R934CL \u00e9 um cilindro hidr\u00e1ulico especialmente projetado para controlar o movimento da ca\u00e7amba em m\u00e1quinas pesadas, como escavadeiras, retroescavadeiras e p\u00e1s carregadeiras. Sua principal fun\u00e7\u00e3o \u00e9 permitir que a ca\u00e7amba suba, des\u00e7a e incline, facilitando o manuseio de diversos materiais. No sistema hidr\u00e1ulico, o cilindro da ca\u00e7amba proporciona um controle preciso da ca\u00e7amba utilizando as varia\u00e7\u00f5es de press\u00e3o do \u00f3leo hidr\u00e1ulico, permitindo que os operadores manuseiem cargas pesadas com efici\u00eancia e se adaptem a ambientes de trabalho complexos e diversas necessidades operacionais.<\/p>\n<p><img decoding=\"async\" src=\"https:\/\/www.hydraulic-cylinders.net\/wp-content\/uploads\/2025\/01\/songte-company-2.webp\" alt=\"Imagem do cilindro da ca\u00e7amba\"><\/p>\n<h3>Caracter\u00edsticas do cilindro da ca\u00e7amba:<\/h3>\n<ol>\n<li>Alta resist\u00eancia e durabilidade: Normalmente fabricado em a\u00e7o ou alum\u00ednio de alta resist\u00eancia, suporta alta press\u00e3o e cargas pesadas, adaptando-se a ambientes de trabalho severos. O design considera a resist\u00eancia ao desgaste e \u00e0 corros\u00e3o, prolongando sua vida \u00fatil.<\/li>\n<li>Opera\u00e7\u00e3o hidr\u00e1ulica eficiente: Utilizando a press\u00e3o do \u00f3leo hidr\u00e1ulico para obter uma extens\u00e3o e retra\u00e7\u00e3o suaves, o equipamento responde rapidamente aos comandos de controle, fornecendo for\u00e7as de empurrar e puxar potentes, adequadas para lidar com cargas pesadas e tarefas operacionais complexas.<\/li>\n<li>Diversos tipos: Est\u00e1 dispon\u00edvel com cilindros de a\u00e7\u00e3o simples (acionamento hidr\u00e1ulico em apenas uma dire\u00e7\u00e3o) ou de a\u00e7\u00e3o dupla (acionamento hidr\u00e1ulico em ambas as dire\u00e7\u00f5es), atendendo a diferentes requisitos operacionais. Alguns modelos s\u00e3o telesc\u00f3picos, permitindo maior extens\u00e3o sem aumentar as dimens\u00f5es externas, o que os torna adequados para aplica\u00e7\u00f5es com espa\u00e7o limitado.<\/li>\n<li>Substitui\u00e7\u00e3o perfeita: Nosso produto substitui perfeitamente esses cilindros hidr\u00e1ulicos, garantindo compatibilidade e integra\u00e7\u00e3o perfeita.<\/li>\n<\/ol>\n<p><img decoding=\"async\" src=\"https:\/\/www.hydraulic-cylinders.net\/wp-content\/uploads\/2025\/01\/songte-cylinder-head-with-all-kinds-excavator-models.webp\" alt=\"Imagem do produto\"><\/p>\n<h3>Aplica\u00e7\u00f5es do Cilindro de Ca\u00e7amba:<\/h3>\n<p>O cilindro de ca\u00e7amba encontra aplica\u00e7\u00f5es em diversas ind\u00fastrias e equipamentos:<\/p>\n<ul>\n<li>Equipamentos de constru\u00e7\u00e3o: Encontrados em escavadeiras, s\u00e3o cruciais para escavar, carregar e movimentar terra ou entulho. Em retroescavadeiras, o cilindro da ca\u00e7amba auxilia tanto na escava\u00e7\u00e3o quanto no levantamento.<\/li>\n<li>M\u00e1quinas agr\u00edcolas: Utilizadas em p\u00e1s carregadeiras frontais para recolher, levantar e transportar terra, feno e outros materiais.<\/li>\n<li>Escavadeiras: O cilindro da ca\u00e7amba possibilita a a\u00e7\u00e3o de escava\u00e7\u00e3o, permitindo que a ca\u00e7amba penetre no solo.<\/li>\n<li>Carregadores: Em carregadores frontais, eles auxiliam no levantamento e despejo eficiente da carga.<\/li>\n<\/ul>\n<h3>Considera\u00e7\u00f5es de design e crit\u00e9rios de sele\u00e7\u00e3o:<\/h3>\n<p>No que diz respeito ao projeto do cilindro da ca\u00e7amba, v\u00e1rios fatores s\u00e3o considerados:<\/p>\n<ul>\n<li>Capacidade de carga: O cilindro foi projetado para suportar os requisitos de carga espec\u00edficos da aplica\u00e7\u00e3o.<\/li>\n<li>Veda\u00e7\u00e3o: Diversos tipos de veda\u00e7\u00f5es, como veda\u00e7\u00f5es de pist\u00e3o e veda\u00e7\u00f5es de haste, s\u00e3o utilizados para garantir uma veda\u00e7\u00e3o adequada e evitar vazamentos.<\/li>\n<li>Durabilidade: O cilindro foi projetado para suportar as condi\u00e7\u00f5es operacionais severas e proporcionar um desempenho duradouro.<\/li>\n<li>Seguran\u00e7a: Recursos de seguran\u00e7a s\u00e3o incorporados para garantir o funcionamento seguro do cilindro.<\/li>\n<li>Facilidade de manuten\u00e7\u00e3o: O projeto permite f\u00e1cil manuten\u00e7\u00e3o e reparo, minimizando o tempo de inatividade.<\/li>\n<\/ul>\n<p><img decoding=\"async\" src=\"https:\/\/www.hydraulic-cylinders.net\/wp-content\/uploads\/2025\/01\/songte-oil-pipes-and-spare-parts.webp\" alt=\"Imagem do produto\"><\/p>\n<h3>Veda\u00e7\u00e3o e Lubrifica\u00e7\u00e3o:<\/h3>\n<p>O cilindro da ca\u00e7amba utiliza diversos tipos de veda\u00e7\u00f5es, como poliuretano e borracha nitr\u00edlica, fabricadas com materiais resistentes ao desgaste. O corpo do cilindro e as extremidades roscadas passam por um tratamento minucioso para aumentar a resist\u00eancia ao desgaste. A lubrifica\u00e7\u00e3o regular com a quantidade adequada de \u00f3leo hidr\u00e1ulico \u00e9 necess\u00e1ria para garantir o bom funcionamento.<\/p>\n<h3>Inspe\u00e7\u00e3o regular e manuten\u00e7\u00e3o preventiva:<\/h3>\n<p>A inspe\u00e7\u00e3o regular e a manuten\u00e7\u00e3o preventiva s\u00e3o essenciais para garantir o funcionamento adequado e a longevidade do cilindro da ca\u00e7amba:<\/p>\n<ul>\n<li>Inspecionar para detectar quaisquer sinais de danos ou vazamentos.<\/li>\n<li>Lubrifica\u00e7\u00e3o adequada de todas as pe\u00e7as m\u00f3veis.<\/li>\n<li>Substitui\u00e7\u00e3o de veda\u00e7\u00f5es desgastadas<\/li>\n<li>Realizando verifica\u00e7\u00f5es de calibra\u00e7\u00e3o<\/li>\n<\/ul>\n<h3>Guia de Instala\u00e7\u00e3o Adequada:<\/h3>\n<p>Para garantir a instala\u00e7\u00e3o correta do cilindro da ca\u00e7amba, siga estas orienta\u00e7\u00f5es:<\/p>\n<ol>\n<li>Alinhe o cilindro corretamente durante a instala\u00e7\u00e3o.<\/li>\n<li>Utilize suportes de instala\u00e7\u00e3o adequados para fixar o cilindro.<\/li>\n<li>Siga os procedimentos recomendados de inspe\u00e7\u00e3o, reparo e substitui\u00e7\u00e3o.<\/li>\n<li>Oferecemos servi\u00e7os de reconstru\u00e7\u00e3o e substitui\u00e7\u00e3o de pe\u00e7as para prolongar a vida \u00fatil do cilindro da ca\u00e7amba.<\/li>\n<\/ol>\n<p><img decoding=\"async\" src=\"https:\/\/www.hydraulic-cylinders.net\/wp-content\/uploads\/2025\/01\/songte-chushion-collar.webp\" alt=\"Imagem do produto\"><\/p>\n<h3>Considera\u00e7\u00f5es de seguran\u00e7a e fatores ambientais:<\/h3>\n<p>Ao utilizar o cilindro com ca\u00e7amba, \u00e9 crucial seguir as medidas de seguran\u00e7a para o bem-estar tanto dos operadores quanto do meio ambiente.<\/p>\n<h3>Diagn\u00f3stico de falhas e problemas comuns:<\/h3>\n<p>A seguir, apresentamos alguns diagn\u00f3sticos de falhas e problemas comuns relacionados ao cilindro da ca\u00e7amba:<\/p>\n<ul>\n<li>Vazamento de fluido hidr\u00e1ulico<\/li>\n<li>Extens\u00e3o ou retra\u00e7\u00e3o irregular do cilindro<\/li>\n<li>Ru\u00eddos ou vibra\u00e7\u00f5es incomuns<\/li>\n<li>Falha em segurar cargas adequadamente<\/li>\n<\/ul>\n<p>Para solucionar e resolver esses problemas, considere as seguintes dicas:<\/p>\n<ul>\n<li>Fornecer dicas e solu\u00e7\u00f5es para a resolu\u00e7\u00e3o eficaz de problemas.<\/li>\n<li>Sugira medidas preventivas para minimizar poss\u00edveis problemas.<\/li>\n<\/ul>\n<p><img decoding=\"async\" src=\"https:\/\/www.hydraulic-cylinders.net\/wp-content\/uploads\/2025\/01\/songte-bushings-with-all-kinds-of-excavator-models.webp\" alt=\"Imagem do produto\"><\/p>\n<p>Lembre-se de organizar o artigo de forma l\u00f3gica, usar subt\u00edtulos para facilitar a navega\u00e7\u00e3o, incorporar imagens ou gr\u00e1ficos relevantes para melhorar a compreens\u00e3o e garantir que o conte\u00fado seja claro, conciso e adequado para leitores com diferentes n\u00edveis de conhecimento t\u00e9cnico.<\/p>\n<h2>Sobre nossa empresa<\/h2>\n<p>Somos uma fabricante especializada na produ\u00e7\u00e3o de cilindros hidr\u00e1ulicos de reposi\u00e7\u00e3o. Com uma ampla gama de produtos, nos tornamos um dos principais fabricantes e distribuidores atacadistas de cilindros hidr\u00e1ulicos nos mercados nacional e internacional. Primamos pela excel\u00eancia em qualidade e utilizamos estrat\u00e9gias de gest\u00e3o de produ\u00e7\u00e3o industrializada em nossas instala\u00e7\u00f5es de fabrica\u00e7\u00e3o de \u00faltima gera\u00e7\u00e3o. Nossa empresa aprimora continuamente a plataforma de produ\u00e7\u00e3o, investindo em talentos tecnol\u00f3gicos, equipamentos digitais de ponta e sistemas de teste profissionais. Possu\u00edmos forte capacidade criativa e operamos com base nos princ\u00edpios de alta efici\u00eancia, alta precis\u00e3o e alta qualidade para atender \u00e0s diversas necessidades de nossos clientes.<\/p>\n<p><img decoding=\"async\" src=\"https:\/\/www.hydraulic-cylinders.net\/wp-content\/uploads\/2025\/01\/songte-company-3.webp\" alt=\"Imagem da empresa\"><\/p>\n<p>Informa\u00e7\u00f5es adicionais sobre nossa empresa:<\/p>\n<ul>\n<li>Profissionalismo<\/li>\n<li>Certifica\u00e7\u00f5es internacionais<\/li>\n<li>Servi\u00e7os de personaliza\u00e7\u00e3o<\/li>\n<li>Equipamentos de produ\u00e7\u00e3o<\/li>\n<li>Servi\u00e7o p\u00f3s-venda<\/li>\n<\/ul>\n<p><img decoding=\"async\" src=\"https:\/\/hzpt.com\/wp-content\/uploads\/2024\/11\/songte-company-1.webp\" alt=\"Imagem da empresa\"><\/p>\n<p><em>Autor: lyl<\/em><\/p>","protected":false},"excerpt":{"rendered":"<p>Bucket Cylinder For Liebherr Middle Excavator R934CL The Bucket Cylinder for Liebherr Middle Excavator R934CL is a specially designed hydraulic cylinder used to control the movement of the bucket in heavy machinery such as excavators, backhoe loaders, and front loaders. Its main function is to allow the bucket to lift, lower, and tilt, making it [&hellip;]<\/p>","protected":false},"featured_media":14782,"comment_status":"open","ping_status":"closed","template":"","meta":{"_et_pb_use_builder":"","_et_pb_old_content":"","_et_gb_content_width":""},"product_brand":[],"product_cat":[1494],"product_tag":[1495,1496],"class_list":{"0":"post-15632","1":"product","2":"type-product","3":"status-publish","4":"has-post-thumbnail","6":"product_cat-bucket-cylinders","7":"product_tag-bucket-cylinders","8":"product_tag-hydraulic-cylinders","10":"first","11":"instock","12":"shipping-taxable","13":"product-type-simple"},"amp_enabled":true,"_links":{"self":[{"href":"https:\/\/www.hydraulic-cylinders.net\/pt\/wp-json\/wp\/v2\/product\/15632","targetHints":{"allow":["GET"]}}],"collection":[{"href":"https:\/\/www.hydraulic-cylinders.net\/pt\/wp-json\/wp\/v2\/product"}],"about":[{"href":"https:\/\/www.hydraulic-cylinders.net\/pt\/wp-json\/wp\/v2\/types\/product"}],"replies":[{"embeddable":true,"href":"https:\/\/www.hydraulic-cylinders.net\/pt\/wp-json\/wp\/v2\/comments?post=15632"}],"wp:featuredmedia":[{"embeddable":true,"href":"https:\/\/www.hydraulic-cylinders.net\/pt\/wp-json\/wp\/v2\/media\/14782"}],"wp:attachment":[{"href":"https:\/\/www.hydraulic-cylinders.net\/pt\/wp-json\/wp\/v2\/media?parent=15632"}],"wp:term":[{"taxonomy":"product_brand","embeddable":true,"href":"https:\/\/www.hydraulic-cylinders.net\/pt\/wp-json\/wp\/v2\/product_brand?post=15632"},{"taxonomy":"product_cat","embeddable":true,"href":"https:\/\/www.hydraulic-cylinders.net\/pt\/wp-json\/wp\/v2\/product_cat?post=15632"},{"taxonomy":"product_tag","embeddable":true,"href":"https:\/\/www.hydraulic-cylinders.net\/pt\/wp-json\/wp\/v2\/product_tag?post=15632"}],"curies":[{"name":"wp","href":"https:\/\/api.w.org\/{rel}","templated":true}]}}