{"id":15653,"date":"2025-01-19T14:48:04","date_gmt":"2025-01-19T14:48:04","guid":{"rendered":"https:\/\/www.hydraulic-cylinders.net\/product\/bucket-cylinder-for-sdlg-middle-excavator-lg6225\/"},"modified":"2025-01-19T14:48:06","modified_gmt":"2025-01-19T14:48:06","slug":"bucket-cylinder-for-sdlg-middle-excavator-lg6225","status":"publish","type":"product","link":"https:\/\/www.hydraulic-cylinders.net\/pt\/produto\/bucket-cylinder-for-sdlg-middle-excavator-lg6225\/","title":{"rendered":"Cilindro da ca\u00e7amba para escavadeira m\u00e9dia SDLG LG6225"},"content":{"rendered":"<h1>Cilindro da ca\u00e7amba para escavadeira m\u00e9dia SDLG LG6225<\/h1>\n<h2>Introdu\u00e7\u00e3o<\/h2>\n<p>O cilindro da ca\u00e7amba para a escavadeira m\u00e9dia SDLG LG6225 \u00e9 um cilindro hidr\u00e1ulico especializado, projetado para controlar o movimento da ca\u00e7amba em m\u00e1quinas pesadas, como escavadeiras, retroescavadeiras e p\u00e1s carregadeiras. Sua principal fun\u00e7\u00e3o \u00e9 facilitar diversas tarefas de movimenta\u00e7\u00e3o de materiais, permitindo que a ca\u00e7amba suba, des\u00e7a e incline. No sistema hidr\u00e1ulico, o cilindro da ca\u00e7amba proporciona um controle preciso da ca\u00e7amba por meio de altera\u00e7\u00f5es na press\u00e3o do \u00f3leo hidr\u00e1ulico, permitindo que os operadores manuseiem cargas pesadas com efici\u00eancia e se adaptem a ambientes de trabalho complexos e diversas exig\u00eancias operacionais.<\/p>\n<p><img loading=\"lazy\" decoding=\"async\" src=\"https:\/\/www.hydraulic-cylinders.net\/wp-content\/uploads\/2025\/01\/songte-company-2.webp\" alt=\"Cilindro da ca\u00e7amba para escavadeira m\u00e9dia SDLG LG6225\" width=\"500\" height=\"333\"><\/p>\n<h2>Caracter\u00edsticas<\/h2>\n<ul>\n<li>\n<h3>Alta resist\u00eancia e durabilidade<\/h3>\n<p>O cilindro \u00e9 normalmente feito de a\u00e7o ou alum\u00ednio de alta resist\u00eancia, capaz de suportar alta press\u00e3o e cargas pesadas, adaptando-se a ambientes de trabalho severos e projetado com considera\u00e7\u00e3o pela resist\u00eancia ao desgaste e \u00e0 corros\u00e3o para prolongar a vida \u00fatil.<\/p>\n<\/li>\n<li>\n<h3>Opera\u00e7\u00e3o Hidr\u00e1ulica Eficiente<\/h3>\n<p>Utilizando a press\u00e3o do \u00f3leo hidr\u00e1ulico para obter uma extens\u00e3o e retra\u00e7\u00e3o suaves, o cilindro pode responder rapidamente aos comandos de controle, fornecer fortes for\u00e7as de empuxo e tra\u00e7\u00e3o e \u00e9 adequado para lidar com cargas pesadas e tarefas operacionais complexas.<\/p>\n<\/li>\n<li>\n<h3>Tipos diversos<\/h3>\n<p>O cilindro pode ser de a\u00e7\u00e3o simples (a for\u00e7a hidr\u00e1ulica atua em apenas uma dire\u00e7\u00e3o) ou de a\u00e7\u00e3o dupla (a for\u00e7a hidr\u00e1ulica atua em ambas as dire\u00e7\u00f5es), dependendo das necessidades operacionais. Alguns modelos s\u00e3o telesc\u00f3picos, o que permite maior extens\u00e3o sem aumentar as dimens\u00f5es externas, tornando-os adequados para aplica\u00e7\u00f5es com espa\u00e7o limitado.<\/p>\n<\/li>\n<li>\n<h3>Pode substituir outros cilindros hidr\u00e1ulicos<\/h3>\n<p>Nosso produto pode substituir perfeitamente outros cilindros hidr\u00e1ulicos. Fornecemos componentes de reposi\u00e7\u00e3o e servi\u00e7os de remanufatura para prolongar a vida \u00fatil do seu equipamento.<\/p>\n<\/li>\n<li>\n<h3>Diversas aplica\u00e7\u00f5es<\/h3>\n<p>O cilindro de ca\u00e7amba tem uma ampla gama de aplica\u00e7\u00f5es em diversas m\u00e1quinas pesadas, tais como:<\/p>\n<ul>\n<li>Equipamentos de constru\u00e7\u00e3o: essenciais para escavar, carregar e movimentar solo ou entulho em escavadeiras e retroescavadeiras.<\/li>\n<li>M\u00e1quinas agr\u00edcolas: usadas em carregadeiras frontais para recolher, levantar e transportar solo, feno e outros materiais.<\/li>\n<li>Escavadeiras: o cilindro permite que a ca\u00e7amba penetre no solo para realizar a escava\u00e7\u00e3o.<\/li>\n<li>Carregadores: em carregadores frontais, eles ajudam a levantar e despejar a carga com efici\u00eancia.<\/li>\n<\/ul>\n<\/li>\n<\/ul>\n<h2>Considera\u00e7\u00f5es de design e crit\u00e9rios de sele\u00e7\u00e3o<\/h2>\n<p>Ao selecionar o cilindro da ca\u00e7amba, diversos fatores devem ser considerados, como sua capacidade de carga, desempenho de veda\u00e7\u00e3o, durabilidade, seguran\u00e7a e manuten\u00e7\u00e3o. A seguir, apresentamos algumas considera\u00e7\u00f5es de projeto e crit\u00e9rios de sele\u00e7\u00e3o:<\/p>\n<ul>\n<li>\n<h3>Capacidade de carga<\/h3>\n<p>O cilindro deve ser capaz de suportar a carga m\u00e1xima a que o equipamento possa ser submetido, e o projeto deve levar em considera\u00e7\u00e3o poss\u00edveis condi\u00e7\u00f5es de sobrecarga. A capacidade de carga do cilindro pode ser aumentada utilizando hastes e tubos de maior di\u00e2metro ou materiais de maior resist\u00eancia.<\/p>\n<\/li>\n<li>\n<h3>Desempenho de veda\u00e7\u00e3o<\/h3>\n<p>O cilindro deve ser devidamente vedado para evitar vazamentos de fluido hidr\u00e1ulico e a entrada de contaminantes externos. Diversos componentes de veda\u00e7\u00e3o s\u00e3o utilizados no cilindro, como veda\u00e7\u00f5es de pist\u00e3o, veda\u00e7\u00f5es de haste e veda\u00e7\u00f5es raspadoras, fabricados com materiais resistentes ao desgaste, como poliuretano e borracha nitr\u00edlica. O corpo do cilindro e a superf\u00edcie da rosca s\u00e3o finamente usinados para melhorar a resist\u00eancia ao desgaste e evitar vazamentos de \u00f3leo.<\/p>\n<\/li>\n<li>\n<h3>Durabilidade<\/h3>\n<p>O cilindro deve ser projetado e fabricado para suportar condi\u00e7\u00f5es operacionais severas e resistir ao desgaste e \u00e0 corros\u00e3o. O uso de materiais de alta resist\u00eancia e revestimentos especiais pode aumentar a durabilidade e prolongar a vida \u00fatil.<\/p>\n<\/li>\n<li>\n<h3>Seguran\u00e7a<\/h3>\n<p>O cilindro deve ser projetado e instalado para garantir uma opera\u00e7\u00e3o segura e confi\u00e1vel. Medidas como v\u00e1lvulas de seguran\u00e7a, v\u00e1lvulas de al\u00edvio de press\u00e3o e mecanismos de travamento podem prevenir acidentes causados \u200b\u200bpor sobrepress\u00e3o ou movimentos inesperados do cilindro.<\/p>\n<\/li>\n<li>\n<h3>Manuten\u00e7\u00e3o<\/h3>\n<p>O cilindro deve ser projetado para facilitar a manuten\u00e7\u00e3o e o reparo. Deve-se garantir f\u00e1cil acesso \u00e0s veda\u00e7\u00f5es, hastes e outros componentes para inspe\u00e7\u00e3o e substitui\u00e7\u00e3o. A manuten\u00e7\u00e3o e a inspe\u00e7\u00e3o regulares podem prevenir falhas prematuras e prolongar a vida \u00fatil do cilindro.<\/p>\n<\/li>\n<\/ul>\n<p><img loading=\"lazy\" decoding=\"async\" src=\"https:\/\/www.hydraulic-cylinders.net\/wp-content\/uploads\/2025\/01\/songte-oil-pipes-and-spare-parts.webp\" alt=\"Cilindro da ca\u00e7amba para escavadeira m\u00e9dia SDLG LG6225 - Pe\u00e7as de reposi\u00e7\u00e3o\" width=\"500\" height=\"333\"><\/p>\n<h2>Veda\u00e7\u00e3o e Lubrifica\u00e7\u00e3o<\/h2>\n<p>O cilindro da ca\u00e7amba requer veda\u00e7\u00e3o e lubrifica\u00e7\u00e3o adequadas para garantir opera\u00e7\u00e3o confi\u00e1vel e prolongar sua vida \u00fatil. As seguintes medidas podem ser tomadas:<\/p>\n<ul>\n<li>Utilize diversos componentes de veda\u00e7\u00e3o, como veda\u00e7\u00f5es de pist\u00e3o, veda\u00e7\u00f5es de haste e veda\u00e7\u00f5es raspadoras, feitos de materiais resistentes ao desgaste, como poliuretano e borracha nitr\u00edlica, para evitar vazamentos de fluido hidr\u00e1ulico e a entrada de contaminantes externos.<\/li>\n<li>O corpo do cilindro e a superf\u00edcie da rosca devem ser processados \u200b\u200bcom precis\u00e3o para melhorar a resist\u00eancia ao desgaste e evitar vazamentos de \u00f3leo.<\/li>\n<li>Adicione regularmente a quantidade adequada de \u00f3leo hidr\u00e1ulico para lubrifica\u00e7\u00e3o, a fim de garantir o bom funcionamento do cilindro.<\/li>\n<\/ul>\n<h2>Manuten\u00e7\u00e3o e solu\u00e7\u00e3o de problemas<\/h2>\n<p>A manuten\u00e7\u00e3o e inspe\u00e7\u00e3o regulares podem prevenir falhas prematuras e garantir o funcionamento confi\u00e1vel do cilindro da ca\u00e7amba. As seguintes tarefas de manuten\u00e7\u00e3o devem ser realizadas:<\/p>\n<ul>\n<li>Inspe\u00e7\u00e3o e substitui\u00e7\u00e3o regulares de veda\u00e7\u00f5es e outros componentes para evitar vazamentos e manter o desempenho da veda\u00e7\u00e3o.<\/li>\n<li>A lubrifica\u00e7\u00e3o adequada garante o bom funcionamento e evita o desgaste e danos aos componentes.<\/li>\n<li>Verifica\u00e7\u00e3o da calibra\u00e7\u00e3o do cilindro para garantir movimento e posicionamento precisos.<\/li>\n<\/ul>\n<p>Em caso de mau funcionamento, as seguintes medidas de resolu\u00e7\u00e3o de problemas podem ser tomadas:<\/p>\n<ul>\n<li>Verifique o n\u00edvel e a qualidade do fluido hidr\u00e1ulico para garantir que n\u00e3o haja contamina\u00e7\u00e3o ou esgotamento.<\/li>\n<li>Inspecione se h\u00e1 vazamentos ou danos nos componentes do cilindro.<\/li>\n<li>Verifique se a v\u00e1lvula de controle e as mangueiras est\u00e3o obstru\u00eddas ou danificadas.<\/li>\n<\/ul>\n<p>Medidas preventivas tamb\u00e9m podem ser tomadas para minimizar poss\u00edveis problemas, tais como:<\/p>\n<ul>\n<li>Inspe\u00e7\u00e3o e manuten\u00e7\u00e3o regulares do cilindro para detectar e reparar pequenos problemas antes que se agravem.<\/li>\n<li>Utiliza\u00e7\u00e3o e opera\u00e7\u00e3o adequadas do cilindro, evitando sobrecargas ou impactos repentinos.<\/li>\n<li>Armazenamento e manuseio adequados do cilindro quando n\u00e3o estiver em uso.<\/li>\n<\/ul>\n<p><img loading=\"lazy\" decoding=\"async\" src=\"https:\/\/www.hydraulic-cylinders.net\/wp-content\/uploads\/2025\/01\/songte-chushion-collar.webp\" alt=\"Cilindro da ca\u00e7amba para escavadeira m\u00e9dia SDLG LG6225 com colar de amortecimento\" width=\"500\" height=\"333\"><\/p>\n<h2>Introdu\u00e7\u00e3o \u00e0 empresa<\/h2>\n<p>Nossa empresa \u00e9 fabricante de cilindros hidr\u00e1ulicos de reposi\u00e7\u00e3o, com uma linha completa de produtos. Somos um dos principais fabricantes e distribuidores atacadistas de cilindros hidr\u00e1ulicos nos mercados nacional e internacional. Seguimos o princ\u00edpio da excel\u00eancia em qualidade e utilizamos estrat\u00e9gias de gest\u00e3o de produ\u00e7\u00e3o industrializada em nossas modernas instala\u00e7\u00f5es fabris.<br \/>\nNossa empresa aprimora continuamente sua plataforma de fabrica\u00e7\u00e3o, aperfei\u00e7oa o processo de produ\u00e7\u00e3o com foco na qualidade de seus produtos e possui forte capacidade de cria\u00e7\u00e3o. Utilizamos princ\u00edpios de alta efici\u00eancia, alta precis\u00e3o e alta qualidade para atender \u00e0s diversas necessidades de nossos clientes.<\/p>\n<p><img loading=\"lazy\" decoding=\"async\" src=\"https:\/\/hzpt.com\/wp-content\/uploads\/2024\/11\/songte-company-1.webp\" alt=\"Cilindro da ca\u00e7amba para escavadeira m\u00e9dia SDLG LG6225 - Apresenta\u00e7\u00e3o da empresa\" width=\"500\" height=\"333\"><\/p>\n<h2>Informa\u00e7\u00f5es adicionais sobre a empresa<\/h2>\n<ul>\n<li>\n<h3>Profissionalismo<\/h3>\n<p>Nossa empresa conta com uma equipe de engenheiros e t\u00e9cnicos profissionais que oferecem suporte t\u00e9cnico e servi\u00e7os de personaliza\u00e7\u00e3o para atender a requisitos espec\u00edficos.<\/p>\n<\/li>\n<li>\n<h3>Certifica\u00e7\u00e3o Internacional<\/h3>\n<p>Nossos produtos obtiveram certifica\u00e7\u00f5es internacionais como ISO9001 e CE, garantindo qualidade e confiabilidade.<\/p>\n<\/li>\n<li>\n<h3>Servi\u00e7os de Personaliza\u00e7\u00e3o<\/h3>\n<p>Oferecemos servi\u00e7os de personaliza\u00e7\u00e3o para atender \u00e0s necessidades espec\u00edficas de cada cliente, como material, tamanho, press\u00e3o e aplica\u00e7\u00e3o.<\/p>\n<\/li>\n<li>\n<h3>Equipamentos de produ\u00e7\u00e3o<\/h3>\n<p>Nossa empresa utiliza equipamentos de produ\u00e7\u00e3o avan\u00e7ados, incluindo tornos CNC, fresadoras, retificadoras e outras m\u00e1quinas especializadas para garantir precis\u00e3o e efici\u00eancia.<\/p>\n<\/li>\n<li>\n<h3>Servi\u00e7os p\u00f3s-venda<\/h3>\n<p>Oferecemos servi\u00e7os p\u00f3s-venda, incluindo orienta\u00e7\u00e3o de instala\u00e7\u00e3o, reparo e servi\u00e7os de reconstru\u00e7\u00e3o, para garantir a satisfa\u00e7\u00e3o do cliente e a longevidade do produto.<\/p>\n<\/li>\n<\/ul>\n<p>Autor: lyl<\/p>","protected":false},"excerpt":{"rendered":"<p>Bucket Cylinder For SDLG Middle Excavator LG6225 Introduction The bucket cylinder for SDLG middle excavator LG6225 is a specialized hydraulic cylinder designed to control the movement of the bucket in heavy machinery such as excavators, backhoe excavators, and front loaders. Its main function is to facilitate various material handling tasks by allowing the bucket to [&hellip;]<\/p>","protected":false},"featured_media":14769,"comment_status":"open","ping_status":"closed","template":"","meta":{"_et_pb_use_builder":"","_et_pb_old_content":"","_et_gb_content_width":""},"product_brand":[],"product_cat":[1494],"product_tag":[1495,1496],"class_list":{"0":"post-15653","1":"product","2":"type-product","3":"status-publish","4":"has-post-thumbnail","6":"product_cat-bucket-cylinders","7":"product_tag-bucket-cylinders","8":"product_tag-hydraulic-cylinders","10":"first","11":"instock","12":"shipping-taxable","13":"product-type-simple"},"amp_enabled":true,"_links":{"self":[{"href":"https:\/\/www.hydraulic-cylinders.net\/pt\/wp-json\/wp\/v2\/product\/15653","targetHints":{"allow":["GET"]}}],"collection":[{"href":"https:\/\/www.hydraulic-cylinders.net\/pt\/wp-json\/wp\/v2\/product"}],"about":[{"href":"https:\/\/www.hydraulic-cylinders.net\/pt\/wp-json\/wp\/v2\/types\/product"}],"replies":[{"embeddable":true,"href":"https:\/\/www.hydraulic-cylinders.net\/pt\/wp-json\/wp\/v2\/comments?post=15653"}],"wp:featuredmedia":[{"embeddable":true,"href":"https:\/\/www.hydraulic-cylinders.net\/pt\/wp-json\/wp\/v2\/media\/14769"}],"wp:attachment":[{"href":"https:\/\/www.hydraulic-cylinders.net\/pt\/wp-json\/wp\/v2\/media?parent=15653"}],"wp:term":[{"taxonomy":"product_brand","embeddable":true,"href":"https:\/\/www.hydraulic-cylinders.net\/pt\/wp-json\/wp\/v2\/product_brand?post=15653"},{"taxonomy":"product_cat","embeddable":true,"href":"https:\/\/www.hydraulic-cylinders.net\/pt\/wp-json\/wp\/v2\/product_cat?post=15653"},{"taxonomy":"product_tag","embeddable":true,"href":"https:\/\/www.hydraulic-cylinders.net\/pt\/wp-json\/wp\/v2\/product_tag?post=15653"}],"curies":[{"name":"wp","href":"https:\/\/api.w.org\/{rel}","templated":true}]}}