{"id":15659,"date":"2025-01-19T14:48:28","date_gmt":"2025-01-19T14:48:28","guid":{"rendered":"https:\/\/www.hydraulic-cylinders.net\/product\/bucket-cylinder-for-jonyang-small-excavator-jy6085\/"},"modified":"2025-01-19T14:48:30","modified_gmt":"2025-01-19T14:48:30","slug":"bucket-cylinder-for-jonyang-small-excavator-jy6085","status":"publish","type":"product","link":"https:\/\/www.hydraulic-cylinders.net\/pt\/produto\/bucket-cylinder-for-jonyang-small-excavator-jy6085\/","title":{"rendered":"Cilindro da ca\u00e7amba para mini escavadeira Jonyang JY6085"},"content":{"rendered":"<h1>Cilindro da ca\u00e7amba para mini escavadeira Jonyang JY6085<\/h1>\n<h2>Introdu\u00e7\u00e3o<\/h2>\n<p>O cilindro da ca\u00e7amba para a mini escavadeira Jonyang JY6085 \u00e9 um cilindro hidr\u00e1ulico especialmente projetado para controlar o movimento da ca\u00e7amba em m\u00e1quinas pesadas, como escavadeiras, retroescavadeiras e p\u00e1s carregadeiras. Sua principal fun\u00e7\u00e3o \u00e9 permitir que a ca\u00e7amba suba, des\u00e7a e incline, facilitando o manuseio de diversos materiais.<\/p>\n<p><img decoding=\"async\" src=\"https:\/\/www.hydraulic-cylinders.net\/wp-content\/uploads\/2025\/01\/songte-company-2.webp\"><\/p>\n<h3>Defini\u00e7\u00e3o e Explica\u00e7\u00e3o<\/h3>\n<p>No sistema hidr\u00e1ulico, o cilindro da ca\u00e7amba permite o controle preciso da mesma atrav\u00e9s de altera\u00e7\u00f5es na press\u00e3o do \u00f3leo hidr\u00e1ulico, possibilitando que os operadores manuseiem cargas pesadas com efici\u00eancia e se adaptem a ambientes de trabalho complexos e a diversas exig\u00eancias operacionais.<\/p>\n<h2>Caracter\u00edsticas<\/h2>\n<p>Algumas das principais caracter\u00edsticas do cilindro da ca\u00e7amba incluem:<\/p>\n<ul>\n<li><strong>Alta resist\u00eancia e durabilidade:<\/strong> Normalmente fabricado em a\u00e7o de alta resist\u00eancia ou alum\u00ednio, o cilindro da ca\u00e7amba suporta alta press\u00e3o e cargas pesadas, adapta-se a ambientes de trabalho severos e \u00e9 projetado com resist\u00eancia ao desgaste e \u00e0 corros\u00e3o para prolongar sua vida \u00fatil.<\/li>\n<li><strong>Opera\u00e7\u00e3o hidr\u00e1ulica eficiente:<\/strong> Utilizando a press\u00e3o do \u00f3leo hidr\u00e1ulico, o cilindro da ca\u00e7amba realiza extens\u00e3o e retra\u00e7\u00e3o suaves, responde rapidamente aos comandos de controle, fornece for\u00e7a de empurr\u00e3o e tra\u00e7\u00e3o potente e \u00e9 adequado para lidar com cargas pesadas e tarefas operacionais complexas.<\/li>\n<li><strong>V\u00e1rios tipos:<\/strong> Os cilindros de ca\u00e7amba est\u00e3o dispon\u00edveis em modelos de a\u00e7\u00e3o simples (hidr\u00e1ulicos apenas em uma dire\u00e7\u00e3o) ou de a\u00e7\u00e3o dupla (hidr\u00e1ulicos em ambas as dire\u00e7\u00f5es), permitindo atender a diferentes necessidades operacionais. Alguns modelos s\u00e3o telesc\u00f3picos, possibilitando maior extens\u00e3o sem aumentar as dimens\u00f5es externas, o que os torna adequados para aplica\u00e7\u00f5es com espa\u00e7o limitado.<\/li>\n<\/ul>\n<p>Podemos produzir este produto, e o nosso produto pode ser um substituto perfeito para esses cilindros hidr\u00e1ulicos.<\/p>\n<p><img decoding=\"async\" src=\"https:\/\/www.hydraulic-cylinders.net\/wp-content\/uploads\/2025\/01\/songte-cylinder-head-with-all-kinds-excavator-models.webp\"><\/p>\n<h2>Aplica\u00e7\u00f5es<\/h2>\n<p>O cilindro de ca\u00e7amba tem diversas aplica\u00e7\u00f5es, incluindo:<\/p>\n<h3>Equipamentos de constru\u00e7\u00e3o<\/h3>\n<p>Em escavadeiras, s\u00e3o essenciais para escavar, carregar e movimentar terra ou entulho. Em retroescavadeiras, o cilindro da ca\u00e7amba auxilia na escava\u00e7\u00e3o e no levantamento. Em p\u00e1s carregadeiras, auxiliam no levantamento e despejo eficiente da carga.<\/p>\n<h3>Maquinaria agr\u00edcola<\/h3>\n<p>Utilizado em p\u00e1s carregadeiras para recolher, levantar e transportar terra, feno e outros materiais. Em escavadeiras, o cilindro da ca\u00e7amba permite a escava\u00e7\u00e3o, possibilitando que a ca\u00e7amba penetre no solo.<\/p>\n<h2>Considera\u00e7\u00f5es de design e crit\u00e9rios de sele\u00e7\u00e3o<\/h2>\n<p>Ao selecionar um cilindro de ca\u00e7amba, v\u00e1rios fatores devem ser considerados, incluindo:<\/p>\n<ul>\n<li><strong>Capacidade de suporte:<\/strong> O cilindro deve ser suficientemente resistente para suportar a carga para a qual foi projetado.<\/li>\n<li><strong>Selagem:<\/strong> As veda\u00e7\u00f5es do cilindro devem ser projetadas para evitar qualquer vazamento de fluido hidr\u00e1ulico.<\/li>\n<li><strong>Durabilidade:<\/strong> O cilindro deve ser projetado para suportar os rigores do uso pretendido sem se degradar rapidamente.<\/li>\n<li><strong>Seguran\u00e7a:<\/strong> O projeto deve incorporar recursos de seguran\u00e7a para evitar acidentes e les\u00f5es durante o uso.<\/li>\n<li><strong>Manutenibilidade:<\/strong> O cilindro deve ser projetado de forma a permitir f\u00e1cil manuten\u00e7\u00e3o e reparo em campo, se necess\u00e1rio.<\/li>\n<\/ul>\n<p><img decoding=\"async\" src=\"https:\/\/www.hydraulic-cylinders.net\/wp-content\/uploads\/2025\/01\/songte-oil-pipes-and-spare-parts.webp\"><\/p>\n<h2>Veda\u00e7\u00e3o e Lubrifica\u00e7\u00e3o<\/h2>\n<p>O cilindro da ca\u00e7amba utiliza diversos componentes de veda\u00e7\u00e3o, como veda\u00e7\u00f5es de pist\u00e3o e veda\u00e7\u00f5es de haste, fabricados com materiais resistentes ao desgaste, como poliuretano e borracha nitr\u00edlica. O corpo do cilindro e a superf\u00edcie roscada da extremidade s\u00e3o usinados com precis\u00e3o para melhorar a resist\u00eancia ao desgaste. A lubrifica\u00e7\u00e3o regular com a quantidade adequada de \u00f3leo hidr\u00e1ulico \u00e9 necess\u00e1ria para o funcionamento correto.<\/p>\n<h2>Medidas de Inspe\u00e7\u00e3o e Manuten\u00e7\u00e3o Preventiva<\/h2>\n<p>A inspe\u00e7\u00e3o regular e a manuten\u00e7\u00e3o preventiva s\u00e3o essenciais para garantir o funcionamento adequado e prolongar a vida \u00fatil do cilindro da ca\u00e7amba. Algumas tarefas de manuten\u00e7\u00e3o incluem:<\/p>\n<ul>\n<li><strong>Inspe\u00e7\u00e3o regular:<\/strong> Inspecione o cilindro para verificar se h\u00e1 sinais de danos ou desgaste.<\/li>\n<li><strong>Lubrifica\u00e7\u00e3o adequada:<\/strong> Certifique-se de que o cilindro esteja lubrificado com a quantidade correta de \u00f3leo hidr\u00e1ulico.<\/li>\n<li><strong>Substitui\u00e7\u00e3o da veda\u00e7\u00e3o:<\/strong> Substitua quaisquer veda\u00e7\u00f5es desgastadas ou danificadas para evitar vazamento de fluido hidr\u00e1ulico.<\/li>\n<li><strong>Verifica\u00e7\u00e3o de calibra\u00e7\u00e3o:<\/strong> Verifique a calibra\u00e7\u00e3o do cilindro para garantir que esteja funcionando corretamente.<\/li>\n<\/ul>\n<p>A instala\u00e7\u00e3o correta do cilindro da ca\u00e7amba \u00e9 crucial para o seu desempenho. Recomenda-se o alinhamento correto e o uso de suportes de instala\u00e7\u00e3o adequados para fixar o cilindro. Oferecemos procedimentos recomendados de inspe\u00e7\u00e3o, reparo e substitui\u00e7\u00e3o, bem como servi\u00e7os de substitui\u00e7\u00e3o e reconstru\u00e7\u00e3o de pe\u00e7as, para prolongar a vida \u00fatil do cilindro da ca\u00e7amba.<\/p>\n<p><img decoding=\"async\" src=\"https:\/\/www.hydraulic-cylinders.net\/wp-content\/uploads\/2025\/01\/songte-chushion-collar.webp\"><\/p>\n<h2>Considera\u00e7\u00f5es de seguran\u00e7a e fatores ambientais<\/h2>\n<p>Ao utilizar o cilindro de balde, devem ser observadas medidas de seguran\u00e7a para evitar acidentes e les\u00f5es. Fatores ambientais como temperatura, umidade e exposi\u00e7\u00e3o a produtos qu\u00edmicos tamb\u00e9m devem ser levados em considera\u00e7\u00e3o.<\/p>\n<h2>Solu\u00e7\u00e3o de problemas e problemas comuns<\/h2>\n<p>Problemas comuns que podem ocorrer com o cilindro da ca\u00e7amba incluem vazamento de fluido hidr\u00e1ulico, desgaste da veda\u00e7\u00e3o e danos na haste do pist\u00e3o. Um diagn\u00f3stico e solu\u00e7\u00e3o de problemas adequados, bem como a manuten\u00e7\u00e3o regular, podem ajudar a prevenir esses problemas ou a resolv\u00ea-los rapidamente.<\/p>\n<p>Nossas dicas de solu\u00e7\u00e3o de problemas e m\u00e9todos de resolu\u00e7\u00e3o podem ajudar os leitores a diagnosticar e solucionar problemas com efic\u00e1cia. Tamb\u00e9m fornecemos medidas preventivas para minimizar poss\u00edveis problemas.<\/p>\n<p><img decoding=\"async\" src=\"https:\/\/www.hydraulic-cylinders.net\/wp-content\/uploads\/2025\/01\/songte-bushings-with-all-kinds-of-excavator-models.webp\"><\/p>\n<h2>Sobre nossa empresa<\/h2>\n<p>Somos fabricantes de cilindros hidr\u00e1ulicos de reposi\u00e7\u00e3o, com uma linha completa de produtos, e nos tornamos um dos principais fabricantes e distribuidores atacadistas de cilindros hidr\u00e1ulicos nos mercados nacional e internacional. Primamos pela excel\u00eancia em qualidade, adotando uma estrat\u00e9gia de gest\u00e3o de produ\u00e7\u00e3o industrializada em nossas instala\u00e7\u00f5es de fabrica\u00e7\u00e3o de alta precis\u00e3o. Investimos continuamente em tecnologia, equipamentos digitais de \u00faltima gera\u00e7\u00e3o e sistemas de teste profissionais para aprimorar nossa plataforma de produ\u00e7\u00e3o. Possu\u00edmos forte capacidade criativa e priorizamos a alta efici\u00eancia, a alta precis\u00e3o e a alta qualidade para atender \u00e0s diversas necessidades de nossos clientes.<\/p>\n<p>Oferecemos profissionalismo, certifica\u00e7\u00e3o internacional, servi\u00e7os personalizados, equipamentos de produ\u00e7\u00e3o e servi\u00e7os p\u00f3s-venda.<\/p>\n<p><img decoding=\"async\" src=\"https:\/\/hzpt.com\/wp-content\/uploads\/2024\/11\/songte-company-1.webp\"><\/p>\n<p>Autor: lyl<\/p>","protected":false},"excerpt":{"rendered":"<p>Bucket Cylinder For Jonyang Small Excavator JY6085 Introduction The bucket cylinder for Jonyang small excavator JY6085 is a specially designed hydraulic cylinder that is mainly used to control the movement of the bucket in heavy machinery such as excavators, backhoe excavators, and front loaders. Its primary function is to enable the bucket to lift, lower, [&hellip;]<\/p>","protected":false},"featured_media":14787,"comment_status":"open","ping_status":"closed","template":"","meta":{"_et_pb_use_builder":"","_et_pb_old_content":"","_et_gb_content_width":""},"product_brand":[],"product_cat":[1494],"product_tag":[1495,1496],"class_list":{"0":"post-15659","1":"product","2":"type-product","3":"status-publish","4":"has-post-thumbnail","6":"product_cat-bucket-cylinders","7":"product_tag-bucket-cylinders","8":"product_tag-hydraulic-cylinders","10":"first","11":"instock","12":"shipping-taxable","13":"product-type-simple"},"amp_enabled":true,"_links":{"self":[{"href":"https:\/\/www.hydraulic-cylinders.net\/pt\/wp-json\/wp\/v2\/product\/15659","targetHints":{"allow":["GET"]}}],"collection":[{"href":"https:\/\/www.hydraulic-cylinders.net\/pt\/wp-json\/wp\/v2\/product"}],"about":[{"href":"https:\/\/www.hydraulic-cylinders.net\/pt\/wp-json\/wp\/v2\/types\/product"}],"replies":[{"embeddable":true,"href":"https:\/\/www.hydraulic-cylinders.net\/pt\/wp-json\/wp\/v2\/comments?post=15659"}],"wp:featuredmedia":[{"embeddable":true,"href":"https:\/\/www.hydraulic-cylinders.net\/pt\/wp-json\/wp\/v2\/media\/14787"}],"wp:attachment":[{"href":"https:\/\/www.hydraulic-cylinders.net\/pt\/wp-json\/wp\/v2\/media?parent=15659"}],"wp:term":[{"taxonomy":"product_brand","embeddable":true,"href":"https:\/\/www.hydraulic-cylinders.net\/pt\/wp-json\/wp\/v2\/product_brand?post=15659"},{"taxonomy":"product_cat","embeddable":true,"href":"https:\/\/www.hydraulic-cylinders.net\/pt\/wp-json\/wp\/v2\/product_cat?post=15659"},{"taxonomy":"product_tag","embeddable":true,"href":"https:\/\/www.hydraulic-cylinders.net\/pt\/wp-json\/wp\/v2\/product_tag?post=15659"}],"curies":[{"name":"wp","href":"https:\/\/api.w.org\/{rel}","templated":true}]}}