{"id":15664,"date":"2025-01-19T14:48:48","date_gmt":"2025-01-19T14:48:48","guid":{"rendered":"https:\/\/www.hydraulic-cylinders.net\/product\/bucket-cylinder-for-jonyang-small-excavator-jy645e\/"},"modified":"2025-01-19T14:48:50","modified_gmt":"2025-01-19T14:48:50","slug":"bucket-cylinder-for-jonyang-small-excavator-jy645e","status":"publish","type":"product","link":"https:\/\/www.hydraulic-cylinders.net\/pt\/produto\/bucket-cylinder-for-jonyang-small-excavator-jy645e\/","title":{"rendered":"Cilindro da ca\u00e7amba para mini escavadeira Jonyang JY645E"},"content":{"rendered":"<h1>Cilindro da ca\u00e7amba para mini escavadeira Jonyang JY645E<\/h1>\n<h2>Introdu\u00e7\u00e3o<\/h2>\n<p>O cilindro da ca\u00e7amba, tamb\u00e9m conhecido como cilindro hidr\u00e1ulico, \u00e9 um atuador hidr\u00e1ulico especializado projetado para controlar o movimento da ca\u00e7amba em m\u00e1quinas pesadas, como escavadeiras, retroescavadeiras e p\u00e1s carregadeiras. Sua principal fun\u00e7\u00e3o \u00e9 permitir o levantamento, abaixamento e inclina\u00e7\u00e3o da ca\u00e7amba, facilitando diversas tarefas de movimenta\u00e7\u00e3o de materiais. Em um sistema hidr\u00e1ulico, o cilindro da ca\u00e7amba proporciona um controle preciso da ca\u00e7amba por meio das varia\u00e7\u00f5es na press\u00e3o do \u00f3leo hidr\u00e1ulico, permitindo que os operadores manuseiem cargas pesadas com efici\u00eancia e se adaptem a ambientes de trabalho complexos e diversas exig\u00eancias da tarefa.<\/p>\n<p><img decoding=\"async\" src=\"https:\/\/www.hydraulic-cylinders.net\/wp-content\/uploads\/2025\/01\/songte-company-2.webp\" alt=\"Imagem do cilindro da ca\u00e7amba\"><\/p>\n<h2>Caracter\u00edsticas<\/h2>\n<ul>\n<li><strong>Alta resist\u00eancia e durabilidade:<\/strong> Normalmente fabricado em a\u00e7o de alta resist\u00eancia ou alum\u00ednio, o cilindro da ca\u00e7amba \u00e9 capaz de suportar alta press\u00e3o e cargas pesadas, adaptando-se a ambientes de trabalho severos. Seu projeto leva em considera\u00e7\u00e3o a resist\u00eancia ao desgaste e \u00e0 corros\u00e3o, prolongando sua vida \u00fatil.<\/li>\n<li><strong>Opera\u00e7\u00e3o hidr\u00e1ulica eficiente:<\/strong> Ao utilizar a press\u00e3o do \u00f3leo hidr\u00e1ulico, o cilindro da ca\u00e7amba realiza movimentos suaves de extens\u00e3o e retra\u00e7\u00e3o, proporcionando uma resposta r\u00e1pida aos comandos de controle e oferecendo for\u00e7as de empurrar e puxar potentes, tornando-o adequado para o manuseio de cargas pesadas e tarefas complexas.<\/li>\n<li><strong>V\u00e1rios tipos:<\/strong> O cilindro da ca\u00e7amba pode ser selecionado como de a\u00e7\u00e3o simples (press\u00e3o hidr\u00e1ulica aplicada em apenas uma dire\u00e7\u00e3o) ou de a\u00e7\u00e3o dupla (press\u00e3o hidr\u00e1ulica aplicada em ambas as dire\u00e7\u00f5es), dependendo das necessidades operacionais espec\u00edficas. Alguns modelos s\u00e3o telesc\u00f3picos, permitindo maior extens\u00e3o sem aumentar as dimens\u00f5es externas, o que os torna adequados para aplica\u00e7\u00f5es com espa\u00e7o limitado.<\/li>\n<li><strong>Substitui\u00e7\u00e3o perfeita:<\/strong> Nossos produtos podem substituir perfeitamente esses cilindros hidr\u00e1ulicos, oferecendo desempenho e confiabilidade compar\u00e1veis.<\/li>\n<\/ul>\n<p><img decoding=\"async\" src=\"https:\/\/www.hydraulic-cylinders.net\/wp-content\/uploads\/2025\/01\/songte-cylinder-head-with-all-kinds-excavator-models.webp\" alt=\"Imagem do produto\"><\/p>\n<h2>Aplica\u00e7\u00f5es<\/h2>\n<p>O cilindro de ca\u00e7amba encontra suas aplica\u00e7\u00f5es em diversos equipamentos:<\/p>\n<h3>Equipamentos de constru\u00e7\u00e3o<\/h3>\n<p>Em escavadeiras, s\u00e3o vitais para escavar, carregar e movimentar solo ou entulho. Em retroescavadeiras, o cilindro da ca\u00e7amba auxilia tanto na escava\u00e7\u00e3o quanto no levantamento.<\/p>\n<h3>Maquinaria agr\u00edcola<\/h3>\n<p>Usado em carregadeiras frontais para recolher, levantar e transportar solo, feno e outros materiais.<\/p>\n<h3>Escavadeiras<\/h3>\n<p>O cilindro da ca\u00e7amba permite a\u00e7\u00f5es de escava\u00e7\u00e3o permitindo que a ca\u00e7amba penetre no solo.<\/p>\n<h3>Carregadores<\/h3>\n<p>Em carregadeiras frontais, elas auxiliam no levantamento e despejo eficiente de mercadorias.<\/p>\n<p><img decoding=\"async\" src=\"https:\/\/www.hydraulic-cylinders.net\/wp-content\/uploads\/2025\/01\/songte-oil-pipes-and-spare-parts.webp\" alt=\"Imagem do produto\"><\/p>\n<h2>Considera\u00e7\u00f5es de design e crit\u00e9rios de sele\u00e7\u00e3o<\/h2>\n<ul>\n<li><strong>Capacidade de suporte:<\/strong> O projeto leva em considera\u00e7\u00e3o a capacidade do cilindro de suportar a carga pretendida sem falhar.<\/li>\n<li><strong>Selagem:<\/strong> S\u00e3o utilizadas diversas veda\u00e7\u00f5es, como veda\u00e7\u00f5es de pist\u00e3o e veda\u00e7\u00f5es de haste, e materiais como poliuretano e borracha nitr\u00edlica s\u00e3o escolhidos por sua resist\u00eancia ao desgaste. O corpo do cilindro e as extremidades roscadas passam por um tratamento meticuloso para aumentar a resist\u00eancia ao desgaste.<\/li>\n<li><strong>Durabilidade:<\/strong> O projeto garante que o cilindro possa suportar as condi\u00e7\u00f5es operacionais esperadas e manter seu desempenho por um longo per\u00edodo.<\/li>\n<li><strong>Seguran\u00e7a:<\/strong> Considera\u00e7\u00f5es de seguran\u00e7a s\u00e3o incorporadas ao projeto para prevenir acidentes e garantir a prote\u00e7\u00e3o do operador durante a opera\u00e7\u00e3o.<\/li>\n<li><strong>Manutenibilidade:<\/strong> O projeto permite f\u00e1cil manuten\u00e7\u00e3o e reparo, minimizando o tempo de inatividade e garantindo a opera\u00e7\u00e3o cont\u00ednua.<\/li>\n<\/ul>\n<p><img decoding=\"async\" src=\"https:\/\/www.hydraulic-cylinders.net\/wp-content\/uploads\/2025\/01\/songte-chushion-collar.webp\" alt=\"Imagem do produto\"><\/p>\n<h2>Veda\u00e7\u00e3o e Lubrifica\u00e7\u00e3o<\/h2>\n<p>O cilindro da ca\u00e7amba utiliza diversos componentes de veda\u00e7\u00e3o, como veda\u00e7\u00f5es de pist\u00e3o e veda\u00e7\u00f5es de haste, fabricados com materiais resistentes ao desgaste, como poliuretano e borracha nitr\u00edlica. O corpo do cilindro e as extremidades roscadas passam por um tratamento meticuloso para aumentar a resist\u00eancia ao desgaste. A lubrifica\u00e7\u00e3o regular com a quantidade adequada de \u00f3leo hidr\u00e1ulico \u00e9 necess\u00e1ria para garantir o bom funcionamento.<\/p>\n<h2>Inspe\u00e7\u00e3o regular e manuten\u00e7\u00e3o preventiva<\/h2>\n<p>Inspe\u00e7\u00f5es regulares e manuten\u00e7\u00e3o preventiva s\u00e3o cruciais para um desempenho ideal. Os principais pontos incluem:<\/p>\n<ul>\n<li>Verifica\u00e7\u00f5es regulares do estado e funcionamento do cilindro.<\/li>\n<li>Lubrifica\u00e7\u00e3o adequada para garantir um movimento suave.<\/li>\n<li>Substitui\u00e7\u00e3o da veda\u00e7\u00e3o quando necess\u00e1rio<\/li>\n<li>Verifica\u00e7\u00f5es de calibra\u00e7\u00e3o para manter a precis\u00e3o.<\/li>\n<\/ul>\n<p>A instala\u00e7\u00e3o e o alinhamento corretos do cilindro s\u00e3o essenciais. Recomenda-se o uso de suportes de instala\u00e7\u00e3o adequados para fixar o cilindro. S\u00e3o fornecidos procedimentos recomendados de inspe\u00e7\u00e3o, reparo e substitui\u00e7\u00e3o, juntamente com dicas para prolongar a vida \u00fatil do cilindro.<\/p>\n<p><img decoding=\"async\" src=\"https:\/\/www.hydraulic-cylinders.net\/wp-content\/uploads\/2025\/01\/songte-bushings-with-all-kinds-of-excavator-models.webp\" alt=\"Imagem do produto\"><\/p>\n<h2>Considera\u00e7\u00f5es de seguran\u00e7a e fatores ambientais<\/h2>\n<p>Ao utilizar o cilindro com ca\u00e7amba, as medidas de seguran\u00e7a s\u00e3o de extrema import\u00e2ncia para prevenir acidentes e garantir o bem-estar do operador. Fatores ambientais, como o descarte adequado do \u00f3leo hidr\u00e1ulico usado, tamb\u00e9m devem ser considerados para minimizar os impactos negativos.<\/p>\n<h2>Solu\u00e7\u00e3o de problemas e problemas comuns<\/h2>\n<p>Problemas comuns que podem surgir com o cilindro da ca\u00e7amba incluem vazamentos, pot\u00eancia insuficiente e movimento irregular. Dicas e solu\u00e7\u00f5es para a resolu\u00e7\u00e3o de problemas s\u00e3o fornecidas para ajudar os leitores a diagnosticar e solucionar problemas com efic\u00e1cia. Medidas preventivas tamb\u00e9m s\u00e3o sugeridas para minimizar poss\u00edveis problemas.<\/p>\n<p><img decoding=\"async\" src=\"https:\/\/www.hydraulic-cylinders.net\/wp-content\/uploads\/2025\/01\/songte-company-1.webp\" alt=\"Imagem do produto\"><\/p>\n<h2>Sobre nossa empresa<\/h2>\n<p>Somos fabricantes de cilindros hidr\u00e1ulicos de reposi\u00e7\u00e3o e oferecemos uma ampla gama de produtos. Tornamo-nos um dos principais fabricantes e distribuidores atacadistas de cilindros hidr\u00e1ulicos nos mercados nacional e internacional. Nossa empresa segue uma estrat\u00e9gia de gest\u00e3o de produ\u00e7\u00e3o industrializada, baseada em uma oficina de fabrica\u00e7\u00e3o refinada, equipamentos de fabrica\u00e7\u00e3o digital avan\u00e7ados e sistemas de teste profissionais. Aprimoramos continuamente nossa plataforma de fabrica\u00e7\u00e3o e os processos de produ\u00e7\u00e3o de qualidade de nossos produtos, aproveitando o talento tecnol\u00f3gico, equipamentos de fabrica\u00e7\u00e3o de ponta e sistemas de teste profissionais. Com alta efici\u00eancia, precis\u00e3o e qualidade como nossos princ\u00edpios, atendemos \u00e0s diversas necessidades de nossos clientes.<\/p>\n<p><img decoding=\"async\" src=\"https:\/\/www.hydraulic-cylinders.net\/wp-content\/uploads\/2025\/01\/songte-company-3.webp\" alt=\"Imagem do produto\"><\/p>\n<h3>Profissionalismo:<\/h3>\n<p>Priorizamos o profissionalismo em todos os aspectos de nossas opera\u00e7\u00f5es, incluindo desenvolvimento de produtos, fabrica\u00e7\u00e3o e atendimento ao cliente.<\/p>\n<h3>Certifica\u00e7\u00f5es Internacionais:<\/h3>\n<p>Obtivemos certifica\u00e7\u00f5es reconhecidas internacionalmente, garantindo a qualidade e a confiabilidade de nossos produtos.<\/p>\n<h3>Servi\u00e7os de personaliza\u00e7\u00e3o:<\/h3>\n<p>Oferecemos servi\u00e7os de personaliza\u00e7\u00e3o para atender a requisitos espec\u00edficos e fornecer solu\u00e7\u00f5es personalizadas.<\/p>\n<h3>Equipamentos de produ\u00e7\u00e3o:<\/h3>\n<p>Nossas instala\u00e7\u00f5es de produ\u00e7\u00e3o est\u00e3o equipadas com maquin\u00e1rio de \u00faltima gera\u00e7\u00e3o para uma fabrica\u00e7\u00e3o eficiente e precisa.<\/p>\n<h3>Servi\u00e7o p\u00f3s-venda:<\/h3>\n<p>Oferecemos um servi\u00e7o p\u00f3s-venda completo, incluindo substitui\u00e7\u00e3o de pe\u00e7as e servi\u00e7os de reconstru\u00e7\u00e3o, para aumentar a vida \u00fatil de nossos produtos.<\/p>\n<p><img decoding=\"async\" src=\"https:\/\/hzpt.com\/wp-content\/uploads\/2024\/11\/songte-company-1.webp\" alt=\"Imagem do produto\"><\/p>\n<p>Autor: lyl<\/p>","protected":false},"excerpt":{"rendered":"<p>Bucket Cylinder For Jonyang Small Excavator JY645E Introduction The bucket cylinder, also known as a hydraulic cylinder, is a specialized hydraulic actuator designed to control the movement of the bucket in heavy machinery such as excavators, backhoe loaders, and front-end loaders. Its main function is to enable the lifting, lowering, and tilting of the bucket, [&hellip;]<\/p>","protected":false},"featured_media":14778,"comment_status":"open","ping_status":"closed","template":"","meta":{"_et_pb_use_builder":"","_et_pb_old_content":"","_et_gb_content_width":""},"product_brand":[],"product_cat":[1494],"product_tag":[1495,1496],"class_list":{"0":"post-15664","1":"product","2":"type-product","3":"status-publish","4":"has-post-thumbnail","6":"product_cat-bucket-cylinders","7":"product_tag-bucket-cylinders","8":"product_tag-hydraulic-cylinders","10":"first","11":"instock","12":"shipping-taxable","13":"product-type-simple"},"amp_enabled":true,"_links":{"self":[{"href":"https:\/\/www.hydraulic-cylinders.net\/pt\/wp-json\/wp\/v2\/product\/15664","targetHints":{"allow":["GET"]}}],"collection":[{"href":"https:\/\/www.hydraulic-cylinders.net\/pt\/wp-json\/wp\/v2\/product"}],"about":[{"href":"https:\/\/www.hydraulic-cylinders.net\/pt\/wp-json\/wp\/v2\/types\/product"}],"replies":[{"embeddable":true,"href":"https:\/\/www.hydraulic-cylinders.net\/pt\/wp-json\/wp\/v2\/comments?post=15664"}],"wp:featuredmedia":[{"embeddable":true,"href":"https:\/\/www.hydraulic-cylinders.net\/pt\/wp-json\/wp\/v2\/media\/14778"}],"wp:attachment":[{"href":"https:\/\/www.hydraulic-cylinders.net\/pt\/wp-json\/wp\/v2\/media?parent=15664"}],"wp:term":[{"taxonomy":"product_brand","embeddable":true,"href":"https:\/\/www.hydraulic-cylinders.net\/pt\/wp-json\/wp\/v2\/product_brand?post=15664"},{"taxonomy":"product_cat","embeddable":true,"href":"https:\/\/www.hydraulic-cylinders.net\/pt\/wp-json\/wp\/v2\/product_cat?post=15664"},{"taxonomy":"product_tag","embeddable":true,"href":"https:\/\/www.hydraulic-cylinders.net\/pt\/wp-json\/wp\/v2\/product_tag?post=15664"}],"curies":[{"name":"wp","href":"https:\/\/api.w.org\/{rel}","templated":true}]}}