{"id":15665,"date":"2025-01-19T14:48:52","date_gmt":"2025-01-19T14:48:52","guid":{"rendered":"https:\/\/www.hydraulic-cylinders.net\/product\/bucket-cylinder-for-jcm-small-excavator-906d\/"},"modified":"2025-01-19T14:48:54","modified_gmt":"2025-01-19T14:48:54","slug":"bucket-cylinder-for-jcm-small-excavator-906d","status":"publish","type":"product","link":"https:\/\/www.hydraulic-cylinders.net\/pt\/produto\/bucket-cylinder-for-jcm-small-excavator-906d\/","title":{"rendered":"Cilindro da ca\u00e7amba para mini escavadeira JCM 906D"},"content":{"rendered":"<h1>Cilindro da ca\u00e7amba para mini escavadeira JCM 906D<\/h1>\n<h2>Introdu\u00e7\u00e3o<\/h2>\n<p>O cilindro da ca\u00e7amba para a mini escavadeira JCM 906D \u00e9 um cilindro hidr\u00e1ulico especialmente projetado para controlar o movimento da ca\u00e7amba em m\u00e1quinas pesadas, como escavadeiras, retroescavadeiras e p\u00e1s carregadeiras. Sua principal fun\u00e7\u00e3o \u00e9 permitir que a ca\u00e7amba suba, des\u00e7a e incline, facilitando o manuseio de diversos tipos de materiais. No sistema hidr\u00e1ulico, o cilindro da ca\u00e7amba controla com precis\u00e3o o movimento da ca\u00e7amba, alterando a press\u00e3o do \u00f3leo hidr\u00e1ulico, permitindo que os operadores manuseiem cargas pesadas com efici\u00eancia e se adaptem a ambientes de trabalho complexos e diversas necessidades operacionais.<\/p>\n<p><img decoding=\"async\" src=\"https:\/\/www.hydraulic-cylinders.net\/wp-content\/uploads\/2025\/01\/songte-company-2.webp\" alt=\"Imagem do cilindro da ca\u00e7amba\"><\/p>\n<h2>Caracter\u00edsticas<\/h2>\n<ul>\n<li>Alta resist\u00eancia e durabilidade: Normalmente fabricado em a\u00e7o ou alum\u00ednio de alta resist\u00eancia, o cilindro suporta alta press\u00e3o e cargas pesadas, adaptando-se a ambientes de trabalho severos. Seu design considera a resist\u00eancia ao desgaste e \u00e0 corros\u00e3o, prolongando sua vida \u00fatil.<\/li>\n<li>Opera\u00e7\u00e3o hidr\u00e1ulica eficiente: Utilizando a press\u00e3o do \u00f3leo hidr\u00e1ulico, o cilindro pode estender-se e retrair-se suavemente, respondendo rapidamente aos comandos de controle e fornecendo for\u00e7as de empurrar e puxar potentes, sendo adequado para lidar com cargas pesadas e tarefas operacionais complexas.<\/li>\n<li>Diversos tipos: O cilindro pode ser de a\u00e7\u00e3o simples (a for\u00e7a hidr\u00e1ulica atua apenas em uma dire\u00e7\u00e3o) ou de a\u00e7\u00e3o dupla (a for\u00e7a hidr\u00e1ulica atua em ambas as dire\u00e7\u00f5es), dependendo das necessidades operacionais. Alguns modelos s\u00e3o telesc\u00f3picos, permitindo maior extens\u00e3o sem aumentar as dimens\u00f5es externas, o que os torna adequados para aplica\u00e7\u00f5es com espa\u00e7o limitado.<\/li>\n<li>Nosso produto pode substituir perfeitamente esses cilindros hidr\u00e1ulicos.<\/li>\n<\/ul>\n<p><img decoding=\"async\" src=\"https:\/\/www.hydraulic-cylinders.net\/wp-content\/uploads\/2025\/01\/songte-cylinder-head-with-all-kinds-excavator-models.webp\" alt=\"Imagem de substitui\u00e7\u00e3o do cilindro da ca\u00e7amba\"><\/p>\n<h2>Aplica\u00e7\u00f5es<\/h2>\n<p>O cilindro da ca\u00e7amba para a miniescavadeira JCM 906D \u00e9 amplamente utilizado em diversos setores para diferentes aplica\u00e7\u00f5es. Aqui est\u00e3o alguns exemplos:<\/p>\n<h3>Equipamentos de constru\u00e7\u00e3o<\/h3>\n<p>Em escavadeiras, s\u00e3o essenciais para escavar, carregar e movimentar solo ou entulho. Em uma retroescavadeira, o cilindro da ca\u00e7amba auxilia na escava\u00e7\u00e3o e no levantamento. Em p\u00e1s carregadeiras, auxiliam no levantamento e despejo eficiente de materiais.<\/p>\n<h3>Maquinaria agr\u00edcola<\/h3>\n<p>Utilizado em p\u00e1s carregadeiras para recolher, levantar e transportar terra, feno e outros materiais. Em escavadeiras, o cilindro da ca\u00e7amba permite a escava\u00e7\u00e3o, penetrando o solo com a ca\u00e7amba.<\/p>\n<h3>Fabrica\u00e7\u00e3o Industrial<\/h3>\n<p>S\u00e3o utilizados em diversos processos de fabrica\u00e7\u00e3o, como fundi\u00e7\u00e3o sob press\u00e3o, forjamento e moldagem por inje\u00e7\u00e3o de pl\u00e1stico, para suportar cargas pesadas e executar tarefas operacionais complexas.<\/p>\n<h3>Marinha e Offshore<\/h3>\n<p>Cilindros com ca\u00e7amba s\u00e3o utilizados em plataformas de perfura\u00e7\u00e3o de petr\u00f3leo offshore, navios porta-cont\u00eaineres e outros equipamentos mar\u00edtimos, onde podem suportar condi\u00e7\u00f5es ambientais adversas e executar tarefas pesadas.<\/p>\n<p><img decoding=\"async\" src=\"https:\/\/www.hydraulic-cylinders.net\/wp-content\/uploads\/2025\/01\/songte-bushings-with-all-kinds-of-excavator-models.webp\" alt=\"Aplica\u00e7\u00f5es de cilindros de ca\u00e7amba\"><\/p>\n<h2>Considera\u00e7\u00f5es de design e crit\u00e9rios de sele\u00e7\u00e3o<\/h2>\n<p>Os cilindros de ca\u00e7amba precisam atender a diversas considera\u00e7\u00f5es de projeto e crit\u00e9rios de sele\u00e7\u00e3o para garantir um desempenho ideal. Aqui est\u00e3o alguns deles:<\/p>\n<h3>Capacidade de carga<\/h3>\n<p>O cilindro deve ser capaz de suportar o peso da carga que transporta e a press\u00e3o exercida sobre ele durante o funcionamento.<\/p>\n<h3>Selagem<\/h3>\n<p>O cilindro deve possuir veda\u00e7\u00e3o adequada para evitar vazamentos de \u00f3leo e contamina\u00e7\u00e3o, que podem danificar o sistema e reduzir o desempenho.<\/p>\n<h3>Durabilidade<\/h3>\n<p>O cilindro deve ser suficientemente dur\u00e1vel para suportar condi\u00e7\u00f5es de trabalho severas e uso frequente sem exigir reparos ou substitui\u00e7\u00f5es frequentes.<\/p>\n<h3>Seguran\u00e7a<\/h3>\n<p>O cilindro deve ser projetado levando em considera\u00e7\u00e3o aspectos de seguran\u00e7a, como a instala\u00e7\u00e3o de v\u00e1lvulas de seguran\u00e7a para evitar acidentes e o fornecimento de instru\u00e7\u00f5es claras para instala\u00e7\u00e3o e opera\u00e7\u00e3o.<\/p>\n<h3>Manuten\u00e7\u00e3o<\/h3>\n<p>O cilindro deve ser de f\u00e1cil manuten\u00e7\u00e3o, com pontos de acesso adequados para inspe\u00e7\u00e3o, limpeza e substitui\u00e7\u00e3o de pe\u00e7as.<\/p>\n<p><img decoding=\"async\" src=\"https:\/\/www.hydraulic-cylinders.net\/wp-content\/uploads\/2025\/01\/songte-oil-pipes-and-spare-parts.webp\" alt=\"Projeto de cilindro de ca\u00e7amba\"><\/p>\n<h2>Veda\u00e7\u00e3o e Lubrifica\u00e7\u00e3o<\/h2>\n<p>O cilindro da ca\u00e7amba utiliza diversos componentes de veda\u00e7\u00e3o, como veda\u00e7\u00f5es de pist\u00e3o, veda\u00e7\u00f5es de haste e raspadores, para evitar vazamentos de \u00f3leo e contamina\u00e7\u00e3o. Esses componentes de veda\u00e7\u00e3o s\u00e3o fabricados com materiais resistentes ao desgaste, como poliuretano e borracha nitr\u00edlica, para garantir uma longa vida \u00fatil. Al\u00e9m disso, o corpo do cilindro e a superf\u00edcie roscada da extremidade passam por um processo de usinagem de precis\u00e3o para melhorar a resist\u00eancia ao desgaste. Para manter o desempenho ideal, \u00e9 necess\u00e1ria a lubrifica\u00e7\u00e3o regular com a quantidade correta de \u00f3leo hidr\u00e1ulico.<\/p>\n<h2>Manuten\u00e7\u00e3o e Reparo<\/h2>\n<p>A manuten\u00e7\u00e3o e os reparos regulares s\u00e3o essenciais para garantir o desempenho ideal do cilindro da ca\u00e7amba e prolongar sua vida \u00fatil. Aqui est\u00e3o algumas tarefas essenciais:<\/p>\n<h3>Inspe\u00e7\u00e3o regular<\/h3>\n<p>Inspecione o cilindro regularmente, procurando sinais de desgaste e danos, como vazamentos, amassados \u200b\u200be ferrugem.<\/p>\n<h3>Lubrifica\u00e7\u00e3o<\/h3>\n<p>A lubrifica\u00e7\u00e3o adequada com \u00f3leo hidr\u00e1ulico \u00e9 necess\u00e1ria para garantir o desempenho ideal.<\/p>\n<h3>Substitui\u00e7\u00e3o da veda\u00e7\u00e3o<\/h3>\n<p>Substitua imediatamente as veda\u00e7\u00f5es desgastadas ou danificadas para evitar vazamentos de \u00f3leo e contamina\u00e7\u00e3o, garantindo um desempenho ideal.<\/p>\n<h3>Verifica\u00e7\u00e3o de calibra\u00e7\u00e3o<\/h3>\n<p>Verifique regularmente a calibra\u00e7\u00e3o do cilindro para garantir que ele atenda \u00e0s especifica\u00e7\u00f5es exigidas.<\/p>\n<h2>Considera\u00e7\u00f5es de seguran\u00e7a e fatores ambientais<\/h2>\n<p>Cilindros de press\u00e3o podem ser perigosos se n\u00e3o forem usados \u200b\u200bcorretamente ou se forem instalados de forma inadequada. Medidas de seguran\u00e7a, como fornecer instru\u00e7\u00f5es claras para instala\u00e7\u00e3o, opera\u00e7\u00e3o e manuten\u00e7\u00e3o, devem ser seguidas. Al\u00e9m disso, \u00e9 preciso levar em considera\u00e7\u00e3o fatores ambientais, como temperatura, umidade e exposi\u00e7\u00e3o a materiais corrosivos, para garantir o desempenho ideal e prolongar a vida \u00fatil do cilindro.<\/p>\n<h2>Problemas comuns e resolu\u00e7\u00e3o de problemas<\/h2>\n<p>Problemas comuns com cilindros de ca\u00e7amba incluem vazamentos, press\u00e3o inadequada e danos devido ao desgaste. A solu\u00e7\u00e3o desses problemas envolve identificar a causa e tomar as medidas corretivas apropriadas, como veda\u00e7\u00e3o, substitui\u00e7\u00e3o de pe\u00e7as danificadas e recalibra\u00e7\u00e3o do cilindro. Manuten\u00e7\u00e3o e reparos regulares podem ajudar a prevenir muitos desses problemas.<\/p>\n<p><img decoding=\"async\" src=\"https:\/\/www.hydraulic-cylinders.net\/wp-content\/uploads\/2025\/01\/songte-chushion-collar.webp\" alt=\"Manuten\u00e7\u00e3o do cilindro da ca\u00e7amba\"><\/p>\n<h2>Sobre nossa empresa<\/h2>\n<p>Somos fabricantes de cilindros hidr\u00e1ulicos de reposi\u00e7\u00e3o com uma linha completa de produtos e nos tornamos um dos principais fabricantes e distribuidores atacadistas de cilindros hidr\u00e1ulicos nos mercados nacional e internacional. Primamos pela excel\u00eancia em qualidade e nos baseamos em estrat\u00e9gias de gest\u00e3o de produ\u00e7\u00e3o industrializada em instala\u00e7\u00f5es de fabrica\u00e7\u00e3o de alta precis\u00e3o. Aprimoramos continuamente nossa plataforma de produ\u00e7\u00e3o, aperfei\u00e7oamos nossa linha de produ\u00e7\u00e3o e possu\u00edmos uma forte capacidade de criar produtos de alta efici\u00eancia, alta precis\u00e3o e alta qualidade para atender \u00e0s diversas necessidades de nossos clientes. <\/p>\n<h3>Profissionalismo<\/h3>\n<p>Nossa empresa conta com uma equipe de profissionais experientes e dedicados a fornecer produtos e servi\u00e7os de alta qualidade aos nossos clientes.<\/p>\n<h3>Certifica\u00e7\u00e3o Internacional<\/h3>\n<p>Nossos produtos s\u00e3o certificados segundo normas internacionais, como ISO 9001 e CE, garantindo que atendam aos mais altos padr\u00f5es de qualidade.<\/p>\n<h3>Servi\u00e7os de Personaliza\u00e7\u00e3o<\/h3>\n<p>Oferecemos servi\u00e7os de personaliza\u00e7\u00e3o para atender \u00e0s necessidades espec\u00edficas dos clientes, como tamanho, formato e funcionalidade.<\/p>\n<h3>Equipamentos de produ\u00e7\u00e3o<\/h3>\n<p>Nossa oficina est\u00e1 equipada com equipamentos de fabrica\u00e7\u00e3o digital de \u00faltima gera\u00e7\u00e3o, incluindo m\u00e1quinas CNC, tornos e retificadoras, para garantir especifica\u00e7\u00f5es precisas do produto.<\/p>\n<h3>Servi\u00e7o p\u00f3s-venda<\/h3>\n<p>Oferecemos servi\u00e7os p\u00f3s-venda completos, incluindo instala\u00e7\u00e3o, reparo e manuten\u00e7\u00e3o, para garantir a satisfa\u00e7\u00e3o de nossos clientes com nossos produtos.<\/p>\n<p><img decoding=\"async\" src=\"https:\/\/hzpt.com\/wp-content\/uploads\/2024\/11\/songte-company-1.webp\" alt=\"Imagem da empresa\"><\/p>\n<p>Autor: lyl.<\/p>","protected":false},"excerpt":{"rendered":"<p>Bucket Cylinder For JCM Small Excavator 906D Introduction The Bucket Cylinder for JCM Small Excavator 906D is a specially designed hydraulic cylinder used primarily to control the movement of the bucket in heavy machinery such as excavators, backhoe excavators, and front-end loaders. Its main function is to enable the bucket to lift, lower, and tilt, [&hellip;]<\/p>","protected":false},"featured_media":14776,"comment_status":"open","ping_status":"closed","template":"","meta":{"_et_pb_use_builder":"","_et_pb_old_content":"","_et_gb_content_width":""},"product_brand":[],"product_cat":[1494],"product_tag":[1495,1496],"class_list":{"0":"post-15665","1":"product","2":"type-product","3":"status-publish","4":"has-post-thumbnail","6":"product_cat-bucket-cylinders","7":"product_tag-bucket-cylinders","8":"product_tag-hydraulic-cylinders","10":"first","11":"instock","12":"shipping-taxable","13":"product-type-simple"},"amp_enabled":true,"_links":{"self":[{"href":"https:\/\/www.hydraulic-cylinders.net\/pt\/wp-json\/wp\/v2\/product\/15665","targetHints":{"allow":["GET"]}}],"collection":[{"href":"https:\/\/www.hydraulic-cylinders.net\/pt\/wp-json\/wp\/v2\/product"}],"about":[{"href":"https:\/\/www.hydraulic-cylinders.net\/pt\/wp-json\/wp\/v2\/types\/product"}],"replies":[{"embeddable":true,"href":"https:\/\/www.hydraulic-cylinders.net\/pt\/wp-json\/wp\/v2\/comments?post=15665"}],"wp:featuredmedia":[{"embeddable":true,"href":"https:\/\/www.hydraulic-cylinders.net\/pt\/wp-json\/wp\/v2\/media\/14776"}],"wp:attachment":[{"href":"https:\/\/www.hydraulic-cylinders.net\/pt\/wp-json\/wp\/v2\/media?parent=15665"}],"wp:term":[{"taxonomy":"product_brand","embeddable":true,"href":"https:\/\/www.hydraulic-cylinders.net\/pt\/wp-json\/wp\/v2\/product_brand?post=15665"},{"taxonomy":"product_cat","embeddable":true,"href":"https:\/\/www.hydraulic-cylinders.net\/pt\/wp-json\/wp\/v2\/product_cat?post=15665"},{"taxonomy":"product_tag","embeddable":true,"href":"https:\/\/www.hydraulic-cylinders.net\/pt\/wp-json\/wp\/v2\/product_tag?post=15665"}],"curies":[{"name":"wp","href":"https:\/\/api.w.org\/{rel}","templated":true}]}}