{"id":15667,"date":"2025-01-19T14:49:06","date_gmt":"2025-01-19T14:49:06","guid":{"rendered":"https:\/\/www.hydraulic-cylinders.net\/product\/bucket-cylinder-for-jcm-small-excavator-mc136-9\/"},"modified":"2025-01-19T14:49:08","modified_gmt":"2025-01-19T14:49:08","slug":"bucket-cylinder-for-jcm-small-excavator-mc136-9","status":"publish","type":"product","link":"https:\/\/www.hydraulic-cylinders.net\/pt\/produto\/bucket-cylinder-for-jcm-small-excavator-mc136-9\/","title":{"rendered":"Cilindro da ca\u00e7amba para mini escavadeira JCM MC136-9"},"content":{"rendered":"<h1>Cilindro da ca\u00e7amba para mini escavadeira JCM MC136-9<\/h1>\n<h2>Introdu\u00e7\u00e3o<\/h2>\n<h3>Defini\u00e7\u00e3o de Cilindro de Ca\u00e7amba<\/h3>\n<p>O cilindro da ca\u00e7amba \u00e9 um cilindro hidr\u00e1ulico especialmente projetado para controlar o movimento da p\u00e1 em m\u00e1quinas pesadas, como escavadeiras, retroescavadeiras e p\u00e1s carregadeiras. Sua principal fun\u00e7\u00e3o \u00e9 permitir que a p\u00e1 levante, abaixe e incline, facilitando o manuseio de diversos materiais. No sistema hidr\u00e1ulico, o cilindro da ca\u00e7amba controla a p\u00e1 com precis\u00e3o, alterando a press\u00e3o do \u00f3leo hidr\u00e1ulico, permitindo que o operador manuseie objetos pesados \u200b\u200bcom efici\u00eancia e se adapte a ambientes de trabalho complexos e necessidades operacionais diversificadas.<\/p>\n<p><img decoding=\"async\" src=\"https:\/\/www.hydraulic-cylinders.net\/wp-content\/uploads\/2025\/01\/songte-company-2.webp\" alt=\"Imagem do cilindro da ca\u00e7amba\"><\/p>\n<h3>Caracter\u00edsticas do cilindro da ca\u00e7amba<\/h3>\n<ul>\n<li>Alta resist\u00eancia e durabilidade: Normalmente fabricado em a\u00e7o ou alum\u00ednio de alta resist\u00eancia, capaz de suportar alta press\u00e3o e cargas pesadas, adequado para ambientes de trabalho severos e projetado com considera\u00e7\u00f5es de resist\u00eancia ao desgaste e \u00e0 corros\u00e3o, prolongando a vida \u00fatil.<\/li>\n<li>Opera\u00e7\u00e3o hidr\u00e1ulica eficiente: A\u00e7\u00f5es suaves de expans\u00e3o e contra\u00e7\u00e3o s\u00e3o alcan\u00e7adas utilizando a press\u00e3o do \u00f3leo hidr\u00e1ulico, permitindo uma resposta r\u00e1pida aos comandos de controle, fornecendo for\u00e7as de empurrar e puxar poderosas e sendo adequadas para o manuseio de objetos pesados \u200b\u200be tarefas operacionais complexas.<\/li>\n<li>Diversos tipos: Cilindros de a\u00e7\u00e3o simples (hidr\u00e1ulica aplicada em apenas uma dire\u00e7\u00e3o) ou de a\u00e7\u00e3o dupla (hidr\u00e1ulica aplicada em duas dire\u00e7\u00f5es) podem ser selecionados de acordo com as necessidades para atender a diferentes requisitos operacionais. Alguns modelos s\u00e3o telesc\u00f3picos, permitindo maior expans\u00e3o sem aumentar as dimens\u00f5es externas, adequados para aplica\u00e7\u00f5es com espa\u00e7o limitado.<\/li>\n<li>Disponibilidade de substitui\u00e7\u00e3o: Nossos produtos podem substituir perfeitamente esses cilindros hidr\u00e1ulicos.<\/li>\n<li>Personaliza\u00e7\u00e3o: Nossos cilindros podem ser personalizados para se adaptarem a diferentes modelos de escavadeiras, garantindo desempenho ideal.<\/li>\n<\/ul>\n<p><img decoding=\"async\" src=\"https:\/\/www.hydraulic-cylinders.net\/wp-content\/uploads\/2025\/01\/songte-cylinder-head-with-all-kinds-excavator-models.webp\" alt=\"Imagem do cilindro da escavadeira\"><\/p>\n<h3>Aplica\u00e7\u00f5es do Cilindro de Ca\u00e7amba<\/h3>\n<p>O cilindro de ca\u00e7amba \u00e9 amplamente utilizado em diversas m\u00e1quinas industriais e agr\u00edcolas, incluindo:<\/p>\n<ul>\n<li>Equipamentos de constru\u00e7\u00e3o: Em escavadeiras, s\u00e3o essenciais para escavar, carregar e movimentar terra ou entulho. Em retroescavadeiras, o cilindro da ca\u00e7amba auxilia na escava\u00e7\u00e3o e no levantamento.<\/li>\n<li>M\u00e1quinas agr\u00edcolas: Utilizadas em p\u00e1s carregadeiras frontais, servem para escavar, levantar e transportar terra, feno e outros materiais. <\/li>\n<li>Escavadeiras: Os cilindros da ca\u00e7amba possibilitam as a\u00e7\u00f5es de escava\u00e7\u00e3o, permitindo que a ca\u00e7amba penetre no solo. <\/li>\n<li>Carregadores: Em carregadores frontais, eles ajudam a levantar e despejar mercadorias com efici\u00eancia.<\/li>\n<\/ul>\n<h3>Considera\u00e7\u00f5es de design e crit\u00e9rios de sele\u00e7\u00e3o<\/h3>\n<p>Os cilindros de ca\u00e7amba exigem considera\u00e7\u00f5es de projeto e crit\u00e9rios de sele\u00e7\u00e3o cuidadosos para garantir desempenho, durabilidade e seguran\u00e7a ideais. As principais considera\u00e7\u00f5es de projeto incluem:<\/p>\n<h4>Capacidade de suporte<\/h4>\n<p>O cilindro da ca\u00e7amba deve ser capaz de suportar a carga m\u00e1xima, o que \u00e9 fundamental para uma opera\u00e7\u00e3o segura e eficiente.<\/p>\n<h4>Selagem<\/h4>\n<p>Diversos elementos de veda\u00e7\u00e3o, como veda\u00e7\u00f5es de pist\u00e3o e de haste, devem ser cuidadosamente selecionados para garantir desempenho e durabilidade ideais. Essas veda\u00e7\u00f5es s\u00e3o frequentemente feitas de poliuretano e borracha nitr\u00edlica, materiais resistentes ao desgaste. O corpo do cilindro e a superf\u00edcie da extremidade da rosca s\u00e3o finamente usinados para melhorar a resist\u00eancia ao desgaste, e a lubrifica\u00e7\u00e3o regular \u00e9 necess\u00e1ria.<\/p>\n<h4>Durabilidade<\/h4>\n<p>O cilindro da ca\u00e7amba deve ser fabricado com materiais de alta resist\u00eancia para suportar ambientes de trabalho severos e cargas pesadas. Seu projeto tamb\u00e9m deve levar em considera\u00e7\u00e3o a resist\u00eancia ao desgaste, \u00e0 corros\u00e3o e a durabilidade.<\/p>\n<h4>Seguran\u00e7a<\/h4>\n<p>A seguran\u00e7a \u00e9 uma prioridade m\u00e1xima na sele\u00e7\u00e3o de cilindros para ca\u00e7ambas. Os cilindros devem ser projetados para evitar acidentes e garantir uma opera\u00e7\u00e3o segura.<\/p>\n<h4>Manuten\u00e7\u00e3o<\/h4>\n<p>A manuten\u00e7\u00e3o \u00e9 fundamental para o desempenho ideal e a longevidade do equipamento. Inspe\u00e7\u00f5es regulares, lubrifica\u00e7\u00e3o e substitui\u00e7\u00e3o de pe\u00e7as s\u00e3o necess\u00e1rias para manter os cilindros da ca\u00e7amba em boas condi\u00e7\u00f5es. <\/p>\n<p><img decoding=\"async\" src=\"https:\/\/www.hydraulic-cylinders.net\/wp-content\/uploads\/2025\/01\/songte-oil-pipes-and-spare-parts.webp\" alt=\"Imagem de tubos de \u00f3leo e pe\u00e7as de reposi\u00e7\u00e3o\"><\/p>\n<h3>Diretrizes de instala\u00e7\u00e3o<\/h3>\n<p>A instala\u00e7\u00e3o correta \u00e9 fundamental para o desempenho e a seguran\u00e7a ideais. As seguintes diretrizes devem ser seguidas:<\/p>\n<ul>\n<li>Alinhe o cilindro corretamente antes da instala\u00e7\u00e3o.<\/li>\n<li>Utilize suportes de instala\u00e7\u00e3o adequados para fixar o cilindro.<\/li>\n<li>Utilize lubrifica\u00e7\u00e3o adequada para um desempenho ideal.<\/li>\n<li>Verifique e substitua regularmente as veda\u00e7\u00f5es desgastadas.<\/li>\n<li>Inspecione e calibre o cilindro regularmente para obter o desempenho ideal.<\/li>\n<\/ul>\n<p><img decoding=\"async\" src=\"https:\/\/www.hydraulic-cylinders.net\/wp-content\/uploads\/2025\/01\/songte-chushion-collar.webp\" alt=\"Imagem de gola chushion\"><\/p>\n<h3>Considera\u00e7\u00f5es de seguran\u00e7a e fatores ambientais<\/h3>\n<p>Os cilindros de ca\u00e7amba devem ser utilizados com medidas de seguran\u00e7a adequadas para prevenir acidentes e garantir uma opera\u00e7\u00e3o segura. Fatores ambientais, como temperatura e umidade, tamb\u00e9m devem ser levados em considera\u00e7\u00e3o para assegurar o desempenho ideal e a longevidade do produto.<\/p>\n<h3>Solu\u00e7\u00e3o de problemas e problemas comuns<\/h3>\n<p>Os cilindros de ca\u00e7amba podem apresentar diversos problemas, como vazamentos, pot\u00eancia insuficiente e tempo de resposta lento. A solu\u00e7\u00e3o de problemas e os problemas comuns incluem:<\/p>\n<ul>\n<li>Consult the manufacturer&#8217;s manual for specific instructions.<\/li>\n<li>Verifique regularmente se h\u00e1 vazamentos e veda\u00e7\u00f5es desgastadas.<\/li>\n<li>Verifique se h\u00e1 algum problema no sistema hidr\u00e1ulico.<\/li>\n<li>Verifique se h\u00e1 algum dano no cilindro.<\/li>\n<\/ul>\n<p>Medidas preventivas, como manuten\u00e7\u00e3o e inspe\u00e7\u00f5es regulares, podem ajudar a minimizar poss\u00edveis problemas.<\/p>\n<p><img decoding=\"async\" src=\"https:\/\/www.hydraulic-cylinders.net\/wp-content\/uploads\/2025\/01\/songte-bushings-with-all-kinds-of-excavator-models.webp\" alt=\"Imagem de buchas\"><\/p>\n<h2>Nossa empresa<\/h2>\n<p>Somos um fabricante e distribuidor atacadista l\u00edder de cilindros hidr\u00e1ulicos, especializados em reposi\u00e7\u00e3o de cilindros. Nossos produtos s\u00e3o projetados para atender \u00e0s necessidades dos mercados nacional e internacional. Seguimos os princ\u00edpios da qualidade excepcional, apoiando-nos em estrat\u00e9gias de gest\u00e3o de produ\u00e7\u00e3o industrializada, com oficinas de fabrica\u00e7\u00e3o de alta precis\u00e3o, talentos tecnol\u00f3gicos, equipamentos de fabrica\u00e7\u00e3o digital de ponta e sistemas de teste profissionais. Aprimoramos continuamente nossa plataforma de produ\u00e7\u00e3o para melhorar a qualidade de nossos produtos e temos forte capacidade criativa para fornecer servi\u00e7os de alta efici\u00eancia, alta precis\u00e3o e alta qualidade, atendendo \u00e0s diversas necessidades de nossos clientes.<\/p>\n<p>Nossa empresa oferece:<\/p>\n<ul>\n<li>Profissionalismo: Contamos com uma equipe de profissionais experientes e comprometidos em fornecer produtos e servi\u00e7os de alta qualidade.<\/li>\n<li>Certifica\u00e7\u00e3o internacional: Nossos produtos s\u00e3o certificados por normas internacionais, garantindo sua qualidade e seguran\u00e7a.<\/li>\n<li>Personaliza\u00e7\u00e3o: Nossos cilindros podem ser personalizados para se adaptarem a diferentes modelos de escavadeiras, visando o desempenho ideal.<\/li>\n<li>Equipamentos de produ\u00e7\u00e3o avan\u00e7ados: Utilizamos equipamentos de fabrica\u00e7\u00e3o avan\u00e7ados para produzir produtos de alta qualidade.<\/li>\n<li>Servi\u00e7o p\u00f3s-venda: Oferecemos servi\u00e7os de manuten\u00e7\u00e3o, reparo e reconstru\u00e7\u00e3o para ajudar nossos clientes a prolongar a vida \u00fatil de seus cilindros hidr\u00e1ulicos. <\/li>\n<\/ul>\n<p><img decoding=\"async\" src=\"https:\/\/hzpt.com\/wp-content\/uploads\/2024\/11\/songte-company-1.webp\" alt=\"Imagem da empresa\"><\/p>\n<p>Autor: lyl<\/p>","protected":false},"excerpt":{"rendered":"<p>Bucket Cylinder For JCM Small Excavator MC136-9 Introduction Definition of Bucket Cylinder The bucket cylinder is a specially designed hydraulic cylinder mainly used to control the movement of the shovel in heavy machinery, such as excavators, backhoe loaders, and front loaders. Its main function is to enable the shovel to lift, lower, and tilt, making [&hellip;]<\/p>","protected":false},"featured_media":14771,"comment_status":"open","ping_status":"closed","template":"","meta":{"_et_pb_use_builder":"","_et_pb_old_content":"","_et_gb_content_width":""},"product_brand":[],"product_cat":[1494],"product_tag":[1495,1496],"class_list":{"0":"post-15667","1":"product","2":"type-product","3":"status-publish","4":"has-post-thumbnail","6":"product_cat-bucket-cylinders","7":"product_tag-bucket-cylinders","8":"product_tag-hydraulic-cylinders","10":"first","11":"instock","12":"shipping-taxable","13":"product-type-simple"},"amp_enabled":true,"_links":{"self":[{"href":"https:\/\/www.hydraulic-cylinders.net\/pt\/wp-json\/wp\/v2\/product\/15667","targetHints":{"allow":["GET"]}}],"collection":[{"href":"https:\/\/www.hydraulic-cylinders.net\/pt\/wp-json\/wp\/v2\/product"}],"about":[{"href":"https:\/\/www.hydraulic-cylinders.net\/pt\/wp-json\/wp\/v2\/types\/product"}],"replies":[{"embeddable":true,"href":"https:\/\/www.hydraulic-cylinders.net\/pt\/wp-json\/wp\/v2\/comments?post=15667"}],"wp:featuredmedia":[{"embeddable":true,"href":"https:\/\/www.hydraulic-cylinders.net\/pt\/wp-json\/wp\/v2\/media\/14771"}],"wp:attachment":[{"href":"https:\/\/www.hydraulic-cylinders.net\/pt\/wp-json\/wp\/v2\/media?parent=15667"}],"wp:term":[{"taxonomy":"product_brand","embeddable":true,"href":"https:\/\/www.hydraulic-cylinders.net\/pt\/wp-json\/wp\/v2\/product_brand?post=15667"},{"taxonomy":"product_cat","embeddable":true,"href":"https:\/\/www.hydraulic-cylinders.net\/pt\/wp-json\/wp\/v2\/product_cat?post=15667"},{"taxonomy":"product_tag","embeddable":true,"href":"https:\/\/www.hydraulic-cylinders.net\/pt\/wp-json\/wp\/v2\/product_tag?post=15667"}],"curies":[{"name":"wp","href":"https:\/\/api.w.org\/{rel}","templated":true}]}}