{"id":15668,"date":"2025-01-19T14:49:11","date_gmt":"2025-01-19T14:49:11","guid":{"rendered":"https:\/\/www.hydraulic-cylinders.net\/product\/bucket-cylinder-for-jcm-small-excavator-907d\/"},"modified":"2025-01-19T14:49:13","modified_gmt":"2025-01-19T14:49:13","slug":"bucket-cylinder-for-jcm-small-excavator-907d","status":"publish","type":"product","link":"https:\/\/www.hydraulic-cylinders.net\/pt\/produto\/bucket-cylinder-for-jcm-small-excavator-907d\/","title":{"rendered":"Cilindro da ca\u00e7amba para mini escavadeira JCM 907D"},"content":{"rendered":"<h1>Cilindro da ca\u00e7amba para mini escavadeira JCM 907D<\/h1>\n<h2>Introdu\u00e7\u00e3o<\/h2>\n<p>O cilindro da ca\u00e7amba \u00e9 um tipo de cilindro hidr\u00e1ulico especialmente projetado para controlar o movimento da ca\u00e7amba em m\u00e1quinas pesadas, como escavadeiras, retroescavadeiras e p\u00e1s carregadeiras. Sua principal fun\u00e7\u00e3o \u00e9 permitir que a ca\u00e7amba suba, des\u00e7a e incline, tornando-a adequada para diversas tarefas de movimenta\u00e7\u00e3o de materiais. No sistema hidr\u00e1ulico, o cilindro da ca\u00e7amba utiliza as varia\u00e7\u00f5es na press\u00e3o do \u00f3leo hidr\u00e1ulico para obter um controle preciso da ca\u00e7amba, permitindo que o operador manuseie cargas pesadas com efici\u00eancia e se adapte a ambientes de trabalho complexos e diversas necessidades operacionais.<\/p>\n<p><img decoding=\"async\" src=\"https:\/\/www.hydraulic-cylinders.net\/wp-content\/uploads\/2025\/01\/songte-company-2.webp\"><\/p>\n<h2>Caracter\u00edsticas<\/h2>\n<ul>\n<li>Alta resist\u00eancia e durabilidade: Geralmente feito de a\u00e7o ou alum\u00ednio de alta resist\u00eancia, o cilindro da ca\u00e7amba suporta alta press\u00e3o e cargas pesadas, adapta-se a ambientes de trabalho severos e \u00e9 projetado considerando a resist\u00eancia ao desgaste e \u00e0 corros\u00e3o para prolongar sua vida \u00fatil.<\/li>\n<li>Opera\u00e7\u00e3o hidr\u00e1ulica eficiente: Utilizando a press\u00e3o do \u00f3leo hidr\u00e1ulico para obter uma extens\u00e3o e contra\u00e7\u00e3o suaves, o cilindro da ca\u00e7amba responde rapidamente aos comandos de controle, fornece for\u00e7as de empuxo e tra\u00e7\u00e3o potentes e \u00e9 adequado para o manuseio de cargas pesadas e opera\u00e7\u00f5es complexas.<\/li>\n<li>Diversos tipos: O cilindro da ca\u00e7amba pode ser selecionado como de a\u00e7\u00e3o simples (acionamento hidr\u00e1ulico em apenas uma dire\u00e7\u00e3o) ou de a\u00e7\u00e3o dupla (acionamento hidr\u00e1ulico em duas dire\u00e7\u00f5es), de acordo com as necessidades para atender a diferentes requisitos operacionais. Alguns modelos s\u00e3o telesc\u00f3picos, permitindo maior extens\u00e3o sem aumentar as dimens\u00f5es externas, tornando-os adequados para aplica\u00e7\u00f5es com espa\u00e7o limitado.<\/li>\n<\/ul>\n<p>Podemos fabricar este produto, e nossos produtos podem substituir perfeitamente esses cilindros hidr\u00e1ulicos.<\/p>\n<p><img decoding=\"async\" src=\"https:\/\/www.hydraulic-cylinders.net\/wp-content\/uploads\/2025\/01\/songte-cylinder-head-with-all-kinds-excavator-models.webp\"><\/p>\n<h2>Aplica\u00e7\u00f5es<\/h2>\n<p>O cilindro de ca\u00e7amba \u00e9 amplamente utilizado em diversos campos, tais como:<\/p>\n<ul>\n<li>Equipamentos de constru\u00e7\u00e3o: Em escavadeiras, s\u00e3o vitais para escavar, carregar e movimentar terra ou entulho. Em retroescavadeiras, o cilindro da ca\u00e7amba auxilia tanto na escava\u00e7\u00e3o quanto no levantamento. <\/li>\n<li>M\u00e1quinas agr\u00edcolas: Utilizadas em p\u00e1s carregadeiras frontais, servem para escavar, levantar e transportar terra, feno e outros materiais. <\/li>\n<li>Escavadeiras: O cilindro da ca\u00e7amba realiza a a\u00e7\u00e3o de escava\u00e7\u00e3o permitindo que a ca\u00e7amba penetre no solo. <\/li>\n<li>Carregadores: Em carregadores frontais, eles auxiliam no levantamento e despejo de cargas de forma eficiente. <\/li>\n<\/ul>\n<h2>Considera\u00e7\u00f5es de design e crit\u00e9rios de sele\u00e7\u00e3o<\/h2>\n<p>As considera\u00e7\u00f5es de projeto do cilindro da ca\u00e7amba incluem:<\/p>\n<ul>\n<li>Capacidade de carga<\/li>\n<li>Selagem<\/li>\n<li>Durabilidade<\/li>\n<li>Seguran\u00e7a<\/li>\n<li>Manutenibilidade<\/li>\n<\/ul>\n<p><img decoding=\"async\" src=\"https:\/\/www.hydraulic-cylinders.net\/wp-content\/uploads\/2025\/01\/songte-oil-pipes-and-spare-parts.webp\"><\/p>\n<p>As considera\u00e7\u00f5es sobre veda\u00e7\u00e3o e lubrifica\u00e7\u00e3o do cilindro da ca\u00e7amba incluem o uso de diversos componentes de veda\u00e7\u00e3o, como an\u00e9is de veda\u00e7\u00e3o do pist\u00e3o e an\u00e9is de veda\u00e7\u00e3o da haste. Os componentes de veda\u00e7\u00e3o s\u00e3o fabricados com materiais resistentes ao desgaste, como poliuretano e borracha nitr\u00edlica. O corpo do cilindro e a superf\u00edcie da extremidade da rosca passam por um processo de usinagem fina para melhorar a resist\u00eancia ao desgaste. A adi\u00e7\u00e3o regular da quantidade adequada de \u00f3leo hidr\u00e1ulico para lubrifica\u00e7\u00e3o tamb\u00e9m \u00e9 necess\u00e1ria.<\/p>\n<p>Para garantir uma longa vida \u00fatil, s\u00e3o necess\u00e1rias inspe\u00e7\u00f5es regulares e medidas de manuten\u00e7\u00e3o preventiva. Essas medidas incluem:<\/p>\n<ul>\n<li>Verificar o cilindro regularmente<\/li>\n<li>Aplicar lubrifica\u00e7\u00e3o adequada<\/li>\n<li>Substituir as veda\u00e7\u00f5es quando necess\u00e1rio.<\/li>\n<li>Verifica\u00e7\u00f5es de calibra\u00e7\u00e3o<\/li>\n<\/ul>\n<p><img decoding=\"async\" src=\"https:\/\/www.hydraulic-cylinders.net\/wp-content\/uploads\/2025\/01\/songte-chushion-collar.webp\"><\/p>\n<h2>Considera\u00e7\u00f5es de seguran\u00e7a e fatores ambientais<\/h2>\n<p>Ao utilizar o cilindro de balde, as medidas de seguran\u00e7a s\u00e3o essenciais. Siga sempre as diretrizes de seguran\u00e7a apropriadas, incluindo o uso dos equipamentos de prote\u00e7\u00e3o individual adequados. Fatores ambientais como temperatura e umidade podem afetar o desempenho do cilindro.<\/p>\n<h2>Solu\u00e7\u00e3o de problemas e problemas comuns<\/h2>\n<p>O cilindro da ca\u00e7amba pode apresentar alguns problemas, incluindo vazamento de \u00f3leo e ru\u00eddo anormal, devido \u00e0 instala\u00e7\u00e3o, opera\u00e7\u00e3o ou manuten\u00e7\u00e3o incorretas. Para diagnosticar e solucionar problemas de forma eficaz, devem ser seguidos os procedimentos adequados de diagn\u00f3stico e solu\u00e7\u00e3o de problemas.<\/p>\n<p><img decoding=\"async\" src=\"https:\/\/www.hydraulic-cylinders.net\/wp-content\/uploads\/2025\/01\/songte-bushings-with-all-kinds-of-excavator-models.webp\"><\/p>\n<h2>Sobre nossa empresa<\/h2>\n<p>Somos fabricantes de cilindros hidr\u00e1ulicos de reposi\u00e7\u00e3o com uma linha completa de produtos e nos tornamos um dos principais fabricantes e distribuidores atacadistas de cilindros hidr\u00e1ulicos nos mercados nacional e internacional. Primamos pela excel\u00eancia em qualidade e nos baseamos na estrat\u00e9gia de gest\u00e3o de produ\u00e7\u00e3o de oficinas de fabrica\u00e7\u00e3o industrializadas. Aprimoramos continuamente a plataforma de produ\u00e7\u00e3o da oficina, otimizamos o processo produtivo e temos forte capacidade criativa. Atendemos \u00e0s diversas necessidades dos clientes com alta efici\u00eancia, alta precis\u00e3o e alta qualidade.<\/p>\n<p><img decoding=\"async\" src=\"https:\/\/hzpt.com\/wp-content\/uploads\/2024\/11\/songte-company-1.webp\"><\/p>\n<p>Oferecemos servi\u00e7os profissionais, com certifica\u00e7\u00e3o internacional e personalizados, equipamentos de produ\u00e7\u00e3o avan\u00e7ados e excelente servi\u00e7o p\u00f3s-venda. Tamb\u00e9m fornecemos servi\u00e7os de substitui\u00e7\u00e3o de pe\u00e7as e reconstru\u00e7\u00e3o para prolongar a vida \u00fatil do produto.<\/p>\n<h4>Autor: lyl<\/h4>","protected":false},"excerpt":{"rendered":"<p>Bucket Cylinder For JCM Small Excavator 907D Introduction The bucket cylinder is a type of hydraulic cylinder specially designed to control the movement of the bucket in heavy machinery such as excavators, backhoe loaders, and front loaders. Its primary function is to enable the bucket to lift, lower, and tilt, making it suitable for various [&hellip;]<\/p>","protected":false},"featured_media":14769,"comment_status":"open","ping_status":"closed","template":"","meta":{"_et_pb_use_builder":"","_et_pb_old_content":"","_et_gb_content_width":""},"product_brand":[],"product_cat":[1494],"product_tag":[1495,1496],"class_list":{"0":"post-15668","1":"product","2":"type-product","3":"status-publish","4":"has-post-thumbnail","6":"product_cat-bucket-cylinders","7":"product_tag-bucket-cylinders","8":"product_tag-hydraulic-cylinders","10":"first","11":"instock","12":"shipping-taxable","13":"product-type-simple"},"amp_enabled":true,"_links":{"self":[{"href":"https:\/\/www.hydraulic-cylinders.net\/pt\/wp-json\/wp\/v2\/product\/15668","targetHints":{"allow":["GET"]}}],"collection":[{"href":"https:\/\/www.hydraulic-cylinders.net\/pt\/wp-json\/wp\/v2\/product"}],"about":[{"href":"https:\/\/www.hydraulic-cylinders.net\/pt\/wp-json\/wp\/v2\/types\/product"}],"replies":[{"embeddable":true,"href":"https:\/\/www.hydraulic-cylinders.net\/pt\/wp-json\/wp\/v2\/comments?post=15668"}],"wp:featuredmedia":[{"embeddable":true,"href":"https:\/\/www.hydraulic-cylinders.net\/pt\/wp-json\/wp\/v2\/media\/14769"}],"wp:attachment":[{"href":"https:\/\/www.hydraulic-cylinders.net\/pt\/wp-json\/wp\/v2\/media?parent=15668"}],"wp:term":[{"taxonomy":"product_brand","embeddable":true,"href":"https:\/\/www.hydraulic-cylinders.net\/pt\/wp-json\/wp\/v2\/product_brand?post=15668"},{"taxonomy":"product_cat","embeddable":true,"href":"https:\/\/www.hydraulic-cylinders.net\/pt\/wp-json\/wp\/v2\/product_cat?post=15668"},{"taxonomy":"product_tag","embeddable":true,"href":"https:\/\/www.hydraulic-cylinders.net\/pt\/wp-json\/wp\/v2\/product_tag?post=15668"}],"curies":[{"name":"wp","href":"https:\/\/api.w.org\/{rel}","templated":true}]}}