{"id":15672,"date":"2025-01-19T14:49:27","date_gmt":"2025-01-19T14:49:27","guid":{"rendered":"https:\/\/www.hydraulic-cylinders.net\/product\/bucket-cylinder-for-jcm-middle-excavator-922d\/"},"modified":"2025-01-19T14:49:29","modified_gmt":"2025-01-19T14:49:29","slug":"bucket-cylinder-for-jcm-middle-excavator-922d","status":"publish","type":"product","link":"https:\/\/www.hydraulic-cylinders.net\/pt\/produto\/bucket-cylinder-for-jcm-middle-excavator-922d\/","title":{"rendered":"Cilindro da ca\u00e7amba para escavadeira m\u00e9dia JCM 922D"},"content":{"rendered":"<h1>Cilindro da ca\u00e7amba para escavadeira m\u00e9dia JCM 922D<\/h1>\n<h2>Introdu\u00e7\u00e3o<\/h2>\n<p>O cilindro da ca\u00e7amba para a escavadeira m\u00e9dia JCM 922D \u00e9 um cilindro hidr\u00e1ulico especialmente projetado para controlar o movimento da ca\u00e7amba em m\u00e1quinas pesadas, como escavadeiras, retroescavadeiras e p\u00e1s carregadeiras. Sua principal fun\u00e7\u00e3o \u00e9 permitir que a ca\u00e7amba execute a\u00e7\u00f5es de eleva\u00e7\u00e3o, abaixamento e inclina\u00e7\u00e3o, tornando-a adequada para diversas tarefas de movimenta\u00e7\u00e3o de materiais. No sistema hidr\u00e1ulico, o cilindro da ca\u00e7amba proporciona um controle preciso da ca\u00e7amba utilizando as varia\u00e7\u00f5es de press\u00e3o no \u00f3leo hidr\u00e1ulico, permitindo que os operadores manuseiem cargas pesadas com efici\u00eancia e se adaptem a ambientes de trabalho desafiadores e diversas exig\u00eancias da tarefa.<\/p>\n<p><img decoding=\"async\" src=\"https:\/\/www.hydraulic-cylinders.net\/wp-content\/uploads\/2025\/01\/songte-company-2.webp\" alt=\"Cilindro da ca\u00e7amba para escavadeira m\u00e9dia JCM 922D\"><\/p>\n<h2>Caracter\u00edsticas<\/h2>\n<ul>\n<li>Alta resist\u00eancia e durabilidade: Normalmente fabricado em a\u00e7o ou alum\u00ednio de alta resist\u00eancia, capaz de suportar alta press\u00e3o e cargas pesadas, adaptando-se a ambientes de trabalho severos e projetado com foco na resist\u00eancia ao desgaste e \u00e0 corros\u00e3o, prolongando a vida \u00fatil.<\/li>\n<li>Opera\u00e7\u00e3o hidr\u00e1ulica eficiente: Utilizando a press\u00e3o do \u00f3leo hidr\u00e1ulico para obter movimentos suaves de extens\u00e3o e retra\u00e7\u00e3o, capaz de responder rapidamente aos comandos de controle, proporcionando uma for\u00e7a de empurrar e puxar potente, adequada para lidar com cargas pesadas e tarefas complexas.<\/li>\n<li>Versatilidade: Dispon\u00edveis com cilindros de a\u00e7\u00e3o simples (acionamento hidr\u00e1ulico em apenas uma dire\u00e7\u00e3o) ou de a\u00e7\u00e3o dupla (acionamento hidr\u00e1ulico em ambas as dire\u00e7\u00f5es), atendendo a diferentes requisitos operacionais. Alguns modelos s\u00e3o telesc\u00f3picos, permitindo maior extens\u00e3o sem aumentar as dimens\u00f5es externas, sendo ideais para aplica\u00e7\u00f5es com espa\u00e7o limitado.<\/li>\n<li>Substitui\u00e7\u00e3o perfeita: Nossos produtos podem substituir perfeitamente esses cilindros hidr\u00e1ulicos.<\/li>\n<\/ul>\n<p><img decoding=\"async\" src=\"https:\/\/www.hydraulic-cylinders.net\/wp-content\/uploads\/2025\/01\/songte-cylinder-head-with-all-kinds-excavator-models.webp\" alt=\"Cilindro da ca\u00e7amba para escavadeira m\u00e9dia JCM 922D\"><\/p>\n<h2>Aplica\u00e7\u00f5es<\/h2>\n<p>Cilindros de ca\u00e7amba s\u00e3o comumente usados \u200b\u200bem diversos equipamentos e m\u00e1quinas, incluindo:<\/p>\n<ul>\n<li>Equipamentos de constru\u00e7\u00e3o: Encontrados em escavadeiras, onde s\u00e3o cruciais para escava\u00e7\u00e3o, carregamento e movimenta\u00e7\u00e3o de materiais. Em retroescavadeiras, os cilindros da ca\u00e7amba auxiliam tanto na escava\u00e7\u00e3o quanto no levantamento.<\/li>\n<li>M\u00e1quinas agr\u00edcolas: usadas em carregadeiras frontais para recolher, levantar e transportar solo, feno e outros materiais.<\/li>\n<li>Escavadeiras: Os cilindros da ca\u00e7amba possibilitam as a\u00e7\u00f5es de escava\u00e7\u00e3o, permitindo que a ca\u00e7amba penetre no solo.<\/li>\n<li>Carregadeiras frontais: Nas carregadeiras frontais, elas auxiliam no levantamento e inclina\u00e7\u00e3o de mercadorias de forma eficaz.<\/li>\n<\/ul>\n<h2>Considera\u00e7\u00f5es de design e crit\u00e9rios de sele\u00e7\u00e3o<\/h2>\n<p>Ao projetar cilindros de ca\u00e7amba, diversos fatores s\u00e3o levados em considera\u00e7\u00e3o:<\/p>\n<ul>\n<li>Capacidade de carga: O cilindro deve ser projetado para suportar a carga prevista sem falhar.<\/li>\n<li>Veda\u00e7\u00e3o: V\u00e1rios componentes de veda\u00e7\u00e3o, como veda\u00e7\u00f5es de pist\u00e3o e veda\u00e7\u00f5es de haste, s\u00e3o usados \u200b\u200bpara garantir uma veda\u00e7\u00e3o adequada e evitar vazamentos de \u00f3leo.<\/li>\n<li>Durabilidade: O cilindro foi projetado para suportar o uso cont\u00ednuo, incluindo resist\u00eancia ao desgaste e \u00e0 corros\u00e3o, para prolongar sua vida \u00fatil.<\/li>\n<li>Seguran\u00e7a: Recursos de seguran\u00e7a s\u00e3o incorporados para prevenir acidentes e garantir o funcionamento seguro do cilindro.<\/li>\n<li>Facilidade de manuten\u00e7\u00e3o: Foram consideradas medidas para facilitar a manuten\u00e7\u00e3o e o reparo, permitindo uma assist\u00eancia t\u00e9cnica eficiente do cilindro.<\/li>\n<\/ul>\n<p><img decoding=\"async\" src=\"https:\/\/www.hydraulic-cylinders.net\/wp-content\/uploads\/2025\/01\/songte-oil-pipes-and-spare-parts.webp\" alt=\"Cilindro da ca\u00e7amba para escavadeira m\u00e9dia JCM 922D\"><\/p>\n<h2>Veda\u00e7\u00e3o e Lubrifica\u00e7\u00e3o<\/h2>\n<p>O cilindro da ca\u00e7amba utiliza diversos componentes de veda\u00e7\u00e3o, como veda\u00e7\u00f5es de pist\u00e3o e veda\u00e7\u00f5es de haste, fabricados com materiais resistentes ao desgaste, como poliuretano e borracha nitr\u00edlica. O corpo do cilindro e as extremidades roscadas passam por um tratamento fino para aumentar a resist\u00eancia ao desgaste. A lubrifica\u00e7\u00e3o regular \u00e9 necess\u00e1ria, e a quantidade adequada de \u00f3leo hidr\u00e1ulico deve ser adicionada para garantir uma lubrifica\u00e7\u00e3o adequada.<\/p>\n<h2>Inspe\u00e7\u00e3o regular e manuten\u00e7\u00e3o preventiva<\/h2>\n<p>Inspe\u00e7\u00f5es regulares e manuten\u00e7\u00e3o preventiva s\u00e3o essenciais para um desempenho ideal e maior durabilidade. As seguintes medidas devem ser tomadas:<\/p>\n<ul>\n<li>Inspecione o cilindro para verificar se h\u00e1 sinais de danos ou desgaste.<\/li>\n<li>Assegure-se de que a lubrifica\u00e7\u00e3o esteja adequada.<\/li>\n<li>Substitua as veda\u00e7\u00f5es regularmente para evitar vazamentos de \u00f3leo.<\/li>\n<li>Execute verifica\u00e7\u00f5es de calibra\u00e7\u00e3o para manter uma opera\u00e7\u00e3o precisa.<\/li>\n<\/ul>\n<p><img decoding=\"async\" src=\"https:\/\/www.hydraulic-cylinders.net\/wp-content\/uploads\/2025\/01\/songte-chushion-collar.webp\" alt=\"Cilindro da ca\u00e7amba para escavadeira m\u00e9dia JCM 922D\"><\/p>\n<h2>Considera\u00e7\u00f5es de seguran\u00e7a e fatores ambientais<\/h2>\n<p>Ao utilizar cilindros de concreto armado, \u00e9 importante priorizar medidas de seguran\u00e7a para prevenir acidentes e proteger o meio ambiente. As precau\u00e7\u00f5es de seguran\u00e7a devem incluir:<\/p>\n<ul>\n<li>Treinamento adequado para operadores.<\/li>\n<li>Ades\u00e3o \u00e0s diretrizes e regulamentos de seguran\u00e7a.<\/li>\n<li>Inspe\u00e7\u00e3o regular do cilindro para identificar poss\u00edveis riscos.<\/li>\n<\/ul>\n<h2>Diagn\u00f3stico de falhas e solu\u00e7\u00e3o de problemas<\/h2>\n<p>Em caso de mau funcionamento, \u00e9 importante diagnosticar e resolver os problemas de forma eficaz. Alguns problemas comuns e suas solu\u00e7\u00f5es incluem:<\/p>\n<ul>\n<li>Vazamento de \u00f3leo: Verifique e substitua as veda\u00e7\u00f5es danificadas.<\/li>\n<li>Funcionamento lento: Verifique se os n\u00edveis de \u00f3leo hidr\u00e1ulico est\u00e3o baixos ou se h\u00e1 algum bloqueio no sistema.<\/li>\n<li>Ru\u00eddos incomuns: Inspecione se h\u00e1 componentes soltos ou desgastados e aperte ou substitua conforme necess\u00e1rio.<\/li>\n<\/ul>\n<p><img decoding=\"async\" src=\"https:\/\/www.hydraulic-cylinders.net\/wp-content\/uploads\/2025\/01\/songte-bushings-with-all-kinds-of-excavator-models.webp\" alt=\"Cilindro da ca\u00e7amba para escavadeira m\u00e9dia JCM 922D\"><\/p>\n<p>Seguindo os procedimentos corretos de instala\u00e7\u00e3o, lubrifica\u00e7\u00e3o e ajuste, a vida \u00fatil do cilindro da ca\u00e7amba pode ser maximizada. Durante a instala\u00e7\u00e3o, assegure-se do alinhamento correto do cilindro e considere o uso de suportes de montagem adequados para uma fixa\u00e7\u00e3o segura. Os procedimentos recomendados de inspe\u00e7\u00e3o, reparo e substitui\u00e7\u00e3o devem ser seguidos, e dicas para prolongar a vida \u00fatil do cilindro devem ser implementadas.<\/p>\n<h2>Sobre nossa empresa<\/h2>\n<p>Somos fabricantes de cilindros hidr\u00e1ulicos de reposi\u00e7\u00e3o e oferecemos uma ampla gama de produtos. Tornamo-nos um dos principais fabricantes e distribuidores atacadistas de cilindros hidr\u00e1ulicos nos mercados nacional e internacional. Com foco na excel\u00eancia em qualidade, utilizamos estrat\u00e9gias de gest\u00e3o de produ\u00e7\u00e3o industrializada em nossas instala\u00e7\u00f5es de fabrica\u00e7\u00e3o de \u00faltima gera\u00e7\u00e3o. Nossa empresa aprimora continuamente a plataforma de produ\u00e7\u00e3o investindo em talentos tecnol\u00f3gicos, equipamentos de fabrica\u00e7\u00e3o digital de ponta e sistemas de teste profissionais. Possu\u00edmos significativa capacidade criativa e nos esfor\u00e7amos para atender \u00e0s diversas demandas dos clientes com base nos princ\u00edpios de alta efici\u00eancia, precis\u00e3o e qualidade.<\/p>\n<p><img decoding=\"async\" src=\"https:\/\/www.hydraulic-cylinders.net\/wp-content\/uploads\/2025\/01\/songte-company-3.webp\" alt=\"Cilindro da ca\u00e7amba para escavadeira m\u00e9dia JCM 922D\"><\/p>\n<p>Temos orgulho do nosso profissionalismo, certifica\u00e7\u00f5es internacionais, servi\u00e7os personalizados, equipamentos de produ\u00e7\u00e3o e servi\u00e7o p\u00f3s-venda.<\/p>\n<p><img decoding=\"async\" src=\"https:\/\/hzpt.com\/wp-content\/uploads\/2024\/11\/songte-company-1.webp\" alt=\"Cilindro da ca\u00e7amba para escavadeira m\u00e9dia JCM 922D\"><\/p>\n<p>Autor: lyl<\/p>","protected":false},"excerpt":{"rendered":"<p>Bucket Cylinder For JCM Middle Excavator 922D Introduction The Bucket Cylinder for JCM Middle Excavator 922D is a specially designed hydraulic cylinder used to control the movement of the bucket in heavy machinery such as excavators, backhoe loaders, and front-end loaders. Its main function is to enable the bucket to perform lifting, lowering, and tilting [&hellip;]<\/p>","protected":false},"featured_media":14789,"comment_status":"open","ping_status":"closed","template":"","meta":{"_et_pb_use_builder":"","_et_pb_old_content":"","_et_gb_content_width":""},"product_brand":[],"product_cat":[1494],"product_tag":[1495,1496],"class_list":{"0":"post-15672","1":"product","2":"type-product","3":"status-publish","4":"has-post-thumbnail","6":"product_cat-bucket-cylinders","7":"product_tag-bucket-cylinders","8":"product_tag-hydraulic-cylinders","10":"first","11":"instock","12":"shipping-taxable","13":"product-type-simple"},"amp_enabled":true,"_links":{"self":[{"href":"https:\/\/www.hydraulic-cylinders.net\/pt\/wp-json\/wp\/v2\/product\/15672","targetHints":{"allow":["GET"]}}],"collection":[{"href":"https:\/\/www.hydraulic-cylinders.net\/pt\/wp-json\/wp\/v2\/product"}],"about":[{"href":"https:\/\/www.hydraulic-cylinders.net\/pt\/wp-json\/wp\/v2\/types\/product"}],"replies":[{"embeddable":true,"href":"https:\/\/www.hydraulic-cylinders.net\/pt\/wp-json\/wp\/v2\/comments?post=15672"}],"wp:featuredmedia":[{"embeddable":true,"href":"https:\/\/www.hydraulic-cylinders.net\/pt\/wp-json\/wp\/v2\/media\/14789"}],"wp:attachment":[{"href":"https:\/\/www.hydraulic-cylinders.net\/pt\/wp-json\/wp\/v2\/media?parent=15672"}],"wp:term":[{"taxonomy":"product_brand","embeddable":true,"href":"https:\/\/www.hydraulic-cylinders.net\/pt\/wp-json\/wp\/v2\/product_brand?post=15672"},{"taxonomy":"product_cat","embeddable":true,"href":"https:\/\/www.hydraulic-cylinders.net\/pt\/wp-json\/wp\/v2\/product_cat?post=15672"},{"taxonomy":"product_tag","embeddable":true,"href":"https:\/\/www.hydraulic-cylinders.net\/pt\/wp-json\/wp\/v2\/product_tag?post=15672"}],"curies":[{"name":"wp","href":"https:\/\/api.w.org\/{rel}","templated":true}]}}