{"id":15676,"date":"2025-01-19T14:49:43","date_gmt":"2025-01-19T14:49:43","guid":{"rendered":"https:\/\/www.hydraulic-cylinders.net\/product\/bucket-cylinder-for-jcm-large-excavator-mc3861c-8\/"},"modified":"2025-01-19T14:49:45","modified_gmt":"2025-01-19T14:49:45","slug":"bucket-cylinder-for-jcm-large-excavator-mc3861c-8","status":"publish","type":"product","link":"https:\/\/www.hydraulic-cylinders.net\/pt\/produto\/bucket-cylinder-for-jcm-large-excavator-mc3861c-8\/","title":{"rendered":"Cilindro da ca\u00e7amba para escavadeira grande JCM MC3861C-8"},"content":{"rendered":"<h2>Cilindro da ca\u00e7amba para escavadeira grande JCM MC3861C-8<\/h2>\n<p>Introdu\u00e7\u00e3o:<\/p>\n<p>O cilindro da ca\u00e7amba \u00e9 um cilindro hidr\u00e1ulico especialmente projetado para controlar o movimento da ca\u00e7amba em m\u00e1quinas pesadas, como escavadeiras, retroescavadeiras e p\u00e1s carregadeiras. Sua principal fun\u00e7\u00e3o \u00e9 permitir o levantamento, abaixamento e inclina\u00e7\u00e3o da ca\u00e7amba, facilitando o manuseio de diversos materiais. No sistema hidr\u00e1ulico, o cilindro da ca\u00e7amba proporciona um controle preciso da ca\u00e7amba variando a press\u00e3o do \u00f3leo hidr\u00e1ulico, permitindo que os operadores manuseiem cargas pesadas com efici\u00eancia e se adaptem a ambientes de trabalho complexos e diversas necessidades operacionais.<\/p>\n<p><img decoding=\"async\" src=\"https:\/\/www.hydraulic-cylinders.net\/wp-content\/uploads\/2025\/01\/songte-company-2.webp\" alt=\"Imagem do cilindro da ca\u00e7amba\"><\/p>\n<h3>Caracter\u00edsticas:<\/h3>\n<ol>\n<li>Alta resist\u00eancia e durabilidade: Normalmente fabricado em a\u00e7o ou alum\u00ednio de alta resist\u00eancia, o cilindro da ca\u00e7amba suporta alta press\u00e3o e cargas pesadas, adaptando-se a ambientes de trabalho severos. Seu design leva em considera\u00e7\u00e3o a resist\u00eancia ao desgaste e \u00e0 corros\u00e3o, prolongando sua vida \u00fatil.<\/li>\n<li>Opera\u00e7\u00e3o hidr\u00e1ulica eficiente: Utilizando a press\u00e3o do \u00f3leo hidr\u00e1ulico, o cilindro da ca\u00e7amba realiza movimentos suaves de extens\u00e3o e contra\u00e7\u00e3o, proporcionando resposta r\u00e1pida aos comandos de controle e oferecendo for\u00e7as de empurr\u00e3o e tra\u00e7\u00e3o potentes, tornando-o adequado para o manuseio de cargas pesadas e tarefas operacionais complexas.<\/li>\n<li>Tipos Variados: O cilindro da ca\u00e7amba pode ser escolhido como de a\u00e7\u00e3o simples (acionamento hidr\u00e1ulico em apenas uma dire\u00e7\u00e3o) ou de a\u00e7\u00e3o dupla (acionamento hidr\u00e1ulico em ambas as dire\u00e7\u00f5es), de acordo com as necessidades operacionais. Alguns modelos s\u00e3o telesc\u00f3picos, permitindo maior extens\u00e3o sem aumentar as dimens\u00f5es externas, o que os torna adequados para aplica\u00e7\u00f5es com espa\u00e7o limitado.<\/li>\n<li>Substitui\u00e7\u00e3o perfeita: Nossos produtos podem substituir perfeitamente esses cilindros hidr\u00e1ulicos.<\/li>\n<\/ol>\n<p><img decoding=\"async\" src=\"https:\/\/www.hydraulic-cylinders.net\/wp-content\/uploads\/2025\/01\/songte-cylinder-head-with-all-kinds-excavator-models.webp\" alt=\"Imagem do produto\"><\/p>\n<h3>Aplica\u00e7\u00f5es:<\/h3>\n<p>Cilindros de ca\u00e7amba podem ser encontrados em diversos equipamentos de constru\u00e7\u00e3o e agr\u00edcolas:<\/p>\n<ul>\n<li>Equipamentos de constru\u00e7\u00e3o: Em escavadeiras, s\u00e3o essenciais para escavar, carregar e movimentar terra ou entulho. Em retroescavadeiras, o cilindro da ca\u00e7amba auxilia tanto na escava\u00e7\u00e3o quanto no levantamento.<\/li>\n<li>M\u00e1quinas agr\u00edcolas: Utilizadas em p\u00e1s carregadeiras frontais para recolher, levantar e transportar terra, feno e outros materiais.<\/li>\n<li>Escavadeiras: O cilindro da ca\u00e7amba permite a\u00e7\u00f5es de escava\u00e7\u00e3o permitindo que a ca\u00e7amba penetre no solo.<\/li>\n<li>Carregadeiras frontais: Nas carregadeiras frontais, elas auxiliam no levantamento e inclina\u00e7\u00e3o de mercadorias de forma eficiente.<\/li>\n<\/ul>\n<h3>Considera\u00e7\u00f5es de design e crit\u00e9rios de sele\u00e7\u00e3o:<\/h3>\n<p>Os aspectos a serem considerados no projeto de cilindros de ca\u00e7amba incluem capacidade de carga, veda\u00e7\u00e3o, durabilidade, seguran\u00e7a e facilidade de manuten\u00e7\u00e3o.<\/p>\n<p><img decoding=\"async\" src=\"https:\/\/www.hydraulic-cylinders.net\/wp-content\/uploads\/2025\/01\/songte-oil-pipes-and-spare-parts.webp\" alt=\"Considera\u00e7\u00f5es de design Imagem\"><\/p>\n<h3>Veda\u00e7\u00e3o e Lubrifica\u00e7\u00e3o:<\/h3>\n<p>Os cilindros de ca\u00e7amba utilizam diversos elementos de veda\u00e7\u00e3o, como veda\u00e7\u00f5es de pist\u00e3o e veda\u00e7\u00f5es de haste, fabricados com materiais resistentes ao desgaste, como poliuretano e borracha nitr\u00edlica. O corpo do cilindro e as superf\u00edcies roscadas das extremidades passam por um processo de usinagem de precis\u00e3o para melhorar a resist\u00eancia ao desgaste. \u00c9 necess\u00e1ria a lubrifica\u00e7\u00e3o regular com \u00f3leo hidr\u00e1ulico apropriado.<\/p>\n<h3>Inspe\u00e7\u00e3o e manuten\u00e7\u00e3o preventiva:<\/h3>\n<p>Inspe\u00e7\u00f5es regulares e manuten\u00e7\u00e3o preventiva s\u00e3o cruciais para garantir o desempenho ideal e a longevidade dos cilindros de ca\u00e7amba:<\/p>\n<ul>\n<li>Verifique regularmente se h\u00e1 vazamentos, ru\u00eddos anormais e quaisquer sinais de desgaste ou danos.<\/li>\n<li>Garanta a lubrifica\u00e7\u00e3o adequada de todas as pe\u00e7as m\u00f3veis.<\/li>\n<li>Substitua regularmente as veda\u00e7\u00f5es e juntas para manter a integridade da veda\u00e7\u00e3o.<\/li>\n<li>Realize verifica\u00e7\u00f5es de calibra\u00e7\u00e3o para garantir o funcionamento correto.<\/li>\n<\/ul>\n<p><img decoding=\"async\" src=\"https:\/\/www.hydraulic-cylinders.net\/wp-content\/uploads\/2025\/01\/songte-chushion-collar.webp\" alt=\"Imagem de manuten\u00e7\u00e3o\"><\/p>\n<h3>Considera\u00e7\u00f5es de seguran\u00e7a e fatores ambientais:<\/h3>\n<p>Garantir a implementa\u00e7\u00e3o de medidas de seguran\u00e7a ao utilizar cilindros de ca\u00e7amba \u00e9 de extrema import\u00e2ncia. \u00c9 essencial seguir os procedimentos corretos de instala\u00e7\u00e3o e opera\u00e7\u00e3o para prevenir acidentes e garantir a seguran\u00e7a do pessoal e dos equipamentos. Fatores ambientais, como temperatura e umidade, tamb\u00e9m devem ser levados em considera\u00e7\u00e3o para manter o desempenho ideal.<\/p>\n<h3>Solu\u00e7\u00e3o de problemas e problemas comuns:<\/h3>\n<p>Aqui est\u00e3o alguns problemas comuns que podem surgir com cilindros de ca\u00e7amba:<\/p>\n<ul>\n<li>Vazamento: Verifique se h\u00e1 veda\u00e7\u00f5es ou conex\u00f5es danificadas e substitua-as, se necess\u00e1rio.<\/li>\n<li>Funcionamento lento: Inspecione o sistema hidr\u00e1ulico para verificar se h\u00e1 bloqueios ou n\u00edveis baixos de fluido e resolva o problema adequadamente.<\/li>\n<li>Vibra\u00e7\u00e3o excessiva: Verifique a montagem e o alinhamento do cilindro da ca\u00e7amba, garantindo a instala\u00e7\u00e3o e o alinhamento corretos.<\/li>\n<\/ul>\n<p><img decoding=\"async\" src=\"https:\/\/www.hydraulic-cylinders.net\/wp-content\/uploads\/2025\/01\/songte-bushings-with-all-kinds-of-excavator-models.webp\" alt=\"Solu\u00e7\u00e3o de problemas de imagem\"><\/p>\n<p>Tarefas regulares de manuten\u00e7\u00e3o, como inspe\u00e7\u00f5es, lubrifica\u00e7\u00e3o adequada, substitui\u00e7\u00e3o de veda\u00e7\u00f5es e verifica\u00e7\u00f5es de calibra\u00e7\u00e3o, s\u00e3o essenciais para a longevidade e o desempenho confi\u00e1vel dos cilindros de ca\u00e7amba. A instala\u00e7\u00e3o, lubrifica\u00e7\u00e3o e ajuste corretos s\u00e3o cruciais, e orienta\u00e7\u00f5es adequadas de alinhamento devem ser fornecidas durante o processo de instala\u00e7\u00e3o. Recomenda-se o uso de suportes de montagem apropriados para fixar o cilindro. Os procedimentos recomendados de inspe\u00e7\u00e3o, reparo e substitui\u00e7\u00e3o, bem como dicas para aumentar a vida \u00fatil do cilindro de ca\u00e7amba, devem ser seguidos.<\/p>\n<p>Lembre-se de organizar o artigo de forma l\u00f3gica, usar subt\u00edtulos para facilitar a navega\u00e7\u00e3o, incorporar imagens ou gr\u00e1ficos relevantes para melhorar a compreens\u00e3o e garantir que o conte\u00fado seja claro, conciso e adequado para leitores com diferentes n\u00edveis de conhecimento t\u00e9cnico.<\/p>\n<p><img decoding=\"async\" src=\"https:\/\/hzpt.com\/wp-content\/uploads\/2024\/11\/songte-company-1.webp\" alt=\"Imagem da empresa\"><\/p>\n<h2>Sobre nossa empresa<\/h2>\n<p>Somos fabricantes de cilindros hidr\u00e1ulicos de reposi\u00e7\u00e3o, oferecendo uma ampla gama de produtos. Tornamo-nos um dos principais fabricantes e distribuidores atacadistas de cilindros hidr\u00e1ulicos nos mercados nacional e internacional. Primamos pela excel\u00eancia e nos baseamos em estrat\u00e9gias de gest\u00e3o de produ\u00e7\u00e3o industrial em instala\u00e7\u00f5es de fabrica\u00e7\u00e3o altamente otimizadas. Nossa empresa aprimora continuamente sua plataforma de produ\u00e7\u00e3o, os processos de fabrica\u00e7\u00e3o e a qualidade de seus produtos, al\u00e9m de possuir forte capacidade criativa. Buscamos atender \u00e0s diversas necessidades de nossos clientes com alta efici\u00eancia, precis\u00e3o e qualidade.<\/p>\n<p><img decoding=\"async\" src=\"https:\/\/www.hydraulic-cylinders.net\/wp-content\/uploads\/2025\/01\/songte-company-3.webp\" alt=\"Imagem da empresa\"><\/p>\n<h3>Nossa empresa \u00e9 conhecida por:<\/h3>\n<ul>\n<li>Profissionalismo e conhecimento especializado.<\/li>\n<li>Certifica\u00e7\u00f5es internacionais.<\/li>\n<li>Servi\u00e7os de personaliza\u00e7\u00e3o.<\/li>\n<li>Equipamentos de produ\u00e7\u00e3o de alta qualidade.<\/li>\n<li>Servi\u00e7os p\u00f3s-venda.<\/li>\n<\/ul>\n<p>Autor: lyl<\/p>","protected":false},"excerpt":{"rendered":"<p>Bucket Cylinder For JCM Large Excavator MC3861C-8 Introduction: The bucket cylinder is a specially designed hydraulic cylinder used to control the movement of the bucket in heavy machinery such as excavators, backhoe loaders, and front loaders. Its main function is to enable the lifting, lowering, and tilting of the bucket, making it easier to handle [&hellip;]<\/p>","protected":false},"featured_media":14784,"comment_status":"open","ping_status":"closed","template":"","meta":{"_et_pb_use_builder":"","_et_pb_old_content":"","_et_gb_content_width":""},"product_brand":[],"product_cat":[1494],"product_tag":[1495,1496],"class_list":{"0":"post-15676","1":"product","2":"type-product","3":"status-publish","4":"has-post-thumbnail","6":"product_cat-bucket-cylinders","7":"product_tag-bucket-cylinders","8":"product_tag-hydraulic-cylinders","10":"first","11":"instock","12":"shipping-taxable","13":"product-type-simple"},"amp_enabled":true,"_links":{"self":[{"href":"https:\/\/www.hydraulic-cylinders.net\/pt\/wp-json\/wp\/v2\/product\/15676","targetHints":{"allow":["GET"]}}],"collection":[{"href":"https:\/\/www.hydraulic-cylinders.net\/pt\/wp-json\/wp\/v2\/product"}],"about":[{"href":"https:\/\/www.hydraulic-cylinders.net\/pt\/wp-json\/wp\/v2\/types\/product"}],"replies":[{"embeddable":true,"href":"https:\/\/www.hydraulic-cylinders.net\/pt\/wp-json\/wp\/v2\/comments?post=15676"}],"wp:featuredmedia":[{"embeddable":true,"href":"https:\/\/www.hydraulic-cylinders.net\/pt\/wp-json\/wp\/v2\/media\/14784"}],"wp:attachment":[{"href":"https:\/\/www.hydraulic-cylinders.net\/pt\/wp-json\/wp\/v2\/media?parent=15676"}],"wp:term":[{"taxonomy":"product_brand","embeddable":true,"href":"https:\/\/www.hydraulic-cylinders.net\/pt\/wp-json\/wp\/v2\/product_brand?post=15676"},{"taxonomy":"product_cat","embeddable":true,"href":"https:\/\/www.hydraulic-cylinders.net\/pt\/wp-json\/wp\/v2\/product_cat?post=15676"},{"taxonomy":"product_tag","embeddable":true,"href":"https:\/\/www.hydraulic-cylinders.net\/pt\/wp-json\/wp\/v2\/product_tag?post=15676"}],"curies":[{"name":"wp","href":"https:\/\/api.w.org\/{rel}","templated":true}]}}