{"id":15680,"date":"2025-01-19T14:49:59","date_gmt":"2025-01-19T14:49:59","guid":{"rendered":"https:\/\/www.hydraulic-cylinders.net\/product\/bucket-cylinder-for-ihi-small-excavator-ihi20vxt\/"},"modified":"2025-01-19T14:50:16","modified_gmt":"2025-01-19T14:50:16","slug":"bucket-cylinder-for-ihi-small-excavator-ihi20vxt","status":"publish","type":"product","link":"https:\/\/www.hydraulic-cylinders.net\/pt\/produto\/bucket-cylinder-for-ihi-small-excavator-ihi20vxt\/","title":{"rendered":"Cilindro da ca\u00e7amba para mini escavadeira IHI IHI20VXT"},"content":{"rendered":"<h1>Cilindro da ca\u00e7amba para mini escavadeira IHI IHI20VXT<\/h1>\n<h2>Introdu\u00e7\u00e3o<\/h2>\n<p>O cilindro da ca\u00e7amba \u00e9 um cilindro hidr\u00e1ulico especialmente projetado para controlar o movimento da ca\u00e7amba em m\u00e1quinas pesadas, como escavadeiras, retroescavadeiras e p\u00e1s carregadeiras. Sua principal fun\u00e7\u00e3o \u00e9 permitir que a ca\u00e7amba suba, des\u00e7a e incline, facilitando o manuseio de diversos materiais. No sistema hidr\u00e1ulico, o cilindro da ca\u00e7amba proporciona um controle preciso da ca\u00e7amba por meio de varia\u00e7\u00f5es na press\u00e3o do \u00f3leo hidr\u00e1ulico, permitindo que os operadores manuseiem objetos pesados \u200b\u200bcom efici\u00eancia e se adaptem a ambientes de trabalho complexos e diversas necessidades operacionais.<\/p>\n<p><img decoding=\"async\" src=\"https:\/\/www.hydraulic-cylinders.net\/wp-content\/uploads\/2025\/01\/songte-company-2.webp\" \/><\/p>\n<h2>Caracter\u00edsticas<\/h2>\n<ul>\n<li><strong>Alta resist\u00eancia e durabilidade:<\/strong> Normalmente fabricado em a\u00e7o de alta resist\u00eancia ou alum\u00ednio, suporta alta press\u00e3o e cargas pesadas, adaptando-se a ambientes de trabalho severos. O design leva em considera\u00e7\u00e3o a resist\u00eancia ao desgaste e \u00e0 corros\u00e3o, prolongando a vida \u00fatil.<\/li>\n<li><strong>Opera\u00e7\u00e3o hidr\u00e1ulica eficiente:<\/strong> A extens\u00e3o e a retra\u00e7\u00e3o suaves s\u00e3o obtidas utilizando a press\u00e3o do \u00f3leo hidr\u00e1ulico, proporcionando uma forte for\u00e7a de empurrar e puxar, adequada para manusear objetos pesados \u200b\u200be realizar tarefas complexas.<\/li>\n<li><strong>V\u00e1rios tipos:<\/strong> Cilindros de a\u00e7\u00e3o simples (acionamento hidr\u00e1ulico em apenas uma dire\u00e7\u00e3o) ou de a\u00e7\u00e3o dupla (acionamento hidr\u00e1ulico em ambas as dire\u00e7\u00f5es) podem ser selecionados de acordo com as necessidades operacionais. Alguns modelos s\u00e3o telesc\u00f3picos, permitindo maior extens\u00e3o sem aumentar as dimens\u00f5es externas, sendo ideais para aplica\u00e7\u00f5es com espa\u00e7o limitado.<\/li>\n<li><strong>Produzido por n\u00f3s:<\/strong> Nosso produto pode substituir perfeitamente esses cilindros hidr\u00e1ulicos.<\/li>\n<\/ul>\n<p><img decoding=\"async\" src=\"https:\/\/www.hydraulic-cylinders.net\/wp-content\/uploads\/2025\/01\/songte-cylinder-head-with-all-kinds-excavator-models.webp\" \/><\/p>\n<h2>Aplica\u00e7\u00f5es<\/h2>\n<p>O cilindro de ca\u00e7amba \u00e9 amplamente utilizado em diversas m\u00e1quinas pesadas, incluindo:<\/p>\n<ul>\n<li><strong>Equipamentos de constru\u00e7\u00e3o:<\/strong> Em escavadeiras, s\u00e3o cruciais para escavar, carregar e movimentar solo ou entulho. Em retroescavadeiras, os cilindros da ca\u00e7amba auxiliam tanto na escava\u00e7\u00e3o quanto no levantamento. <\/li>\n<li><strong>Maquinaria agr\u00edcola:<\/strong> Usado em carregadeiras frontais para recolher, levantar e transportar solo, feno e outros materiais. <\/li>\n<li><strong>Escavadeiras:<\/strong> O cilindro da ca\u00e7amba realiza a escava\u00e7\u00e3o permitindo que a ca\u00e7amba penetre no solo. <\/li>\n<li><strong>M\u00e1quinas de lavar roupa de carregamento frontal:<\/strong> Em carregadeiras frontais, elas auxiliam no levantamento e inclina\u00e7\u00e3o eficiente de mercadorias. <\/li>\n<\/ul>\n<h2>Considera\u00e7\u00f5es de design e crit\u00e9rios de sele\u00e7\u00e3o<\/h2>\n<p>As considera\u00e7\u00f5es de projeto do cilindro da ca\u00e7amba incluem a capacidade de carga, o desempenho da veda\u00e7\u00e3o, a durabilidade, a seguran\u00e7a e a facilidade de manuten\u00e7\u00e3o. <\/p>\n<ul>\n<li><strong>Capacidade de carga:<\/strong> O cilindro deve ser suficientemente resistente para suportar alta press\u00e3o e cargas pesadas. <\/li>\n<li><strong>Desempenho de veda\u00e7\u00e3o:<\/strong> Diversos componentes de veda\u00e7\u00e3o, como veda\u00e7\u00f5es de pist\u00e3o e veda\u00e7\u00f5es de haste, s\u00e3o utilizados para garantir que n\u00e3o haja vazamento de fluido do cilindro. <\/li>\n<li><strong>Durabilidade:<\/strong> O cilindro deve ser resistente \u00e0 abras\u00e3o e \u00e0 corros\u00e3o, e o corpo do cilindro e as superf\u00edcies roscadas das extremidades s\u00e3o finamente usinadas para melhorar a resist\u00eancia ao desgaste. <\/li>\n<li><strong>Seguran\u00e7a:<\/strong> O cilindro deve ser projetado com recursos de seguran\u00e7a, como v\u00e1lvulas de seguran\u00e7a e prote\u00e7\u00e3o contra sobrecarga, para evitar acidentes. <\/li>\n<li><strong>Manutenibilidade:<\/strong> O cilindro deve ser de f\u00e1cil manuten\u00e7\u00e3o, com pe\u00e7as f\u00e1ceis de substituir e procedimentos de reparo simples. <\/li>\n<\/ul>\n<p><img decoding=\"async\" src=\"https:\/\/www.hydraulic-cylinders.net\/wp-content\/uploads\/2025\/01\/songte-oil-pipes-and-spare-parts.webp\" \/><\/p>\n<h2>Veda\u00e7\u00e3o e Lubrifica\u00e7\u00e3o<\/h2>\n<p>O cilindro da ca\u00e7amba utiliza diversos componentes de veda\u00e7\u00e3o, como veda\u00e7\u00f5es de pist\u00e3o e veda\u00e7\u00f5es de haste, e esses componentes s\u00e3o fabricados com materiais resistentes \u00e0 abras\u00e3o, como poliuretano e borracha nitr\u00edlica. O corpo do cilindro e as superf\u00edcies roscadas das extremidades s\u00e3o usinados com precis\u00e3o para melhorar a resist\u00eancia ao desgaste. O cilindro requer lubrifica\u00e7\u00e3o regular com a quantidade adequada de \u00f3leo hidr\u00e1ulico para manter o funcionamento correto.<\/p>\n<h2>Manuten\u00e7\u00e3o e Reparo<\/h2>\n<p>O cilindro da ca\u00e7amba requer inspe\u00e7\u00e3o regular, lubrifica\u00e7\u00e3o adequada e substitui\u00e7\u00e3o imediata de veda\u00e7\u00f5es desgastadas ou danificadas. A instala\u00e7\u00e3o correta \u00e9 fundamental para garantir o desempenho do cilindro a longo prazo. Recomenda-se o uso de suportes de instala\u00e7\u00e3o apropriados para fixar o cilindro e alinh\u00e1-lo corretamente. Um procedimento recomendado de inspe\u00e7\u00e3o, reparo e substitui\u00e7\u00e3o deve ser seguido para garantir a longevidade do cilindro.<\/p>\n<p><img decoding=\"async\" src=\"https:\/\/www.hydraulic-cylinders.net\/wp-content\/uploads\/2025\/01\/songte-chushion-collar.webp\" \/><\/p>\n<h2>Considera\u00e7\u00f5es sobre seguran\u00e7a e meio ambiente<\/h2>\n<p>\u00c9 essencial seguir as medidas de seguran\u00e7a adequadas ao operar equipamentos hidr\u00e1ulicos. Recursos de seguran\u00e7a, como v\u00e1lvulas de seguran\u00e7a e prote\u00e7\u00e3o contra sobrecarga, devem ser inclu\u00eddos no projeto do cilindro para evitar acidentes. Deve-se utilizar \u00f3leo hidr\u00e1ulico ecol\u00f3gico para lubrifica\u00e7\u00e3o e garantir o descarte correto do \u00f3leo hidr\u00e1ulico usado.<\/p>\n<h2>Diagn\u00f3stico de falhas e problemas comuns<\/h2>\n<p>As falhas mais comuns que podem ocorrer em cilindros de ca\u00e7amba incluem vazamentos de fluido, empenamento da haste do pist\u00e3o e danos na veda\u00e7\u00e3o do cilindro. \u00c9 essencial diagnosticar e reparar essas falhas prontamente para garantir a longevidade e o funcionamento adequado do cilindro.<\/p>\n<h2>Sobre nossa empresa<\/h2>\n<p>Nossa empresa \u00e9 uma fabricante e distribuidora l\u00edder de cilindros hidr\u00e1ulicos nos mercados nacional e internacional, com uma linha completa de produtos. Primamos pela excel\u00eancia em qualidade e nos baseamos em uma estrat\u00e9gia de gest\u00e3o de produ\u00e7\u00e3o industrializada, com instala\u00e7\u00f5es de fabrica\u00e7\u00e3o sofisticadas. Desde a contrata\u00e7\u00e3o de profissionais t\u00e9cnicos qualificados, passando por equipamentos digitais de \u00faltima gera\u00e7\u00e3o, at\u00e9 sistemas de teste profissionais, aprimoramos continuamente a plataforma de produ\u00e7\u00e3o, otimizando o processo produtivo e a qualidade dos produtos, al\u00e9m de possuirmos uma forte capacidade de inova\u00e7\u00e3o. Nosso objetivo \u00e9 satisfazer as diversas necessidades dos clientes com produtos de alta efici\u00eancia, precis\u00e3o e qualidade.<\/p>\n<p>Nossa empresa oferece servi\u00e7os profissionais, com certifica\u00e7\u00e3o internacional, personalizados e assist\u00eancia p\u00f3s-venda. Possu\u00edmos equipamentos de produ\u00e7\u00e3o avan\u00e7ados e fornecemos pe\u00e7as de reposi\u00e7\u00e3o e servi\u00e7os de remanufatura para otimizar a vida \u00fatil de nossos produtos.<\/p>\n<p><img decoding=\"async\" src=\"https:\/\/www.hydraulic-cylinders.net\/wp-content\/uploads\/2025\/01\/songte-company-3.webp\" \/><\/p>\n<p>Autor: lyl<\/p>","protected":false},"excerpt":{"rendered":"<p>Bucket Cylinder For IHI Small Excavator IHI20VXT Introduction The bucket cylinder is a specially designed hydraulic cylinder mainly used for controlling the movement of the bucket in heavy machinery such as excavators, backhoe loaders, and front-end loaders. Its main function is to allow the bucket to lift, lower, and tilt, making it easier to handle [&hellip;]<\/p>","protected":false},"featured_media":14776,"comment_status":"open","ping_status":"closed","template":"","meta":{"_et_pb_use_builder":"","_et_pb_old_content":"","_et_gb_content_width":""},"product_brand":[],"product_cat":[1494],"product_tag":[1495,1496],"class_list":{"0":"post-15680","1":"product","2":"type-product","3":"status-publish","4":"has-post-thumbnail","6":"product_cat-bucket-cylinders","7":"product_tag-bucket-cylinders","8":"product_tag-hydraulic-cylinders","10":"first","11":"instock","12":"shipping-taxable","13":"product-type-simple"},"amp_enabled":true,"_links":{"self":[{"href":"https:\/\/www.hydraulic-cylinders.net\/pt\/wp-json\/wp\/v2\/product\/15680","targetHints":{"allow":["GET"]}}],"collection":[{"href":"https:\/\/www.hydraulic-cylinders.net\/pt\/wp-json\/wp\/v2\/product"}],"about":[{"href":"https:\/\/www.hydraulic-cylinders.net\/pt\/wp-json\/wp\/v2\/types\/product"}],"replies":[{"embeddable":true,"href":"https:\/\/www.hydraulic-cylinders.net\/pt\/wp-json\/wp\/v2\/comments?post=15680"}],"wp:featuredmedia":[{"embeddable":true,"href":"https:\/\/www.hydraulic-cylinders.net\/pt\/wp-json\/wp\/v2\/media\/14776"}],"wp:attachment":[{"href":"https:\/\/www.hydraulic-cylinders.net\/pt\/wp-json\/wp\/v2\/media?parent=15680"}],"wp:term":[{"taxonomy":"product_brand","embeddable":true,"href":"https:\/\/www.hydraulic-cylinders.net\/pt\/wp-json\/wp\/v2\/product_brand?post=15680"},{"taxonomy":"product_cat","embeddable":true,"href":"https:\/\/www.hydraulic-cylinders.net\/pt\/wp-json\/wp\/v2\/product_cat?post=15680"},{"taxonomy":"product_tag","embeddable":true,"href":"https:\/\/www.hydraulic-cylinders.net\/pt\/wp-json\/wp\/v2\/product_tag?post=15680"}],"curies":[{"name":"wp","href":"https:\/\/api.w.org\/{rel}","templated":true}]}}