{"id":15681,"date":"2025-01-19T14:50:19","date_gmt":"2025-01-19T14:50:19","guid":{"rendered":"https:\/\/www.hydraulic-cylinders.net\/product\/bucket-cylinder-for-ihi-small-excavator-ihi40-ys\/"},"modified":"2025-01-19T14:50:21","modified_gmt":"2025-01-19T14:50:21","slug":"bucket-cylinder-for-ihi-small-excavator-ihi40-ys","status":"publish","type":"product","link":"https:\/\/www.hydraulic-cylinders.net\/pt\/produto\/bucket-cylinder-for-ihi-small-excavator-ihi40-ys\/","title":{"rendered":"Cilindro da ca\u00e7amba para mini escavadeira IHI IHI40\/YS"},"content":{"rendered":"<h1>Cilindro da ca\u00e7amba para mini escavadeira IHI IHI40\/YS<\/h1>\n<h2>Introdu\u00e7\u00e3o<\/h2>\n<p>O cilindro da ca\u00e7amba \u00e9 um cilindro hidr\u00e1ulico especializado, usado principalmente para controlar o movimento da ca\u00e7amba em m\u00e1quinas pesadas, como escavadeiras, retroescavadeiras e p\u00e1s carregadeiras. Sua principal fun\u00e7\u00e3o \u00e9 permitir que a ca\u00e7amba suba, des\u00e7a e incline, facilitando o manuseio de diversos materiais. Em um sistema hidr\u00e1ulico, o cilindro da ca\u00e7amba controla o movimento preciso da ca\u00e7amba por meio de altera\u00e7\u00f5es na press\u00e3o do \u00f3leo hidr\u00e1ulico, permitindo que os operadores manuseiem cargas pesadas com efici\u00eancia e se adaptem a ambientes de trabalho complexos e diversas exig\u00eancias da tarefa.<\/p>\n<p><img decoding=\"async\" src=\"https:\/\/www.hydraulic-cylinders.net\/wp-content\/uploads\/2025\/01\/songte-company-2.webp\"><\/p>\n<h2>Caracter\u00edsticas<\/h2>\n<ul>\n<li>Alta resist\u00eancia e durabilidade: geralmente fabricado em a\u00e7o ou alum\u00ednio de alta resist\u00eancia, capaz de suportar alta press\u00e3o e cargas pesadas, adequado para ambientes de trabalho severos e projetado com resist\u00eancia ao desgaste e \u00e0 corros\u00e3o para prolongar a vida \u00fatil.<\/li>\n<li>Opera\u00e7\u00e3o hidr\u00e1ulica eficiente: utiliza a press\u00e3o do \u00f3leo hidr\u00e1ulico para obter extens\u00e3o e retra\u00e7\u00e3o suaves, respondendo rapidamente aos comandos de controle e fornecendo for\u00e7a de empurrar e puxar potente, sendo adequada para lidar com cargas pesadas e tarefas operacionais complexas.<\/li>\n<li>Diversos tipos de cilindros podem ser escolhidos: de a\u00e7\u00e3o simples (utilizando hidr\u00e1ulica em apenas uma dire\u00e7\u00e3o) ou de a\u00e7\u00e3o dupla (utilizando hidr\u00e1ulica em duas dire\u00e7\u00f5es), conforme a necessidade para atender a diferentes requisitos operacionais. Alguns modelos s\u00e3o telesc\u00f3picos, permitindo maior extens\u00e3o sem aumentar as dimens\u00f5es externas, o que \u00e9 ideal para aplica\u00e7\u00f5es com espa\u00e7o limitado.<\/li>\n<li>Manuten\u00e7\u00e3o f\u00e1cil: equipado com veda\u00e7\u00f5es e outros componentes substitu\u00edveis, facilitando a inspe\u00e7\u00e3o e a substitui\u00e7\u00e3o de pe\u00e7as conforme necess\u00e1rio.<\/li>\n<li>Personaliz\u00e1vel: nossa empresa pode produzir este produto para substituir perfeitamente cilindros hidr\u00e1ulicos similares de outras marcas.<\/li>\n<\/ul>\n<p><img decoding=\"async\" src=\"https:\/\/www.hydraulic-cylinders.net\/wp-content\/uploads\/2025\/01\/songte-cylinder-head-with-all-kinds-excavator-models.webp\"><\/p>\n<h2>Aplica\u00e7\u00f5es<\/h2>\n<p>O cilindro de ca\u00e7amba \u00e9 amplamente utilizado em diversas m\u00e1quinas industriais e agr\u00edcolas, incluindo:<\/p>\n<ul>\n<li>Equipamentos de constru\u00e7\u00e3o: em escavadeiras, s\u00e3o essenciais para cavar, carregar e movimentar terra ou entulho; em retroescavadeiras, auxiliam na escava\u00e7\u00e3o e eleva\u00e7\u00e3o; em p\u00e1s carregadeiras, ajudam a levantar e despejar mercadorias com efici\u00eancia.<\/li>\n<li>M\u00e1quinas agr\u00edcolas: usadas em carregadeiras frontais para recolher, levantar e transportar solo, feno e outros materiais.<\/li>\n<li>Escavadeiras: o cilindro da ca\u00e7amba facilita a escava\u00e7\u00e3o, permitindo que a ca\u00e7amba penetre no solo.<\/li>\n<li>Carregadores: em carregadores frontais, eles auxiliam no levantamento e inclina\u00e7\u00e3o eficientes de mercadorias.<\/li>\n<\/ul>\n<h2>Considera\u00e7\u00f5es de design e crit\u00e9rios de sele\u00e7\u00e3o<\/h2>\n<p>Ao projetar e selecionar cilindros de ca\u00e7amba, v\u00e1rios fatores importantes devem ser considerados:<\/p>\n<ul>\n<li>Capacidade de carga: o cilindro deve ser capaz de suportar o peso da carga para a qual foi projetado.<\/li>\n<li>Veda\u00e7\u00e3o: selecionar os materiais e o design adequados para as veda\u00e7\u00f5es \u00e9 essencial para evitar vazamentos e manter a press\u00e3o hidr\u00e1ulica correta.<\/li>\n<li>Durabilidade: o cilindro deve ser projetado com materiais resistentes ao desgaste e \u00e0 corros\u00e3o para garantir uma longa vida \u00fatil.<\/li>\n<li>Seguran\u00e7a: recursos de seguran\u00e7a adequados devem ser inclu\u00eddos no projeto do cilindro para evitar acidentes e ferimentos.<\/li>\n<li>Facilidade de manuten\u00e7\u00e3o: o cilindro deve ser projetado para facilitar a manuten\u00e7\u00e3o e o reparo, com veda\u00e7\u00f5es e outras pe\u00e7as facilmente substitu\u00edveis.<\/li>\n<\/ul>\n<p><img decoding=\"async\" src=\"https:\/\/www.hydraulic-cylinders.net\/wp-content\/uploads\/2025\/01\/songte-oil-pipes-and-spare-parts.webp\"><\/p>\n<h2>Veda\u00e7\u00e3o e Lubrifica\u00e7\u00e3o<\/h2>\n<p>Diversos componentes de veda\u00e7\u00e3o s\u00e3o utilizados nos cilindros de ca\u00e7amba, como veda\u00e7\u00f5es de pist\u00e3o, veda\u00e7\u00f5es de haste, etc. As veda\u00e7\u00f5es s\u00e3o fabricadas com materiais como poliuretano, borracha nitr\u00edlica, etc., que s\u00e3o resistentes ao desgaste e dur\u00e1veis. O corpo do cilindro e a superf\u00edcie da extremidade roscada recebem um tratamento fino para melhorar a resist\u00eancia ao desgaste. A adi\u00e7\u00e3o regular de \u00f3leo hidr\u00e1ulico em quantidade suficiente \u00e9 essencial para manter a lubrifica\u00e7\u00e3o adequada.<\/p>\n<h2>Manuten\u00e7\u00e3o e Reparo<\/h2>\n<p>Inspe\u00e7\u00f5es regulares e medidas de manuten\u00e7\u00e3o preventiva s\u00e3o necess\u00e1rias para garantir o funcionamento adequado do cilindro da ca\u00e7amba. As tarefas comuns de manuten\u00e7\u00e3o incluem:<\/p>\n<ul>\n<li>Manuten\u00e7\u00e3o e lubrifica\u00e7\u00e3o regulares<\/li>\n<li>Substitui\u00e7\u00e3o do selo<\/li>\n<li>Inspe\u00e7\u00e3o de calibra\u00e7\u00e3o<\/li>\n<\/ul>\n<p>\u00c9 importante instalar o cilindro corretamente, alinhando-o adequadamente, utilizando os suportes de instala\u00e7\u00e3o apropriados e garantindo a lubrifica\u00e7\u00e3o e o ajuste corretos. Procedimentos recomendados de inspe\u00e7\u00e3o, reparo e substitui\u00e7\u00e3o s\u00e3o fornecidos para prolongar a vida \u00fatil do cilindro. Nossa empresa tamb\u00e9m fornece pe\u00e7as de reposi\u00e7\u00e3o e servi\u00e7os de recondicionamento.<\/p>\n<p><img decoding=\"async\" src=\"https:\/\/www.hydraulic-cylinders.net\/wp-content\/uploads\/2025\/01\/songte-chushion-collar.webp\"><\/p>\n<h2>Fatores de seguran\u00e7a e ambientais<\/h2>\n<p>A import\u00e2ncia das medidas de seguran\u00e7a ao utilizar cilindros hidr\u00e1ulicos com ca\u00e7amba n\u00e3o pode ser subestimada. Treinamento e equipamentos de seguran\u00e7a adequados devem ser fornecidos para garantir que os operadores e o pessoal de manuten\u00e7\u00e3o estejam capacitados e equipados para manusear o equipamento com seguran\u00e7a. Fatores ambientais tamb\u00e9m devem ser considerados, como o descarte correto do \u00f3leo hidr\u00e1ulico usado e outros materiais.<\/p>\n<h2>Solu\u00e7\u00e3o de problemas e problemas comuns<\/h2>\n<p>Alguns problemas comuns que podem ocorrer com cilindros de ca\u00e7amba incluem vazamento de \u00f3leo, for\u00e7a insuficiente ou irregular e opera\u00e7\u00e3o lenta. Dicas e solu\u00e7\u00f5es para a resolu\u00e7\u00e3o de problemas s\u00e3o fornecidas para ajudar os leitores a diagnosticar e solucionar problemas de forma eficaz, bem como medidas preventivas recomendadas para minimizar poss\u00edveis problemas.<\/p>\n<p><img decoding=\"async\" src=\"https:\/\/www.hydraulic-cylinders.net\/wp-content\/uploads\/2025\/01\/songte-bushings-with-all-kinds-of-excavator-models.webp\"><\/p>\n<h2>Sobre nossa empresa<\/h2>\n<p>Nossa empresa \u00e9 fabricante de cilindros hidr\u00e1ulicos de reposi\u00e7\u00e3o com uma linha completa de produtos e se tornou uma das principais fabricantes e distribuidoras atacadistas de cilindros hidr\u00e1ulicos nos mercados nacional e internacional. Primamos pela excel\u00eancia em qualidade, utilizando estrat\u00e9gias de gest\u00e3o de produ\u00e7\u00e3o industrializada em instala\u00e7\u00f5es de fabrica\u00e7\u00e3o de alta precis\u00e3o, e aprimoramos continuamente nossa plataforma de produ\u00e7\u00e3o com talentos tecnol\u00f3gicos, equipamentos de fabrica\u00e7\u00e3o digital de ponta e sistemas de teste profissionais. Nossa empresa possui forte capacidade criativa, alta efici\u00eancia, alta precis\u00e3o e elevados padr\u00f5es de qualidade para atender \u00e0s diversas necessidades dos clientes.<\/p>\n<p><img decoding=\"async\" src=\"https:\/\/hzpt.com\/wp-content\/uploads\/2024\/11\/songte-company-1.webp\"><\/p>\n<h3>Profissionalismo<\/h3>\n<p>Nossa empresa possui uma equipe t\u00e9cnica profissional e equipamentos de fabrica\u00e7\u00e3o avan\u00e7ados para garantir a alta qualidade de nossos produtos.<\/p>\n<h3>Certifica\u00e7\u00e3o Internacional<\/h3>\n<p>Nossa empresa obteve diversas certifica\u00e7\u00f5es internacionais, incluindo ISO9001, CE, etc., para garantir a qualidade de nossos produtos e promover o com\u00e9rcio internacional.<\/p>\n<h3>Servi\u00e7os de Personaliza\u00e7\u00e3o<\/h3>\n<p>Nossa empresa pode personalizar produtos de acordo com as necessidades do cliente para atender aos diversos requisitos de diferentes setores e aplica\u00e7\u00f5es.<\/p>\n<h3>Equipamentos de produ\u00e7\u00e3o<\/h3>\n<p>Nossa empresa possui equipamentos de produ\u00e7\u00e3o e instrumentos de teste avan\u00e7ados para garantir a qualidade de nossos produtos.<\/p>\n<h3>Servi\u00e7o p\u00f3s-venda<\/h3>\n<p>Nossa empresa oferece um sistema completo de assist\u00eancia p\u00f3s-venda para garantir o bom funcionamento dos equipamentos e a satisfa\u00e7\u00e3o de nossos clientes.<\/p>\n<p>Autor: lyl<\/p>","protected":false},"excerpt":{"rendered":"<p>Bucket Cylinder For IHI Small Excavator IHI40\/YS Introduction A bucket cylinder is a specialized hydraulic cylinder primarily used to control the movement of the bucket in heavy machinery such as excavators, backhoes, and front loaders. Its main function is to allow the bucket to lift, lower, and tilt, making it easier to handle various material [&hellip;]<\/p>","protected":false},"featured_media":14773,"comment_status":"open","ping_status":"closed","template":"","meta":{"_et_pb_use_builder":"","_et_pb_old_content":"","_et_gb_content_width":""},"product_brand":[],"product_cat":[1494],"product_tag":[1495,1496],"class_list":{"0":"post-15681","1":"product","2":"type-product","3":"status-publish","4":"has-post-thumbnail","6":"product_cat-bucket-cylinders","7":"product_tag-bucket-cylinders","8":"product_tag-hydraulic-cylinders","10":"first","11":"instock","12":"shipping-taxable","13":"product-type-simple"},"amp_enabled":true,"_links":{"self":[{"href":"https:\/\/www.hydraulic-cylinders.net\/pt\/wp-json\/wp\/v2\/product\/15681","targetHints":{"allow":["GET"]}}],"collection":[{"href":"https:\/\/www.hydraulic-cylinders.net\/pt\/wp-json\/wp\/v2\/product"}],"about":[{"href":"https:\/\/www.hydraulic-cylinders.net\/pt\/wp-json\/wp\/v2\/types\/product"}],"replies":[{"embeddable":true,"href":"https:\/\/www.hydraulic-cylinders.net\/pt\/wp-json\/wp\/v2\/comments?post=15681"}],"wp:featuredmedia":[{"embeddable":true,"href":"https:\/\/www.hydraulic-cylinders.net\/pt\/wp-json\/wp\/v2\/media\/14773"}],"wp:attachment":[{"href":"https:\/\/www.hydraulic-cylinders.net\/pt\/wp-json\/wp\/v2\/media?parent=15681"}],"wp:term":[{"taxonomy":"product_brand","embeddable":true,"href":"https:\/\/www.hydraulic-cylinders.net\/pt\/wp-json\/wp\/v2\/product_brand?post=15681"},{"taxonomy":"product_cat","embeddable":true,"href":"https:\/\/www.hydraulic-cylinders.net\/pt\/wp-json\/wp\/v2\/product_cat?post=15681"},{"taxonomy":"product_tag","embeddable":true,"href":"https:\/\/www.hydraulic-cylinders.net\/pt\/wp-json\/wp\/v2\/product_tag?post=15681"}],"curies":[{"name":"wp","href":"https:\/\/api.w.org\/{rel}","templated":true}]}}