{"id":15690,"date":"2025-01-19T14:50:55","date_gmt":"2025-01-19T14:50:55","guid":{"rendered":"https:\/\/www.hydraulic-cylinders.net\/product\/bucket-cylinder-for-bobcat-small-excavator-e324\/"},"modified":"2025-01-19T14:50:57","modified_gmt":"2025-01-19T14:50:57","slug":"bucket-cylinder-for-bobcat-small-excavator-e324","status":"publish","type":"product","link":"https:\/\/www.hydraulic-cylinders.net\/pt\/produto\/bucket-cylinder-for-bobcat-small-excavator-e324\/","title":{"rendered":"Cilindro de ca\u00e7amba para escavadeira pequena Bobcat E324"},"content":{"rendered":"<h2>Cilindro de ca\u00e7amba para escavadeira pequena Bobcat E324<\/h2>\n<p>\n    <img decoding=\"async\" src=\"https:\/\/www.hydraulic-cylinders.net\/wp-content\/uploads\/2025\/01\/songte-company-2.webp\" alt=\"Cilindro de ca\u00e7amba\" \/>\n<\/p>\n<h3>Defini\u00e7\u00e3o e explica\u00e7\u00e3o do produto<\/h3>\n<p>\n    O cilindro da ca\u00e7amba \u00e9 um cilindro hidr\u00e1ulico especialmente projetado para controlar o movimento da ca\u00e7amba em m\u00e1quinas pesadas, como escavadeiras, retroescavadeiras e p\u00e1s carregadeiras. Sua principal fun\u00e7\u00e3o \u00e9 permitir o levantamento, abaixamento e inclina\u00e7\u00e3o da ca\u00e7amba, facilitando diversas tarefas de movimenta\u00e7\u00e3o de materiais. Em um sistema hidr\u00e1ulico, o cilindro da ca\u00e7amba proporciona um controle preciso da ca\u00e7amba por meio das varia\u00e7\u00f5es na press\u00e3o do \u00f3leo hidr\u00e1ulico, permitindo que os operadores manuseiem cargas pesadas com efici\u00eancia e se adaptem a ambientes de trabalho complexos e diversas exig\u00eancias operacionais.\n<\/p>\n<p>\n    <img decoding=\"async\" src=\"https:\/\/www.hydraulic-cylinders.net\/wp-content\/uploads\/2025\/01\/songte-cylinder-head-with-all-kinds-excavator-models.webp\" alt=\"Modelos de cilindros de ca\u00e7amba\" \/>\n<\/p>\n<h3>Caracter\u00edsticas do produto<\/h3>\n<ul>\n<li><strong>Alta resist\u00eancia e durabilidade:<\/strong> Normalmente fabricado em a\u00e7o de alta resist\u00eancia ou alum\u00ednio, o cilindro da ca\u00e7amba suporta alta press\u00e3o e cargas pesadas, adaptando-se a condi\u00e7\u00f5es de trabalho severas. Seu design leva em considera\u00e7\u00e3o a resist\u00eancia ao desgaste e \u00e0 corros\u00e3o, prolongando sua vida \u00fatil.<\/li>\n<li><strong>Opera\u00e7\u00e3o hidr\u00e1ulica eficiente:<\/strong> Ao utilizar a press\u00e3o do \u00f3leo hidr\u00e1ulico, o cilindro da ca\u00e7amba realiza movimentos suaves de extens\u00e3o e retra\u00e7\u00e3o, permitindo uma resposta r\u00e1pida aos comandos de controle e fornecendo for\u00e7as de empurrar e puxar potentes, adequadas para o manuseio de cargas pesadas e tarefas operacionais complexas.<\/li>\n<li><strong>V\u00e1rios tipos:<\/strong> O cilindro da ca\u00e7amba pode ser selecionado como de a\u00e7\u00e3o simples (press\u00e3o hidr\u00e1ulica aplicada em apenas uma dire\u00e7\u00e3o) ou de a\u00e7\u00e3o dupla (press\u00e3o hidr\u00e1ulica aplicada em ambas as dire\u00e7\u00f5es), dependendo das necessidades operacionais espec\u00edficas. Alguns modelos s\u00e3o telesc\u00f3picos, permitindo maior extens\u00e3o sem aumentar as dimens\u00f5es externas, o que os torna adequados para aplica\u00e7\u00f5es com espa\u00e7o limitado.<\/li>\n<li><strong>Substitui\u00e7\u00e3o perfeita:<\/strong> Nossos produtos podem substituir perfeitamente os cilindros hidr\u00e1ulicos existentes, oferecendo uma alternativa confi\u00e1vel para diversas aplica\u00e7\u00f5es.<\/li>\n<\/ul>\n<h3>Cen\u00e1rios de Aplica\u00e7\u00e3o<\/h3>\n<p>\n    <strong>Equipamentos de constru\u00e7\u00e3o:<\/strong> Os cilindros de ca\u00e7amba s\u00e3o encontrados em escavadeiras, onde s\u00e3o essenciais para escava\u00e7\u00e3o, carregamento e movimenta\u00e7\u00e3o de solo ou detritos. Em retroescavadeiras, o cilindro de ca\u00e7amba auxilia tanto na escava\u00e7\u00e3o quanto no levantamento.\n<\/p>\n<p>\n    <strong>Maquinaria agr\u00edcola:<\/strong> Os cilindros de ca\u00e7amba s\u00e3o usados \u200b\u200bem carregadeiras frontais para recolher, levantar e transportar terra, feno e outros materiais.\n<\/p>\n<p>\n    <strong>Escavadeiras:<\/strong> Os cilindros da ca\u00e7amba facilitam as a\u00e7\u00f5es de escava\u00e7\u00e3o, permitindo que a ca\u00e7amba penetre no solo.\n<\/p>\n<p>\n    <strong>Carregadores:<\/strong> Em carregadeiras frontais, os cilindros da ca\u00e7amba auxiliam no levantamento e inclina\u00e7\u00e3o eficientes de mercadorias.\n<\/p>\n<h3>Considera\u00e7\u00f5es de design e crit\u00e9rios de sele\u00e7\u00e3o<\/h3>\n<p>\n    No que diz respeito \u00e0s considera\u00e7\u00f5es de projeto, v\u00e1rios fatores-chave desempenham um papel crucial na sele\u00e7\u00e3o do cilindro de ca\u00e7amba correto:\n<\/p>\n<ul>\n<li><strong>Capacidade de carga:<\/strong> O cilindro deve ser capaz de suportar a carga m\u00e1xima \u00e0 qual ser\u00e1 submetido durante a opera\u00e7\u00e3o.<\/li>\n<li><strong>Selagem:<\/strong> Devem ser utilizadas veda\u00e7\u00f5es adequadas, como veda\u00e7\u00f5es de pist\u00e3o e de haste, feitas de materiais resistentes ao desgaste, como poliuretano e borracha nitr\u00edlica. O corpo do cilindro e as extremidades roscadas devem ser submetidos a usinagem de precis\u00e3o para aumentar a resist\u00eancia ao desgaste.<\/li>\n<li><strong>Durabilidade:<\/strong> O cilindro da ca\u00e7amba deve ser projetado para suportar o ambiente de trabalho previsto e quaisquer impactos externos potenciais.<\/li>\n<li><strong>Seguran\u00e7a:<\/strong> Recursos de seguran\u00e7a, como v\u00e1lvulas de al\u00edvio de press\u00e3o e v\u00e1lvulas de reten\u00e7\u00e3o, devem ser incorporados ao projeto para garantir uma opera\u00e7\u00e3o segura.<\/li>\n<li><strong>Manutenibilidade:<\/strong> Deve-se considerar a facilidade de acesso para manuten\u00e7\u00e3o e reparo, permitindo uma assist\u00eancia eficiente ao cilindro.<\/li>\n<\/ul>\n<p>\n    <img decoding=\"async\" src=\"https:\/\/www.hydraulic-cylinders.net\/wp-content\/uploads\/2025\/01\/songte-oil-pipes-and-spare-parts.webp\" alt=\"Pe\u00e7as de cilindro hidr\u00e1ulico\" \/>\n<\/p>\n<h3>Veda\u00e7\u00e3o e Lubrifica\u00e7\u00e3o<\/h3>\n<p>\n    O cilindro da ca\u00e7amba utiliza diversos componentes de veda\u00e7\u00e3o, como veda\u00e7\u00f5es de pist\u00e3o e veda\u00e7\u00f5es de haste, fabricados com materiais resistentes ao desgaste, como poliuretano e borracha nitr\u00edlica. O corpo do cilindro e as extremidades roscadas passam por um meticuloso tratamento de superf\u00edcie para aumentar a resist\u00eancia ao desgaste. A lubrifica\u00e7\u00e3o regular \u00e9 essencial, e o cilindro requer a adi\u00e7\u00e3o peri\u00f3dica da quantidade adequada de \u00f3leo hidr\u00e1ulico para garantir a lubrifica\u00e7\u00e3o correta.\n<\/p>\n<h3>Inspe\u00e7\u00e3o regular e manuten\u00e7\u00e3o preventiva<\/h3>\n<p>\n    Para garantir o desempenho ideal e a longevidade do cilindro da ca\u00e7amba, inspe\u00e7\u00f5es regulares e manuten\u00e7\u00e3o preventiva devem ser realizadas. As seguintes medidas s\u00e3o recomendadas:\n<\/p>\n<ul>\n<li>Realize inspe\u00e7\u00f5es regulares para verificar se h\u00e1 sinais de desgaste, vazamento ou danos.<\/li>\n<li>Lubrifique todas as pe\u00e7as m\u00f3veis corretamente, seguindo as recomenda\u00e7\u00f5es do fabricante.<\/li>\n<li>Substitua as veda\u00e7\u00f5es e juntas quando necess\u00e1rio para manter a veda\u00e7\u00e3o adequada e evitar vazamentos.<\/li>\n<li>Realize verifica\u00e7\u00f5es de calibra\u00e7\u00e3o peri\u00f3dicas para garantir o funcionamento correto.<\/li>\n<\/ul>\n<p>\n    <img decoding=\"async\" src=\"https:\/\/www.hydraulic-cylinders.net\/wp-content\/uploads\/2025\/01\/songte-chushion-collar.webp\" alt=\"Manuten\u00e7\u00e3o de cilindros hidr\u00e1ulicos\" \/>\n<\/p>\n<h3>Considera\u00e7\u00f5es de seguran\u00e7a e fatores ambientais<\/h3>\n<p>\n    Ao utilizar o cilindro de balde, \u00e9 essencial priorizar as precau\u00e7\u00f5es de seguran\u00e7a. Devem ser seguidas as medidas de seguran\u00e7a adequadas para evitar acidentes, les\u00f5es ou danos ao equipamento. Fatores ambientais, como temperatura e umidade, tamb\u00e9m devem ser levados em considera\u00e7\u00e3o para garantir o desempenho ideal do cilindro.\n<\/p>\n<h3>Diagn\u00f3stico de falhas e problemas comuns<\/h3>\n<p>\n    O diagn\u00f3stico de falhas e a resolu\u00e7\u00e3o de problemas s\u00e3o cruciais para identificar e solucionar problemas comuns que podem surgir com o cilindro da ca\u00e7amba. As dicas e solu\u00e7\u00f5es a seguir podem ajudar os leitores a diagnosticar e resolver problemas com efic\u00e1cia, al\u00e9m de fornecer medidas preventivas para minimizar poss\u00edveis problemas.\n<\/p>\n<p>\n    <img decoding=\"async\" src=\"https:\/\/www.hydraulic-cylinders.net\/wp-content\/uploads\/2025\/01\/songte-bushings-with-all-kinds-of-excavator-models.webp\" alt=\"Buchas de cilindro hidr\u00e1ulico\" \/>\n<\/p>\n<h3>Conclus\u00e3o<\/h3>\n<p>\n    Em resumo, nossa empresa \u00e9 uma fabricante e distribuidora atacadista l\u00edder de cilindros hidr\u00e1ulicos nos mercados nacional e internacional. Oferecemos uma gama completa de produtos e seguimos os princ\u00edpios de excelente qualidade, processos de fabrica\u00e7\u00e3o eficientes e atendimento ao cliente superior. Nossa empresa est\u00e1 comprometida em atender \u00e0s diversas necessidades dos clientes com alta efici\u00eancia, precis\u00e3o e qualidade.\n<\/p>\n<p>\n    <img decoding=\"async\" src=\"https:\/\/www.hydraulic-cylinders.net\/wp-content\/uploads\/2025\/01\/songte-company-3.webp\" alt=\"Vis\u00e3o geral da empresa\" \/>\n<\/p>\n<h3>Vis\u00e3o geral da empresa<\/h3>\n<p>\n    Nossa empresa \u00e9 reconhecida pela produ\u00e7\u00e3o de cilindros hidr\u00e1ulicos de reposi\u00e7\u00e3o de alta qualidade. Somos um dos principais fabricantes e distribuidores atacadistas nos mercados nacional e internacional. Com foco na excel\u00eancia em qualidade, implementamos estrat\u00e9gias de gest\u00e3o de produ\u00e7\u00e3o industrializada em nossa moderna f\u00e1brica. Contamos com profissionais talentosos, equipamentos de fabrica\u00e7\u00e3o digital de ponta e sistemas de teste profissionais, aprimorando continuamente nossa plataforma de produ\u00e7\u00e3o e nossas linhas de produ\u00e7\u00e3o. Possu\u00edmos forte capacidade criativa, garantindo alta efici\u00eancia, precis\u00e3o e qualidade para atender \u00e0s diversas necessidades de nossos clientes.\n<\/p>\n<p>\n    Do profissionalismo \u00e0s certifica\u00e7\u00f5es internacionais, servi\u00e7os personalizados, equipamentos de produ\u00e7\u00e3o e servi\u00e7o p\u00f3s-venda, nos esfor\u00e7amos para fornecer solu\u00e7\u00f5es abrangentes.\n<\/p>\n<p>\n    <img decoding=\"async\" src=\"https:\/\/hzpt.com\/wp-content\/uploads\/2024\/11\/songte-company-1.webp\" alt=\"Imagem da empresa\" \/>\n<\/p>\n<p>\n    <em>Autor: lyl<\/em><\/p>","protected":false},"excerpt":{"rendered":"<p>Bucket Cylinder For Bobcat Small Excavator E324 Product Definition and Explanation The bucket cylinder is a specially designed hydraulic cylinder primarily used for controlling the movement of the bucket in heavy machinery such as excavators, backhoe loaders, and front loaders. Its main function is to enable the lifting, lowering, and tilting of the bucket, facilitating [&hellip;]<\/p>","protected":false},"featured_media":14785,"comment_status":"open","ping_status":"closed","template":"","meta":{"_et_pb_use_builder":"","_et_pb_old_content":"","_et_gb_content_width":""},"product_brand":[],"product_cat":[1494],"product_tag":[1495,1496],"class_list":{"0":"post-15690","1":"product","2":"type-product","3":"status-publish","4":"has-post-thumbnail","6":"product_cat-bucket-cylinders","7":"product_tag-bucket-cylinders","8":"product_tag-hydraulic-cylinders","10":"first","11":"instock","12":"shipping-taxable","13":"product-type-simple"},"amp_enabled":true,"_links":{"self":[{"href":"https:\/\/www.hydraulic-cylinders.net\/pt\/wp-json\/wp\/v2\/product\/15690","targetHints":{"allow":["GET"]}}],"collection":[{"href":"https:\/\/www.hydraulic-cylinders.net\/pt\/wp-json\/wp\/v2\/product"}],"about":[{"href":"https:\/\/www.hydraulic-cylinders.net\/pt\/wp-json\/wp\/v2\/types\/product"}],"replies":[{"embeddable":true,"href":"https:\/\/www.hydraulic-cylinders.net\/pt\/wp-json\/wp\/v2\/comments?post=15690"}],"wp:featuredmedia":[{"embeddable":true,"href":"https:\/\/www.hydraulic-cylinders.net\/pt\/wp-json\/wp\/v2\/media\/14785"}],"wp:attachment":[{"href":"https:\/\/www.hydraulic-cylinders.net\/pt\/wp-json\/wp\/v2\/media?parent=15690"}],"wp:term":[{"taxonomy":"product_brand","embeddable":true,"href":"https:\/\/www.hydraulic-cylinders.net\/pt\/wp-json\/wp\/v2\/product_brand?post=15690"},{"taxonomy":"product_cat","embeddable":true,"href":"https:\/\/www.hydraulic-cylinders.net\/pt\/wp-json\/wp\/v2\/product_cat?post=15690"},{"taxonomy":"product_tag","embeddable":true,"href":"https:\/\/www.hydraulic-cylinders.net\/pt\/wp-json\/wp\/v2\/product_tag?post=15690"}],"curies":[{"name":"wp","href":"https:\/\/api.w.org\/{rel}","templated":true}]}}