{"id":15693,"date":"2025-01-19T14:51:10","date_gmt":"2025-01-19T14:51:10","guid":{"rendered":"https:\/\/www.hydraulic-cylinders.net\/product\/bucket-cylinder-for-bobcat-small-excavator-e45\/"},"modified":"2025-01-19T14:51:14","modified_gmt":"2025-01-19T14:51:14","slug":"bucket-cylinder-for-bobcat-small-excavator-e45","status":"publish","type":"product","link":"https:\/\/www.hydraulic-cylinders.net\/pt\/produto\/bucket-cylinder-for-bobcat-small-excavator-e45\/","title":{"rendered":"Cilindro de ca\u00e7amba para escavadeira pequena Bobcat E45"},"content":{"rendered":"<h2>Introdu\u00e7\u00e3o<\/h2>\n<h3>Cilindro de ca\u00e7amba para escavadeira pequena Bobcat E45<\/h3>\n<p>O cilindro da ca\u00e7amba \u00e9 um cilindro hidr\u00e1ulico especializado, usado principalmente para controlar o movimento da ca\u00e7amba em m\u00e1quinas pesadas, como escavadeiras, retroescavadeiras e p\u00e1s carregadeiras. Sua principal fun\u00e7\u00e3o \u00e9 permitir que a ca\u00e7amba seja levantada, abaixada e inclinada, facilitando as tarefas de movimenta\u00e7\u00e3o de materiais. No sistema hidr\u00e1ulico, o cilindro da ca\u00e7amba utiliza a varia\u00e7\u00e3o de press\u00e3o do \u00f3leo hidr\u00e1ulico para controlar a ca\u00e7amba com precis\u00e3o, permitindo que os operadores manuseiem objetos pesados \u200b\u200bcom efici\u00eancia e se adaptem a ambientes de trabalho complexos e diversas necessidades operacionais.<\/p>\n<p><img decoding=\"async\" src=\"https:\/\/www.hydraulic-cylinders.net\/wp-content\/uploads\/2025\/01\/songte-company-2.webp\"\/><\/p>\n<h2>Caracter\u00edsticas<\/h2>\n<ul>\n<li>Alta resist\u00eancia e durabilidade: Normalmente fabricado em a\u00e7o ou alum\u00ednio de alta resist\u00eancia, suporta alta press\u00e3o e cargas pesadas, adapta-se a ambientes de trabalho severos e \u00e9 projetado para resistir ao desgaste e \u00e0 corros\u00e3o, prolongando sua vida \u00fatil.<\/li>\n<li>Opera\u00e7\u00e3o hidr\u00e1ulica eficiente: O movimento suave de extens\u00e3o e retra\u00e7\u00e3o \u00e9 obtido atrav\u00e9s da press\u00e3o do \u00f3leo hidr\u00e1ulico, permitindo uma resposta r\u00e1pida aos comandos de controle e fornecendo uma for\u00e7a de empurrar\/puxar potente, adequada para manusear objetos pesados \u200b\u200be realizar tarefas operacionais complexas.<\/li>\n<li>Diversos tipos: Cilindros de a\u00e7\u00e3o simples (hidr\u00e1ulicos utilizados em apenas uma dire\u00e7\u00e3o) ou de a\u00e7\u00e3o dupla (hidr\u00e1ulicos utilizados em ambas as dire\u00e7\u00f5es) podem ser selecionados de acordo com as necessidades para atender a diferentes exig\u00eancias operacionais. Alguns modelos s\u00e3o telesc\u00f3picos, permitindo maior extens\u00e3o sem aumentar as dimens\u00f5es externas, sendo adequados para aplica\u00e7\u00f5es com espa\u00e7o limitado.<\/li>\n<li>Substitui\u00e7\u00e3o direta: Nosso produto pode substituir perfeitamente esses cilindros hidr\u00e1ulicos.<\/li>\n<\/ul>\n<p><img decoding=\"async\" src=\"https:\/\/www.hydraulic-cylinders.net\/wp-content\/uploads\/2025\/01\/songte-cylinder-head-with-all-kinds-excavator-models.webp\"\/><\/p>\n<h2>Aplica\u00e7\u00f5es<\/h2>\n<p>O cilindro de ca\u00e7amba \u00e9 usado principalmente nas seguintes aplica\u00e7\u00f5es:<\/p>\n<ul>\n<li>Equipamentos de constru\u00e7\u00e3o: Em escavadeiras, s\u00e3o essenciais para escavar, carregar e movimentar terra ou entulho. Em retroescavadeiras, o cilindro da ca\u00e7amba auxilia tanto na escava\u00e7\u00e3o quanto no levantamento. Em p\u00e1s carregadeiras, ajudam no levantamento e inclina\u00e7\u00e3o eficientes de materiais.<\/li>\n<li>M\u00e1quinas agr\u00edcolas: Utilizadas em p\u00e1s carregadeiras frontais para recolher, levantar e transportar terra, feno e outros materiais; escavadeiras: O cilindro da ca\u00e7amba realiza a escava\u00e7\u00e3o permitindo que a ca\u00e7amba penetre no solo. <\/li>\n<\/ul>\n<p>A seguir, alguns exemplos espec\u00edficos de como os cilindros de ca\u00e7amba s\u00e3o usados \u200b\u200bnessas aplica\u00e7\u00f5es:<\/p>\n<ul>\n<li>Equipamentos de constru\u00e7\u00e3o: O cilindro da ca\u00e7amba \u00e9 utilizado para levantar e inclinar a ca\u00e7amba em escavadeiras, permitindo maior precis\u00e3o e controle no manuseio de materiais. Em retroescavadeiras, o cilindro da ca\u00e7amba auxilia tanto na escava\u00e7\u00e3o quanto no levantamento. Em p\u00e1s carregadeiras, o cilindro da ca\u00e7amba ajuda a levantar e inclinar mercadorias com efici\u00eancia.<\/li>\n<li>M\u00e1quinas agr\u00edcolas: Em p\u00e1s carregadeiras, o cilindro da ca\u00e7amba auxilia na coleta, levantamento e transporte de terra, feno e outros materiais. Em escavadeiras, o cilindro da ca\u00e7amba realiza a escava\u00e7\u00e3o, permitindo que a ca\u00e7amba penetre no solo.<\/li>\n<\/ul>\n<h2>Considera\u00e7\u00f5es de design e crit\u00e9rios de sele\u00e7\u00e3o<\/h2>\n<p>Ao selecionar cilindros para ca\u00e7ambas, \u00e9 essencial atentar para as seguintes considera\u00e7\u00f5es de projeto e crit\u00e9rios de sele\u00e7\u00e3o:<\/p>\n<ul>\n<li>Capacidade de carga: O cilindro deve ser capaz de suportar as cargas e for\u00e7as especificadas.<\/li>\n<li>Propriedades de veda\u00e7\u00e3o: Uma boa veda\u00e7\u00e3o \u00e9 essencial para evitar vazamentos de \u00f3leo e danos ao cilindro.<\/li>\n<li>Durabilidade: O cilindro deve ser capaz de suportar os rigores do uso intenso e ambientes agressivos.<\/li>\n<li>Seguran\u00e7a: Devem existir medidas de seguran\u00e7a para evitar acidentes ou les\u00f5es durante a opera\u00e7\u00e3o.<\/li>\n<li>Facilidade de manuten\u00e7\u00e3o: O cilindro deve ser f\u00e1cil de manter e reparar para minimizar o tempo de inatividade e reduzir custos.<\/li>\n<\/ul>\n<p><img decoding=\"async\" src=\"https:\/\/www.hydraulic-cylinders.net\/wp-content\/uploads\/2025\/01\/songte-oil-pipes-and-spare-parts.webp\"\/><\/p>\n<h2>Veda\u00e7\u00e3o e Lubrifica\u00e7\u00e3o<\/h2>\n<p>O cilindro da ca\u00e7amba utiliza diversas veda\u00e7\u00f5es, como veda\u00e7\u00f5es de pist\u00e3o e veda\u00e7\u00f5es de haste, feitas de materiais resistentes ao desgaste, como poliuretano e borracha nitr\u00edlica, para garantir uma boa veda\u00e7\u00e3o. O corpo do cilindro e a superf\u00edcie da rosca s\u00e3o finamente usinados para melhorar a resist\u00eancia ao desgaste. A adi\u00e7\u00e3o regular da quantidade adequada de \u00f3leo hidr\u00e1ulico para lubrificar o cilindro pode ajudar a prolongar sua vida \u00fatil.<\/p>\n<h2>Manuten\u00e7\u00e3o e solu\u00e7\u00e3o de problemas<\/h2>\n<p>Regular maintenance is vital to ensure the proper functioning of bucket cylinders. Common maintenance tasks include regular inspections, lubrication, seal replacement, and calibration checks. Proper installation, lubrication, and adjustment are essential to ensure the bucket cylinder&#8217;s safe and effective operation. It is recommended to use appropriate installation brackets to fix the cylinder in place. Recommended procedures for inspection, repair, and replacement of components are also provided to improve the bucket cylinder&#8217;s service life. <\/p>\n<p><img decoding=\"async\" src=\"https:\/\/www.hydraulic-cylinders.net\/wp-content\/uploads\/2025\/01\/songte-chushion-collar.webp\"\/><\/p>\n<h2>Considera\u00e7\u00f5es de seguran\u00e7a e fatores ambientais<\/h2>\n<p>When using bucket cylinders, it is crucial to follow safety guidelines to prevent accidents and injury. Safety features such as pressure relief valves must be in place to prevent overloading and reduce the risk of cylinder failure. Environmental factors such as temperature and moisture must also be considered, and appropriate measures taken to ensure the cylinder&#8217;s safe operation in these conditions.<\/p>\n<p><img decoding=\"async\" src=\"https:\/\/hzpt.com\/wp-content\/uploads\/2024\/11\/songte-company-1.webp\"\/><\/p>\n<h2>Sobre n\u00f3s<\/h2>\n<p>Somos fabricantes de cilindros hidr\u00e1ulicos de reposi\u00e7\u00e3o com uma linha completa de produtos. Nos tornamos um dos principais fabricantes e distribuidores atacadistas de cilindros hidr\u00e1ulicos nos mercados nacional e internacional. Nossa empresa preza pela excel\u00eancia em qualidade e se baseia em uma estrat\u00e9gia de gest\u00e3o de produ\u00e7\u00e3o industrializada, com uma f\u00e1brica de \u00faltima gera\u00e7\u00e3o. Aprimoramos continuamente nossa plataforma de produ\u00e7\u00e3o, investindo em profissionais altamente qualificados, equipamentos digitais de ponta e sistemas de teste profissionais, para melhorar a qualidade de nossos produtos. Possu\u00edmos grande capacidade de cria\u00e7\u00e3o para atender \u00e0s diversas necessidades de nossos clientes, pautada nos princ\u00edpios de alta efici\u00eancia, alta precis\u00e3o e alta qualidade.<\/p>\n<p>Nossa empresa oferece servi\u00e7os profissionais, certifica\u00e7\u00f5es internacionais, servi\u00e7os de produ\u00e7\u00e3o personalizados, equipamentos de produ\u00e7\u00e3o avan\u00e7ados e servi\u00e7os p\u00f3s-venda. <\/p>\n<p><img decoding=\"async\" src=\"https:\/\/www.hydraulic-cylinders.net\/wp-content\/uploads\/2025\/01\/songte-company-3.webp\"\/><\/p>\n<p>Autor: lyl.<\/p>","protected":false},"excerpt":{"rendered":"<p>Introduction Bucket Cylinder For Bobcat Small Excavator E45 A bucket cylinder is a specialized hydraulic cylinder primarily used to control the movement of buckets in heavy machinery such as excavators, backhoe excavators, and front loaders. Its main function is to enable the bucket to be lifted, lowered, and tilted, making material handling tasks easier. In [&hellip;]<\/p>","protected":false},"featured_media":14780,"comment_status":"open","ping_status":"closed","template":"","meta":{"_et_pb_use_builder":"","_et_pb_old_content":"","_et_gb_content_width":""},"product_brand":[],"product_cat":[1494],"product_tag":[1495,1496],"class_list":{"0":"post-15693","1":"product","2":"type-product","3":"status-publish","4":"has-post-thumbnail","6":"product_cat-bucket-cylinders","7":"product_tag-bucket-cylinders","8":"product_tag-hydraulic-cylinders","10":"first","11":"instock","12":"shipping-taxable","13":"product-type-simple"},"amp_enabled":true,"_links":{"self":[{"href":"https:\/\/www.hydraulic-cylinders.net\/pt\/wp-json\/wp\/v2\/product\/15693","targetHints":{"allow":["GET"]}}],"collection":[{"href":"https:\/\/www.hydraulic-cylinders.net\/pt\/wp-json\/wp\/v2\/product"}],"about":[{"href":"https:\/\/www.hydraulic-cylinders.net\/pt\/wp-json\/wp\/v2\/types\/product"}],"replies":[{"embeddable":true,"href":"https:\/\/www.hydraulic-cylinders.net\/pt\/wp-json\/wp\/v2\/comments?post=15693"}],"wp:featuredmedia":[{"embeddable":true,"href":"https:\/\/www.hydraulic-cylinders.net\/pt\/wp-json\/wp\/v2\/media\/14780"}],"wp:attachment":[{"href":"https:\/\/www.hydraulic-cylinders.net\/pt\/wp-json\/wp\/v2\/media?parent=15693"}],"wp:term":[{"taxonomy":"product_brand","embeddable":true,"href":"https:\/\/www.hydraulic-cylinders.net\/pt\/wp-json\/wp\/v2\/product_brand?post=15693"},{"taxonomy":"product_cat","embeddable":true,"href":"https:\/\/www.hydraulic-cylinders.net\/pt\/wp-json\/wp\/v2\/product_cat?post=15693"},{"taxonomy":"product_tag","embeddable":true,"href":"https:\/\/www.hydraulic-cylinders.net\/pt\/wp-json\/wp\/v2\/product_tag?post=15693"}],"curies":[{"name":"wp","href":"https:\/\/api.w.org\/{rel}","templated":true}]}}