{"id":15710,"date":"2025-01-19T14:52:38","date_gmt":"2025-01-19T14:52:38","guid":{"rendered":"https:\/\/www.hydraulic-cylinders.net\/product\/bucket-cylinder-for-takeuchi-small-excavator-tb153fr\/"},"modified":"2025-01-19T14:52:40","modified_gmt":"2025-01-19T14:52:40","slug":"bucket-cylinder-for-takeuchi-small-excavator-tb153fr","status":"publish","type":"product","link":"https:\/\/www.hydraulic-cylinders.net\/pt\/produto\/bucket-cylinder-for-takeuchi-small-excavator-tb153fr\/","title":{"rendered":"Cilindro da ca\u00e7amba para mini escavadeira Takeuchi TB153FR"},"content":{"rendered":"<h2>Cilindro da ca\u00e7amba para mini escavadeira Takeuchi TB153FR<\/h2>\n<h3>Introdu\u00e7\u00e3o<\/h3>\n<p>A bucket cylinder is a specifically designed hydraulic cylinder primarily used to control the movement of the bucket in heavy machinery such as excavators, backhoes, and front-end loaders. Its main function is to enable the bucket to lift, lower, and tilt, making it easier to handle various material handling tasks. In the hydraulic system, the bucket cylinder precisely controls the bucket&#8217;s movements through the pressure changes in hydraulic oil, allowing operators to efficiently handle heavy loads and adapt to complex work environments and diverse job requirements.<\/p>\n<p><img decoding=\"async\" src=\"https:\/\/www.hydraulic-cylinders.net\/wp-content\/uploads\/2025\/01\/songte-company-2.webp\"><\/p>\n<h3>Caracter\u00edsticas do produto<\/h3>\n<ul>\n<li>Alta resist\u00eancia e durabilidade: Geralmente fabricado em a\u00e7o ou alum\u00ednio de alta resist\u00eancia, suporta alta press\u00e3o e cargas pesadas, adapta-se a ambientes de trabalho severos e \u00e9 projetado com resist\u00eancia ao desgaste e \u00e0 corros\u00e3o para prolongar sua vida \u00fatil.<\/li>\n<li>Opera\u00e7\u00e3o hidr\u00e1ulica eficiente: Movimentos telesc\u00f3picos suaves s\u00e3o obtidos com o aux\u00edlio da press\u00e3o do \u00f3leo hidr\u00e1ulico, permitindo uma resposta r\u00e1pida aos comandos de controle, proporcionando uma for\u00e7a de empurrar e puxar potente e sendo adequados para o manuseio de cargas pesadas e tarefas complexas.<\/li>\n<li>Diversos tipos: Cilindros de a\u00e7\u00e3o simples (a for\u00e7a hidr\u00e1ulica atua em apenas uma dire\u00e7\u00e3o) ou de a\u00e7\u00e3o dupla (a for\u00e7a hidr\u00e1ulica atua em ambas as dire\u00e7\u00f5es) podem ser selecionados de acordo com as necessidades operacionais. Alguns modelos s\u00e3o telesc\u00f3picos, permitindo maior extens\u00e3o sem aumentar as dimens\u00f5es externas, sendo ideais para aplica\u00e7\u00f5es com espa\u00e7o limitado.<\/li>\n<li>Produto substitu\u00edvel: Nossos produtos podem substituir perfeitamente esses cilindros hidr\u00e1ulicos.<\/li>\n<\/ul>\n<p><img decoding=\"async\" src=\"https:\/\/www.hydraulic-cylinders.net\/wp-content\/uploads\/2025\/01\/songte-cylinder-head-with-all-kinds-excavator-models.webp\"><\/p>\n<h3>Aplica\u00e7\u00e3o do Cilindro de Ca\u00e7amba<\/h3>\n<p>Cilindros de ca\u00e7amba s\u00e3o amplamente utilizados em diversas m\u00e1quinas pesadas, incluindo:<\/p>\n<ul>\n<li>Equipamentos de constru\u00e7\u00e3o: Em escavadeiras, s\u00e3o essenciais para escavar, carregar e movimentar terra ou entulho. Em retroescavadeiras, os cilindros da ca\u00e7amba auxiliam tanto na escava\u00e7\u00e3o quanto no levantamento. <\/li>\n<li>M\u00e1quinas agr\u00edcolas: Utilizadas em p\u00e1s carregadeiras frontais para recolher, levantar e transportar terra, feno e outros materiais. <\/li>\n<li>Escavadeiras: Os cilindros da ca\u00e7amba possibilitam as a\u00e7\u00f5es de escava\u00e7\u00e3o, permitindo que a ca\u00e7amba penetre no solo.<\/li>\n<li>Carregadeiras: Em carregadeiras frontais, elas auxiliam no levantamento e inclina\u00e7\u00e3o eficiente de mercadorias. <\/li>\n<\/ul>\n<p>Vamos analisar cada aplica\u00e7\u00e3o mais detalhadamente:<\/p>\n<h4>Equipamentos de constru\u00e7\u00e3o<\/h4>\n<p>Em escavadeiras, os cilindros da ca\u00e7amba s\u00e3o um dos componentes mais importantes. Eles desempenham um papel fundamental na escava\u00e7\u00e3o, carregamento e movimenta\u00e7\u00e3o de solo ou detritos. <\/p>\n<h4>Maquinaria agr\u00edcola<\/h4>\n<p>Cilindros de ca\u00e7amba s\u00e3o comumente usados \u200b\u200bem m\u00e1quinas agr\u00edcolas para auxiliar em diversas tarefas de movimenta\u00e7\u00e3o de materiais. Eles s\u00e3o usados \u200b\u200bem p\u00e1s carregadeiras frontais para recolher, levantar e transportar terra, feno e outros materiais. <\/p>\n<h4>Escavadeiras<\/h4>\n<p>Os cilindros da ca\u00e7amba permitem as opera\u00e7\u00f5es de escava\u00e7\u00e3o, possibilitando que a ca\u00e7amba penetre no solo. Eles s\u00e3o uma parte essencial de qualquer escavadeira. <\/p>\n<h4>Carregadores<\/h4>\n<p>Os cilindros da ca\u00e7amba desempenham um papel fundamental nas p\u00e1s carregadeiras. Eles auxiliam no levantamento e inclina\u00e7\u00e3o eficientes de mercadorias.<\/p>\n<h3>Considera\u00e7\u00f5es de design e crit\u00e9rios de sele\u00e7\u00e3o<\/h3>\n<p>Ao projetar cilindros de ca\u00e7amba, v\u00e1rios fatores cr\u00edticos devem ser considerados:<\/p>\n<ul>\n<li>Capacidade de carga: Os cilindros da ca\u00e7amba devem ser capazes de suportar cargas e press\u00f5es elevadas. <\/li>\n<li>Veda\u00e7\u00e3o: Os cilindros de ca\u00e7amba exigem excelente desempenho de veda\u00e7\u00e3o para evitar vazamentos e garantir uma opera\u00e7\u00e3o confi\u00e1vel.<\/li>\n<li>Durabilidade: Espera-se que os cilindros de ca\u00e7amba operem em ambientes agressivos e, portanto, devem ser dur\u00e1veis \u200b\u200be robustos. <\/li>\n<li>Seguran\u00e7a: Os cilindros de ca\u00e7amba devem ser projetados com foco na seguran\u00e7a, garantindo que n\u00e3o representem riscos para os operadores ou para o meio ambiente.<\/li>\n<li>Manuten\u00e7\u00e3o: Os cilindros da ca\u00e7amba devem ser f\u00e1ceis de manter e reparar, reduzindo o tempo de inatividade e os custos de manuten\u00e7\u00e3o.<\/li>\n<\/ul>\n<p><img decoding=\"async\" src=\"https:\/\/www.hydraulic-cylinders.net\/wp-content\/uploads\/2025\/01\/songte-oil-pipes-and-spare-parts.webp\"><\/p>\n<h3>Veda\u00e7\u00e3o e Lubrifica\u00e7\u00e3o<\/h3>\n<p>Os cilindros de ca\u00e7amba utilizam diversos componentes de veda\u00e7\u00e3o, como veda\u00e7\u00f5es de pist\u00e3o e veda\u00e7\u00f5es de haste, selecionados com base em sua capacidade de resistir ao desgaste e ao calor. Os componentes de veda\u00e7\u00e3o s\u00e3o geralmente feitos de materiais como poliuretano e borracha nitr\u00edlica. O corpo do cilindro e as superf\u00edcies roscadas das extremidades s\u00e3o usinados com precis\u00e3o para melhorar a resist\u00eancia ao desgaste. A lubrifica\u00e7\u00e3o regular com \u00f3leo hidr\u00e1ulico \u00e9 essencial para manter o cilindro de ca\u00e7amba funcionando corretamente e prolongar sua vida \u00fatil.<\/p>\n<h3>Manuten\u00e7\u00e3o e Reparo<\/h3>\n<p>Para a manuten\u00e7\u00e3o dos cilindros da ca\u00e7amba, recomenda-se realizar as seguintes tarefas regularmente:<\/p>\n<ul>\n<li>Verifique se h\u00e1 vazamentos e veda\u00e7\u00f5es danificadas.<\/li>\n<li>Ensure the bucket cylinder&#8217;s mounting points are secure<\/li>\n<li>Verifique se as mangueiras hidr\u00e1ulicas apresentam sinais de danos ou desgaste.<\/li>\n<\/ul>\n<p>A instala\u00e7\u00e3o, lubrifica\u00e7\u00e3o e ajuste corretos s\u00e3o essenciais para garantir o funcionamento adequado do cilindro da ca\u00e7amba e prolongar sua vida \u00fatil. Utilize o alinhamento correto e suportes de montagem apropriados para fixar o cilindro.<\/p>\n<p><img decoding=\"async\" src=\"https:\/\/www.hydraulic-cylinders.net\/wp-content\/uploads\/2025\/01\/songte-chushion-collar.webp\"><\/p>\n<h3>Considera\u00e7\u00f5es de seguran\u00e7a e fatores ambientais<\/h3>\n<p>A seguran\u00e7a \u00e9 fundamental ao trabalhar com cilindros de ca\u00e7amba. Os operadores devem seguir as diretrizes de seguran\u00e7a e usar os equipamentos de prote\u00e7\u00e3o individual adequados ao trabalhar com cilindros de ca\u00e7amba. <\/p>\n<p>Os cilindros de armazenamento s\u00e3o projetados levando em considera\u00e7\u00e3o o meio ambiente e devem atender \u00e0s normas e regulamenta\u00e7\u00f5es ambientais. <\/p>\n<h3>Diagn\u00f3stico de falhas e resolu\u00e7\u00e3o de problemas<\/h3>\n<p>Em caso de falha do cilindro da ca\u00e7amba, as seguintes etapas de solu\u00e7\u00e3o de problemas podem ser tomadas:<\/p>\n<ul>\n<li>Verifique se h\u00e1 vazamentos e sinais de danos ou desgaste nos componentes de veda\u00e7\u00e3o.<\/li>\n<li>Verifique se as mangueiras hidr\u00e1ulicas apresentam sinais de danos ou desgaste.<\/li>\n<li>Verifique se os pontos de fixa\u00e7\u00e3o est\u00e3o danificados ou soltos.<\/li>\n<\/ul>\n<p>Medidas preventivas, como manuten\u00e7\u00e3o regular e instala\u00e7\u00e3o adequada, podem ajudar a minimizar poss\u00edveis problemas.<\/p>\n<p><img decoding=\"async\" src=\"https:\/\/www.hydraulic-cylinders.net\/wp-content\/uploads\/2025\/01\/songte-bushings-with-all-kinds-of-excavator-models.webp\"><\/p>\n<h3>Sobre nossa empresa<\/h3>\n<p>Somos fabricantes de cilindros hidr\u00e1ulicos que podem substituir os cilindros hidr\u00e1ulicos tradicionais. Nossa empresa oferece uma ampla gama de produtos e se tornou uma das principais fabricantes e distribuidoras atacadistas de cilindros hidr\u00e1ulicos nos mercados nacional e internacional. Primamos pela excel\u00eancia em qualidade, utilizando uma estrat\u00e9gia de gest\u00e3o de produ\u00e7\u00e3o industrial com instala\u00e7\u00f5es de fabrica\u00e7\u00e3o otimizadas, aprimorando continuamente nossa plataforma de produ\u00e7\u00e3o e melhorando a qualidade dos produtos. Possu\u00edmos uma forte capacidade de inova\u00e7\u00e3o e fornecemos aos nossos clientes produtos eficientes, de alta precis\u00e3o e alta qualidade para atender \u00e0s suas diversas necessidades.<\/p>\n<p>Nossa empresa se caracteriza pelo profissionalismo, certifica\u00e7\u00e3o internacional, servi\u00e7o de personaliza\u00e7\u00e3o, equipamentos de produ\u00e7\u00e3o e servi\u00e7os p\u00f3s-venda. <\/p>\n<p><img decoding=\"async\" src=\"https:\/\/hzpt.com\/wp-content\/uploads\/2024\/11\/songte-company-1.webp\"><\/p>\n<p>Autor: lyl.<\/p>","protected":false},"excerpt":{"rendered":"<p>Bucket Cylinder For Takeuchi Small Excavator TB153FR Introduction A bucket cylinder is a specifically designed hydraulic cylinder primarily used to control the movement of the bucket in heavy machinery such as excavators, backhoes, and front-end loaders. Its main function is to enable the bucket to lift, lower, and tilt, making it easier to handle various [&hellip;]<\/p>","protected":false},"featured_media":14776,"comment_status":"open","ping_status":"closed","template":"","meta":{"_et_pb_use_builder":"","_et_pb_old_content":"","_et_gb_content_width":""},"product_brand":[],"product_cat":[1494],"product_tag":[1495,1496],"class_list":{"0":"post-15710","1":"product","2":"type-product","3":"status-publish","4":"has-post-thumbnail","6":"product_cat-bucket-cylinders","7":"product_tag-bucket-cylinders","8":"product_tag-hydraulic-cylinders","10":"first","11":"instock","12":"shipping-taxable","13":"product-type-simple"},"amp_enabled":true,"_links":{"self":[{"href":"https:\/\/www.hydraulic-cylinders.net\/pt\/wp-json\/wp\/v2\/product\/15710","targetHints":{"allow":["GET"]}}],"collection":[{"href":"https:\/\/www.hydraulic-cylinders.net\/pt\/wp-json\/wp\/v2\/product"}],"about":[{"href":"https:\/\/www.hydraulic-cylinders.net\/pt\/wp-json\/wp\/v2\/types\/product"}],"replies":[{"embeddable":true,"href":"https:\/\/www.hydraulic-cylinders.net\/pt\/wp-json\/wp\/v2\/comments?post=15710"}],"wp:featuredmedia":[{"embeddable":true,"href":"https:\/\/www.hydraulic-cylinders.net\/pt\/wp-json\/wp\/v2\/media\/14776"}],"wp:attachment":[{"href":"https:\/\/www.hydraulic-cylinders.net\/pt\/wp-json\/wp\/v2\/media?parent=15710"}],"wp:term":[{"taxonomy":"product_brand","embeddable":true,"href":"https:\/\/www.hydraulic-cylinders.net\/pt\/wp-json\/wp\/v2\/product_brand?post=15710"},{"taxonomy":"product_cat","embeddable":true,"href":"https:\/\/www.hydraulic-cylinders.net\/pt\/wp-json\/wp\/v2\/product_cat?post=15710"},{"taxonomy":"product_tag","embeddable":true,"href":"https:\/\/www.hydraulic-cylinders.net\/pt\/wp-json\/wp\/v2\/product_tag?post=15710"}],"curies":[{"name":"wp","href":"https:\/\/api.w.org\/{rel}","templated":true}]}}