{"id":15718,"date":"2025-01-19T14:53:13","date_gmt":"2025-01-19T14:53:13","guid":{"rendered":"https:\/\/www.hydraulic-cylinders.net\/product\/bucket-cylinder-for-case-small-excavator-cx58c\/"},"modified":"2025-01-19T14:53:15","modified_gmt":"2025-01-19T14:53:15","slug":"bucket-cylinder-for-case-small-excavator-cx58c","status":"publish","type":"product","link":"https:\/\/www.hydraulic-cylinders.net\/pt\/produto\/bucket-cylinder-for-case-small-excavator-cx58c\/","title":{"rendered":"Cilindro da ca\u00e7amba para escavadeira pequena Case CX58C"},"content":{"rendered":"<h2>Cilindro da ca\u00e7amba para escavadeira pequena Case CX58C<\/h2>\n<p>Introdu\u00e7\u00e3o:<\/p>\n<p>O cilindro da ca\u00e7amba da escavadeira compacta Case CX58C \u00e9 um cilindro hidr\u00e1ulico especializado, projetado para controlar o movimento da ca\u00e7amba em m\u00e1quinas pesadas, como escavadeiras, retroescavadeiras e p\u00e1s carregadeiras. Sua principal fun\u00e7\u00e3o \u00e9 permitir o levantamento, abaixamento e inclina\u00e7\u00e3o da ca\u00e7amba, facilitando diversas tarefas de movimenta\u00e7\u00e3o de materiais. Em sistemas hidr\u00e1ulicos, o cilindro da ca\u00e7amba utiliza as varia\u00e7\u00f5es na press\u00e3o do \u00f3leo hidr\u00e1ulico para obter um controle preciso da ca\u00e7amba, permitindo que os operadores manuseiem cargas pesadas com efici\u00eancia e se adaptem a ambientes de trabalho complexos e diversas exig\u00eancias da tarefa. <\/p>\n<p><img decoding=\"async\" src=\"https:\/\/www.hydraulic-cylinders.net\/wp-content\/uploads\/2025\/01\/songte-company-2.webp\" alt=\"Imagem do cilindro da ca\u00e7amba\"><\/p>\n<h2>Caracter\u00edsticas:<\/h2>\n<ul>\n<li>Alta resist\u00eancia e durabilidade: Normalmente fabricado em a\u00e7o ou alum\u00ednio de alta resist\u00eancia, o cilindro da ca\u00e7amba suporta alta press\u00e3o e cargas pesadas, adaptando-se a ambientes de trabalho severos. O projeto leva em considera\u00e7\u00e3o a resist\u00eancia ao desgaste e \u00e0 corros\u00e3o, prolongando sua vida \u00fatil.<\/li>\n<li>Opera\u00e7\u00e3o hidr\u00e1ulica eficiente: Utilizando a press\u00e3o do \u00f3leo hidr\u00e1ulico, o cilindro da ca\u00e7amba permite movimentos suaves de extens\u00e3o e retra\u00e7\u00e3o, proporcionando resposta r\u00e1pida aos comandos e oferecendo for\u00e7as de empuxo e tra\u00e7\u00e3o potentes. \u00c9 ideal para o manuseio de cargas pesadas e tarefas complexas.<\/li>\n<li>Tipos Variados: O cilindro da ca\u00e7amba pode ser selecionado como de a\u00e7\u00e3o simples (press\u00e3o hidr\u00e1ulica aplicada em apenas uma dire\u00e7\u00e3o) ou de a\u00e7\u00e3o dupla (press\u00e3o hidr\u00e1ulica aplicada em ambas as dire\u00e7\u00f5es), de acordo com as necessidades operacionais espec\u00edficas. Alguns modelos s\u00e3o telesc\u00f3picos, permitindo maior extens\u00e3o sem aumentar as dimens\u00f5es externas, o que os torna adequados para aplica\u00e7\u00f5es com espa\u00e7o limitado.<\/li>\n<li>Substitui\u00e7\u00e3o perfeita: Nossos produtos podem substituir perfeitamente esses cilindros hidr\u00e1ulicos, oferecendo compatibilidade e desempenho confi\u00e1vel.<\/li>\n<\/ul>\n<p><img decoding=\"async\" src=\"https:\/\/www.hydraulic-cylinders.net\/wp-content\/uploads\/2025\/01\/songte-cylinder-head-with-all-kinds-excavator-models.webp\" alt=\"Imagem do produto\"><\/p>\n<h2>Aplica\u00e7\u00f5es:<\/h2>\n<p>Cilindros com ca\u00e7amba s\u00e3o amplamente utilizados em diversos setores e equipamentos, incluindo:<\/p>\n<ul>\n<li>Equipamentos de constru\u00e7\u00e3o: Desempenham um papel crucial nas escavadeiras para escavar, carregar e movimentar solo ou entulho. Nas retroescavadeiras, o cilindro da ca\u00e7amba auxilia tanto na escava\u00e7\u00e3o quanto no levantamento.<\/li>\n<li>M\u00e1quinas agr\u00edcolas: usadas em carregadeiras frontais para recolher, levantar e transportar solo, feno e outros materiais.<\/li>\n<li>Escavadeiras: O cilindro da ca\u00e7amba possibilita as a\u00e7\u00f5es de escava\u00e7\u00e3o, permitindo que a ca\u00e7amba penetre no solo.<\/li>\n<li>Carregadeiras: Nas carregadeiras frontais, elas auxiliam no levantamento e despejo eficiente de mercadorias.<\/li>\n<\/ul>\n<h2>Considera\u00e7\u00f5es de design e crit\u00e9rios de sele\u00e7\u00e3o:<\/h2>\n<p>Considera\u00e7\u00f5es de projeto:<\/p>\n<ul>\n<li>Capacidade de suporte<\/li>\n<li>Selagem<\/li>\n<li>Durabilidade<\/li>\n<li>Seguran\u00e7a<\/li>\n<li>Manutenibilidade<\/li>\n<\/ul>\n<p><img decoding=\"async\" src=\"https:\/\/www.hydraulic-cylinders.net\/wp-content\/uploads\/2025\/01\/songte-oil-pipes-and-spare-parts.webp\" alt=\"Considera\u00e7\u00f5es de design Imagem\"><\/p>\n<p>Veda\u00e7\u00e3o e Lubrifica\u00e7\u00e3o:<\/p>\n<p>O cilindro da ca\u00e7amba utiliza diversas veda\u00e7\u00f5es, como veda\u00e7\u00f5es de pist\u00e3o e veda\u00e7\u00f5es de haste, feitas de materiais resistentes ao desgaste, como poliuretano e borracha nitr\u00edlica. O corpo do cilindro e as extremidades roscadas passam por um tratamento preciso para aumentar a resist\u00eancia ao desgaste. \u00c9 necess\u00e1ria lubrifica\u00e7\u00e3o regular com \u00f3leo hidr\u00e1ulico apropriado.<\/p>\n<p>Inspe\u00e7\u00f5es regulares e medidas de manuten\u00e7\u00e3o preventiva:<\/p>\n<ul>\n<li>Inspecione o cilindro e as veda\u00e7\u00f5es quanto a desgaste ou danos.<\/li>\n<li>Lubrifica\u00e7\u00e3o adequada de todas as pe\u00e7as m\u00f3veis.<\/li>\n<li>Substitua periodicamente as veda\u00e7\u00f5es e realize verifica\u00e7\u00f5es de calibra\u00e7\u00e3o.<\/li>\n<\/ul>\n<h2>Considera\u00e7\u00f5es de seguran\u00e7a e fatores ambientais:<\/h2>\n<p>Garantir medidas de seguran\u00e7a ao utilizar cilindros hidr\u00e1ulicos \u00e9 de extrema import\u00e2ncia. Devem ser tomadas precau\u00e7\u00f5es para evitar acidentes e proteger o meio ambiente.<\/p>\n<h2>Diagn\u00f3stico de falhas e problemas comuns:<\/h2>\n<p>O diagn\u00f3stico de falhas e os problemas comuns que podem ocorrer com os cilindros da ca\u00e7amba incluem:<\/p>\n<ul>\n<li>Vazamento de \u00f3leo hidr\u00e1ulico<\/li>\n<li>Movimento lento ou sem resposta<\/li>\n<li>Ru\u00eddo ou vibra\u00e7\u00e3o excessivos<\/li>\n<li>Movimento irregular ou brusco<\/li>\n<\/ul>\n<p>Devem ser fornecidas dicas e solu\u00e7\u00f5es para a resolu\u00e7\u00e3o de problemas, a fim de diagnosticar e solucionar problemas de forma eficaz, juntamente com medidas preventivas para minimizar poss\u00edveis problemas.<\/p>\n<p><img decoding=\"async\" src=\"https:\/\/www.hydraulic-cylinders.net\/wp-content\/uploads\/2025\/01\/songte-bushings-with-all-kinds-of-excavator-models.webp\" alt=\"Imagem de diagn\u00f3stico de falhas\"><\/p>\n<p>Guia de instala\u00e7\u00e3o:<\/p>\n<p>A instala\u00e7\u00e3o correta \u00e9 crucial para o desempenho ideal e a longevidade do cilindro da ca\u00e7amba. As seguintes diretrizes devem ser seguidas:<\/p>\n<ul>\n<li>Assegure o alinhamento correto do cilindro.<\/li>\n<li>Utilize suportes de instala\u00e7\u00e3o adequados para fixar o cilindro.<\/li>\n<li>Procedimentos recomendados de inspe\u00e7\u00e3o, reparo e substitui\u00e7\u00e3o<\/li>\n<li>Forne\u00e7a dicas para aumentar a vida \u00fatil do cilindro da ca\u00e7amba.<\/li>\n<\/ul>\n<h2>Sobre a nossa empresa:<\/h2>\n<p>Somos um dos principais fabricantes e distribuidores atacadistas de cilindros hidr\u00e1ulicos de reposi\u00e7\u00e3o nos mercados nacional e internacional. Com uma linha completa de produtos, nossa empresa adota uma estrat\u00e9gia de gest\u00e3o de produ\u00e7\u00e3o industrializada, baseada em pessoal qualificado, equipamentos de fabrica\u00e7\u00e3o avan\u00e7ados e sistemas de teste profissionais. Aprimoramos continuamente nossa plataforma de produ\u00e7\u00e3o e o processo de fabrica\u00e7\u00e3o, visando atender \u00e0s diversas necessidades dos clientes com alta efici\u00eancia, precis\u00e3o e qualidade.<\/p>\n<p><img decoding=\"async\" src=\"https:\/\/www.hydraulic-cylinders.net\/wp-content\/uploads\/2025\/01\/songte-company-3.webp\" alt=\"Imagem da empresa\"><\/p>\n<p>Nossa empresa \u00e9 conhecida por:<\/p>\n<ul>\n<li>Profissionalismo<\/li>\n<li>Certifica\u00e7\u00f5es internacionais<\/li>\n<li>Servi\u00e7os de personaliza\u00e7\u00e3o<\/li>\n<li>Equipamentos de produ\u00e7\u00e3o avan\u00e7ados<\/li>\n<li>Servi\u00e7o p\u00f3s-venda<\/li>\n<\/ul>\n<p>Autor: lyl<\/p>","protected":false},"excerpt":{"rendered":"<p>Bucket Cylinder For Case Small Excavator CX58C Introduction: The bucket cylinder for the Case Small Excavator CX58C is a specialized hydraulic cylinder designed to control the movement of the bucket in heavy machinery such as excavators, backhoe loaders, and front-end loaders. Its main function is to enable the lifting, lowering, and tilting of the bucket, [&hellip;]<\/p>","protected":false},"featured_media":14788,"comment_status":"open","ping_status":"closed","template":"","meta":{"_et_pb_use_builder":"","_et_pb_old_content":"","_et_gb_content_width":""},"product_brand":[],"product_cat":[1494],"product_tag":[1495,1496],"class_list":{"0":"post-15718","1":"product","2":"type-product","3":"status-publish","4":"has-post-thumbnail","6":"product_cat-bucket-cylinders","7":"product_tag-bucket-cylinders","8":"product_tag-hydraulic-cylinders","10":"first","11":"instock","12":"shipping-taxable","13":"product-type-simple"},"amp_enabled":true,"_links":{"self":[{"href":"https:\/\/www.hydraulic-cylinders.net\/pt\/wp-json\/wp\/v2\/product\/15718","targetHints":{"allow":["GET"]}}],"collection":[{"href":"https:\/\/www.hydraulic-cylinders.net\/pt\/wp-json\/wp\/v2\/product"}],"about":[{"href":"https:\/\/www.hydraulic-cylinders.net\/pt\/wp-json\/wp\/v2\/types\/product"}],"replies":[{"embeddable":true,"href":"https:\/\/www.hydraulic-cylinders.net\/pt\/wp-json\/wp\/v2\/comments?post=15718"}],"wp:featuredmedia":[{"embeddable":true,"href":"https:\/\/www.hydraulic-cylinders.net\/pt\/wp-json\/wp\/v2\/media\/14788"}],"wp:attachment":[{"href":"https:\/\/www.hydraulic-cylinders.net\/pt\/wp-json\/wp\/v2\/media?parent=15718"}],"wp:term":[{"taxonomy":"product_brand","embeddable":true,"href":"https:\/\/www.hydraulic-cylinders.net\/pt\/wp-json\/wp\/v2\/product_brand?post=15718"},{"taxonomy":"product_cat","embeddable":true,"href":"https:\/\/www.hydraulic-cylinders.net\/pt\/wp-json\/wp\/v2\/product_cat?post=15718"},{"taxonomy":"product_tag","embeddable":true,"href":"https:\/\/www.hydraulic-cylinders.net\/pt\/wp-json\/wp\/v2\/product_tag?post=15718"}],"curies":[{"name":"wp","href":"https:\/\/api.w.org\/{rel}","templated":true}]}}