{"id":15719,"date":"2025-01-19T14:53:17","date_gmt":"2025-01-19T14:53:17","guid":{"rendered":"https:\/\/www.hydraulic-cylinders.net\/product\/bucket-cylinder-for-case-small-excavator-cx75\/"},"modified":"2025-01-19T14:53:19","modified_gmt":"2025-01-19T14:53:19","slug":"bucket-cylinder-for-case-small-excavator-cx75","status":"publish","type":"product","link":"https:\/\/www.hydraulic-cylinders.net\/pt\/produto\/bucket-cylinder-for-case-small-excavator-cx75\/","title":{"rendered":"Cilindro da ca\u00e7amba para escavadeira pequena Case CX75"},"content":{"rendered":"<p><!DOCTYPE html><br \/>\n<html><br \/>\n<head><br \/>\n<title>Cilindro da ca\u00e7amba para escavadeira pequena Case CX75<\/title><br \/>\n<\/head><br \/>\n<body><\/p>\n<h1>Cilindro da ca\u00e7amba para escavadeira pequena Case CX75<\/h1>\n<h2>Introdu\u00e7\u00e3o<\/h2>\n<p>O cilindro da ca\u00e7amba, tamb\u00e9m conhecido como cilindro hidr\u00e1ulico, \u00e9 projetado especificamente para controlar o movimento da ca\u00e7amba em m\u00e1quinas pesadas, como escavadeiras, retroescavadeiras e p\u00e1s carregadeiras. Sua principal fun\u00e7\u00e3o \u00e9 permitir o levantamento, abaixamento e inclina\u00e7\u00e3o da ca\u00e7amba, facilitando o manuseio de diversos materiais. Em um sistema hidr\u00e1ulico, o cilindro da ca\u00e7amba proporciona um controle preciso da ca\u00e7amba por meio das varia\u00e7\u00f5es de press\u00e3o no \u00f3leo hidr\u00e1ulico, permitindo que os operadores manuseiem cargas pesadas com efici\u00eancia e se adaptem a ambientes de trabalho complexos e diversas necessidades operacionais.<\/p>\n<p><img decoding=\"async\" src=\"https:\/\/www.hydraulic-cylinders.net\/wp-content\/uploads\/2025\/01\/songte-company-2.webp\" alt=\"Imagem do cilindro da ca\u00e7amba\"><\/p>\n<h2>Caracter\u00edsticas<\/h2>\n<ul>\n<li>Alta resist\u00eancia e durabilidade: Normalmente fabricado em a\u00e7o ou alum\u00ednio de alta resist\u00eancia, o cilindro da ca\u00e7amba suporta alta press\u00e3o e cargas pesadas, adaptando-se a ambientes de trabalho severos. Seu design tamb\u00e9m considera a resist\u00eancia ao desgaste e \u00e0 corros\u00e3o, prolongando sua vida \u00fatil.<\/li>\n<li>Opera\u00e7\u00e3o hidr\u00e1ulica eficiente: Utilizando a press\u00e3o do \u00f3leo hidr\u00e1ulico, o cilindro da ca\u00e7amba realiza movimentos suaves de extens\u00e3o e retra\u00e7\u00e3o, permitindo uma resposta r\u00e1pida aos comandos de controle e proporcionando for\u00e7as de empuxo e tra\u00e7\u00e3o potentes. \u00c9 adequado para o manuseio de cargas pesadas e tarefas operacionais complexas.<\/li>\n<li>Tipos Variados: O cilindro da ca\u00e7amba pode ser selecionado como de a\u00e7\u00e3o simples (press\u00e3o hidr\u00e1ulica aplicada em apenas uma dire\u00e7\u00e3o) ou de a\u00e7\u00e3o dupla (press\u00e3o hidr\u00e1ulica aplicada em ambas as dire\u00e7\u00f5es), dependendo das necessidades operacionais. Alguns modelos s\u00e3o telesc\u00f3picos, permitindo maior extens\u00e3o sem aumentar as dimens\u00f5es externas, o que os torna adequados para aplica\u00e7\u00f5es com espa\u00e7o limitado.<\/li>\n<li>Substitui\u00e7\u00e3o perfeita: Nossos produtos podem substituir perfeitamente esses cilindros hidr\u00e1ulicos.<\/li>\n<\/ul>\n<p><img decoding=\"async\" src=\"https:\/\/www.hydraulic-cylinders.net\/wp-content\/uploads\/2025\/01\/songte-cylinder-head-with-all-kinds-excavator-models.webp\" alt=\"Imagem de substitui\u00e7\u00e3o do cilindro da ca\u00e7amba\"><\/p>\n<h2>Aplica\u00e7\u00f5es<\/h2>\n<p>O cilindro de ca\u00e7amba encontra aplica\u00e7\u00f5es em diversos equipamentos:<\/p>\n<ul>\n<li>Equipamentos de constru\u00e7\u00e3o: Encontrados em escavadeiras, s\u00e3o cruciais para escavar, carregar e movimentar terra ou entulho. Em retroescavadeiras, o cilindro da ca\u00e7amba auxilia tanto na escava\u00e7\u00e3o quanto no levantamento.<\/li>\n<li>M\u00e1quinas agr\u00edcolas: usadas em carregadeiras frontais para recolher, levantar e transportar solo, feno e outros materiais.<\/li>\n<li>Escavadeiras: O cilindro da ca\u00e7amba permite a\u00e7\u00f5es de escava\u00e7\u00e3o permitindo que a ca\u00e7amba penetre no solo.<\/li>\n<li>Carregadores: Em carregadores frontais, eles auxiliam no levantamento e despejo eficiente de mercadorias.<\/li>\n<\/ul>\n<h2>Considera\u00e7\u00f5es de design e crit\u00e9rios de sele\u00e7\u00e3o<\/h2>\n<ul>\n<li>Capacidade de carga: Discuta os principais fatores, como capacidade de carga e resist\u00eancia do material, que influenciam o projeto de cilindros de ca\u00e7amba.<\/li>\n<li>Veda\u00e7\u00e3o: Explore a import\u00e2ncia do uso de diversos componentes de veda\u00e7\u00e3o, como veda\u00e7\u00f5es de pist\u00e3o e de haste feitas de materiais dur\u00e1veis \u200b\u200bcomo poliuretano e borracha nitr\u00edlica, bem como o tratamento superficial refinado dos corpos dos cilindros e das extremidades roscadas para aumentar a resist\u00eancia ao desgaste. Enfatize a necessidade de lubrifica\u00e7\u00e3o regular.<\/li>\n<\/ul>\n<p><img decoding=\"async\" src=\"https:\/\/www.hydraulic-cylinders.net\/wp-content\/uploads\/2025\/01\/songte-oil-pipes-and-spare-parts.webp\" alt=\"Imagem de veda\u00e7\u00f5es e lubrifica\u00e7\u00e3o de cilindros hidr\u00e1ulicos\"><\/p>\n<h2>Manuten\u00e7\u00e3o e Medidas Preventivas<\/h2>\n<ul>\n<li>Inspe\u00e7\u00e3o regular: Ressalte a import\u00e2ncia da inspe\u00e7\u00e3o peri\u00f3dica para identificar quaisquer problemas potenciais.<\/li>\n<li>Lubrifica\u00e7\u00e3o: Enfatize a necessidade de lubrifica\u00e7\u00e3o adequada para garantir o bom funcionamento e evitar o desgaste prematuro.<\/li>\n<li>Substitui\u00e7\u00e3o da veda\u00e7\u00e3o: Forne\u00e7a orienta\u00e7\u00f5es para a substitui\u00e7\u00e3o da veda\u00e7\u00e3o a fim de manter o desempenho ideal.<\/li>\n<li>Verifica\u00e7\u00e3o de Calibra\u00e7\u00e3o: Discuta a import\u00e2ncia das verifica\u00e7\u00f5es de calibra\u00e7\u00e3o para garantir o funcionamento preciso.<\/li>\n<\/ul>\n<p><img decoding=\"async\" src=\"https:\/\/www.hydraulic-cylinders.net\/wp-content\/uploads\/2025\/01\/songte-chushion-collar.webp\" alt=\"Imagem de manuten\u00e7\u00e3o de cilindro hidr\u00e1ulico\"><\/p>\n<h2>Considera\u00e7\u00f5es de seguran\u00e7a e fatores ambientais<\/h2>\n<p>Abordar a import\u00e2ncia das medidas de seguran\u00e7a ao trabalhar com cilindros de ca\u00e7amba e seu impacto no meio ambiente.<\/p>\n<h2>Diagn\u00f3stico de falhas e problemas comuns<\/h2>\n<p>Discuta as falhas mais comuns e forne\u00e7a dicas e solu\u00e7\u00f5es para ajudar os leitores a diagnosticar e resolver problemas com efic\u00e1cia. Ofere\u00e7a medidas preventivas para minimizar poss\u00edveis problemas.<\/p>\n<p><img decoding=\"async\" src=\"https:\/\/www.hydraulic-cylinders.net\/wp-content\/uploads\/2025\/01\/songte-bushings-with-all-kinds-of-excavator-models.webp\" alt=\"Imagem de diagn\u00f3stico de falhas em cilindro hidr\u00e1ulico\"><\/p>\n<h2>Nossa empresa<\/h2>\n<p>Somos um dos principais fabricantes e distribuidores atacadistas de cilindros hidr\u00e1ulicos nos mercados nacional e internacional. Priorizamos a excel\u00eancia em qualidade e utilizamos estrat\u00e9gias de gest\u00e3o de produ\u00e7\u00e3o industrializada em nossa moderna f\u00e1brica. Com nossa equipe de especialistas t\u00e9cnicos, equipamentos de fabrica\u00e7\u00e3o digital de \u00faltima gera\u00e7\u00e3o e sistemas de teste profissionais, aprimoramos continuamente nossa plataforma de produ\u00e7\u00e3o e o processo de fabrica\u00e7\u00e3o de nossos produtos. Nossa forte capacidade criativa nos permite atender \u00e0s diversas necessidades dos clientes com alta efici\u00eancia, precis\u00e3o e qualidade.<\/p>\n<p><img decoding=\"async\" src=\"https:\/\/hzpt.com\/wp-content\/uploads\/2024\/11\/songte-company-1.webp\" alt=\"Imagem da empresa\"><\/p>\n<h3>Profissionalismo<\/h3>\n<p>Discuss the company&#8217;s expertise in producing hydraulic cylinders.<\/p>\n<h3>Certifica\u00e7\u00f5es Internacionais<\/h3>\n<p>Highlight the company&#8217;s international certifications that validate its product quality and standards.<\/p>\n<h3>Servi\u00e7os de Personaliza\u00e7\u00e3o<\/h3>\n<p>Emphasize the company&#8217;s ability to provide customized solutions.<\/p>\n<h3>Equipamentos de produ\u00e7\u00e3o<\/h3>\n<p>Descreva os equipamentos de produ\u00e7\u00e3o avan\u00e7ados utilizados pela empresa.<\/p>\n<h3>Servi\u00e7o p\u00f3s-venda<\/h3>\n<p>Explain the company&#8217;s commitment to providing excellent after-sales service.<\/p>\n<p><img decoding=\"async\" src=\"https:\/\/www.hydraulic-cylinders.net\/wp-content\/uploads\/2025\/01\/songte-company-3.webp\" alt=\"Imagem com detalhes da empresa\"><\/p>\n<p>Autor: lyl<\/p>\n<p><\/body><br \/>\n<\/html><\/p>","protected":false},"excerpt":{"rendered":"<p>Bucket Cylinder For Case Small Excavator CX75 Bucket Cylinder For Case Small Excavator CX75 Introduction A bucket cylinder, also known as a hydraulic cylinder, is specifically designed to control the movement of the bucket in heavy machinery such as excavators, backhoe loaders, and front loaders. Its main function is to enable the lifting, lowering, and [&hellip;]<\/p>","protected":false},"featured_media":14787,"comment_status":"open","ping_status":"closed","template":"","meta":{"_et_pb_use_builder":"","_et_pb_old_content":"","_et_gb_content_width":""},"product_brand":[],"product_cat":[1494],"product_tag":[1495,1496],"class_list":{"0":"post-15719","1":"product","2":"type-product","3":"status-publish","4":"has-post-thumbnail","6":"product_cat-bucket-cylinders","7":"product_tag-bucket-cylinders","8":"product_tag-hydraulic-cylinders","10":"first","11":"instock","12":"shipping-taxable","13":"product-type-simple"},"amp_enabled":true,"_links":{"self":[{"href":"https:\/\/www.hydraulic-cylinders.net\/pt\/wp-json\/wp\/v2\/product\/15719","targetHints":{"allow":["GET"]}}],"collection":[{"href":"https:\/\/www.hydraulic-cylinders.net\/pt\/wp-json\/wp\/v2\/product"}],"about":[{"href":"https:\/\/www.hydraulic-cylinders.net\/pt\/wp-json\/wp\/v2\/types\/product"}],"replies":[{"embeddable":true,"href":"https:\/\/www.hydraulic-cylinders.net\/pt\/wp-json\/wp\/v2\/comments?post=15719"}],"wp:featuredmedia":[{"embeddable":true,"href":"https:\/\/www.hydraulic-cylinders.net\/pt\/wp-json\/wp\/v2\/media\/14787"}],"wp:attachment":[{"href":"https:\/\/www.hydraulic-cylinders.net\/pt\/wp-json\/wp\/v2\/media?parent=15719"}],"wp:term":[{"taxonomy":"product_brand","embeddable":true,"href":"https:\/\/www.hydraulic-cylinders.net\/pt\/wp-json\/wp\/v2\/product_brand?post=15719"},{"taxonomy":"product_cat","embeddable":true,"href":"https:\/\/www.hydraulic-cylinders.net\/pt\/wp-json\/wp\/v2\/product_cat?post=15719"},{"taxonomy":"product_tag","embeddable":true,"href":"https:\/\/www.hydraulic-cylinders.net\/pt\/wp-json\/wp\/v2\/product_tag?post=15719"}],"curies":[{"name":"wp","href":"https:\/\/api.w.org\/{rel}","templated":true}]}}