{"id":15743,"date":"2025-01-19T14:55:09","date_gmt":"2025-01-19T14:55:09","guid":{"rendered":"https:\/\/www.hydraulic-cylinders.net\/product\/bucket-cylinder-for-world-middle-excavator-w2225lc-8\/"},"modified":"2025-01-19T14:55:14","modified_gmt":"2025-01-19T14:55:14","slug":"bucket-cylinder-for-world-middle-excavator-w2225lc-8","status":"publish","type":"product","link":"https:\/\/www.hydraulic-cylinders.net\/pt\/produto\/bucket-cylinder-for-world-middle-excavator-w2225lc-8\/","title":{"rendered":"Cilindro da ca\u00e7amba para escavadeira World Middle W2225LC-8"},"content":{"rendered":"<h1>Cilindro da ca\u00e7amba para escavadeira World Middle W2225LC-8<\/h1>\n<h2>Introdu\u00e7\u00e3o<\/h2>\n<p>O cilindro da ca\u00e7amba para escavadeira World Middle W2225LC-8 \u00e9 um cilindro hidr\u00e1ulico especialmente projetado para controlar o movimento da ca\u00e7amba em m\u00e1quinas pesadas, como escavadeiras, retroescavadeiras e p\u00e1s carregadeiras. Sua principal fun\u00e7\u00e3o \u00e9 permitir que a ca\u00e7amba suba, des\u00e7a e incline, facilitando o manuseio de diversos materiais. No sistema hidr\u00e1ulico, o cilindro da ca\u00e7amba proporciona um controle preciso da ca\u00e7amba por meio de varia\u00e7\u00f5es na press\u00e3o do \u00f3leo hidr\u00e1ulico, permitindo que os operadores manuseiem cargas pesadas com efici\u00eancia e se adaptem a ambientes de trabalho complexos e diversas exig\u00eancias da tarefa.<\/p>\n<p><img decoding=\"async\" src=\"https:\/\/www.hydraulic-cylinders.net\/wp-content\/uploads\/2025\/01\/songte-company-2.webp\"><\/p>\n<h2>Caracter\u00edsticas<\/h2>\n<ul>\n<li>Alta resist\u00eancia e durabilidade: Normalmente fabricado em a\u00e7o ou alum\u00ednio de alta resist\u00eancia, capaz de suportar alta press\u00e3o e cargas pesadas, e projetado com considera\u00e7\u00f5es de resist\u00eancia ao desgaste e \u00e0 corros\u00e3o para prolongar a vida \u00fatil.<\/li>\n<li>Opera\u00e7\u00e3o hidr\u00e1ulica eficiente: Extens\u00e3o e contra\u00e7\u00e3o suaves obtidas pela press\u00e3o do \u00f3leo hidr\u00e1ulico, resposta r\u00e1pida aos comandos de controle, proporcionando for\u00e7a de empurrar e puxar potente, adequada para manusear cargas pesadas e tarefas complexas.<\/li>\n<li>Diversos tipos: Cilindros de a\u00e7\u00e3o simples (que utilizam o sistema hidr\u00e1ulico em apenas uma dire\u00e7\u00e3o) ou de a\u00e7\u00e3o dupla (que utilizam o sistema hidr\u00e1ulico em ambas as dire\u00e7\u00f5es) podem ser selecionados de acordo com as necessidades para atender a diferentes requisitos de opera\u00e7\u00e3o. Alguns modelos s\u00e3o telesc\u00f3picos, permitindo maior extens\u00e3o sem aumentar as dimens\u00f5es externas, sendo adequados para aplica\u00e7\u00f5es com espa\u00e7o limitado.<\/li>\n<li>Substitui\u00e7\u00e3o f\u00e1cil: Nosso produto pode substituir perfeitamente esses cilindros hidr\u00e1ulicos.<\/li>\n<\/ul>\n<p><img decoding=\"async\" src=\"https:\/\/www.hydraulic-cylinders.net\/wp-content\/uploads\/2025\/01\/songte-cylinder-head-with-all-kinds-excavator-models.webp\"><\/p>\n<h2>Aplica\u00e7\u00f5es<\/h2>\n<p>O cilindro da ca\u00e7amba \u00e9 comumente usado em equipamentos de constru\u00e7\u00e3o, como escavadeiras, retroescavadeiras e p\u00e1s carregadeiras, entre outros. Aqui est\u00e3o alguns exemplos:<\/p>\n<h3>Equipamentos de constru\u00e7\u00e3o<\/h3>\n<ul>\n<li><strong>Escavadeiras:<\/strong> Os cilindros da ca\u00e7amba ajudam a realizar a escava\u00e7\u00e3o, permitindo que a ca\u00e7amba penetre no solo.<\/li>\n<li><strong>Escavadeiras retroescavadeiras:<\/strong> O cilindro da ca\u00e7amba auxilia tanto na escava\u00e7\u00e3o quanto no levantamento de cargas.<\/li>\n<li><strong>Carregadeiras frontais:<\/strong> Cilindros com ca\u00e7amba auxiliam no levantamento e despejo de materiais de forma eficaz.<\/li>\n<\/ul>\n<h3>Maquinaria agr\u00edcola<\/h3>\n<ul>\n<li><strong>Carregadeiras frontais:<\/strong> Utilizado para carregar, levantar e transportar terra, feno e outros materiais.<\/li>\n<\/ul>\n<h2>Considera\u00e7\u00f5es de design e crit\u00e9rios de sele\u00e7\u00e3o<\/h2>\n<p>O projeto do cilindro da ca\u00e7amba leva em considera\u00e7\u00e3o diversos fatores que garantem um desempenho ideal. Aqui est\u00e3o algumas considera\u00e7\u00f5es essenciais de projeto e crit\u00e9rios de sele\u00e7\u00e3o:<\/p>\n<h3>Capacidade de suporte<\/h3>\n<p>O cilindro deve ser capaz de suportar alta press\u00e3o e cargas pesadas.<\/p>\n<h3>Selagem<\/h3>\n<p>O cilindro deve ser projetado com veda\u00e7\u00f5es de alta qualidade que impe\u00e7am vazamentos de \u00f3leo e garantam o seu bom funcionamento.<\/p>\n<h3>Durabilidade<\/h3>\n<p>O cilindro deve ser resistente ao desgaste e \u00e0 corros\u00e3o, al\u00e9m de capaz de suportar ambientes de trabalho severos.<\/p>\n<h3>Seguran\u00e7a<\/h3>\n<p>O cilindro deve ser projetado para minimizar o risco de acidentes devido a falhas no cilindro.<\/p>\n<h3>Manuten\u00e7\u00e3o<\/h3>\n<p>O cilindro deve ser projetado para facilitar ao m\u00e1ximo a manuten\u00e7\u00e3o e o reparo.<\/p>\n<p><img decoding=\"async\" src=\"https:\/\/www.hydraulic-cylinders.net\/wp-content\/uploads\/2025\/01\/songte-oil-pipes-and-spare-parts.webp\"><\/p>\n<h2>Veda\u00e7\u00e3o e Lubrifica\u00e7\u00e3o<\/h2>\n<p>O cilindro da ca\u00e7amba utiliza diversas veda\u00e7\u00f5es, como veda\u00e7\u00f5es de pist\u00e3o, veda\u00e7\u00f5es de haste e outras feitas de materiais resistentes ao desgaste, como poliuretano e borracha nitr\u00edlica, com a superf\u00edcie do cilindro e as extremidades roscadas finamente usinadas para melhorar a resist\u00eancia ao desgaste. A lubrifica\u00e7\u00e3o regular com \u00f3leo hidr\u00e1ulico \u00e9 necess\u00e1ria para garantir o bom funcionamento.<\/p>\n<h2>Manuten\u00e7\u00e3o e Medidas Preventivas<\/h2>\n<p>Inspe\u00e7\u00f5es regulares, lubrifica\u00e7\u00e3o adequada, substitui\u00e7\u00e3o de veda\u00e7\u00f5es e verifica\u00e7\u00f5es de calibra\u00e7\u00e3o s\u00e3o tarefas comuns de manuten\u00e7\u00e3o que podem ajudar a prolongar a vida \u00fatil do cilindro. A instala\u00e7\u00e3o, lubrifica\u00e7\u00e3o e ajuste corretos s\u00e3o essenciais, e orienta\u00e7\u00f5es adequadas de alinhamento devem ser fornecidas durante a instala\u00e7\u00e3o. Recomenda-se o uso de suportes de montagem apropriados para fixar o cilindro, e programas de verifica\u00e7\u00e3o, reparo e substitui\u00e7\u00e3o de pe\u00e7as devem ser estabelecidos para melhorar a vida \u00fatil do produto. <\/p>\n<p><img decoding=\"async\" src=\"https:\/\/www.hydraulic-cylinders.net\/wp-content\/uploads\/2025\/01\/songte-chushion-collar.webp\"><\/p>\n<h2>Considera\u00e7\u00f5es sobre seguran\u00e7a e meio ambiente<\/h2>\n<p>O cilindro da ca\u00e7amba deve ser instalado e utilizado de acordo com as normas de seguran\u00e7a para evitar acidentes. Deve-se tomar o devido cuidado para descartar o \u00f3leo hidr\u00e1ulico e outros componentes corretamente.<\/p>\n<h2>Solu\u00e7\u00e3o de problemas e problemas comuns<\/h2>\n<p>Problemas comuns em cilindros de ca\u00e7amba incluem vazamentos, desalinhamento e veda\u00e7\u00f5es desgastadas. A manuten\u00e7\u00e3o e inspe\u00e7\u00e3o adequadas podem evitar que esses problemas ocorram.<\/p>\n<h2>Introdu\u00e7\u00e3o \u00e0 empresa<\/h2>\n<p>Somos fabricantes de cilindros hidr\u00e1ulicos de reposi\u00e7\u00e3o, oferecendo uma gama completa de produtos e servi\u00e7os e nos tornando um dos principais fabricantes e distribuidores de cilindros hidr\u00e1ulicos nos mercados nacional e internacional. Primamos pela excel\u00eancia em qualidade, utilizando a estrat\u00e9gia de gest\u00e3o de produ\u00e7\u00e3o de ponta do setor, aprimorando constantemente nossa plataforma de fabrica\u00e7\u00e3o e linhas de produ\u00e7\u00e3o para otimizar a qualidade dos produtos. Possu\u00edmos uma forte capacidade produtiva para atender \u00e0s diversas necessidades dos clientes com alta efici\u00eancia, precis\u00e3o e qualidade. <\/p>\n<p>Oferecemos servi\u00e7os profissionais, com certifica\u00e7\u00e3o internacional e personalizados, e contamos com equipamentos de produ\u00e7\u00e3o avan\u00e7ados e sistemas de teste profissionais, al\u00e9m de uma s\u00f3lida equipe de p\u00f3s-venda para garantir a satisfa\u00e7\u00e3o do cliente.<\/p>\n<p><img decoding=\"async\" src=\"https:\/\/hzpt.com\/wp-content\/uploads\/2024\/11\/songte-company-1.webp\"><\/p>\n<p>Autor: lyl.<\/p>","protected":false},"excerpt":{"rendered":"<p>Bucket Cylinder For World Middle Excavator W2225LC-8 Introduction The Bucket Cylinder for World Middle Excavator W2225LC-8 is a specially designed hydraulic cylinder used to control the movement of buckets in heavy machinery such as excavators, backhoe excavators, and front-end loaders. Its main function is to enable the bucket to lift, lower, and tilt, making it [&hellip;]<\/p>","protected":false},"featured_media":14769,"comment_status":"open","ping_status":"closed","template":"","meta":{"_et_pb_use_builder":"","_et_pb_old_content":"","_et_gb_content_width":""},"product_brand":[],"product_cat":[1494],"product_tag":[1495,1496],"class_list":{"0":"post-15743","1":"product","2":"type-product","3":"status-publish","4":"has-post-thumbnail","6":"product_cat-bucket-cylinders","7":"product_tag-bucket-cylinders","8":"product_tag-hydraulic-cylinders","10":"first","11":"instock","12":"shipping-taxable","13":"product-type-simple"},"amp_enabled":true,"_links":{"self":[{"href":"https:\/\/www.hydraulic-cylinders.net\/pt\/wp-json\/wp\/v2\/product\/15743","targetHints":{"allow":["GET"]}}],"collection":[{"href":"https:\/\/www.hydraulic-cylinders.net\/pt\/wp-json\/wp\/v2\/product"}],"about":[{"href":"https:\/\/www.hydraulic-cylinders.net\/pt\/wp-json\/wp\/v2\/types\/product"}],"replies":[{"embeddable":true,"href":"https:\/\/www.hydraulic-cylinders.net\/pt\/wp-json\/wp\/v2\/comments?post=15743"}],"wp:featuredmedia":[{"embeddable":true,"href":"https:\/\/www.hydraulic-cylinders.net\/pt\/wp-json\/wp\/v2\/media\/14769"}],"wp:attachment":[{"href":"https:\/\/www.hydraulic-cylinders.net\/pt\/wp-json\/wp\/v2\/media?parent=15743"}],"wp:term":[{"taxonomy":"product_brand","embeddable":true,"href":"https:\/\/www.hydraulic-cylinders.net\/pt\/wp-json\/wp\/v2\/product_brand?post=15743"},{"taxonomy":"product_cat","embeddable":true,"href":"https:\/\/www.hydraulic-cylinders.net\/pt\/wp-json\/wp\/v2\/product_cat?post=15743"},{"taxonomy":"product_tag","embeddable":true,"href":"https:\/\/www.hydraulic-cylinders.net\/pt\/wp-json\/wp\/v2\/product_tag?post=15743"}],"curies":[{"name":"wp","href":"https:\/\/api.w.org\/{rel}","templated":true}]}}