{"id":15750,"date":"2025-01-19T14:55:56","date_gmt":"2025-01-19T14:55:56","guid":{"rendered":"https:\/\/www.hydraulic-cylinders.net\/product\/bucket-cylinder-for-world-large-excavator-w2700-8\/"},"modified":"2025-01-19T14:55:58","modified_gmt":"2025-01-19T14:55:58","slug":"bucket-cylinder-for-world-large-excavator-w2700-8","status":"publish","type":"product","link":"https:\/\/www.hydraulic-cylinders.net\/pt\/produto\/bucket-cylinder-for-world-large-excavator-w2700-8\/","title":{"rendered":"Cilindro de ca\u00e7amba para escavadeira World Large W2700-8"},"content":{"rendered":"<h2>Cilindro de ca\u00e7amba para escavadeira World Large W2700-8<\/h2>\n<h3>Introdu\u00e7\u00e3o<\/h3>\n<p>O cilindro da ca\u00e7amba, um cilindro hidr\u00e1ulico especializado, \u00e9 usado principalmente para controlar o movimento da ca\u00e7amba em m\u00e1quinas pesadas, como escavadeiras, retroescavadeiras e carregadeiras frontais. Sua principal fun\u00e7\u00e3o \u00e9 permitir que a ca\u00e7amba levante, abaixe e incline, facilitando diversas tarefas de movimenta\u00e7\u00e3o de materiais. No sistema hidr\u00e1ulico, o cilindro da ca\u00e7amba proporciona o controle preciso da ca\u00e7amba por meio de varia\u00e7\u00f5es na press\u00e3o do \u00f3leo hidr\u00e1ulico, permitindo que os operadores manuseiem cargas pesadas com efici\u00eancia e se adaptem a ambientes de trabalho complexos e a diversos requisitos.<\/p>\n<p><img decoding=\"async\" src=\"https:\/\/www.hydraulic-cylinders.net\/wp-content\/uploads\/2025\/01\/songte-company-2.webp\" alt=\"Imagem do cilindro da ca\u00e7amba\"><\/p>\n<h3>Caracter\u00edsticas<\/h3>\n<ul>\n<li>Alta resist\u00eancia e durabilidade: geralmente feito de a\u00e7o de alta resist\u00eancia ou alum\u00ednio, capaz de suportar alta press\u00e3o e cargas pesadas, adapta-se a ambientes de trabalho severos, projetado levando em considera\u00e7\u00e3o a resist\u00eancia ao desgaste e \u00e0 corros\u00e3o, prolongando a vida \u00fatil.<\/li>\n<li>Opera\u00e7\u00e3o hidr\u00e1ulica eficiente: Utiliza a press\u00e3o do \u00f3leo hidr\u00e1ulico para obter a\u00e7\u00f5es telesc\u00f3picas suaves, capaz de responder rapidamente aos comandos de controle, fornecendo for\u00e7a de empurrar e puxar poderosa, adequada para manusear cargas pesadas e tarefas de trabalho complexas.<\/li>\n<li>Diversos tipos: Cilindros de simples a\u00e7\u00e3o (utilizando o sistema hidr\u00e1ulico em apenas uma dire\u00e7\u00e3o) ou dupla a\u00e7\u00e3o (utilizando o sistema hidr\u00e1ulico em ambas as dire\u00e7\u00f5es) podem ser selecionados de acordo com a necessidade, alguns modelos s\u00e3o telesc\u00f3picos, permitindo maior extens\u00e3o sem aumentar as dimens\u00f5es externas, adequados para aplica\u00e7\u00f5es com espa\u00e7o limitado.<\/li>\n<li>Pode substituir outros cilindros hidr\u00e1ulicos.<\/li>\n<\/ul>\n<p><img decoding=\"async\" src=\"https:\/\/www.hydraulic-cylinders.net\/wp-content\/uploads\/2025\/01\/songte-cylinder-head-with-all-kinds-excavator-models.webp\" alt=\"Imagem de substitui\u00e7\u00e3o do cilindro da ca\u00e7amba\"><\/p>\n<h3>Aplica\u00e7\u00f5es<\/h3>\n<p>O cilindro de ca\u00e7amba \u00e9 amplamente utilizado em diversas m\u00e1quinas pesadas, como:<\/p>\n<ul>\n<li>Equipamentos de constru\u00e7\u00e3o: presentes em escavadeiras, s\u00e3o essenciais para cavar, carregar e movimentar terra ou entulho. Em retroescavadeiras, o cilindro da ca\u00e7amba auxilia tanto na escava\u00e7\u00e3o quanto na eleva\u00e7\u00e3o. <\/li>\n<li>M\u00e1quinas agr\u00edcolas: usadas em carregadeiras frontais para recolher, levantar e transportar solo, feno e outros materiais. <\/li>\n<li>Escavadeiras: O cilindro da ca\u00e7amba permite a a\u00e7\u00e3o de escava\u00e7\u00e3o, permitindo que a ca\u00e7amba penetre no solo. <\/li>\n<li>Carregadores frontais: Eles ajudam a levantar e inclinar mercadorias de forma eficiente.<\/li>\n<\/ul>\n<h3>Considera\u00e7\u00f5es de design e crit\u00e9rios de sele\u00e7\u00e3o<\/h3>\n<p>Ao projetar o cilindro do balde, v\u00e1rias considera\u00e7\u00f5es, como capacidade de carga, veda\u00e7\u00e3o, durabilidade, seguran\u00e7a e facilidade de manuten\u00e7\u00e3o, s\u00e3o levadas em conta. <\/p>\n<ul>\n<li>Capacidade de carga: O cilindro deve ser projetado para suportar cargas pesadas e flutua\u00e7\u00f5es de press\u00e3o.<\/li>\n<li>Veda\u00e7\u00e3o: V\u00e1rios tipos de componentes de veda\u00e7\u00e3o, como veda\u00e7\u00f5es de pist\u00e3o e veda\u00e7\u00f5es de haste, s\u00e3o feitos de materiais resistentes ao desgaste, como poliuretano e borracha nitr\u00edlica, para maior durabilidade.<\/li>\n<li>Durabilidade: O corpo do cilindro e a superf\u00edcie da extremidade da rosca s\u00e3o finamente processados \u200b\u200bpara melhorar a resist\u00eancia ao desgaste.<\/li>\n<li>Seguran\u00e7a: Medidas de seguran\u00e7a adequadas, como v\u00e1lvulas de al\u00edvio de press\u00e3o e interruptores de parada de emerg\u00eancia, devem ser incorporadas para garantir a seguran\u00e7a do operador.<\/li>\n<li>Manuten\u00e7\u00e3o: O cilindro deve ser projetado para f\u00e1cil manuten\u00e7\u00e3o e reparo. <\/li>\n<\/ul>\n<p><img decoding=\"async\" src=\"https:\/\/www.hydraulic-cylinders.net\/wp-content\/uploads\/2025\/01\/songte-oil-pipes-and-spare-parts.webp\" alt=\"Imagem de pe\u00e7as de cilindro de ca\u00e7amba\"><\/p>\n<h3>Veda\u00e7\u00e3o e Lubrifica\u00e7\u00e3o<\/h3>\n<p>Diversos componentes de veda\u00e7\u00e3o, como veda\u00e7\u00f5es de pist\u00e3o, veda\u00e7\u00f5es de biela e veda\u00e7\u00f5es raspadoras, s\u00e3o utilizados para evitar vazamentos e garantir o bom funcionamento do cilindro. Materiais resistentes ao desgaste, como poliuretano e borracha nitr\u00edlica, s\u00e3o preferidos para maior durabilidade. O corpo do cilindro e a superf\u00edcie da extremidade da rosca s\u00e3o finamente processados \u200b\u200bpara aumentar sua resist\u00eancia ao desgaste. A aplica\u00e7\u00e3o regular de \u00f3leo hidr\u00e1ulico \u00e9 necess\u00e1ria para lubrificar o cilindro e garantir um funcionamento suave.<\/p>\n<h3>Manuten\u00e7\u00e3o e Reparo<\/h3>\n<p>A manuten\u00e7\u00e3o adequada \u00e9 essencial para garantir a longevidade e a efici\u00eancia do cilindro da ca\u00e7amba. Recomenda-se a realiza\u00e7\u00e3o de verifica\u00e7\u00f5es regulares e medidas de manuten\u00e7\u00e3o preventiva, como lubrifica\u00e7\u00e3o, substitui\u00e7\u00e3o de veda\u00e7\u00f5es e calibragens. Em caso de mau funcionamento, deve-se adotar um diagn\u00f3stico r\u00e1pido e m\u00e9todos eficazes de solu\u00e7\u00e3o de problemas. \u00c9 importante garantir o alinhamento correto do cilindro durante a instala\u00e7\u00e3o e utilizar suportes de instala\u00e7\u00e3o adequados para fix\u00e1-lo. Recomenda-se a substitui\u00e7\u00e3o regular de componentes e a reconstru\u00e7\u00e3o para aumentar a vida \u00fatil do cilindro da ca\u00e7amba.<\/p>\n<p><img decoding=\"async\" src=\"https:\/\/www.hydraulic-cylinders.net\/wp-content\/uploads\/2025\/01\/songte-chushion-collar.webp\" alt=\"Imagem do colar do cilindro da ca\u00e7amba\"><\/p>\n<h3>Considera\u00e7\u00f5es sobre seguran\u00e7a e meio ambiente<\/h3>\n<p>Ao utilizar o cilindro do balde, precau\u00e7\u00f5es de seguran\u00e7a como v\u00e1lvulas de al\u00edvio de press\u00e3o e interruptores de parada de emerg\u00eancia devem ser levadas em considera\u00e7\u00e3o para garantir a seguran\u00e7a do operador. O cumprimento das normas ambientais e dos padr\u00f5es de seguran\u00e7a \u00e9 essencial para evitar potenciais perigos ou danos ambientais.<\/p>\n<h3>Diagn\u00f3stico de falhas e solu\u00e7\u00e3o de problemas<\/h3>\n<p>Alguns problemas comuns relacionados ao cilindro da ca\u00e7amba s\u00e3o vazamentos, paradas repentinas e movimento lento. Diagn\u00f3stico adequado e m\u00e9todos eficazes de solu\u00e7\u00e3o de problemas devem ser empregados para resolver esses problemas. Manuten\u00e7\u00e3o regular e medidas preventivas, como lubrifica\u00e7\u00e3o e substitui\u00e7\u00e3o de veda\u00e7\u00f5es, s\u00e3o recomendadas para evitar poss\u00edveis problemas.<\/p>\n<p><img decoding=\"async\" src=\"https:\/\/www.hydraulic-cylinders.net\/wp-content\/uploads\/2025\/01\/songte-bushings-with-all-kinds-of-excavator-models.webp\" alt=\"Imagem da bucha do cilindro da ca\u00e7amba\"><\/p>\n<h3>Sobre nossa empresa<\/h3>\n<p>Somos l\u00edderes na fabrica\u00e7\u00e3o e distribui\u00e7\u00e3o atacadista de cilindros hidr\u00e1ulicos nos mercados nacional e internacional. Somos especializados na produ\u00e7\u00e3o de diversos tipos de cilindros hidr\u00e1ulicos e oferecemos servi\u00e7os personalizados. Seguimos os princ\u00edpios de excel\u00eancia em qualidade e gest\u00e3o da produ\u00e7\u00e3o, contando com pessoal altamente qualificado, equipamentos de fabrica\u00e7\u00e3o digitalizados e avan\u00e7ados e sistemas de teste profissionais para aprimorar continuamente nossa plataforma de fabrica\u00e7\u00e3o, aperfei\u00e7oar nossa linha de produ\u00e7\u00e3o de qualidade e possuir s\u00f3lida capacidade de cria\u00e7\u00e3o, com alta efici\u00eancia, precis\u00e3o e princ\u00edpios de alta qualidade para atender \u00e0s diversas demandas dos clientes.<\/p>\n<ul>\n<li>Profissionalismo<\/li>\n<li>Certifica\u00e7\u00e3o Internacional<\/li>\n<li>Servi\u00e7os Personalizados<\/li>\n<li>Equipamentos de produ\u00e7\u00e3o<\/li>\n<li>Servi\u00e7o p\u00f3s-venda<\/li>\n<\/ul>\n<p><img decoding=\"async\" src=\"https:\/\/hzpt.com\/wp-content\/uploads\/2024\/11\/songte-company-1.webp\" alt=\"Imagem da empresa\"><\/p>\n<p>Autor: lyl<\/p>","protected":false},"excerpt":{"rendered":"<p>Bucket Cylinder For World Large Excavator W2700-8 Introduction The bucket cylinder, a specialized hydraulic cylinder, is primarily used to control the movement of the bucket in heavy machinery such as excavators, backhoe loaders, and front-end loaders. Its main function is to enable the bucket to lift, lower, and tilt, facilitating various material handling tasks. In [&hellip;]<\/p>","protected":false},"featured_media":14785,"comment_status":"open","ping_status":"closed","template":"","meta":{"_et_pb_use_builder":"","_et_pb_old_content":"","_et_gb_content_width":""},"product_brand":[],"product_cat":[1494],"product_tag":[1495,1496],"class_list":{"0":"post-15750","1":"product","2":"type-product","3":"status-publish","4":"has-post-thumbnail","6":"product_cat-bucket-cylinders","7":"product_tag-bucket-cylinders","8":"product_tag-hydraulic-cylinders","10":"first","11":"instock","12":"shipping-taxable","13":"product-type-simple"},"amp_enabled":true,"_links":{"self":[{"href":"https:\/\/www.hydraulic-cylinders.net\/pt\/wp-json\/wp\/v2\/product\/15750","targetHints":{"allow":["GET"]}}],"collection":[{"href":"https:\/\/www.hydraulic-cylinders.net\/pt\/wp-json\/wp\/v2\/product"}],"about":[{"href":"https:\/\/www.hydraulic-cylinders.net\/pt\/wp-json\/wp\/v2\/types\/product"}],"replies":[{"embeddable":true,"href":"https:\/\/www.hydraulic-cylinders.net\/pt\/wp-json\/wp\/v2\/comments?post=15750"}],"wp:featuredmedia":[{"embeddable":true,"href":"https:\/\/www.hydraulic-cylinders.net\/pt\/wp-json\/wp\/v2\/media\/14785"}],"wp:attachment":[{"href":"https:\/\/www.hydraulic-cylinders.net\/pt\/wp-json\/wp\/v2\/media?parent=15750"}],"wp:term":[{"taxonomy":"product_brand","embeddable":true,"href":"https:\/\/www.hydraulic-cylinders.net\/pt\/wp-json\/wp\/v2\/product_brand?post=15750"},{"taxonomy":"product_cat","embeddable":true,"href":"https:\/\/www.hydraulic-cylinders.net\/pt\/wp-json\/wp\/v2\/product_cat?post=15750"},{"taxonomy":"product_tag","embeddable":true,"href":"https:\/\/www.hydraulic-cylinders.net\/pt\/wp-json\/wp\/v2\/product_tag?post=15750"}],"curies":[{"name":"wp","href":"https:\/\/api.w.org\/{rel}","templated":true}]}}