{"id":15765,"date":"2025-01-19T14:57:04","date_gmt":"2025-01-19T14:57:04","guid":{"rendered":"https:\/\/www.hydraulic-cylinders.net\/product\/bucket-cylinder-for-jchi-ns75-7\/"},"modified":"2025-01-19T14:57:06","modified_gmt":"2025-01-19T14:57:06","slug":"bucket-cylinder-for-jchi-ns75-7","status":"publish","type":"product","link":"https:\/\/www.hydraulic-cylinders.net\/pt\/produto\/bucket-cylinder-for-jchi-ns75-7\/","title":{"rendered":"Cilindro da ca\u00e7amba para JCHI NS75-7"},"content":{"rendered":"<h2>Cilindro da ca\u00e7amba para JCHI NS75-7<\/h2>\n<h3>Introdu\u00e7\u00e3o<\/h3>\n<p>O cilindro da ca\u00e7amba para a JCHI NS75-7 \u00e9 um cilindro hidr\u00e1ulico especialmente projetado para controlar o movimento da ca\u00e7amba em m\u00e1quinas pesadas, como escavadeiras, retroescavadeiras e p\u00e1s carregadeiras. Sua principal fun\u00e7\u00e3o \u00e9 permitir que a ca\u00e7amba suba, des\u00e7a e incline, facilitando diversas tarefas de movimenta\u00e7\u00e3o de materiais. No sistema hidr\u00e1ulico, o cilindro da ca\u00e7amba controla com precis\u00e3o o movimento da ca\u00e7amba por meio de varia\u00e7\u00f5es na press\u00e3o do \u00f3leo hidr\u00e1ulico, permitindo que os operadores manuseiem cargas pesadas com efici\u00eancia e se adaptem a ambientes de trabalho complexos e diversas necessidades operacionais.<\/p>\n<p><img decoding=\"async\" src=\"https:\/\/www.hydraulic-cylinders.net\/wp-content\/uploads\/2025\/01\/songte-company-2.webp\" alt=\"Cilindro da ca\u00e7amba para JCHI NS75-7\" \/><\/p>\n<h3>Caracter\u00edsticas do produto<\/h3>\n<ul>\n<li>Alta resist\u00eancia e durabilidade: Geralmente fabricado em a\u00e7o ou alum\u00ednio de alta resist\u00eancia, o cilindro suporta alta press\u00e3o e cargas pesadas, adaptando-se a ambientes de trabalho severos. Projetado com foco na resist\u00eancia ao desgaste e \u00e0 corros\u00e3o, prolonga sua vida \u00fatil.<\/li>\n<li>Opera\u00e7\u00e3o hidr\u00e1ulica eficiente: Utilizando a press\u00e3o do \u00f3leo hidr\u00e1ulico para obter uma extens\u00e3o e retra\u00e7\u00e3o suaves, o cilindro da ca\u00e7amba responde rapidamente aos comandos de controle, fornecendo for\u00e7as de empurr\u00e3o e tra\u00e7\u00e3o potentes, adequadas para o manuseio de cargas pesadas e tarefas complexas.<\/li>\n<li>Diversos tipos: O cilindro pode ser selecionado de acordo com as necessidades de a\u00e7\u00e3o simples (hidr\u00e1ulica aplicada em apenas uma dire\u00e7\u00e3o) ou a\u00e7\u00e3o dupla (hidr\u00e1ulica aplicada em duas dire\u00e7\u00f5es) para atender a diferentes requisitos operacionais. Alguns modelos s\u00e3o telesc\u00f3picos, permitindo maior extens\u00e3o sem aumentar as dimens\u00f5es externas, adequados para aplica\u00e7\u00f5es com espa\u00e7o limitado.<\/li>\n<\/ul>\n<p>Podemos produzir este produto, e nosso produto pode substituir perfeitamente esses cilindros hidr\u00e1ulicos.<\/p>\n<p><img decoding=\"async\" src=\"https:\/\/www.hydraulic-cylinders.net\/wp-content\/uploads\/2025\/01\/songte-cylinder-head-with-all-kinds-excavator-models.webp\" alt=\"Cilindro da ca\u00e7amba para JCHI NS75-7\" \/><\/p>\n<h3>Aplica\u00e7\u00f5es<\/h3>\n<p>O cilindro de ca\u00e7amba para JCHI NS75-7 \u00e9 amplamente utilizado em diversos setores industriais, incluindo:<\/p>\n<ul>\n<li>Equipamentos de constru\u00e7\u00e3o: Em escavadeiras, desempenham um papel fundamental na escava\u00e7\u00e3o, carregamento e movimenta\u00e7\u00e3o de solo ou entulho. Em retroescavadeiras, o cilindro da ca\u00e7amba contribui tanto para a escava\u00e7\u00e3o quanto para o levantamento. Em p\u00e1s carregadeiras, auxiliam no levantamento e inclina\u00e7\u00e3o da carga de forma eficiente.<\/li>\n<li>M\u00e1quinas agr\u00edcolas: Utilizadas em p\u00e1s carregadeiras frontais para recolher, levantar e transportar terra, feno e outros materiais. Em escavadeiras, o cilindro da ca\u00e7amba permite a escava\u00e7\u00e3o, possibilitando que a ca\u00e7amba penetre no solo.<\/li>\n<\/ul>\n<p>Vamos analisar cada aplica\u00e7\u00e3o mais detalhadamente:<\/p>\n<h4>Equipamentos de constru\u00e7\u00e3o<\/h4>\n<p>As escavadeiras s\u00e3o usadas para cavar, carregar e movimentar terra ou entulho, e o cilindro da ca\u00e7amba \u00e9 essencial para essas tarefas. Da mesma forma, as retroescavadeiras usam o cilindro da ca\u00e7amba para cavar e levantar. Nas p\u00e1s carregadeiras, o cilindro \u00e9 usado para levantar e inclinar a carga, facilitando o transporte.<\/p>\n<h4>Maquinaria agr\u00edcola<\/h4>\n<p>As p\u00e1s carregadeiras equipadas com ca\u00e7ambas cil\u00edndricas s\u00e3o usadas para escavar, levantar e transportar terra, feno e outros materiais. As escavadeiras equipadas com ca\u00e7ambas cil\u00edndricas podem penetrar no solo, facilitando a escava\u00e7\u00e3o e a movimenta\u00e7\u00e3o de terra.<\/p>\n<h3>Considera\u00e7\u00f5es de projeto e padr\u00f5es de sele\u00e7\u00e3o<\/h3>\n<p>Os cilindros de ca\u00e7amba s\u00e3o projetados para atender a requisitos de desempenho espec\u00edficos. As principais considera\u00e7\u00f5es de projeto incluem resist\u00eancia, veda\u00e7\u00e3o, durabilidade, seguran\u00e7a e facilidade de manuten\u00e7\u00e3o, conforme discutido abaixo:<\/p>\n<ul>\n<li>Resist\u00eancia: O cilindro deve ser capaz de suportar cargas e press\u00f5es elevadas, por isso, materiais de alta resist\u00eancia s\u00e3o normalmente usados \u200b\u200bem sua constru\u00e7\u00e3o.<\/li>\n<li>Veda\u00e7\u00e3o: Os cilindros hidr\u00e1ulicos dependem de veda\u00e7\u00f5es para evitar vazamentos de fluido. Materiais especiais, como poliuretano e borracha nitr\u00edlica, s\u00e3o usados \u200b\u200bem veda\u00e7\u00f5es devido \u00e0 sua resist\u00eancia ao desgaste.<\/li>\n<li>Durabilidade: O cilindro deve ser resistente ao desgaste e \u00e0 corros\u00e3o, que podem reduzir sua vida \u00fatil e desempenho.<\/li>\n<li>Seguran\u00e7a: Recursos de seguran\u00e7a, como v\u00e1lvulas de al\u00edvio de press\u00e3o e v\u00e1lvulas de bloqueio, devem ser inclu\u00eddos no projeto para evitar acidentes.<\/li>\n<li>Facilidade de manuten\u00e7\u00e3o: Caracter\u00edsticas de projeto, como tampas remov\u00edveis e hastes roscadas, tornam a manuten\u00e7\u00e3o e o reparo de cilindros hidr\u00e1ulicos mais f\u00e1ceis.<\/li>\n<\/ul>\n<p><img decoding=\"async\" src=\"https:\/\/www.hydraulic-cylinders.net\/wp-content\/uploads\/2025\/01\/songte-oil-pipes-and-spare-parts.webp\" alt=\"Cilindro da ca\u00e7amba para JCHI NS75-7\" \/><\/p>\n<h3>Veda\u00e7\u00e3o e Lubrifica\u00e7\u00e3o<\/h3>\n<p>Os cilindros de ca\u00e7amba requerem lubrifica\u00e7\u00e3o e manuten\u00e7\u00e3o regulares para prolongar sua vida \u00fatil. Diversos tipos de veda\u00e7\u00f5es s\u00e3o utilizados para evitar vazamentos, sendo o poliuretano e a borracha nitr\u00edlica materiais populares devido \u00e0 sua durabilidade. O cilindro e a haste roscada recebem revestimentos especiais para melhorar a resist\u00eancia ao desgaste, e o \u00f3leo hidr\u00e1ulico \u00e9 utilizado para lubrificar o pist\u00e3o e outras partes m\u00f3veis. Trocas regulares de \u00f3leo s\u00e3o necess\u00e1rias para manter o fluido hidr\u00e1ulico limpo e evitar contamina\u00e7\u00e3o.<\/p>\n<h3>Manuten\u00e7\u00e3o e Reparo<\/h3>\n<p>A manuten\u00e7\u00e3o e o reparo regulares s\u00e3o essenciais para o desempenho ideal dos cilindros hidr\u00e1ulicos. As tarefas comuns de manuten\u00e7\u00e3o incluem a verifica\u00e7\u00e3o de vazamentos, a lubrifica\u00e7\u00e3o de componentes principais, a substitui\u00e7\u00e3o de veda\u00e7\u00f5es e a verifica\u00e7\u00e3o da calibra\u00e7\u00e3o. Para garantir a instala\u00e7\u00e3o correta, \u00e9 fundamental alinhar o cilindro adequadamente e utilizar suportes de montagem apropriados para fix\u00e1-lo. Os procedimentos recomendados de inspe\u00e7\u00e3o, reparo e substitui\u00e7\u00e3o devem ser seguidos para manter o desempenho ideal e prolongar a vida \u00fatil do cilindro.<\/p>\n<p><img decoding=\"async\" src=\"https:\/\/www.hydraulic-cylinders.net\/wp-content\/uploads\/2025\/01\/songte-chushion-collar.webp\" alt=\"Cilindro da ca\u00e7amba para JCHI NS75-7\" \/><\/p>\n<h3>Considera\u00e7\u00f5es de seguran\u00e7a e fatores ambientais<\/h3>\n<p>Cilindros hidr\u00e1ulicos de ca\u00e7amba podem ser perigosos se n\u00e3o forem manuseados corretamente, por isso \u00e9 essencial seguir os procedimentos de seguran\u00e7a adequados ao utiliz\u00e1-los. Os operadores devem usar equipamentos de prote\u00e7\u00e3o individual apropriados e v\u00e1lvulas de bloqueio para evitar o acionamento acidental do cilindro. Fatores ambientais como temperatura, umidade e contamina\u00e7\u00e3o tamb\u00e9m podem afetar o desempenho e a vida \u00fatil dos cilindros hidr\u00e1ulicos.<\/p>\n<h3>Solu\u00e7\u00e3o de problemas e problemas comuns<\/h3>\n<p>Problemas comuns em cilindros hidr\u00e1ulicos incluem vazamentos nas veda\u00e7\u00f5es, press\u00e3o insuficiente e danos ao corpo do cilindro. Os m\u00e9todos de diagn\u00f3stico incluem a verifica\u00e7\u00e3o de vazamentos, a inspe\u00e7\u00e3o das linhas hidr\u00e1ulicas e o teste de funcionamento adequado. As solu\u00e7\u00f5es podem incluir a substitui\u00e7\u00e3o de veda\u00e7\u00f5es, o reparo ou a substitui\u00e7\u00e3o de pe\u00e7as danificadas e o ajuste dos n\u00edveis de press\u00e3o.<\/p>\n<p><img decoding=\"async\" src=\"https:\/\/www.hydraulic-cylinders.net\/wp-content\/uploads\/2025\/01\/songte-bushings-with-all-kinds-of-excavator-models.webp\" alt=\"Cilindro da ca\u00e7amba para JCHI NS75-7\" \/><\/p>\n<h3>Sobre nossa empresa<\/h3>\n<p>Somos fabricantes de cilindros hidr\u00e1ulicos de reposi\u00e7\u00e3o com uma linha completa de produtos, consolidando-nos como um dos principais fabricantes e distribuidores de cilindros hidr\u00e1ulicos nos mercados nacional e internacional. Seguimos o princ\u00edpio da excel\u00eancia em qualidade, apoiando-nos na estrat\u00e9gia de gest\u00e3o de produ\u00e7\u00e3o industrializada de uma sofisticada oficina de fabrica\u00e7\u00e3o, aprimorando continuamente a plataforma de produ\u00e7\u00e3o, aperfei\u00e7oando a linha de produ\u00e7\u00e3o e possuindo forte capacidade de cria\u00e7\u00e3o. Com princ\u00edpios de alta efici\u00eancia, alta precis\u00e3o e alta qualidade, podemos atender \u00e0s diversas necessidades dos clientes.<\/p>\n<p>Nossa empresa possui diversas certifica\u00e7\u00f5es, incluindo ISO9001, ISO14001 e OHSAS18001, demonstrando nosso compromisso em fornecer produtos e servi\u00e7os de alta qualidade aos nossos clientes. Tamb\u00e9m oferecemos servi\u00e7os personalizados e contamos com equipamentos de produ\u00e7\u00e3o de \u00faltima gera\u00e7\u00e3o, garantindo a qualidade de nossos produtos. Nosso servi\u00e7o p\u00f3s-venda tamb\u00e9m \u00e9 excelente, com uma equipe de profissionais dedicados a fornecer suporte t\u00e9cnico e servi\u00e7os de manuten\u00e7\u00e3o para assegurar o desempenho ideal de nossos cilindros hidr\u00e1ulicos.<\/p>\n<p><img decoding=\"async\" src=\"https:\/\/hzpt.com\/wp-content\/uploads\/2024\/11\/songte-company-1.webp\" alt=\"Cilindro da ca\u00e7amba para JCHI NS75-7\" \/><\/p>\n<p>Autor: lyl<\/p>","protected":false},"excerpt":{"rendered":"<p>Bucket Cylinder For JCHI NS75-7 Introduction The Bucket Cylinder for JCHI NS75-7 is a specially designed hydraulic cylinder primarily used to control the movement of the bucket in heavy machinery such as excavators, backhoe excavators, and front-end loaders. Its main function is to enable the bucket to lift, lower, and tilt, making it convenient for [&hellip;]<\/p>","protected":false},"featured_media":14785,"comment_status":"open","ping_status":"closed","template":"","meta":{"_et_pb_use_builder":"","_et_pb_old_content":"","_et_gb_content_width":""},"product_brand":[],"product_cat":[1494],"product_tag":[1495,1496],"class_list":{"0":"post-15765","1":"product","2":"type-product","3":"status-publish","4":"has-post-thumbnail","6":"product_cat-bucket-cylinders","7":"product_tag-bucket-cylinders","8":"product_tag-hydraulic-cylinders","10":"first","11":"instock","12":"shipping-taxable","13":"product-type-simple"},"amp_enabled":true,"_links":{"self":[{"href":"https:\/\/www.hydraulic-cylinders.net\/pt\/wp-json\/wp\/v2\/product\/15765","targetHints":{"allow":["GET"]}}],"collection":[{"href":"https:\/\/www.hydraulic-cylinders.net\/pt\/wp-json\/wp\/v2\/product"}],"about":[{"href":"https:\/\/www.hydraulic-cylinders.net\/pt\/wp-json\/wp\/v2\/types\/product"}],"replies":[{"embeddable":true,"href":"https:\/\/www.hydraulic-cylinders.net\/pt\/wp-json\/wp\/v2\/comments?post=15765"}],"wp:featuredmedia":[{"embeddable":true,"href":"https:\/\/www.hydraulic-cylinders.net\/pt\/wp-json\/wp\/v2\/media\/14785"}],"wp:attachment":[{"href":"https:\/\/www.hydraulic-cylinders.net\/pt\/wp-json\/wp\/v2\/media?parent=15765"}],"wp:term":[{"taxonomy":"product_brand","embeddable":true,"href":"https:\/\/www.hydraulic-cylinders.net\/pt\/wp-json\/wp\/v2\/product_brand?post=15765"},{"taxonomy":"product_cat","embeddable":true,"href":"https:\/\/www.hydraulic-cylinders.net\/pt\/wp-json\/wp\/v2\/product_cat?post=15765"},{"taxonomy":"product_tag","embeddable":true,"href":"https:\/\/www.hydraulic-cylinders.net\/pt\/wp-json\/wp\/v2\/product_tag?post=15765"}],"curies":[{"name":"wp","href":"https:\/\/api.w.org\/{rel}","templated":true}]}}