{"id":15773,"date":"2025-01-19T14:57:44","date_gmt":"2025-01-19T14:57:44","guid":{"rendered":"https:\/\/www.hydraulic-cylinders.net\/product\/bucket-cylinder-for-jove-jv85\/"},"modified":"2025-01-19T14:57:46","modified_gmt":"2025-01-19T14:57:46","slug":"bucket-cylinder-for-jove-jv85","status":"publish","type":"product","link":"https:\/\/www.hydraulic-cylinders.net\/pt\/produto\/bucket-cylinder-for-jove-jv85\/","title":{"rendered":"Cilindro de ca\u00e7amba para Jove JV85"},"content":{"rendered":"<h1>Cilindro de ca\u00e7amba para Jove JV85<\/h1>\n<h2>Introdu\u00e7\u00e3o<\/h2>\n<p>O cilindro da ca\u00e7amba da Jove JV85 \u00e9 um cilindro hidr\u00e1ulico especializado, projetado principalmente para controlar o movimento da ca\u00e7amba em m\u00e1quinas pesadas, como escavadeiras, retroescavadeiras e p\u00e1s carregadeiras. Sua fun\u00e7\u00e3o principal \u00e9 permitir que a ca\u00e7amba realize opera\u00e7\u00f5es de eleva\u00e7\u00e3o, abaixamento e inclina\u00e7\u00e3o, facilitando diversas tarefas de movimenta\u00e7\u00e3o de materiais. No sistema hidr\u00e1ulico, o cilindro da ca\u00e7amba proporciona um controle preciso da ca\u00e7amba por meio de varia\u00e7\u00f5es na press\u00e3o do \u00f3leo hidr\u00e1ulico, permitindo que os operadores manuseiem cargas pesadas com efici\u00eancia e se adaptem a ambientes de trabalho complexos e diversas necessidades operacionais.<\/p>\n<p><img decoding=\"async\" src=\"https:\/\/www.hydraulic-cylinders.net\/wp-content\/uploads\/2025\/01\/songte-company-2.webp\" alt=\"Cilindro de ca\u00e7amba para Jove JV85\"><\/p>\n<h2>Caracter\u00edsticas do produto<\/h2>\n<ul>\n<li>\n<h3>Alta resist\u00eancia e durabilidade<\/h3>\n<p>O cilindro da ca\u00e7amba \u00e9 normalmente feito de a\u00e7o ou alum\u00ednio de alta resist\u00eancia, capaz de suportar alta press\u00e3o e cargas pesadas, e \u00e9 projetado com foco na resist\u00eancia ao desgaste e \u00e0 corros\u00e3o, prolongando sua vida \u00fatil.<\/p>\n<\/li>\n<li>\n<h3>Opera\u00e7\u00e3o Hidr\u00e1ulica Eficiente<\/h3>\n<p>O cilindro da ca\u00e7amba utiliza a press\u00e3o do \u00f3leo hidr\u00e1ulico para realizar movimentos suaves de extens\u00e3o e contra\u00e7\u00e3o, com capacidade de resposta r\u00e1pida aos comandos de controle, proporcionando uma for\u00e7a de empurrar e puxar potente, adequada para o manuseio de cargas pesadas e tarefas operacionais complexas.<\/p>\n<\/li>\n<li>\n<h3>V\u00e1rios tipos<\/h3>\n<p>O cilindro da ca\u00e7amba pode ser selecionado como de a\u00e7\u00e3o simples (sistema hidr\u00e1ulico utilizado apenas em uma dire\u00e7\u00e3o) ou de a\u00e7\u00e3o dupla (sistema hidr\u00e1ulico utilizado em ambas as dire\u00e7\u00f5es), de acordo com as necessidades operacionais. Alguns modelos s\u00e3o telesc\u00f3picos, permitindo maior extens\u00e3o sem aumentar as dimens\u00f5es externas, o que os torna adequados para aplica\u00e7\u00f5es com espa\u00e7o limitado.<\/p>\n<\/li>\n<li>\n<h3>Capacidade de Produ\u00e7\u00e3o<\/h3>\n<p>Podemos produzir o produto e nosso cilindro de ca\u00e7amba pode substituir perfeitamente esses cilindros hidr\u00e1ulicos.<\/p>\n<p>        <img decoding=\"async\" src=\"https:\/\/www.hydraulic-cylinders.net\/wp-content\/uploads\/2025\/01\/songte-cylinder-head-with-all-kinds-excavator-models.webp\" alt=\"Cilindro de ca\u00e7amba para Jove JV85\">\n    <\/li>\n<li>\n<h3>Cen\u00e1rios de Aplica\u00e7\u00e3o<\/h3>\n<p>O cilindro de ca\u00e7amba \u00e9 amplamente utilizado em diversos cen\u00e1rios, incluindo:<\/p>\n<ul>\n<li>Equipamentos de constru\u00e7\u00e3o: Em escavadeiras, s\u00e3o essenciais para escavar, carregar e movimentar solo ou entulho. Em retroescavadeiras, o cilindro da ca\u00e7amba auxilia tanto na escava\u00e7\u00e3o quanto no levantamento. <\/li>\n<li>M\u00e1quinas agr\u00edcolas: usadas em carregadeiras frontais para recolher, levantar e transportar solo, feno e outros materiais. <\/li>\n<li>Escavadeiras: O cilindro da ca\u00e7amba realiza a a\u00e7\u00e3o de escava\u00e7\u00e3o permitindo que a ca\u00e7amba penetre no solo.<\/li>\n<li>Carregadeiras: Nas carregadeiras frontais, elas auxiliam no levantamento e despejo eficiente de mercadorias.<\/li>\n<\/ul>\n<\/li>\n<\/ul>\n<h2>Considera\u00e7\u00f5es de design e crit\u00e9rios de sele\u00e7\u00e3o<\/h2>\n<ul>\n<li>\n<h3>Capacidade de carga<\/h3>\n<p>O cilindro da ca\u00e7amba deve ser projetado para suportar a capacidade de carga especificada, garantindo uma opera\u00e7\u00e3o segura e confi\u00e1vel. A capacidade de carga deve ser considerada durante a sele\u00e7\u00e3o e o projeto do cilindro.<\/p>\n<\/li>\n<li>\n<h3>Selagem<\/h3>\n<p>O cilindro da ca\u00e7amba deve ser vedado para evitar vazamentos de \u00f3leo hidr\u00e1ulico e garantir uma opera\u00e7\u00e3o eficiente. Diversos componentes de veda\u00e7\u00e3o, como veda\u00e7\u00f5es de pist\u00e3o, veda\u00e7\u00f5es de haste, etc., feitos de materiais resistentes ao desgaste, como poliuretano e borracha nitr\u00edlica, devem ser cuidadosamente selecionados para melhorar o desempenho da veda\u00e7\u00e3o do cilindro.<\/p>\n<\/li>\n<li>\n<h3>Durabilidade<\/h3>\n<p>O cilindro da ca\u00e7amba deve ser suficientemente resistente para suportar o ambiente de trabalho severo. O corpo do cilindro e a superf\u00edcie roscada da extremidade devem ser cuidadosamente usinados para melhorar sua resist\u00eancia ao desgaste, e a lubrifica\u00e7\u00e3o regular deve ser realizada para prolongar sua vida \u00fatil.<\/p>\n<\/li>\n<li>\n<h3>Seguran\u00e7a<\/h3>\n<p>O cilindro da ca\u00e7amba deve ser projetado e fabricado para garantir a seguran\u00e7a do operador. Os fatores de seguran\u00e7a do cilindro devem ser analisados \u200b\u200be dimensionados para atender \u00e0s normas de seguran\u00e7a pertinentes.<\/p>\n<\/li>\n<li>\n<h3>Manutenibilidade<\/h3>\n<p>O cilindro da ca\u00e7amba deve ser projetado levando em considera\u00e7\u00e3o a facilidade de manuten\u00e7\u00e3o, para simplificar os trabalhos de reparo. Os procedimentos de manuten\u00e7\u00e3o e reparo do cilindro devem ser documentados, e pe\u00e7as de reposi\u00e7\u00e3o e servi\u00e7os de recondicionamento devem estar dispon\u00edveis para garantir o bom funcionamento.<\/p>\n<p>        <img decoding=\"async\" src=\"https:\/\/www.hydraulic-cylinders.net\/wp-content\/uploads\/2025\/01\/songte-oil-pipes-and-spare-parts.webp\" alt=\"Cilindro de ca\u00e7amba para Jove JV85\">\n    <\/li>\n<\/ul>\n<h2>Veda\u00e7\u00e3o e Lubrifica\u00e7\u00e3o<\/h2>\n<p>O cilindro da ca\u00e7amba utiliza diversos componentes de veda\u00e7\u00e3o para evitar vazamentos de \u00f3leo hidr\u00e1ulico, como veda\u00e7\u00f5es de pist\u00e3o, veda\u00e7\u00f5es de haste, etc., fabricados com materiais resistentes ao desgaste, como poliuretano e borracha nitr\u00edlica. O corpo do cilindro e a superf\u00edcie roscada da extremidade s\u00e3o cuidadosamente processados \u200b\u200bpara melhorar sua resist\u00eancia ao desgaste, e \u00e9 necess\u00e1rio lubrific\u00e1-lo regularmente com \u00f3leo hidr\u00e1ulico para garantir seu funcionamento suave e eficiente.<\/p>\n<h2>Manuten\u00e7\u00e3o e Reparo<\/h2>\n<p>Inspe\u00e7\u00f5es regulares, lubrifica\u00e7\u00e3o adequada, substitui\u00e7\u00e3o de veda\u00e7\u00f5es e verifica\u00e7\u00f5es de calibra\u00e7\u00e3o s\u00e3o tarefas comuns de manuten\u00e7\u00e3o do cilindro da ca\u00e7amba. A instala\u00e7\u00e3o, lubrifica\u00e7\u00e3o e ajuste corretos s\u00e3o essenciais, e orienta\u00e7\u00f5es de alinhamento adequadas devem ser fornecidas durante a instala\u00e7\u00e3o. Recomenda-se o uso de suportes de instala\u00e7\u00e3o adequados para fixar o cilindro e melhorar sua estabilidade. Os procedimentos recomendados de inspe\u00e7\u00e3o, reparo e substitui\u00e7\u00e3o devem ser seguidos para maximizar a vida \u00fatil do cilindro.<\/p>\n<ul>\n<li>\n<h3>Inspe\u00e7\u00e3o regular<\/h3>\n<p>\u00c9 necess\u00e1rio realizar inspe\u00e7\u00f5es regulares para detectar qualquer desgaste, vazamento ou outros danos no cilindro, que possam afetar seu desempenho e seguran\u00e7a. As inspe\u00e7\u00f5es devem ser realizadas em intervalos regulares para garantir o funcionamento correto do cilindro.<\/p>\n<\/li>\n<li>\n<h3>Lubrifica\u00e7\u00e3o adequada<\/h3>\n<p>A lubrifica\u00e7\u00e3o regular \u00e9 necess\u00e1ria para manter o cilindro funcionando de forma suave e eficiente. Uma lubrifica\u00e7\u00e3o adequada pode reduzir o desgaste e evitar vazamentos, prolongando assim a vida \u00fatil do cilindro. <\/p>\n<\/li>\n<li>\n<h3>Substitui\u00e7\u00e3o do selo e verifica\u00e7\u00e3o da calibra\u00e7\u00e3o<\/h3>\n<p>A substitui\u00e7\u00e3o da veda\u00e7\u00e3o e a verifica\u00e7\u00e3o da calibra\u00e7\u00e3o s\u00e3o essenciais para manter o desempenho da veda\u00e7\u00e3o do cilindro e garantir seu funcionamento confi\u00e1vel. A substitui\u00e7\u00e3o da veda\u00e7\u00e3o deve ser realizada quando esta estiver gasta ou danificada, e as verifica\u00e7\u00f5es de calibra\u00e7\u00e3o devem ser feitas periodicamente para garantir que o cilindro opere dentro da faixa especificada. <\/p>\n<\/li>\n<\/ul>\n<p>A instala\u00e7\u00e3o, lubrifica\u00e7\u00e3o e ajuste corretos s\u00e3o cruciais. Deve-se fornecer orienta\u00e7\u00f5es adequadas de alinhamento durante a instala\u00e7\u00e3o. Recomenda-se o uso de suportes de instala\u00e7\u00e3o apropriados para fixar o cilindro e melhorar sua estabilidade. Os procedimentos recomendados de inspe\u00e7\u00e3o, reparo e substitui\u00e7\u00e3o devem ser seguidos para maximizar a vida \u00fatil do cilindro.<\/p>\n<p><img decoding=\"async\" src=\"https:\/\/www.hydraulic-cylinders.net\/wp-content\/uploads\/2025\/01\/songte-chushion-collar.webp\" alt=\"Cilindro de ca\u00e7amba para Jove JV85\"><\/p>\n<h2>Considera\u00e7\u00f5es de seguran\u00e7a e fatores ambientais<\/h2>\n<p>Ao utilizar o cilindro de balde, devem ser tomadas precau\u00e7\u00f5es de seguran\u00e7a para evitar acidentes e les\u00f5es. Medidas de seguran\u00e7a como vestu\u00e1rio de prote\u00e7\u00e3o, treinamento adequado e manuten\u00e7\u00e3o regular devem ser seguidas para garantir uma opera\u00e7\u00e3o segura e confi\u00e1vel. Al\u00e9m disso, fatores ambientais como temperatura, umidade e detritos devem ser considerados na sele\u00e7\u00e3o e no projeto do cilindro.<\/p>\n<h2>Diagn\u00f3stico de falhas e solu\u00e7\u00e3o de problemas<\/h2>\n<p>As falhas mais comuns no cilindro da ca\u00e7amba incluem vazamento de \u00f3leo, press\u00e3o insuficiente e incapacidade de estender ou retrair. O diagn\u00f3stico de falhas deve ser realizado de forma sistem\u00e1tica, seguindo os procedimentos de solu\u00e7\u00e3o de problemas recomendados. Devem ser tomadas medidas preventivas adequadas para minimizar poss\u00edveis problemas.<\/p>\n<p><img decoding=\"async\" src=\"https:\/\/www.hydraulic-cylinders.net\/wp-content\/uploads\/2025\/01\/songte-bushings-with-all-kinds-of-excavator-models.webp\" alt=\"Cilindro de ca\u00e7amba para Jove JV85\"><\/p>\n<h2>Sobre nossa empresa<\/h2>\n<p>Somos fabricantes de cilindros hidr\u00e1ulicos de reposi\u00e7\u00e3o com uma linha completa de produtos, consolidando-nos como um dos principais fabricantes e distribuidores atacadistas de cilindros hidr\u00e1ulicos nos mercados nacional e internacional. Primamos pela excel\u00eancia em qualidade, utilizando estrat\u00e9gias de gest\u00e3o de produ\u00e7\u00e3o industrializada em instala\u00e7\u00f5es de fabrica\u00e7\u00e3o de alta precis\u00e3o. Aprimoramos continuamente nossa plataforma de produ\u00e7\u00e3o, investindo em profissionais altamente qualificados, equipamentos digitais de \u00faltima gera\u00e7\u00e3o e sistemas de teste profissionais, aperfei\u00e7oando o processo produtivo e garantindo a qualidade dos produtos. Possu\u00edmos uma forte capacidade de produ\u00e7\u00e3o eficiente, precisa e de alta qualidade para atender \u00e0s diversas necessidades de nossos clientes.<\/p>\n<ul>\n<li>\n<h3>Profissionalismo<\/h3>\n<p>Nossa empresa se dedica \u00e0 produ\u00e7\u00e3o de cilindros hidr\u00e1ulicos, possuindo vasta experi\u00eancia produtiva, forte capacidade t\u00e9cnica e uma equipe profissional de engenheiros e t\u00e9cnicos especializados no setor.<\/p>\n<\/li>\n<li>\n<h3>Certifica\u00e7\u00e3o Internacional<\/h3>\n<p>Nossos produtos possuem certifica\u00e7\u00e3o internacional, como ISO9001, CE, etc., garantindo sua qualidade e seguran\u00e7a.<\/p>\n<\/li>\n<li>\n<h3>Servi\u00e7o de Personaliza\u00e7\u00e3o<\/h3>\n<p>Oferecemos servi\u00e7os de personaliza\u00e7\u00e3o para atender \u00e0s diversas necessidades dos clientes, e nossos produtos podem ser personalizados de acordo com diferentes especifica\u00e7\u00f5es e padr\u00f5es.<\/p>\n<\/li>\n<li>\n<h3>Equipamentos de produ\u00e7\u00e3o<\/h3>\n<p>Nossa empresa utiliza equipamentos de produ\u00e7\u00e3o e t\u00e9cnicas de fabrica\u00e7\u00e3o avan\u00e7adas para garantir a qualidade e a efici\u00eancia do produto.<\/p>\n<\/li>\n<li>\n<h3>Servi\u00e7o p\u00f3s-venda<\/h3>\n<p>Oferecemos servi\u00e7os p\u00f3s-venda aos nossos clientes, incluindo instala\u00e7\u00e3o, manuten\u00e7\u00e3o e reparo dos produtos, para garantir o bom funcionamento dos mesmos.<\/p>\n<p>        <img decoding=\"async\" src=\"https:\/\/hzpt.com\/wp-content\/uploads\/2024\/11\/songte-company-1.webp\" alt=\"Cilindro de ca\u00e7amba para Jove JV85\">\n    <\/li>\n<\/ul>\n<p>Autor: lyl<\/p>","protected":false},"excerpt":{"rendered":"<p>Bucket Cylinder For Jove JV85 Introduction The bucket cylinder for Jove JV85 is a specialized hydraulic cylinder designed mainly to control the movement of the bucket in heavy machinery such as excavators, backhoe excavators, and front-end loaders. Its primary function is to enable the bucket to perform lifting, lowering, and tilting, thus facilitating various material [&hellip;]<\/p>","protected":false},"featured_media":14769,"comment_status":"open","ping_status":"closed","template":"","meta":{"_et_pb_use_builder":"","_et_pb_old_content":"","_et_gb_content_width":""},"product_brand":[],"product_cat":[1494],"product_tag":[1495,1496],"class_list":{"0":"post-15773","1":"product","2":"type-product","3":"status-publish","4":"has-post-thumbnail","6":"product_cat-bucket-cylinders","7":"product_tag-bucket-cylinders","8":"product_tag-hydraulic-cylinders","10":"first","11":"instock","12":"shipping-taxable","13":"product-type-simple"},"amp_enabled":true,"_links":{"self":[{"href":"https:\/\/www.hydraulic-cylinders.net\/pt\/wp-json\/wp\/v2\/product\/15773","targetHints":{"allow":["GET"]}}],"collection":[{"href":"https:\/\/www.hydraulic-cylinders.net\/pt\/wp-json\/wp\/v2\/product"}],"about":[{"href":"https:\/\/www.hydraulic-cylinders.net\/pt\/wp-json\/wp\/v2\/types\/product"}],"replies":[{"embeddable":true,"href":"https:\/\/www.hydraulic-cylinders.net\/pt\/wp-json\/wp\/v2\/comments?post=15773"}],"wp:featuredmedia":[{"embeddable":true,"href":"https:\/\/www.hydraulic-cylinders.net\/pt\/wp-json\/wp\/v2\/media\/14769"}],"wp:attachment":[{"href":"https:\/\/www.hydraulic-cylinders.net\/pt\/wp-json\/wp\/v2\/media?parent=15773"}],"wp:term":[{"taxonomy":"product_brand","embeddable":true,"href":"https:\/\/www.hydraulic-cylinders.net\/pt\/wp-json\/wp\/v2\/product_brand?post=15773"},{"taxonomy":"product_cat","embeddable":true,"href":"https:\/\/www.hydraulic-cylinders.net\/pt\/wp-json\/wp\/v2\/product_cat?post=15773"},{"taxonomy":"product_tag","embeddable":true,"href":"https:\/\/www.hydraulic-cylinders.net\/pt\/wp-json\/wp\/v2\/product_tag?post=15773"}],"curies":[{"name":"wp","href":"https:\/\/api.w.org\/{rel}","templated":true}]}}