{"id":15788,"date":"2025-01-19T14:59:11","date_gmt":"2025-01-19T14:59:11","guid":{"rendered":"https:\/\/www.hydraulic-cylinders.net\/product\/bucket-cylinder-for-sgzg-sd25-9\/"},"modified":"2025-01-19T14:59:13","modified_gmt":"2025-01-19T14:59:13","slug":"bucket-cylinder-for-sgzg-sd25-9","status":"publish","type":"product","link":"https:\/\/www.hydraulic-cylinders.net\/pt\/produto\/bucket-cylinder-for-sgzg-sd25-9\/","title":{"rendered":"Cilindro da ca\u00e7amba para SGZG SD25-9"},"content":{"rendered":"<h1>Cilindro da ca\u00e7amba para SGZG SD25-9<\/h1>\n<h2>Introdu\u00e7\u00e3o<\/h2>\n<p>O cilindro da ca\u00e7amba \u00e9 um cilindro hidr\u00e1ulico especializado, projetado para controlar o movimento da ca\u00e7amba em m\u00e1quinas pesadas, como escavadeiras, retroescavadeiras e p\u00e1s carregadeiras. Sua principal fun\u00e7\u00e3o \u00e9 permitir que a ca\u00e7amba seja levantada, abaixada e inclinada, facilitando o manuseio de diversos materiais. No sistema hidr\u00e1ulico, o cilindro da ca\u00e7amba utiliza as varia\u00e7\u00f5es na press\u00e3o do \u00f3leo hidr\u00e1ulico para obter um controle preciso da ca\u00e7amba, permitindo que os operadores manuseiem objetos pesados \u200b\u200bcom efici\u00eancia, adaptem-se a ambientes de trabalho complexos e a diversas necessidades operacionais.<\/p>\n<p><img decoding=\"async\" src=\"https:\/\/www.hydraulic-cylinders.net\/wp-content\/uploads\/2025\/01\/songte-company-2.webp\" alt=\"Cilindro da ca\u00e7amba para SGZG SD25-9\" \/><\/p>\n<h2>Caracter\u00edsticas<\/h2>\n<ul>\n<li>Alta resist\u00eancia e durabilidade: Normalmente fabricados em a\u00e7o ou alum\u00ednio de alta resist\u00eancia, os cilindros de ca\u00e7amba suportam alta press\u00e3o e cargas pesadas, adaptam-se a ambientes de trabalho severos e s\u00e3o projetados para resist\u00eancia ao desgaste e \u00e0 corros\u00e3o, prolongando sua vida \u00fatil.<\/li>\n<li>Opera\u00e7\u00e3o hidr\u00e1ulica eficiente: As a\u00e7\u00f5es de extens\u00e3o e retra\u00e7\u00e3o suaves s\u00e3o obtidas atrav\u00e9s da press\u00e3o do \u00f3leo hidr\u00e1ulico, proporcionando for\u00e7as de empurrar e puxar potentes e respondendo rapidamente aos comandos de controle, o que as torna adequadas para o manuseio de objetos pesados \u200b\u200be tarefas complexas.<\/li>\n<li>Diversos tipos: Cilindros de a\u00e7\u00e3o simples (que utilizam o sistema hidr\u00e1ulico em apenas uma dire\u00e7\u00e3o) ou de a\u00e7\u00e3o dupla (que utilizam o sistema hidr\u00e1ulico em duas dire\u00e7\u00f5es) podem ser selecionados de acordo com a necessidade para atender a diferentes requisitos operacionais. Alguns modelos s\u00e3o telesc\u00f3picos, permitindo maior extens\u00e3o sem aumentar as dimens\u00f5es externas, o que os torna adequados para aplica\u00e7\u00f5es com espa\u00e7o limitado.<\/li>\n<li>Intercambi\u00e1veis: Nossos produtos podem substituir perfeitamente esses cilindros hidr\u00e1ulicos.<\/li>\n<\/ul>\n<p><img decoding=\"async\" src=\"https:\/\/www.hydraulic-cylinders.net\/wp-content\/uploads\/2025\/01\/songte-cylinder-head-with-all-kinds-excavator-models.webp\" alt=\"Cilindro da ca\u00e7amba para SGZG SD25-9\" \/><\/p>\n<h2>Aplica\u00e7\u00f5es<\/h2>\n<h3>Equipamentos de constru\u00e7\u00e3o<\/h3>\n<p>Em escavadeiras, s\u00e3o essenciais para escavar, carregar e movimentar solo ou entulho. Em retroescavadeiras, os cilindros da ca\u00e7amba auxiliam tanto na escava\u00e7\u00e3o quanto no levantamento. Tamb\u00e9m s\u00e3o utilizados em p\u00e1s carregadeiras para recolher, levantar e transportar solo, feno e outros materiais.<\/p>\n<h3>Maquinaria agr\u00edcola<\/h3>\n<p>Os cilindros de ca\u00e7amba s\u00e3o usados \u200b\u200bem p\u00e1s carregadeiras frontais para escavar, levantar e transportar terra, feno e outros materiais. Em escavadeiras, o cilindro de ca\u00e7amba realiza a escava\u00e7\u00e3o, permitindo que a ca\u00e7amba penetre no solo. Em p\u00e1s carregadeiras frontais, eles auxiliam no despejo e nivelamento eficientes da carga.<\/p>\n<h2>Considera\u00e7\u00f5es de design e crit\u00e9rios de sele\u00e7\u00e3o<\/h2>\n<ul>\n<li>Capacidade de carga: O cilindro da ca\u00e7amba deve ser projetado para suportar cargas e press\u00f5es elevadas.<\/li>\n<li>Veda\u00e7\u00e3o: Diversos componentes de veda\u00e7\u00e3o, como an\u00e9is de veda\u00e7\u00e3o do pist\u00e3o e an\u00e9is de veda\u00e7\u00e3o da haste, s\u00e3o utilizados para evitar vazamentos de \u00f3leo e garantir uma opera\u00e7\u00e3o eficiente.<\/li>\n<li>Durabilidade: O corpo do cilindro e a superf\u00edcie da extremidade da rosca s\u00e3o finamente processados \u200b\u200bpara melhorar a resist\u00eancia ao desgaste.<\/li>\n<li>Seguran\u00e7a: Devem ser tomadas as medidas de seguran\u00e7a adequadas para prevenir acidentes durante a opera\u00e7\u00e3o.<\/li>\n<li>Manuten\u00e7\u00e3o: O cilindro deve ser projetado para facilitar a manuten\u00e7\u00e3o, com f\u00e1cil acesso aos componentes substitu\u00edveis e lubrifica\u00e7\u00e3o regular.<\/li>\n<\/ul>\n<p><img decoding=\"async\" src=\"https:\/\/www.hydraulic-cylinders.net\/wp-content\/uploads\/2025\/01\/songte-oil-pipes-and-spare-parts.webp\" alt=\"Cilindro da ca\u00e7amba para SGZG SD25-9\" \/><\/p>\n<h2>Veda\u00e7\u00e3o e Lubrifica\u00e7\u00e3o<\/h2>\n<p>Diversos componentes de veda\u00e7\u00e3o s\u00e3o utilizados para evitar vazamentos de \u00f3leo e garantir o funcionamento eficiente do cilindro da ca\u00e7amba. Materiais como poliuretano e borracha nitr\u00edlica s\u00e3o comumente usados \u200b\u200bpara os an\u00e9is de veda\u00e7\u00e3o. O corpo do cilindro e a superf\u00edcie da extremidade da rosca s\u00e3o finamente usinados para melhorar a resist\u00eancia ao desgaste. A lubrifica\u00e7\u00e3o regular \u00e9 necess\u00e1ria para manter o cilindro lubrificado e garantir seu funcionamento eficiente.<\/p>\n<h2>Manuten\u00e7\u00e3o e Reparo<\/h2>\n<p>A manuten\u00e7\u00e3o regular e as medidas preventivas s\u00e3o importantes para prolongar a vida \u00fatil do cilindro da ca\u00e7amba. As tarefas comuns de manuten\u00e7\u00e3o incluem verifica\u00e7\u00f5es regulares, lubrifica\u00e7\u00e3o adequada, substitui\u00e7\u00e3o de veda\u00e7\u00f5es e verifica\u00e7\u00f5es de calibra\u00e7\u00e3o. A instala\u00e7\u00e3o correta do cilindro tamb\u00e9m \u00e9 importante, com orienta\u00e7\u00f5es de alinhamento adequadas para garantir seu funcionamento eficiente. Recomenda-se o uso de suportes de instala\u00e7\u00e3o apropriados para fixar o cilindro. S\u00e3o fornecidos procedimentos recomendados de inspe\u00e7\u00e3o, reparo e substitui\u00e7\u00e3o, bem como dicas para aumentar a vida \u00fatil do cilindro da ca\u00e7amba.<\/p>\n<p><img decoding=\"async\" src=\"https:\/\/www.hydraulic-cylinders.net\/wp-content\/uploads\/2025\/01\/songte-chushion-collar.webp\" alt=\"Cilindro da ca\u00e7amba para SGZG SD25-9\" \/><\/p>\n<h2>Considera\u00e7\u00f5es sobre seguran\u00e7a e meio ambiente<\/h2>\n<p>Devem ser tomadas as medidas de seguran\u00e7a adequadas durante a instala\u00e7\u00e3o e opera\u00e7\u00e3o do cilindro de ca\u00e7amba para evitar acidentes. Os fatores ambientais tamb\u00e9m devem ser considerados durante a opera\u00e7\u00e3o para minimizar o impacto no meio ambiente circundante.<\/p>\n<h2>Diagn\u00f3stico e solu\u00e7\u00e3o de problemas<\/h2>\n<p>Problemas comuns que podem surgir com cilindros de ca\u00e7amba incluem vazamento de \u00f3leo, press\u00e3o insuficiente e ru\u00eddos anormais durante a opera\u00e7\u00e3o. Dicas e solu\u00e7\u00f5es para a resolu\u00e7\u00e3o desses problemas s\u00e3o fornecidas para ajudar os leitores a diagnosticar e solucionar essas quest\u00f5es com efic\u00e1cia.<\/p>\n<p><img decoding=\"async\" src=\"https:\/\/www.hydraulic-cylinders.net\/wp-content\/uploads\/2025\/01\/songte-bushings-with-all-kinds-of-excavator-models.webp\" alt=\"Cilindro da ca\u00e7amba para SGZG SD25-9\" \/><\/p>\n<h2>Sobre nossa empresa<\/h2>\n<p>Somos fabricantes de cilindros hidr\u00e1ulicos e possu\u00edmos uma linha completa de produtos. Somos um dos principais fabricantes e distribuidores atacadistas de cilindros hidr\u00e1ulicos nos mercados nacional e internacional. Seguimos o princ\u00edpio da excel\u00eancia em qualidade e nos baseamos em estrat\u00e9gias de gest\u00e3o de produ\u00e7\u00e3o industrializada em instala\u00e7\u00f5es de fabrica\u00e7\u00e3o de alta precis\u00e3o. Com o uso de talentos t\u00e9cnicos, equipamentos de fabrica\u00e7\u00e3o digital de \u00faltima gera\u00e7\u00e3o e sistemas de teste profissionais, aprimoramos continuamente a plataforma de produ\u00e7\u00e3o da f\u00e1brica, elevando a qualidade dos produtos e consolidando uma forte capacidade de inova\u00e7\u00e3o. Atendemos \u00e0s diversas necessidades dos clientes, seguindo os princ\u00edpios de alta efici\u00eancia, alta precis\u00e3o e alta qualidade.<\/p>\n<p>Oferecemos servi\u00e7os profissionais, com certifica\u00e7\u00e3o internacional e personalizados. Possu\u00edmos equipamentos de produ\u00e7\u00e3o avan\u00e7ados e fornecemos um servi\u00e7o p\u00f3s-venda de alta qualidade.<\/p>\n<p><img decoding=\"async\" src=\"https:\/\/www.hydraulic-cylinders.net\/wp-content\/uploads\/2025\/01\/songte-company-3.webp\" alt=\"Cilindro da ca\u00e7amba para SGZG SD25-9\" \/><\/p>\n<p>Autor: lyl<\/p>","protected":false},"excerpt":{"rendered":"<p>Bucket Cylinder for SGZG SD25-9 Introduction A bucket cylinder is a specialized hydraulic cylinder designed to control the movement of buckets in heavy machinery such as excavators, backhoe loaders, and front loaders. Its main function is to enable the bucket to be lifted, lowered, and tilted, making it easier to handle various material transport tasks. [&hellip;]<\/p>","protected":false},"featured_media":14769,"comment_status":"open","ping_status":"closed","template":"","meta":{"_et_pb_use_builder":"","_et_pb_old_content":"","_et_gb_content_width":""},"product_brand":[],"product_cat":[1494],"product_tag":[1495,1496],"class_list":{"0":"post-15788","1":"product","2":"type-product","3":"status-publish","4":"has-post-thumbnail","6":"product_cat-bucket-cylinders","7":"product_tag-bucket-cylinders","8":"product_tag-hydraulic-cylinders","10":"first","11":"instock","12":"shipping-taxable","13":"product-type-simple"},"amp_enabled":true,"_links":{"self":[{"href":"https:\/\/www.hydraulic-cylinders.net\/pt\/wp-json\/wp\/v2\/product\/15788","targetHints":{"allow":["GET"]}}],"collection":[{"href":"https:\/\/www.hydraulic-cylinders.net\/pt\/wp-json\/wp\/v2\/product"}],"about":[{"href":"https:\/\/www.hydraulic-cylinders.net\/pt\/wp-json\/wp\/v2\/types\/product"}],"replies":[{"embeddable":true,"href":"https:\/\/www.hydraulic-cylinders.net\/pt\/wp-json\/wp\/v2\/comments?post=15788"}],"wp:featuredmedia":[{"embeddable":true,"href":"https:\/\/www.hydraulic-cylinders.net\/pt\/wp-json\/wp\/v2\/media\/14769"}],"wp:attachment":[{"href":"https:\/\/www.hydraulic-cylinders.net\/pt\/wp-json\/wp\/v2\/media?parent=15788"}],"wp:term":[{"taxonomy":"product_brand","embeddable":true,"href":"https:\/\/www.hydraulic-cylinders.net\/pt\/wp-json\/wp\/v2\/product_brand?post=15788"},{"taxonomy":"product_cat","embeddable":true,"href":"https:\/\/www.hydraulic-cylinders.net\/pt\/wp-json\/wp\/v2\/product_cat?post=15788"},{"taxonomy":"product_tag","embeddable":true,"href":"https:\/\/www.hydraulic-cylinders.net\/pt\/wp-json\/wp\/v2\/product_tag?post=15788"}],"curies":[{"name":"wp","href":"https:\/\/api.w.org\/{rel}","templated":true}]}}