{"id":15790,"date":"2025-01-19T14:59:20","date_gmt":"2025-01-19T14:59:20","guid":{"rendered":"https:\/\/www.hydraulic-cylinders.net\/product\/bucket-cylinder-for-tyhi-wyd260\/"},"modified":"2025-01-19T14:59:28","modified_gmt":"2025-01-19T14:59:28","slug":"bucket-cylinder-for-tyhi-wyd260","status":"publish","type":"product","link":"https:\/\/www.hydraulic-cylinders.net\/pt\/produto\/bucket-cylinder-for-tyhi-wyd260\/","title":{"rendered":"Cilindro da ca\u00e7amba para TYHI WYD260"},"content":{"rendered":"<p><!DOCTYPE html><br \/>\n<html><br \/>\n<head><br \/>\n<title>Cilindro da ca\u00e7amba para TYHI WYD260<\/title><br \/>\n<\/head><br \/>\n<body><\/p>\n<h1>Cilindro da ca\u00e7amba para TYHI WYD260<\/h1>\n<h2>Introdu\u00e7\u00e3o<\/h2>\n<p>O cilindro da ca\u00e7amba \u00e9 um cilindro hidr\u00e1ulico especialmente projetado para controlar o movimento da ca\u00e7amba em m\u00e1quinas pesadas, como escavadeiras, retroescavadeiras e p\u00e1s carregadeiras. Sua principal fun\u00e7\u00e3o \u00e9 permitir o levantamento, abaixamento e inclina\u00e7\u00e3o da ca\u00e7amba, facilitando diversas tarefas de movimenta\u00e7\u00e3o de materiais. No sistema hidr\u00e1ulico, o cilindro da ca\u00e7amba proporciona um controle preciso da ca\u00e7amba por meio das varia\u00e7\u00f5es de press\u00e3o do \u00f3leo hidr\u00e1ulico, permitindo que os operadores manuseiem cargas pesadas com efici\u00eancia e se adaptem a ambientes de trabalho complexos e diversas exig\u00eancias da tarefa.<\/p>\n<p><img decoding=\"async\" src=\"https:\/\/www.hydraulic-cylinders.net\/wp-content\/uploads\/2025\/01\/songte-company-2.webp\" alt=\"Imagem do cilindro da ca\u00e7amba\"><\/p>\n<h2>Caracter\u00edsticas<\/h2>\n<ul>\n<li>Alta resist\u00eancia e durabilidade: Normalmente fabricado em a\u00e7o ou alum\u00ednio de alta resist\u00eancia, capaz de suportar alta press\u00e3o e cargas pesadas, adaptando-se a condi\u00e7\u00f5es de trabalho severas. Projetado com foco na resist\u00eancia ao desgaste e \u00e0 corros\u00e3o para prolongar a vida \u00fatil.<\/li>\n<li>Opera\u00e7\u00e3o hidr\u00e1ulica eficiente: Utiliza a press\u00e3o do \u00f3leo hidr\u00e1ulico para realizar movimentos suaves de extens\u00e3o e retra\u00e7\u00e3o, respondendo rapidamente aos comandos de controle e fornecendo for\u00e7as de empurrar e puxar potentes, adequadas para lidar com cargas pesadas e tarefas complexas.<\/li>\n<li>Diversos tipos: Podem ser selecionados como cilindros de a\u00e7\u00e3o simples (press\u00e3o hidr\u00e1ulica aplicada em apenas uma dire\u00e7\u00e3o) ou de a\u00e7\u00e3o dupla (press\u00e3o hidr\u00e1ulica aplicada em ambas as dire\u00e7\u00f5es), de acordo com as necessidades, para atender a diferentes requisitos operacionais. Alguns modelos s\u00e3o telesc\u00f3picos, permitindo maior extens\u00e3o sem aumentar as dimens\u00f5es externas, adequados para aplica\u00e7\u00f5es com espa\u00e7o limitado.<\/li>\n<li>Substitui\u00e7\u00e3o perfeita: Nossos produtos podem substituir perfeitamente esses cilindros hidr\u00e1ulicos.<\/li>\n<\/ul>\n<p><img decoding=\"async\" src=\"https:\/\/www.hydraulic-cylinders.net\/wp-content\/uploads\/2025\/01\/songte-cylinder-head-with-all-kinds-excavator-models.webp\" alt=\"Imagem de substitui\u00e7\u00e3o do produto\"><\/p>\n<h2>Aplica\u00e7\u00f5es<\/h2>\n<p>O cilindro de ca\u00e7amba encontra aplica\u00e7\u00f5es em diversos equipamentos de constru\u00e7\u00e3o e agr\u00edcolas:<\/p>\n<h3>Equipamentos de constru\u00e7\u00e3o:<\/h3>\n<ul>\n<li>Escavadeiras: Essenciais para escava\u00e7\u00e3o, carregamento e movimenta\u00e7\u00e3o de solo ou entulho. O cilindro da ca\u00e7amba possibilita as opera\u00e7\u00f5es de escava\u00e7\u00e3o, permitindo que a ca\u00e7amba penetre no solo.<\/li>\n<li>Retroescavadeiras: O cilindro da ca\u00e7amba auxilia tanto nas a\u00e7\u00f5es de escava\u00e7\u00e3o quanto nas de eleva\u00e7\u00e3o em retroescavadeiras.<\/li>\n<\/ul>\n<h3>Maquinaria agr\u00edcola:<\/h3>\n<ul>\n<li>Carregadeiras frontais: Utilizadas para escavar, levantar e transportar terra, feno e outros materiais.<\/li>\n<\/ul>\n<h3>Escavadeiras:<\/h3>\n<ul>\n<li>O cilindro da ca\u00e7amba permite que ela penetre no solo, facilitando as a\u00e7\u00f5es de escava\u00e7\u00e3o.<\/li>\n<\/ul>\n<h3>Carregadeiras de rodas:<\/h3>\n<ul>\n<li>Em p\u00e1s carregadeiras frontais, o cilindro da ca\u00e7amba auxilia no levantamento e despejo eficiente de mercadorias.<\/li>\n<\/ul>\n<p><img decoding=\"async\" src=\"https:\/\/www.hydraulic-cylinders.net\/wp-content\/uploads\/2025\/01\/songte-oil-pipes-and-spare-parts.webp\" alt=\"Imagem de aplica\u00e7\u00e3o do produto\"><\/p>\n<h2>Considera\u00e7\u00f5es de design e crit\u00e9rios de sele\u00e7\u00e3o<\/h2>\n<ul>\n<li>Capacidade de carga: Capacidade do cilindro da ca\u00e7amba de suportar cargas pesadas.<\/li>\n<li>Veda\u00e7\u00e3o: Utiliza\u00e7\u00e3o de diversos elementos de veda\u00e7\u00e3o, como veda\u00e7\u00f5es de pist\u00e3o, veda\u00e7\u00f5es de haste, etc., fabricados com materiais resistentes ao desgaste, como poliuretano e borracha nitr\u00edlica. O corpo do cilindro e as extremidades roscadas recebem um tratamento fino para melhorar a resist\u00eancia ao desgaste.<\/li>\n<li>Durabilidade: Garantir a longa vida \u00fatil do cilindro.<\/li>\n<li>Seguran\u00e7a: Incorpora\u00e7\u00e3o de recursos de seguran\u00e7a no projeto.<\/li>\n<li>Facilidade de manuten\u00e7\u00e3o: Facilitar a manuten\u00e7\u00e3o e o reparo.<\/li>\n<\/ul>\n<p><img decoding=\"async\" src=\"https:\/\/www.hydraulic-cylinders.net\/wp-content\/uploads\/2025\/01\/songte-chushion-collar.webp\" alt=\"Considera\u00e7\u00f5es de design Imagem\"><\/p>\n<h2>Veda\u00e7\u00e3o e Lubrifica\u00e7\u00e3o<\/h2>\n<p>O cilindro da ca\u00e7amba utiliza diversos componentes de veda\u00e7\u00e3o, como veda\u00e7\u00f5es de pist\u00e3o e veda\u00e7\u00f5es de haste, fabricados com materiais resistentes ao desgaste, como poliuretano e borracha nitr\u00edlica. O corpo do cilindro e as extremidades roscadas passam por um tratamento minucioso para aumentar a resist\u00eancia ao desgaste. Requer lubrifica\u00e7\u00e3o regular com \u00f3leo hidr\u00e1ulico apropriado para garantir o funcionamento suave e a longevidade do cilindro.<\/p>\n<p><img decoding=\"async\" src=\"https:\/\/hzpt.com\/wp-content\/uploads\/2024\/11\/songte-company-1.webp\" alt=\"Imagem de Veda\u00e7\u00e3o e Lubrifica\u00e7\u00e3o\"><\/p>\n<h2>Medidas de inspe\u00e7\u00e3o regular e manuten\u00e7\u00e3o preventiva<\/h2>\n<ul>\n<li>Inspe\u00e7\u00e3o regular do estado e desempenho do cilindro da ca\u00e7amba.<\/li>\n<li>Lubrifica\u00e7\u00e3o adequada do cilindro para um funcionamento suave.<\/li>\n<li>Substitui\u00e7\u00e3o da veda\u00e7\u00e3o quando necess\u00e1rio.<\/li>\n<li>Verifica\u00e7\u00f5es de calibra\u00e7\u00e3o para garantir o funcionamento correto.<\/li>\n<\/ul>\n<h2>Guia de instala\u00e7\u00e3o adequada<\/h2>\n<p>Siga estas etapas para uma instala\u00e7\u00e3o correta:<\/p>\n<ol>\n<li>Assegure o alinhamento correto do cilindro.<\/li>\n<li>Utilize suportes de instala\u00e7\u00e3o adequados para fixar o cilindro.<\/li>\n<\/ol>\n<p><img decoding=\"async\" src=\"https:\/\/www.hydraulic-cylinders.net\/wp-content\/uploads\/2025\/01\/songte-bushings-with-all-kinds-of-excavator-models.webp\" alt=\"Imagem do Guia de Instala\u00e7\u00e3o\"><\/p>\n<h2>Tarefas de manuten\u00e7\u00e3o<\/h2>\n<p>As tarefas comuns de manuten\u00e7\u00e3o incluem:<\/p>\n<ul>\n<li>Inspe\u00e7\u00f5es regulares<\/li>\n<li>Lubrifica\u00e7\u00e3o adequada<\/li>\n<li>Substitui\u00e7\u00f5es de veda\u00e7\u00e3o<\/li>\n<li>Verifica\u00e7\u00f5es de calibra\u00e7\u00e3o<\/li>\n<\/ul>\n<p>\u00c9 importante enfatizar a import\u00e2ncia da instala\u00e7\u00e3o, lubrifica\u00e7\u00e3o e ajuste corretos. Forne\u00e7a orienta\u00e7\u00f5es adequadas sobre o alinhamento do cilindro durante a instala\u00e7\u00e3o e recomende o uso de suportes de instala\u00e7\u00e3o apropriados para fix\u00e1-lo. Inclua tamb\u00e9m procedimentos recomendados de inspe\u00e7\u00e3o, reparo e substitui\u00e7\u00e3o, bem como dicas para prolongar a vida \u00fatil do cilindro da ca\u00e7amba.<\/p>\n<p><img decoding=\"async\" src=\"https:\/\/www.hydraulic-cylinders.net\/wp-content\/uploads\/2025\/01\/songte-company-3.webp\" alt=\"Considera\u00e7\u00f5es de seguran\u00e7a e fatores ambientais (Imagem)\"><\/p>\n<h2>Considera\u00e7\u00f5es de seguran\u00e7a e fatores ambientais<\/h2>\n<p>Ao utilizar o cilindro com ca\u00e7amba, \u00e9 fundamental priorizar as medidas de seguran\u00e7a. Devem ser considerados fatores como treinamento adequado, uso de equipamentos de prote\u00e7\u00e3o individual e o cumprimento das normas de seguran\u00e7a para prevenir acidentes e garantir um ambiente de trabalho seguro.<\/p>\n<h2>Solu\u00e7\u00e3o de problemas e problemas comuns<\/h2>\n<p>Problemas comuns com cilindros de ca\u00e7amba incluem vazamentos, movimento lento ou ru\u00eddos anormais. Para solucionar esses problemas, considere o seguinte:<\/p>\n<ul>\n<li>Verifique se h\u00e1 vazamentos de fluido hidr\u00e1ulico e repare ou substitua quaisquer veda\u00e7\u00f5es danificadas.<\/li>\n<li>Inspecione o sistema hidr\u00e1ulico para verificar se a press\u00e3o e o fluxo est\u00e3o adequados.<\/li>\n<li>Verifique se todas as conex\u00f5es est\u00e3o seguras e apertadas.<\/li>\n<\/ul>\n<p><img decoding=\"async\" src=\"https:\/\/www.hydraulic-cylinders.net\/wp-content\/uploads\/2025\/01\/songte-bushings-with-all-kinds-of-excavator-models.webp\" alt=\"Solu\u00e7\u00e3o de problemas e problemas comuns Imagem\"><\/p>\n<p>\u00c9 fundamental fornecer dicas e solu\u00e7\u00f5es para ajudar os leitores a diagnosticar e resolver problemas com efic\u00e1cia. Sugest\u00f5es de medidas preventivas para minimizar poss\u00edveis problemas tamb\u00e9m devem ser apresentadas.<\/p>\n<h2>Sobre nossa empresa<\/h2>\n<p>Somos um dos principais fabricantes e distribuidores atacadistas de cilindros hidr\u00e1ulicos nos mercados nacional e internacional. Nossa empresa oferece uma ampla gama de produtos, pautada pelos princ\u00edpios da excel\u00eancia em qualidade. Com a utiliza\u00e7\u00e3o de instala\u00e7\u00f5es de fabrica\u00e7\u00e3o avan\u00e7adas e sistemas de teste profissionais, aprimoramos continuamente nossa plataforma de produ\u00e7\u00e3o e os processos de fabrica\u00e7\u00e3o, garantindo a qualidade dos nossos produtos. Nossa empresa possui forte capacidade criativa e se empenha em atender \u00e0s diversas demandas dos clientes com alta efici\u00eancia, precis\u00e3o e qualidade.<\/p>\n<p><img decoding=\"async\" src=\"https:\/\/www.hydraulic-cylinders.net\/wp-content\/uploads\/2025\/01\/songte-company-1.webp\" alt=\"Imagem da empresa\"><\/p>\n<h3>Nossos principais diferenciais:<\/h3>\n<ul>\n<li>Profissionalismo e especializa\u00e7\u00e3o<\/li>\n<li>Certifica\u00e7\u00f5es Internacionais<\/li>\n<li>Personaliza\u00e7\u00e3o<br \/>","protected":false},"excerpt":{"rendered":"<p>Bucket Cylinder For TYHI WYD260 Bucket Cylinder For TYHI WYD260 Introduction The bucket cylinder is a specially designed hydraulic cylinder used to control the movement of the bucket in heavy machinery such as excavators, backhoe loaders, and wheel loaders. Its main function is to enable the lifting, lowering, and tilting of the bucket, making it [&hellip;]<\/p>","protected":false},"featured_media":14762,"comment_status":"open","ping_status":"closed","template":"","meta":{"_et_pb_use_builder":"","_et_pb_old_content":"","_et_gb_content_width":""},"product_brand":[],"product_cat":[1494],"product_tag":[1495,1496],"class_list":{"0":"post-15790","1":"product","2":"type-product","3":"status-publish","4":"has-post-thumbnail","6":"product_cat-bucket-cylinders","7":"product_tag-bucket-cylinders","8":"product_tag-hydraulic-cylinders","10":"first","11":"instock","12":"shipping-taxable","13":"product-type-simple"},"amp_enabled":true,"_links":{"self":[{"href":"https:\/\/www.hydraulic-cylinders.net\/pt\/wp-json\/wp\/v2\/product\/15790","targetHints":{"allow":["GET"]}}],"collection":[{"href":"https:\/\/www.hydraulic-cylinders.net\/pt\/wp-json\/wp\/v2\/product"}],"about":[{"href":"https:\/\/www.hydraulic-cylinders.net\/pt\/wp-json\/wp\/v2\/types\/product"}],"replies":[{"embeddable":true,"href":"https:\/\/www.hydraulic-cylinders.net\/pt\/wp-json\/wp\/v2\/comments?post=15790"}],"wp:featuredmedia":[{"embeddable":true,"href":"https:\/\/www.hydraulic-cylinders.net\/pt\/wp-json\/wp\/v2\/media\/14762"}],"wp:attachment":[{"href":"https:\/\/www.hydraulic-cylinders.net\/pt\/wp-json\/wp\/v2\/media?parent=15790"}],"wp:term":[{"taxonomy":"product_brand","embeddable":true,"href":"https:\/\/www.hydraulic-cylinders.net\/pt\/wp-json\/wp\/v2\/product_brand?post=15790"},{"taxonomy":"product_cat","embeddable":true,"href":"https:\/\/www.hydraulic-cylinders.net\/pt\/wp-json\/wp\/v2\/product_cat?post=15790"},{"taxonomy":"product_tag","embeddable":true,"href":"https:\/\/www.hydraulic-cylinders.net\/pt\/wp-json\/wp\/v2\/product_tag?post=15790"}],"curies":[{"name":"wp","href":"https:\/\/api.w.org\/{rel}","templated":true}]}}