{"id":15809,"date":"2025-01-19T15:01:01","date_gmt":"2025-01-19T15:01:01","guid":{"rendered":"https:\/\/www.hydraulic-cylinders.net\/product\/bucket-cylinder-for-kym-ky70\/"},"modified":"2025-01-19T15:01:03","modified_gmt":"2025-01-19T15:01:03","slug":"bucket-cylinder-for-kym-ky70","status":"publish","type":"product","link":"https:\/\/www.hydraulic-cylinders.net\/pt\/produto\/bucket-cylinder-for-kym-ky70\/","title":{"rendered":"Cilindro da ca\u00e7amba para KYM KY70"},"content":{"rendered":"<h1>Cilindro da ca\u00e7amba para KYM KY70<\/h1>\n<h2>Introdu\u00e7\u00e3o<\/h2>\n<p>O cilindro da ca\u00e7amba para a KYM KY70 \u00e9 um cilindro hidr\u00e1ulico especialmente projetado para controlar o movimento da ca\u00e7amba em m\u00e1quinas pesadas, como escavadeiras, retroescavadeiras e p\u00e1s carregadeiras. Sua principal fun\u00e7\u00e3o \u00e9 permitir o levantamento, abaixamento e inclina\u00e7\u00e3o da ca\u00e7amba, facilitando diversas tarefas de movimenta\u00e7\u00e3o de materiais. Em um sistema hidr\u00e1ulico, o cilindro da ca\u00e7amba proporciona um controle preciso da ca\u00e7amba utilizando as varia\u00e7\u00f5es de press\u00e3o do \u00f3leo hidr\u00e1ulico, permitindo que os operadores manuseiem cargas pesadas com efici\u00eancia e se adaptem a ambientes de trabalho complexos e requisitos de tarefas diversificados.<\/p>\n<p><img decoding=\"async\" src=\"https:\/\/www.hydraulic-cylinders.net\/wp-content\/uploads\/2025\/01\/songte-company-2.webp\" alt=\"Cilindro da ca\u00e7amba para KYM KY70\"><\/p>\n<h2>Caracter\u00edsticas<\/h2>\n<ol>\n<li>Alta Resist\u00eancia e Durabilidade: Normalmente fabricado em a\u00e7o ou alum\u00ednio de alta resist\u00eancia, o cilindro de ca\u00e7amba suporta altas press\u00f5es e cargas pesadas, adaptando-se a ambientes de trabalho adversos. Seu design considera a resist\u00eancia ao desgaste e \u00e0 corros\u00e3o, prolongando sua vida \u00fatil.<\/li>\n<li>Opera\u00e7\u00e3o hidr\u00e1ulica eficiente: Utilizando a press\u00e3o do \u00f3leo hidr\u00e1ulico, o cilindro da ca\u00e7amba realiza um movimento telesc\u00f3pico suave, permitindo uma resposta r\u00e1pida aos comandos de controle e fornecendo for\u00e7as de empurrar e puxar potentes, adequadas para o manuseio de cargas pesadas e tarefas complexas.<\/li>\n<li>Versatilidade em Tipos: O cilindro da ca\u00e7amba pode ser selecionado como de a\u00e7\u00e3o simples (sistema hidr\u00e1ulico em apenas uma dire\u00e7\u00e3o) ou de a\u00e7\u00e3o dupla (sistema hidr\u00e1ulico em ambas as dire\u00e7\u00f5es), de acordo com as necessidades, atendendo a diferentes requisitos operacionais. Alguns modelos s\u00e3o telesc\u00f3picos, permitindo maior extens\u00e3o sem aumentar as dimens\u00f5es externas, sendo adequados para aplica\u00e7\u00f5es com espa\u00e7o limitado.<\/li>\n<li>Substitui\u00e7\u00e3o perfeita: Nossos produtos podem substituir perfeitamente esses cilindros hidr\u00e1ulicos. <\/li>\n<\/ol>\n<p><img decoding=\"async\" src=\"https:\/\/www.hydraulic-cylinders.net\/wp-content\/uploads\/2025\/01\/songte-cylinder-head-with-all-kinds-excavator-models.webp\" alt=\"Cilindro da ca\u00e7amba para KYM KY70\"><\/p>\n<h2>Aplica\u00e7\u00f5es<\/h2>\n<p>O cilindro de ca\u00e7amba encontra suas aplica\u00e7\u00f5es em diversos equipamentos:<\/p>\n<ul>\n<li>M\u00e1quinas de constru\u00e7\u00e3o: Encontradas em escavadeiras, s\u00e3o cruciais para escavar, carregar e movimentar terra ou entulho. Em retroescavadeiras, o cilindro da ca\u00e7amba auxilia tanto na escava\u00e7\u00e3o quanto no levantamento.<\/li>\n<li>M\u00e1quinas agr\u00edcolas: usadas em carregadeiras frontais para recolher, levantar e transportar solo, feno e outros materiais.<\/li>\n<li>Escavadeiras: O cilindro da ca\u00e7amba permite a\u00e7\u00f5es de escava\u00e7\u00e3o permitindo que a ca\u00e7amba penetre no solo.<\/li>\n<li>Carregadeiras frontais: Nas carregadeiras frontais, elas auxiliam no levantamento e despejo eficiente de mercadorias.<\/li>\n<\/ul>\n<h2>Considera\u00e7\u00f5es de design e crit\u00e9rios de sele\u00e7\u00e3o<\/h2>\n<p>No que diz respeito \u00e0s considera\u00e7\u00f5es de projeto e aos crit\u00e9rios de sele\u00e7\u00e3o do cilindro da ca\u00e7amba, v\u00e1rios fatores precisam ser levados em conta:<\/p>\n<ul>\n<li>Capacidade de carga: O cilindro deve ser projetado para suportar as cargas e for\u00e7as esperadas.<\/li>\n<li>Veda\u00e7\u00e3o: S\u00e3o utilizados diversos elementos de veda\u00e7\u00e3o, como veda\u00e7\u00f5es de pist\u00e3o e veda\u00e7\u00f5es de haste, e s\u00e3o selecionados materiais como poliuretano e borracha nitr\u00edlica com excelente resist\u00eancia ao desgaste.<\/li>\n<li>Durabilidade: O corpo do cilindro e as extremidades roscadas passam por um tratamento meticuloso para aumentar a resist\u00eancia ao desgaste.<\/li>\n<li>Seguran\u00e7a: As medidas de seguran\u00e7a s\u00e3o essenciais durante o projeto e a utiliza\u00e7\u00e3o do cilindro para prevenir acidentes.<\/li>\n<li>Facilidade de manuten\u00e7\u00e3o: O cilindro deve ser projetado para facilitar a manuten\u00e7\u00e3o e o reparo, a fim de minimizar o tempo de inatividade.<\/li>\n<\/ul>\n<p><img decoding=\"async\" src=\"https:\/\/www.hydraulic-cylinders.net\/wp-content\/uploads\/2025\/01\/songte-oil-pipes-and-spare-parts.webp\" alt=\"Cilindro da ca\u00e7amba para KYM KY70\"><\/p>\n<h2>Veda\u00e7\u00e3o e Lubrifica\u00e7\u00e3o<\/h2>\n<p>O cilindro da ca\u00e7amba utiliza diversos componentes de veda\u00e7\u00e3o, incluindo veda\u00e7\u00f5es do pist\u00e3o e da haste, fabricados com materiais resistentes ao desgaste, como poliuretano e borracha nitr\u00edlica. O corpo do cilindro e as extremidades roscadas recebem um tratamento de precis\u00e3o para melhorar a resist\u00eancia ao desgaste. A lubrifica\u00e7\u00e3o regular com a quantidade adequada de \u00f3leo hidr\u00e1ulico \u00e9 essencial para o bom funcionamento.<\/p>\n<h2>Inspe\u00e7\u00e3o regular e manuten\u00e7\u00e3o preventiva<\/h2>\n<p>Para garantir o desempenho ideal e a longevidade do cilindro da ca\u00e7amba, devem ser realizadas inspe\u00e7\u00f5es regulares e medidas de manuten\u00e7\u00e3o preventiva:<\/p>\n<ul>\n<li>Inspe\u00e7\u00e3o regular dos componentes e da funcionalidade do cilindro.<\/li>\n<li>Lubrifica\u00e7\u00e3o adequada das pe\u00e7as m\u00f3veis.<\/li>\n<li>Substitui\u00e7\u00e3o das veda\u00e7\u00f5es quando necess\u00e1rio.<\/li>\n<li>Verifica\u00e7\u00f5es de calibra\u00e7\u00e3o para manter a precis\u00e3o.<\/li>\n<\/ul>\n<p><img decoding=\"async\" src=\"https:\/\/www.hydraulic-cylinders.net\/wp-content\/uploads\/2025\/01\/songte-chushion-collar.webp\" alt=\"Cilindro da ca\u00e7amba para KYM KY70\"><\/p>\n<h2>Considera\u00e7\u00f5es de seguran\u00e7a e fatores ambientais<\/h2>\n<p>Ao utilizar o cilindro com ca\u00e7amba, o cumprimento das medidas de seguran\u00e7a \u00e9 crucial para prevenir acidentes. Al\u00e9m disso, \u00e9 importante considerar os fatores ambientais para garantir o uso respons\u00e1vel e sustent\u00e1vel do equipamento.<\/p>\n<h2>Diagn\u00f3stico de falhas e problemas comuns<\/h2>\n<p>Ao se deparar com poss\u00edveis falhas ou problemas, as dicas e m\u00e9todos de resolu\u00e7\u00e3o de problemas a seguir podem ajudar a diagnosticar e solucionar problemas de forma eficaz. Medidas preventivas tamb\u00e9m devem ser implementadas para reduzir poss\u00edveis problemas.<\/p>\n<p><img decoding=\"async\" src=\"https:\/\/www.hydraulic-cylinders.net\/wp-content\/uploads\/2025\/01\/songte-bushings-with-all-kinds-of-excavator-models.webp\" alt=\"Cilindro da ca\u00e7amba para KYM KY70\"><\/p>\n<h2>Conclus\u00e3o<\/h2>\n<p>Em suma, nossa empresa \u00e9 uma fabricante e distribuidora atacadista l\u00edder de cilindros hidr\u00e1ulicos nos mercados nacional e internacional. Priorizamos a excel\u00eancia em qualidade e implementamos estrat\u00e9gias de gest\u00e3o de produ\u00e7\u00e3o industrial em nossas sofisticadas instala\u00e7\u00f5es fabris. Com foco em talentos tecnol\u00f3gicos, equipamentos de fabrica\u00e7\u00e3o digital de ponta e sistemas de teste profissionais, aprimoramos continuamente nossa plataforma de produ\u00e7\u00e3o e os processos de fabrica\u00e7\u00e3o de nossos produtos. Nossa empresa possui forte capacidade criativa, atendendo \u00e0s diversas necessidades dos clientes com alta efici\u00eancia, precis\u00e3o e qualidade.<\/p>\n<p><img decoding=\"async\" src=\"https:\/\/www.hydraulic-cylinders.net\/wp-content\/uploads\/2025\/01\/songte-company-3.webp\" alt=\"Cilindro da ca\u00e7amba para KYM KY70\"><\/p>\n<p>Autor: lyl<\/p>","protected":false},"excerpt":{"rendered":"<p>Bucket Cylinder For KYM KY70 Introduction The bucket cylinder for KYM KY70 is a specially designed hydraulic cylinder used to control the movement of the bucket in heavy machinery such as excavators, backhoe loaders, and front-end loaders. Its main function is to enable the lifting, lowering, and tilting of the bucket, making it convenient for [&hellip;]<\/p>","protected":false},"featured_media":14787,"comment_status":"open","ping_status":"closed","template":"","meta":{"_et_pb_use_builder":"","_et_pb_old_content":"","_et_gb_content_width":""},"product_brand":[],"product_cat":[1494],"product_tag":[1495,1496],"class_list":{"0":"post-15809","1":"product","2":"type-product","3":"status-publish","4":"has-post-thumbnail","6":"product_cat-bucket-cylinders","7":"product_tag-bucket-cylinders","8":"product_tag-hydraulic-cylinders","10":"first","11":"instock","12":"shipping-taxable","13":"product-type-simple"},"amp_enabled":true,"_links":{"self":[{"href":"https:\/\/www.hydraulic-cylinders.net\/pt\/wp-json\/wp\/v2\/product\/15809","targetHints":{"allow":["GET"]}}],"collection":[{"href":"https:\/\/www.hydraulic-cylinders.net\/pt\/wp-json\/wp\/v2\/product"}],"about":[{"href":"https:\/\/www.hydraulic-cylinders.net\/pt\/wp-json\/wp\/v2\/types\/product"}],"replies":[{"embeddable":true,"href":"https:\/\/www.hydraulic-cylinders.net\/pt\/wp-json\/wp\/v2\/comments?post=15809"}],"wp:featuredmedia":[{"embeddable":true,"href":"https:\/\/www.hydraulic-cylinders.net\/pt\/wp-json\/wp\/v2\/media\/14787"}],"wp:attachment":[{"href":"https:\/\/www.hydraulic-cylinders.net\/pt\/wp-json\/wp\/v2\/media?parent=15809"}],"wp:term":[{"taxonomy":"product_brand","embeddable":true,"href":"https:\/\/www.hydraulic-cylinders.net\/pt\/wp-json\/wp\/v2\/product_brand?post=15809"},{"taxonomy":"product_cat","embeddable":true,"href":"https:\/\/www.hydraulic-cylinders.net\/pt\/wp-json\/wp\/v2\/product_cat?post=15809"},{"taxonomy":"product_tag","embeddable":true,"href":"https:\/\/www.hydraulic-cylinders.net\/pt\/wp-json\/wp\/v2\/product_tag?post=15809"}],"curies":[{"name":"wp","href":"https:\/\/api.w.org\/{rel}","templated":true}]}}