{"id":15812,"date":"2025-01-19T15:01:14","date_gmt":"2025-01-19T15:01:14","guid":{"rendered":"https:\/\/www.hydraulic-cylinders.net\/product\/bucket-cylinder-for-pengpu-sw60e\/"},"modified":"2025-01-19T15:01:16","modified_gmt":"2025-01-19T15:01:16","slug":"bucket-cylinder-for-pengpu-sw60e","status":"publish","type":"product","link":"https:\/\/www.hydraulic-cylinders.net\/pt\/produto\/bucket-cylinder-for-pengpu-sw60e\/","title":{"rendered":"Cilindro de ca\u00e7amba para Pengpu SW60E"},"content":{"rendered":"<h1>Cilindro de ca\u00e7amba para Pengpu SW60E<\/h1>\n<h2>Introdu\u00e7\u00e3o<\/h2>\n<p>O cilindro da ca\u00e7amba, tamb\u00e9m conhecido como cilindro hidr\u00e1ulico, \u00e9 um atuador hidr\u00e1ulico especialmente projetado para controlar o movimento da ca\u00e7amba em m\u00e1quinas pesadas, como escavadeiras, retroescavadeiras e p\u00e1s carregadeiras. Sua principal fun\u00e7\u00e3o \u00e9 permitir que a ca\u00e7amba suba, des\u00e7a e incline, facilitando o manuseio de diversos materiais. No sistema hidr\u00e1ulico, o cilindro da ca\u00e7amba controla o movimento preciso da ca\u00e7amba por meio de altera\u00e7\u00f5es na press\u00e3o do \u00f3leo hidr\u00e1ulico, permitindo que os operadores manuseiem cargas pesadas com efici\u00eancia e se adaptem a ambientes de trabalho complexos e diversas exig\u00eancias operacionais.<\/p>\n<p><img decoding=\"async\" src=\"https:\/\/www.hydraulic-cylinders.net\/wp-content\/uploads\/2025\/01\/songte-company-2.webp\" alt=\"Cilindro de ca\u00e7amba para Pengpu SW60E\" \/><\/p>\n<h2>Caracter\u00edsticas<\/h2>\n<ul>\n<li><strong>Alta resist\u00eancia e durabilidade:<\/strong> Normalmente fabricado em a\u00e7o de alta resist\u00eancia ou alum\u00ednio, ele pode suportar alta press\u00e3o e cargas pesadas, adaptar-se a ambientes de trabalho severos e ser projetado com resist\u00eancia ao desgaste e \u00e0 corros\u00e3o em mente para prolongar a vida \u00fatil.<\/li>\n<li><strong>Opera\u00e7\u00e3o hidr\u00e1ulica eficiente:<\/strong> Utilizando a press\u00e3o do \u00f3leo hidr\u00e1ulico para obter movimentos suaves de extens\u00e3o e contra\u00e7\u00e3o, o equipamento responde rapidamente aos comandos de controle, fornece for\u00e7as de empurrar e puxar robustas e \u00e9 adequado para lidar com cargas pesadas e tarefas operacionais complexas.<\/li>\n<li><strong>V\u00e1rios tipos:<\/strong> O cilindro da ca\u00e7amba pode ser selecionado como de a\u00e7\u00e3o simples (uso hidr\u00e1ulico em apenas uma dire\u00e7\u00e3o) ou de a\u00e7\u00e3o dupla (uso hidr\u00e1ulico em duas dire\u00e7\u00f5es), de acordo com as necessidades operacionais. Alguns modelos s\u00e3o telesc\u00f3picos, permitindo maior extens\u00e3o sem aumentar as dimens\u00f5es externas, o que os torna adequados para aplica\u00e7\u00f5es com espa\u00e7o limitado.<\/li>\n<li><strong>Pode ser produzido pela nossa empresa:<\/strong> Nossos produtos podem substituir perfeitamente esses cilindros hidr\u00e1ulicos.<\/li>\n<\/ul>\n<p><img decoding=\"async\" src=\"https:\/\/www.hydraulic-cylinders.net\/wp-content\/uploads\/2025\/01\/songte-cylinder-head-with-all-kinds-excavator-models.webp\" alt=\"Cilindro de ca\u00e7amba para Pengpu SW60E\" \/><\/p>\n<h2>Aplica\u00e7\u00f5es<\/h2>\n<p>O cilindro de ca\u00e7amba \u00e9 amplamente utilizado em diversas m\u00e1quinas pesadas, incluindo:<\/p>\n<ul>\n<li>Equipamentos de constru\u00e7\u00e3o: Em escavadeiras, s\u00e3o essenciais para escavar, carregar e movimentar terra ou entulho. Em retroescavadeiras, os cilindros da ca\u00e7amba auxiliam tanto na escava\u00e7\u00e3o quanto no levantamento. Em p\u00e1s carregadeiras, ajudam a levantar e despejar a carga com efici\u00eancia.<\/li>\n<li>M\u00e1quinas agr\u00edcolas: Utilizadas em p\u00e1s carregadeiras para recolher, levantar e transportar terra, feno e outros materiais. Em escavadeiras, os cilindros da ca\u00e7amba permitem a escava\u00e7\u00e3o, possibilitando que a ca\u00e7amba penetre no solo.<\/li>\n<\/ul>\n<p>Abaixo est\u00e3o algumas aplica\u00e7\u00f5es espec\u00edficas para cilindros de ca\u00e7amba:<\/p>\n<ul>\n<li><strong>Constru\u00e7\u00e3o:<\/strong> Cilindros de ca\u00e7amba s\u00e3o essenciais para escavar, carregar e transportar solo, cascalho e outros materiais. Tamb\u00e9m s\u00e3o usados \u200b\u200bpara levantar e movimentar m\u00e1quinas e equipamentos pesados \u200b\u200bem canteiros de obras.<\/li>\n<li><strong>Minera\u00e7\u00e3o:<\/strong> Cilindros com ca\u00e7amba s\u00e3o usados \u200b\u200bem opera\u00e7\u00f5es de minera\u00e7\u00e3o para escavar e transportar materiais como carv\u00e3o e minerais.<\/li>\n<li><strong>Silvicultura:<\/strong> Em opera\u00e7\u00f5es florestais, os cilindros de ca\u00e7amba s\u00e3o usados \u200b\u200bem equipamentos como tratores florestais e colhedoras-processadoras para movimentar toras e outros materiais pesados.<\/li>\n<\/ul>\n<h2>Considera\u00e7\u00f5es de design e crit\u00e9rios de sele\u00e7\u00e3o<\/h2>\n<p>Ao projetar cilindros de ca\u00e7amba, \u00e9 importante considerar diversos fatores para garantir desempenho ideal, durabilidade, seguran\u00e7a e facilidade de manuten\u00e7\u00e3o. Esses fatores incluem:<\/p>\n<ul>\n<li><strong>Capacidade de carga:<\/strong> O cilindro deve ser projetado para suportar o peso da carga que ir\u00e1 levantar ou movimentar.<\/li>\n<li><strong>Selagem:<\/strong> O cilindro deve ser devidamente vedado para evitar vazamentos e garantir o seu funcionamento adequado.<\/li>\n<li><strong>Durabilidade:<\/strong> O cilindro deve ser feito de materiais dur\u00e1veis \u200b\u200bque possam suportar os ambientes agressivos e as cargas pesadas que encontrar\u00e1 durante a opera\u00e7\u00e3o.<\/li>\n<li><strong>Seguran\u00e7a:<\/strong> O cilindro deve ser projetado com recursos de seguran\u00e7a para evitar acidentes e les\u00f5es durante a opera\u00e7\u00e3o.<\/li>\n<li><strong>Manuten\u00e7\u00e3o:<\/strong> O cilindro deve ser projetado com foco na facilidade de manuten\u00e7\u00e3o, para minimizar o tempo de inatividade e reduzir os custos de manuten\u00e7\u00e3o.<\/li>\n<\/ul>\n<p><img decoding=\"async\" src=\"https:\/\/www.hydraulic-cylinders.net\/wp-content\/uploads\/2025\/01\/songte-oil-pipes-and-spare-parts.webp\" alt=\"Cilindro de ca\u00e7amba para Pengpu SW60E\" \/><\/p>\n<h2>Veda\u00e7\u00e3o e Lubrifica\u00e7\u00e3o<\/h2>\n<p>O cilindro da ca\u00e7amba utiliza diversos componentes de veda\u00e7\u00e3o, como veda\u00e7\u00f5es de pist\u00e3o e veda\u00e7\u00f5es de haste, e seleciona materiais resistentes ao desgaste, como poliuretano e borracha nitr\u00edlica, para aumentar a resist\u00eancia ao desgaste. O corpo do cilindro e a superf\u00edcie roscada da extremidade s\u00e3o usinados com precis\u00e3o para melhorar a resist\u00eancia ao desgaste. A aplica\u00e7\u00e3o regular de quantidades adequadas de \u00f3leo hidr\u00e1ulico tamb\u00e9m ajuda a lubrificar o cilindro e prolongar sua vida \u00fatil.<\/p>\n<h2>Manuten\u00e7\u00e3o e solu\u00e7\u00e3o de problemas<\/h2>\n<p>A manuten\u00e7\u00e3o e inspe\u00e7\u00e3o regulares do cilindro da ca\u00e7amba s\u00e3o necess\u00e1rias para garantir o desempenho ideal e evitar avarias. As tarefas comuns de manuten\u00e7\u00e3o incluem instala\u00e7\u00e3o correta, lubrifica\u00e7\u00e3o regular, substitui\u00e7\u00e3o de veda\u00e7\u00f5es e verifica\u00e7\u00e3o de calibra\u00e7\u00e3o. Tamb\u00e9m \u00e9 essencial diagnosticar e solucionar quaisquer problemas que possam surgir, como vazamentos ou mau funcionamento, para minimizar o tempo de inatividade e os custos de reparo. Medidas preventivas podem ser tomadas para minimizar problemas potenciais.<\/p>\n<p><img decoding=\"async\" src=\"https:\/\/www.hydraulic-cylinders.net\/wp-content\/uploads\/2025\/01\/songte-chushion-collar.webp\" alt=\"Cilindro de ca\u00e7amba para Pengpu SW60E\" \/><\/p>\n<h2>Considera\u00e7\u00f5es de seguran\u00e7a e fatores ambientais<\/h2>\n<p>Ao utilizar o cilindro de ca\u00e7amba, \u00e9 importante seguir os procedimentos de seguran\u00e7a adequados para evitar acidentes e les\u00f5es. Isso inclui o uso de equipamentos de prote\u00e7\u00e3o individual apropriados, o cumprimento dos procedimentos operacionais corretos e a observ\u00e2ncia de todas as normas e diretrizes de seguran\u00e7a. Fatores ambientais, como temperatura e umidade, tamb\u00e9m devem ser considerados ao utilizar o cilindro de ca\u00e7amba para garantir o desempenho ideal e a longevidade do equipamento.<\/p>\n<h2>Sobre nossa empresa<\/h2>\n<p>Somos fabricantes de cilindros hidr\u00e1ulicos de reposi\u00e7\u00e3o, oferecendo uma linha completa de produtos, e nos tornamos um dos principais fabricantes e distribuidores atacadistas de cilindros hidr\u00e1ulicos nos mercados nacional e internacional. Primamos pela excel\u00eancia em qualidade, baseando-nos na estrat\u00e9gia de gest\u00e3o de produ\u00e7\u00e3o industrial de uma oficina de fabrica\u00e7\u00e3o de alta precis\u00e3o. Com a aplica\u00e7\u00e3o de talentos t\u00e9cnicos, equipamentos de fabrica\u00e7\u00e3o digital de ponta e sistemas de teste profissionais, nossa empresa aprimora continuamente a plataforma de produ\u00e7\u00e3o, aperfei\u00e7oa a linha de produ\u00e7\u00e3o e possui forte capacidade de inova\u00e7\u00e3o para satisfazer as diversas necessidades dos clientes, pautadas pelos princ\u00edpios de alta efici\u00eancia, alta precis\u00e3o e alta qualidade.<\/p>\n<p>Nossa empresa oferece servi\u00e7os especializados, certifica\u00e7\u00e3o internacional e solu\u00e7\u00f5es personalizadas para atender \u00e0s necessidades de nossos clientes. Possu\u00edmos equipamentos de produ\u00e7\u00e3o avan\u00e7ados e fornecemos um servi\u00e7o p\u00f3s-venda completo.<\/p>\n<p><img decoding=\"async\" src=\"https:\/\/www.hydraulic-cylinders.net\/wp-content\/uploads\/2025\/01\/songte-company-3.webp\" alt=\"Cilindro de ca\u00e7amba para Pengpu SW60E\" \/><\/p>\n<p>Autor: lyl<\/p>","protected":false},"excerpt":{"rendered":"<p>Bucket Cylinder For Pengpu SW60E Introduction The bucket cylinder, also known as a hydraulic cylinder, is a specially designed hydraulic actuator used to control the movement of the bucket in heavy machinery such as excavators, backhoes, and front-end loaders. Its main function is to allow the bucket to lift, lower, and tilt, making it easier [&hellip;]<\/p>","protected":false},"featured_media":14782,"comment_status":"open","ping_status":"closed","template":"","meta":{"_et_pb_use_builder":"","_et_pb_old_content":"","_et_gb_content_width":""},"product_brand":[],"product_cat":[1494],"product_tag":[1495,1496],"class_list":{"0":"post-15812","1":"product","2":"type-product","3":"status-publish","4":"has-post-thumbnail","6":"product_cat-bucket-cylinders","7":"product_tag-bucket-cylinders","8":"product_tag-hydraulic-cylinders","10":"first","11":"instock","12":"shipping-taxable","13":"product-type-simple"},"amp_enabled":true,"_links":{"self":[{"href":"https:\/\/www.hydraulic-cylinders.net\/pt\/wp-json\/wp\/v2\/product\/15812","targetHints":{"allow":["GET"]}}],"collection":[{"href":"https:\/\/www.hydraulic-cylinders.net\/pt\/wp-json\/wp\/v2\/product"}],"about":[{"href":"https:\/\/www.hydraulic-cylinders.net\/pt\/wp-json\/wp\/v2\/types\/product"}],"replies":[{"embeddable":true,"href":"https:\/\/www.hydraulic-cylinders.net\/pt\/wp-json\/wp\/v2\/comments?post=15812"}],"wp:featuredmedia":[{"embeddable":true,"href":"https:\/\/www.hydraulic-cylinders.net\/pt\/wp-json\/wp\/v2\/media\/14782"}],"wp:attachment":[{"href":"https:\/\/www.hydraulic-cylinders.net\/pt\/wp-json\/wp\/v2\/media?parent=15812"}],"wp:term":[{"taxonomy":"product_brand","embeddable":true,"href":"https:\/\/www.hydraulic-cylinders.net\/pt\/wp-json\/wp\/v2\/product_brand?post=15812"},{"taxonomy":"product_cat","embeddable":true,"href":"https:\/\/www.hydraulic-cylinders.net\/pt\/wp-json\/wp\/v2\/product_cat?post=15812"},{"taxonomy":"product_tag","embeddable":true,"href":"https:\/\/www.hydraulic-cylinders.net\/pt\/wp-json\/wp\/v2\/product_tag?post=15812"}],"curies":[{"name":"wp","href":"https:\/\/api.w.org\/{rel}","templated":true}]}}